{"id":11003,"date":"2018-07-10T11:47:55","date_gmt":"2018-07-10T11:47:55","guid":{"rendered":"https:\/\/apen-informatica.onlinevalles.club\/ca\/software-programa-tpv\/"},"modified":"2023-03-01T16:10:49","modified_gmt":"2023-03-01T16:10:49","slug":"software-programa-tpv","status":"publish","type":"page","link":"https:\/\/apen-informatica.onlinevalles.club\/ca\/software-programa-tpv\/","title":{"rendered":"TPV-Software Punto de venta"},"content":{"rendered":"<p>[vc_row bg_style=&#8221;img_parallax&#8221; css=&#8221;.vc_custom_1558624075548{background-image: url(https:\/\/apen-informatica.onlinevalles.club\/wp-content\/uploads\/2019\/05\/TPV-paralax.jpg?id=14004) !important;background-position: center !important;background-repeat: no-repeat !important;background-size: cover !important;}&#8221;][vc_column offset=&#8221;vc_hidden-xs&#8221;][vc_empty_space height=&#8221;115px&#8221;][vc_row_inner][vc_column_inner width=&#8221;1\/2&#8243;][\/vc_column_inner][vc_column_inner el_class=&#8221;backgrounderp&#8221; width=&#8221;1\/2&#8243;][vc_column_text el_class=&#8221;titol1&#8243;]<\/p>\n<h1>TPV-Software Punt de venda<\/h1>\n<p>[\/vc_column_text][vc_column_text el_class=&#8221;titol2&#8243;]<\/p>\n<h2><strong>La millor soluci\u00f3 TPV del mercat\u00a0per qualsevol\u00a0sector<\/strong><\/h2>\n<p>[\/vc_column_text][vc_empty_space height=&#8221;10px&#8221;][vc_column_text el_class=&#8221;titol3&#8243;]<\/p>\n<h3>TPV es un m\u00f2dul totalment integrat amb a3ERP<\/h3>\n<h3>amb diferents opcions per tots els negocis<\/h3>\n<p>[\/vc_column_text][vc_empty_space height=&#8221;20px&#8221;][vc_btn title=&#8221;Et contactem&#8221; align=&#8221;left&#8221; button_bg_color=&#8221;#750133&#8243; el_class=&#8221;contactbuton&#8221; link=&#8221;url:%23descargar-demo|||&#8221;][vc_single_image image=&#8221;10101&#8243; img_size=&#8221;full&#8221; alignment=&#8221;right&#8221; style=&#8221;vc_box_rounded&#8221; css_animation=&#8221;none&#8221; el_class=&#8221;iconolila&#8221;][\/vc_column_inner][\/vc_row_inner][vc_empty_space height=&#8221;115px&#8221;][\/vc_column][\/vc_row][vc_row bg_style=&#8221;img_parallax&#8221; css=&#8221;.vc_custom_1558624075548{background-image: url(https:\/\/apen-informatica.onlinevalles.club\/wp-content\/uploads\/2019\/05\/TPV-paralax.jpg?id=14004) !important;background-position: center !important;background-repeat: no-repeat !important;background-size: cover !important;}&#8221;][vc_column offset=&#8221;vc_hidden-lg vc_hidden-md vc_hidden-sm&#8221;][vc_empty_space height=&#8221;115px&#8221;][vc_row_inner][vc_column_inner el_class=&#8221;backgrounderpmobil&#8221; width=&#8221;1\/2&#8243;][vc_column_text el_class=&#8221;titol1&#8243;]<\/p>\n<h1>TPV-Software Punt de venda<\/h1>\n<p>[\/vc_column_text][vc_column_text el_class=&#8221;titol2&#8243;]<\/p>\n<h2><strong>La millor soluci\u00f3 TPV del mercat\u00a0per qualsevol\u00a0sector<\/strong><\/h2>\n<p>[\/vc_column_text][vc_empty_space height=&#8221;10px&#8221;][vc_column_text el_class=&#8221;titol3&#8243;]<\/p>\n<h3>TPV es un m\u00f2dul totalment integrat amb a3ERP amb diferents opcions per tots els negocis<\/h3>\n<p>[\/vc_column_text][vc_empty_space height=&#8221;20px&#8221;][vc_btn title=&#8221;Et contactem&#8221; align=&#8221;left&#8221; button_bg_color=&#8221;#750133&#8243; el_class=&#8221;contactbuton&#8221; link=&#8221;url:%23descargar-demo|||&#8221;][vc_empty_space height=&#8221;10&#8243;][vc_single_image image=&#8221;10101&#8243; img_size=&#8221;full&#8221; style=&#8221;vc_box_rounded&#8221; css_animation=&#8221;none&#8221;][vc_empty_space height=&#8221;20px&#8221;][\/vc_column_inner][vc_column_inner width=&#8221;1\/2&#8243;][\/vc_column_inner][\/vc_row_inner][vc_empty_space height=&#8221;80&#8243;][\/vc_column][\/vc_row][vc_row][vc_column][vc_empty_space height=&#8221;80px&#8221;][vc_column_text]<\/p>\n<h2 style=\"text-align: center; font-size: 28px;\"><strong><span lang=\"ca\">EL MILLOR SOFTWARE DE PUNT DE VENDA 100% INTEGRAT AMB a3ERP<\/span><\/strong><\/h2>\n<p>[\/vc_column_text][vc_empty_space height=&#8221;50px&#8221;][\/vc_column][\/vc_row][vc_row][vc_column][vc_row_inner][vc_column_inner width=&#8221;1\/3&#8243;][vc_icon icon_fontawesome=&#8221;fa fa-credit-card&#8221; color=&#8221;black&#8221; size=&#8221;xl&#8221; align=&#8221;center&#8221;][vc_column_text el_class=&#8221;separacion&#8221;]<\/p>\n<h2 style=\"text-align: center; color: #b9005c; font-size: 32px;\"><strong>Millor gesti\u00f3<br \/>\nde la caixa<br \/>\n<\/strong><\/h2>\n<p>[\/vc_column_text][vc_empty_space height=&#8221;10&#8243;][vc_column_text]<\/p>\n<p style=\"text-align: center;\"><span class=\"txt\"><span lang=\"ca\">Gestiona <strong>cobraments i pagaments<\/strong> per caixa. Dip\u00f2sit inicial i arqueig de caixa. Sortides de fons i resum de moviments de caixa en l\u00ednia.<\/span><\/span><\/p>\n<p>[\/vc_column_text][\/vc_column_inner][vc_column_inner width=&#8221;1\/3&#8243;][vc_icon icon_fontawesome=&#8221;fa fa-television&#8221; color=&#8221;black&#8221; size=&#8221;xl&#8221; align=&#8221;center&#8221;][vc_column_text el_class=&#8221;separacion&#8221;]<\/p>\n<h2 style=\"text-align: center; color: #b9005c; font-size: 32px;\"><strong>Terminal punt<br \/>\nde venda<br \/>\n<\/strong><\/h2>\n<p>[\/vc_column_text][vc_empty_space height=&#8221;10&#8243;][vc_column_text]<\/p>\n<p style=\"text-align: center;\"><span class=\"txt\"><span lang=\"ca\">Dissenyat per a <strong>pantalla tradicional<\/strong> o <strong>t\u00e0ctil<\/strong> i apte per a botigues en xarxa o monolloc. Parametritzable segons sector i Multicaixa.<\/span><\/span><\/p>\n<p>[\/vc_column_text][\/vc_column_inner][vc_column_inner width=&#8221;1\/3&#8243;][vc_icon icon_fontawesome=&#8221;fa fa-cubes&#8221; color=&#8221;black&#8221; size=&#8221;xl&#8221; align=&#8221;center&#8221;][vc_column_text el_class=&#8221;separacion&#8221;]<\/p>\n<h2 style=\"text-align: center; color: #b9005c; font-size: 32px;\"><strong>Control total<br \/>\nde stock<br \/>\n<\/strong><\/h2>\n<p>[\/vc_column_text][vc_empty_space height=&#8221;10&#8243;][vc_column_text]<\/p>\n<p style=\"text-align: center;\"><span class=\"txt\"><span lang=\"ca\">Recepci\u00f3 de mercaderies i traspassos entre botigues. Genera <strong>comandes de reposici\u00f3 autom\u00e0ticament<\/strong> i informes d&#8217;exist\u00e8ncies.<\/span><\/span><\/p>\n<p>[\/vc_column_text][\/vc_column_inner][\/vc_row_inner][vc_empty_space height=&#8221;80px&#8221;][\/vc_column][\/vc_row][vc_row content_full_width=&#8221;1&#8243; overlay_background=&#8221;#eeeeee&#8221;][vc_column overlay_background=&#8221;#eeeeee&#8221;][vc_empty_space height=&#8221;80px&#8221; css=&#8221;.vc_custom_1523615345389{background-color: #eeeeee !important;}&#8221;][\/vc_column][\/vc_row][vc_row content_full_width=&#8221;1&#8243; overlay_background=&#8221;#eeeeee&#8221;][vc_column overlay_background=&#8221;#eeeeee&#8221;][vc_column_text]<\/p>\n<h2 style=\"text-align: center; font-size: 28px;\"><strong><span lang=\"ca\">TOTA LA INFORMACI\u00d3 M\u00c9S IMPORTANT PER A FACILITAR LES VENDES<\/span><\/strong><\/h2>\n<p>[\/vc_column_text][vc_empty_space height=&#8221;12px&#8221; css=&#8221;.vc_custom_1523453576511{background-color: #eeeeee !important;}&#8221;][vc_column_text css=&#8221;.vc_custom_1532432051823{background-color: #eeeeee !important;}&#8221;]<\/p>\n<p style=\"text-align: center;\"><span lang=\"ca\">Informaci\u00f3 parametritzable segons el sector, negoci, botiga i caixa amb dades sempre actualitzades que ens permet agilitzar les nostres vendes.<\/span><\/p>\n<p>[\/vc_column_text][vc_empty_space height=&#8221;12px&#8221; css=&#8221;.vc_custom_1523453576511{background-color: #eeeeee !important;}&#8221;][\/vc_column][\/vc_row][vc_row full_height=&#8221;yes&#8221; content_full_width=&#8221;1&#8243; overlay_background=&#8221;#eeeeee&#8221;][vc_column][vc_single_image image=&#8221;10598&#8243; img_size=&#8221;full&#8221; alignment=&#8221;center&#8221;][\/vc_column][\/vc_row][vc_row content_full_width=&#8221;1&#8243; overlay_background=&#8221;#eeeeee&#8221;][vc_column overlay_background=&#8221;#eeeeee&#8221;][vc_empty_space css=&#8221;.vc_custom_1523453915547{background-color: #eeeeee !important;}&#8221;][\/vc_column][\/vc_row][vc_row content_placement=&#8221;middle&#8221; content_full_width=&#8221;1&#8243; overlay_background=&#8221;#eeeeee&#8221;][vc_column center_content=&#8221;true&#8221; content_vertical_center=&#8221;true&#8221;][vc_btn title=&#8221;Descarregar fitxa de TPV&#8221; align=&#8221;center&#8221; button_block=&#8221;true&#8221; button_width=&#8221;300px&#8221; button_bg_color=&#8221;#b9005c&#8221; button_text_color=&#8221;#ffffff&#8221; link=&#8221;url:https%3A%2F%2Fapen-informatica.onlinevalles.club%2Fwp-content%2Fuploads%2F2018%2F07%2Ffitxa_TPV.pdf||target:%20_blank&#8221;][\/vc_column][\/vc_row][vc_row content_full_width=&#8221;1&#8243; overlay_background=&#8221;#eeeeee&#8221;][vc_column overlay_background=&#8221;#eeeeee&#8221;][vc_empty_space height=&#8221;80px&#8221; css=&#8221;.vc_custom_1523615362092{background-color: #eeeeee !important;}&#8221;][\/vc_column][\/vc_row][vc_row content_full_width=&#8221;1&#8243; el_class=&#8221;imatge-text&#8221;][vc_column width=&#8221;1\/12&#8243;][\/vc_column][vc_column width=&#8221;5\/12&#8243; center_content=&#8221;true&#8221; content_vertical_center=&#8221;true&#8221; background_position_custom=&#8221;100%&#8221; offset=&#8221;vc_col-lg-3 vc_col-md-12 vc_col-xs-12&#8243;][vc_empty_space height=&#8221;100px&#8221;][vc_column_text]<\/p>\n<h2 style=\"color: #b9005c; font-size: 28px;\"><strong>TPV-SOFTWARE PUNT DE VENDA INTEGRAT AMB a3ERP T&#8217;OFERIX<\/strong><\/h2>\n<p>[\/vc_column_text][vc_empty_space height=&#8221;15px&#8221;][vc_column_text]<\/p>\n<p style=\"text-align: center;\"><span lang=\"ca\">El <strong>m\u00f2dul tpv integrat amb a3ERP<\/strong> \u00e9s la soluci\u00f3 definitiva per a establiments o botigues de qualsevol sector. Est\u00e0 dissenyat tant per gestionar una \u00fanica botiga com per formar part d&#8217;una xarxa de botigues, siguin pr\u00f2pies, franqu\u00edcies o mixtes.<\/span><\/p>\n<p style=\"text-align: center;\"><span lang=\"ca\"> Permet<strong> gestionar de forma centralitzada<\/strong> les compres de mercaderies, <strong>controlar en temps real<\/strong> les vendes i l&#8217;estoc de tots els centres, realitzar an\u00e0lisis i estad\u00edstiques de control, canviar preus centralitzadament, crear directives de seguretat des de la central i portar un <strong>control remot de tots els centres<\/strong>.<\/span><\/p>\n<p>[\/vc_column_text][vc_empty_space height=&#8221;80px&#8221;][\/vc_column][vc_column width=&#8221;1\/12&#8243;][\/vc_column][vc_column width=&#8221;5\/12&#8243;][vc_empty_space height=&#8221;125px&#8221;][vc_gallery type=&#8221;flexslider_slide&#8221; interval=&#8221;3&#8243; images=&#8221;10624,10625&#8243; img_size=&#8221;full&#8221;][\/vc_column][vc_column width=&#8221;1\/12&#8243;][\/vc_column][\/vc_row][vc_row content_full_width=&#8221;1&#8243; overlay_background=&#8221;#eeeeee&#8221;][vc_column center_content=&#8221;true&#8221; overlay_background=&#8221;#eeeeee&#8221; offset=&#8221;vc_hidden-lg vc_hidden-md&#8221;][vc_empty_space height=&#8221;80px&#8221; css=&#8221;.vc_custom_1523626037999{background-color: #eeeeee !important;}&#8221;][vc_column_text]<\/p>\n<h2 style=\"text-align: center; font-size: 28px;\"><strong><span lang=\"ca\">LA SOLUCI\u00d3 QUE S&#8217;AJUSTA A LA MIDA DEL TEU NEGOCI<\/span><\/strong><\/h2>\n<p>[\/vc_column_text][vc_empty_space css=&#8221;.vc_custom_1524060650042{background-color: #eeeeee !important;}&#8221;][vc_btn title=&#8221;Descarrega les seves funcionalitats&#8221; align=&#8221;center&#8221; button_block=&#8221;true&#8221; button_width=&#8221;300px&#8221; button_bg_color=&#8221;#b9005c&#8221; button_text_color=&#8221;#ffffff&#8221; link=&#8221;url:https%3A%2F%2Fapen-informatica.onlinevalles.club%2Fwp-content%2Fuploads%2F2018%2F07%2FFuncionalitats-TPV-cat.pdf||&#8221;][vc_empty_space css=&#8221;.vc_custom_1523453915547{background-color: #eeeeee !important;}&#8221;][vc_column_text]<\/p>\n<h2 style=\"text-align: center; font-size: 28px;\">TEL\u00c8FON DE CONTACTE 938 606 220<\/h2>\n<p>[\/vc_column_text][vc_empty_space css=&#8221;.vc_custom_1523529798620{background-color: #eeeeee !important;}&#8221;][\/vc_column][\/vc_row][vc_row content_placement=&#8221;middle&#8221; content_full_width=&#8221;1&#8243; overlay_background=&#8221;#eeeeee&#8221;][vc_column center_content=&#8221;true&#8221; content_vertical_center=&#8221;true&#8221; offset=&#8221;vc_hidden-lg vc_hidden-md&#8221;][vc_btn title=&#8221;Sol\u00b7licita una demo sense comprom\u00eds&#8221; align=&#8221;center&#8221; button_block=&#8221;true&#8221; button_width=&#8221;300px&#8221; button_bg_color=&#8221;#b9005c&#8221; button_text_color=&#8221;#ffffff&#8221; link=&#8221;url:%23descargar-demo||&#8221;][\/vc_column][\/vc_row][vc_row content_full_width=&#8221;1&#8243; overlay_background=&#8221;#eeeeee&#8221;][vc_column overlay_background=&#8221;#eeeeee&#8221; offset=&#8221;vc_hidden-lg vc_hidden-md&#8221;][vc_empty_space height=&#8221;80px&#8221; css=&#8221;.vc_custom_1523626060453{background-color: #eeeeee !important;}&#8221;][\/vc_column][\/vc_row][vc_row content_full_width=&#8221;1&#8243; overlay_background=&#8221;#eeeeee&#8221;][vc_column overlay_background=&#8221;#eeeeee&#8221; offset=&#8221;vc_hidden-sm vc_hidden-xs&#8221;][vc_empty_space height=&#8221;80px&#8221; css=&#8221;.vc_custom_1523626037999{background-color: #eeeeee !important;}&#8221;][vc_column_text]<\/p>\n<h2 style=\"text-align: center; font-size: 28px;\"><strong><span lang=\"ca\">TPV-SOFTWARE PUNT DE VENDA \u00c9S LA SOLUCI\u00d3 M\u00c9S COMPLETA INTEGRADA AMB a3ERP<\/span><\/strong><\/h2>\n<p>[\/vc_column_text][vc_empty_space height=&#8221;12px&#8221; css=&#8221;.vc_custom_1523453576511{background-color: #eeeeee !important;}&#8221;][vc_single_image image=&#8221;11015&#8243; img_size=&#8221;full&#8221; alignment=&#8221;center&#8221;][vc_empty_space css=&#8221;.vc_custom_1523453915547{background-color: #eeeeee !important;}&#8221;][vc_column_text]<\/p>\n<h2 style=\"text-align: center; font-size: 28px;\">TEL\u00c8FON DE CONTACTE 938 606 220<\/h2>\n<p>[\/vc_column_text][vc_empty_space css=&#8221;.vc_custom_1523529798620{background-color: #eeeeee !important;}&#8221;][\/vc_column][\/vc_row][vc_row content_placement=&#8221;middle&#8221; content_full_width=&#8221;1&#8243; overlay_background=&#8221;#eeeeee&#8221;][vc_column center_content=&#8221;true&#8221; content_vertical_center=&#8221;true&#8221; offset=&#8221;vc_hidden-sm vc_hidden-xs&#8221;][vc_btn title=&#8221;Sol\u00b7licita una demo sense comprom\u00eds&#8221; align=&#8221;center&#8221; button_block=&#8221;true&#8221; button_width=&#8221;300px&#8221; button_bg_color=&#8221;#b9005c&#8221; button_text_color=&#8221;#ffffff&#8221; link=&#8221;url:%23descargar-demo||&#8221;][\/vc_column][\/vc_row][vc_row content_full_width=&#8221;1&#8243; overlay_background=&#8221;#eeeeee&#8221;][vc_column overlay_background=&#8221;#eeeeee&#8221; offset=&#8221;vc_hidden-sm vc_hidden-xs&#8221;][vc_empty_space height=&#8221;80px&#8221;][\/vc_column][\/vc_row][vc_row content_full_width=&#8221;1&#8243; css=&#8221;.vc_custom_1533313054427{margin-top: -34px !important;}&#8221; el_id=&#8221;descargar-demo&#8221;][vc_column][vc_empty_space height=&#8221;80px&#8221;][vc_column_text]<\/p>\n<h2 style=\"color: #b9005c; text-align: center; font-size: 28px;\"><strong><span lang=\"ca\">PROVA ARA TPV-SOFTWARE PUNT DE VENDA SENSE COMPROM\u00cdS!<\/span><\/strong><\/h2>\n<p>[\/vc_column_text][vc_empty_space height=&#8221;12px&#8221;][vc_empty_space][vc_single_image image=&#8221;10956&#8243; img_size=&#8221;1587&#215;260&#8243; alignment=&#8221;center&#8221;][vc_empty_space][vc_column_text]<\/p>\n<h2 style=\"text-align: center; font-size: 28px;\">TRUCA&#8217;NS AL <strong>938 606 220<\/strong> <span lang=\"ca\">O OMPLE EL FORMULARI DE CONTACTE<\/span><\/h2>\n<p>[\/vc_column_text][vc_empty_space height=&#8221;12px&#8221;][vc_column_text]<\/p>\n<h3 style=\"text-align: center;\"><span lang=\"ca\">\u00c9s important especificar en les observacions que vols provar <strong>TPV-Software Punt de Venda<\/strong><\/span><\/h3>\n<p>[\/vc_column_text][vc_empty_space height=&#8221;50px&#8221;][\/vc_column][\/vc_row][vc_row overlay_background=&#8221;#eeeeee&#8221;][vc_column el_class=&#8221;separacion2&#8243;]<p class=\"wpcf7-contact-form-not-found\"><strong>Error:<\/strong> Contact form not found.<\/p>[\/vc_column][\/vc_row][vc_row content_full_width=&#8221;1&#8243;][vc_column css=&#8221;.vc_custom_1531242907643{background-color: #eeeeee !important;}&#8221;][vc_empty_space css=&#8221;.vc_custom_1531242925332{background-color: #eeeeee !important;}&#8221;][\/vc_column][\/vc_row][vc_row overflow_hidden=&#8221;1&#8243; css=&#8221;.vc_custom_1532019566437{margin-top: -32px !important;padding-top: 80px !important;}&#8221; el_id=&#8221;casos-exito&#8221;][vc_column center_content=&#8221;true&#8221;][vc_column_text]<\/p>\n<h2 style=\"text-align: center; font-family: 'Lato-LightItalic'; font-size: 36px;\">Clients satisfets<\/h2>\n<p>[\/vc_column_text][vc_empty_space height=&#8221;64px&#8221;][cms_special_carousel width_item=&#8221;100&#8243; height_item=&#8221;400&#8243; show_nav=&#8221;1&#8243; show_dots=&#8221;1&#8243; speed=&#8221;500&#8243; timeout=&#8221;5000&#8243; layout_style=&#8221;&#8221; source=&#8221;size:All|order_by:date|post_type:quote|tax_query:55&#8243; cms_template=&#8221;cms_special_carousel&#8211;quote.php&#8221;][vc_btn title=&#8221;+ \u00c8XITS&#8221; shape=&#8221;square&#8221; align=&#8221;center&#8221; button_block=&#8221;true&#8221; button_width=&#8221;170px&#8221; button_text_color=&#8221;#b9005c&#8221; link=&#8221;url:%2Fca%2Fcasos-exit%2Fclients-satisfets-a3erp%2F||&#8221; el_class=&#8221;boto-rosa&#8221;][vc_empty_space height=&#8221;80&#8243;][\/vc_column][\/vc_row]<\/p>\n","protected":false},"excerpt":{"rendered":"<p>[vc_row bg_style=&#8221;img_parallax&#8221; css=&#8221;.vc_custom_1558624075548{background-image: url(https:\/\/apen-informatica.onlinevalles.club\/wp-content\/uploads\/2019\/05\/TPV-paralax.jpg?id=14004) !important;background-position: center !important;background-repeat: no-repeat !important;background-size: cover !important;}&#8221;][vc_column offset=&#8221;vc_hidden-xs&#8221;][vc_empty_space height=&#8221;115px&#8221;][vc_row_inner][vc_column_inner width=&#8221;1\/2&#8243;][\/vc_column_inner][vc_column_inner el_class=&#8221;backgrounderp&#8221; width=&#8221;1\/2&#8243;][vc_column_text el_class=&#8221;titol1&#8243;] TPV-Software Punt de venda [\/vc_column_text][vc_column_text el_class=&#8221;titol2&#8243;] La millor soluci\u00f3 TPV del mercat\u00a0per qualsevol\u00a0sector [\/vc_column_text][vc_empty_space height=&#8221;10px&#8221;][vc_column_text el_class=&#8221;titol3&#8243;] TPV es un m\u00f2dul totalment integrat amb a3ERP amb diferents opcions per tots els negocis [\/vc_column_text][vc_empty_space height=&#8221;20px&#8221;][vc_btn title=&#8221;Et contactem&#8221; align=&#8221;left&#8221; button_bg_color=&#8221;#750133&#8243; el_class=&#8221;contactbuton&#8221; [&hellip;]<\/p>\n","protected":false},"author":4,"featured_media":0,"parent":0,"menu_order":0,"comment_status":"closed","ping_status":"closed","template":"page-landing-software.php","meta":{"_acf_changed":false,"footnotes":""},"class_list":["post-11003","page","type-page","status-publish","hentry"],"acf":[],"_links":{"self":[{"href":"https:\/\/apen-informatica.onlinevalles.club\/ca\/wp-json\/wp\/v2\/pages\/11003","targetHints":{"allow":["GET"]}}],"collection":[{"href":"https:\/\/apen-informatica.onlinevalles.club\/ca\/wp-json\/wp\/v2\/pages"}],"about":[{"href":"https:\/\/apen-informatica.onlinevalles.club\/ca\/wp-json\/wp\/v2\/types\/page"}],"author":[{"embeddable":true,"href":"https:\/\/apen-informatica.onlinevalles.club\/ca\/wp-json\/wp\/v2\/users\/4"}],"replies":[{"embeddable":true,"href":"https:\/\/apen-informatica.onlinevalles.club\/ca\/wp-json\/wp\/v2\/comments?post=11003"}],"version-history":[{"count":0,"href":"https:\/\/apen-informatica.onlinevalles.club\/ca\/wp-json\/wp\/v2\/pages\/11003\/revisions"}],"wp:attachment":[{"href":"https:\/\/apen-informatica.onlinevalles.club\/ca\/wp-json\/wp\/v2\/media?parent=11003"}],"curies":[{"name":"wp","href":"https:\/\/api.w.org\/{rel}","templated":true}]}}