{"id":11191,"date":"2018-08-01T13:11:45","date_gmt":"2018-08-01T13:11:45","guid":{"rendered":"https:\/\/apen-informatica.onlinevalles.club\/ca\/tiquea\/"},"modified":"2023-03-01T16:47:57","modified_gmt":"2023-03-01T16:47:57","slug":"tiquea","status":"publish","type":"page","link":"https:\/\/apen-informatica.onlinevalles.club\/ca\/tiquea\/","title":{"rendered":"Tiquea. Ofrecemos software gesti\u00f3n a empresas"},"content":{"rendered":"<p>[vc_row bg_style=&#8221;img_parallax&#8221; css=&#8221;.vc_custom_1533210915250{background-image: url(https:\/\/apen-informatica.onlinevalles.club\/wp-content\/uploads\/2018\/08\/Tiquea-paralax-sat.png?id=11181) !important;background-position: center !important;background-repeat: no-repeat !important;background-size: cover !important;}&#8221;][vc_column offset=&#8221;vc_hidden-xs&#8221;][vc_empty_space height=&#8221;115px&#8221;][vc_row_inner][vc_column_inner width=&#8221;1\/2&#8243;][\/vc_column_inner][vc_column_inner el_class=&#8221;backgrounderp&#8221; width=&#8221;1\/2&#8243;][vc_single_image image=&#8221;11179&#8243; img_size=&#8221;full&#8221; style=&#8221;vc_box_rounded&#8221; css_animation=&#8221;none&#8221;][vc_empty_space height=&#8221;10px&#8221;][vc_column_text el_class=&#8221;titol2&#8243;]<\/p>\n<h2><strong>Software avan\u00e7at de gesti\u00f3 de serveis per a la pime<\/strong><\/h2>\n<p>[\/vc_column_text][vc_empty_space height=&#8221;10px&#8221;][vc_column_text el_class=&#8221;titol3&#8243;]<\/p>\n<h3>Tiquea \u00e9s un software totalment integrat amb<\/h3>\n<h3>a3ERP per a la gesti\u00f3 m\u00e9s exigent d&#8217;un SAT<\/h3>\n<p>[\/vc_column_text][vc_empty_space height=&#8221;20px&#8221;][vc_btn title=&#8221;Et contactem&#8221; align=&#8221;left&#8221; button_bg_color=&#8221;#750133&#8243; el_class=&#8221;contactbuton&#8221; link=&#8221;url:%23descargar-demo&#8221;][vc_single_image image=&#8221;11215&#8243; img_size=&#8221;full&#8221; alignment=&#8221;right&#8221; style=&#8221;vc_box_rounded&#8221; css_animation=&#8221;none&#8221; el_class=&#8221;iconolila&#8221;][\/vc_column_inner][\/vc_row_inner][vc_empty_space height=&#8221;115px&#8221;][\/vc_column][\/vc_row][vc_row bg_style=&#8221;img_parallax&#8221; css=&#8221;.vc_custom_1533210915250{background-image: url(https:\/\/apen-informatica.onlinevalles.club\/wp-content\/uploads\/2018\/08\/Tiquea-paralax-sat.png?id=11181) !important;background-position: center !important;background-repeat: no-repeat !important;background-size: cover !important;}&#8221;][vc_column offset=&#8221;vc_hidden-lg vc_hidden-md vc_hidden-sm&#8221;][vc_empty_space height=&#8221;115px&#8221;][vc_row_inner][vc_column_inner el_class=&#8221;backgrounderpmobil&#8221;][vc_single_image image=&#8221;11179&#8243; img_size=&#8221;full&#8221; style=&#8221;vc_box_rounded&#8221; css_animation=&#8221;none&#8221;][vc_empty_space height=&#8221;10px&#8221;][vc_column_text el_class=&#8221;titol2&#8243;]<\/p>\n<h2><strong>Software avan\u00e7at de gesti\u00f3 de serveis per a la pime<\/strong><\/h2>\n<p>[\/vc_column_text][vc_empty_space height=&#8221;10px&#8221;][vc_column_text el_class=&#8221;titol3&#8243;]<\/p>\n<h3>Tiquea \u00e9s un software totalment integrat amb a3ERP per a la gesti\u00f3 m\u00e9s exigent d&#8217;un SAT<\/h3>\n<p>[\/vc_column_text][vc_empty_space height=&#8221;20px&#8221;][vc_btn title=&#8221;Et contactem&#8221; align=&#8221;left&#8221; button_bg_color=&#8221;#750133&#8243; el_class=&#8221;contactbuton&#8221; link=&#8221;url:%23descargar-demo&#8221;][vc_empty_space height=&#8221;10&#8243;][vc_single_image image=&#8221;11215&#8243; img_size=&#8221;full&#8221; style=&#8221;vc_box_rounded&#8221; css_animation=&#8221;none&#8221;][vc_empty_space height=&#8221;10&#8243;][\/vc_column_inner][\/vc_row_inner][vc_empty_space height=&#8221;80&#8243;][\/vc_column][\/vc_row][vc_row][vc_column][vc_empty_space height=&#8221;80px&#8221;][vc_column_text]<\/p>\n<h2 style=\"text-align: center; font-size: 28px;\"><strong>SOFTWARE DE GESTI\u00d3 DE SERVEIS T\u00c8CNICS PROFESSIONALS PER A PIMES<\/strong><\/h2>\n<p>[\/vc_column_text][vc_empty_space height=&#8221;50px&#8221;][\/vc_column][\/vc_row][vc_row][vc_column][vc_row_inner][vc_column_inner width=&#8221;1\/3&#8243;][vc_icon icon_fontawesome=&#8221;fa fa-pencil-square-o&#8221; color=&#8221;black&#8221; size=&#8221;xl&#8221; align=&#8221;center&#8221;][vc_column_text el_class=&#8221;separacion&#8221;]<\/p>\n<h2 style=\"text-align: center; color: #b9005c; font-size: 32px;\"><strong>Gesti\u00f3 de tiquets i serveis<br \/>\n<\/strong><\/h2>\n<p>[\/vc_column_text][vc_empty_space height=&#8221;10&#8243;][vc_column_text]<\/p>\n<p style=\"text-align: center;\"><strong>Visualitza<\/strong>, des d&#8217;una consola central, l&#8217;estat de <strong>totes les tasques<\/strong> del teu SAT i gestiona el temps de resposta, les reclamacions, import\u00e0ncia, etc&#8230;<\/p>\n<p>[\/vc_column_text][\/vc_column_inner][vc_column_inner width=&#8221;1\/3&#8243;][vc_icon icon_fontawesome=&#8221;fa fa-tachometer&#8221; color=&#8221;black&#8221; size=&#8221;xl&#8221; align=&#8221;center&#8221;][vc_column_text el_class=&#8221;separacion&#8221;]<\/p>\n<h2 style=\"text-align: center; color: #b9005c; font-size: 32px;\"><strong>Optimitza els teus recursos<br \/>\n<\/strong><\/h2>\n<p>[\/vc_column_text][vc_empty_space height=&#8221;10&#8243;][vc_column_text]<\/p>\n<p style=\"text-align: center;\">Mou en temps real els qualsevol dels serveis\u00a0als <strong>calendaris<\/strong> externs o interns del teu SAT i <strong>planifica les agendes<\/strong> per equips.<\/p>\n<p>[\/vc_column_text][\/vc_column_inner][vc_column_inner width=&#8221;1\/3&#8243;][vc_icon icon_fontawesome=&#8221;fa fa-thumbs-o-up&#8221; color=&#8221;black&#8221; size=&#8221;xl&#8221; align=&#8221;center&#8221;][vc_column_text el_class=&#8221;separacion&#8221;]<\/p>\n<h2 style=\"text-align: center; color: #b9005c; font-size: 32px;\"><strong>Garantitza el millor servei<br \/>\n<\/strong><\/h2>\n<p>[\/vc_column_text][vc_empty_space height=&#8221;10&#8243;][vc_column_text]<\/p>\n<p style=\"text-align: center;\">Ofereix major<strong> visibilitat<\/strong> als teus clients mitjan\u00e7ant el portal del client. Optimitza <strong>inventaris i preventius<\/strong> per millorar la teva compet\u00e8ncia.<\/p>\n<p>[\/vc_column_text][\/vc_column_inner][\/vc_row_inner][vc_empty_space height=&#8221;80px&#8221;][\/vc_column][\/vc_row][vc_row content_full_width=&#8221;1&#8243; overlay_background=&#8221;#eeeeee&#8221;][vc_column overlay_background=&#8221;#eeeeee&#8221;][vc_empty_space height=&#8221;80px&#8221; css=&#8221;.vc_custom_1523615345389{background-color: #eeeeee !important;}&#8221;][\/vc_column][\/vc_row][vc_row content_full_width=&#8221;1&#8243; overlay_background=&#8221;#eeeeee&#8221;][vc_column overlay_background=&#8221;#eeeeee&#8221;][vc_column_text]<\/p>\n<h2 style=\"text-align: center; font-size: 28px;\"><strong>TOTA LA INFORMACI\u00d3 DEL TEU SERVEI T\u00c8CNIC EN UN\u00a0COP D&#8217;ULL<\/strong><\/h2>\n<p>[\/vc_column_text][vc_empty_space height=&#8221;12px&#8221; css=&#8221;.vc_custom_1523453576511{background-color: #eeeeee !important;}&#8221;][vc_column_text css=&#8221;.vc_custom_1533294314169{background-color: #eeeeee !important;}&#8221;]<\/p>\n<p style=\"text-align: center;\">El software m\u00e9s avan\u00e7at de gesti\u00f3 de serveis que automatitza els processos de l&#8217;empresa estalviant costos i oferint el millor servei al client<\/p>\n<p>[\/vc_column_text][vc_empty_space height=&#8221;12px&#8221; css=&#8221;.vc_custom_1523453576511{background-color: #eeeeee !important;}&#8221;][\/vc_column][\/vc_row][vc_row full_height=&#8221;yes&#8221; content_full_width=&#8221;1&#8243; overlay_background=&#8221;#eeeeee&#8221;][vc_column][vc_single_image image=&#8221;11120&#8243; img_size=&#8221;full&#8221; alignment=&#8221;center&#8221;][\/vc_column][\/vc_row][vc_row content_full_width=&#8221;1&#8243; overlay_background=&#8221;#eeeeee&#8221;][vc_column overlay_background=&#8221;#eeeeee&#8221;][vc_empty_space css=&#8221;.vc_custom_1523453915547{background-color: #eeeeee !important;}&#8221;][\/vc_column][\/vc_row][vc_row content_placement=&#8221;middle&#8221; content_full_width=&#8221;1&#8243; overlay_background=&#8221;#eeeeee&#8221;][vc_column center_content=&#8221;true&#8221; content_vertical_center=&#8221;true&#8221;][vc_btn title=&#8221;Descarregar fitxa de TIQUEA&#8221; align=&#8221;center&#8221; button_block=&#8221;true&#8221; button_width=&#8221;300px&#8221; button_bg_color=&#8221;#b9005c&#8221; button_text_color=&#8221;#ffffff&#8221; link=&#8221;url:https%3A%2F%2Fapen-informatica.onlinevalles.club%2Fwp-content%2Fuploads%2F2018%2F08%2FFitxa_TIQUEA.pdf||target:%20_blank&#8221;][\/vc_column][\/vc_row][vc_row content_full_width=&#8221;1&#8243; overlay_background=&#8221;#eeeeee&#8221;][vc_column overlay_background=&#8221;#eeeeee&#8221;][vc_empty_space height=&#8221;80px&#8221; css=&#8221;.vc_custom_1523615362092{background-color: #eeeeee !important;}&#8221;][\/vc_column][\/vc_row][vc_row content_full_width=&#8221;1&#8243; el_class=&#8221;imatge-text&#8221;][vc_column width=&#8221;1\/12&#8243;][\/vc_column][vc_column width=&#8221;5\/12&#8243; center_content=&#8221;true&#8221; content_vertical_center=&#8221;true&#8221; background_position_custom=&#8221;100%&#8221; offset=&#8221;vc_col-lg-3 vc_col-md-12 vc_col-xs-12&#8243;][vc_empty_space height=&#8221;140&#8243;][vc_column_text]<\/p>\n<h2 style=\"color: #b9005c; font-size: 28px;\"><strong>PORTAL WEB DEL<\/strong><\/h2>\n<h2 style=\"color: #b9005c; font-size: 28px;\"><strong>CLIENT DE TIQUEA<\/strong><\/h2>\n<p>[\/vc_column_text][vc_empty_space height=&#8221;15px&#8221;][vc_column_text]<\/p>\n<p style=\"text-align: center;\">El<strong> portal web per als clients<\/strong> \u00e9s un m\u00f2dul espec\u00edfic per a<strong> facilitar al m\u00e0xim la comunicaci\u00f3 amb el client<\/strong>. Es pot personalitzar amb la imatge corporativa de la seva empresa i \u00e9s compatible amb usuaris multiempresa.<\/p>\n<p style=\"text-align: center;\">Un cop dins els clients podran <strong>consultar<\/strong> detalls dels seus<strong> contractes<\/strong>, <strong>serveis<\/strong> realitzats, visualitzar <strong>tiquets<\/strong>, veure tasques i filtrar per dates o estats, veure serveis, reclamar tiquets pendents, crear nous tiquets i<strong> incloure documentaci\u00f3<\/strong> (fotografies) en el mateix.<\/p>\n<p>[\/vc_column_text][vc_empty_space height=&#8221;80px&#8221;][\/vc_column][vc_column width=&#8221;1\/12&#8243;][\/vc_column][vc_column width=&#8221;5\/12&#8243;][vc_empty_space height=&#8221;125px&#8221;][vc_gallery type=&#8221;flexslider_slide&#8221; interval=&#8221;3&#8243; images=&#8221;11126,11125,11159&#8243; img_size=&#8221;full&#8221;][\/vc_column][vc_column width=&#8221;1\/12&#8243;][\/vc_column][\/vc_row][vc_row content_full_width=&#8221;1&#8243; el_class=&#8221;imatge-text&#8221;][vc_column width=&#8221;1\/12&#8243;][\/vc_column][vc_column width=&#8221;5\/12&#8243;][vc_empty_space height=&#8221;125px&#8221;][vc_gallery type=&#8221;flexslider_slide&#8221; interval=&#8221;3&#8243; images=&#8221;11124&#8243; img_size=&#8221;full&#8221;][\/vc_column][vc_column width=&#8221;1\/12&#8243;][\/vc_column][vc_column width=&#8221;5\/12&#8243; center_content=&#8221;true&#8221; content_vertical_center=&#8221;true&#8221; background_position_custom=&#8221;100%&#8221; offset=&#8221;vc_col-lg-3 vc_col-md-12 vc_col-xs-12&#8243;][vc_empty_space height=&#8221;160px&#8221;][vc_column_text]<\/p>\n<h2 style=\"color: #b9005c; font-size: 28px;\"><strong>TIQUEA DISPOSA D&#8217;UNA APP ANDROID PER A L&#8217;\u00daS DELS T\u00c8CNICS IN SITU<\/strong><\/h2>\n<p>[\/vc_column_text][vc_empty_space height=&#8221;15px&#8221;][vc_column_text]<\/p>\n<p style=\"text-align: center;\">L&#8217;App android del nostre <strong>m\u00f2dul tiquea integrat amb a3ERP<\/strong> ens permet sincronitzar i introduir serveis i les seves caracter\u00edstiques completes des del nostre dispositiu m\u00f2bil.<\/p>\n<p style=\"text-align: center;\">Amb el nostre software de gesti\u00f3 de servei t\u00e8cnic professional podr\u00e0s <strong>gestionar totes les tasques a trav\u00e9s de diverses vistes de calendari<\/strong> i ens permet treballar offline.<\/p>\n<p>[\/vc_column_text][vc_empty_space height=&#8221;80px&#8221;][\/vc_column][vc_column width=&#8221;1\/12&#8243;][\/vc_column][\/vc_row][vc_row content_full_width=&#8221;1&#8243; overlay_background=&#8221;#eeeeee&#8221;][vc_column center_content=&#8221;true&#8221; overlay_background=&#8221;#eeeeee&#8221; offset=&#8221;vc_hidden-lg vc_hidden-md&#8221;][vc_empty_space height=&#8221;80px&#8221; css=&#8221;.vc_custom_1523626037999{background-color: #eeeeee !important;}&#8221;][vc_column_text]<\/p>\n<h2 style=\"text-align: center;\"><strong>TIQUEA \u00c9S LA SOLUCI\u00d3 M\u00c9S COMPLETA PER A SERVEIS T\u00c8CNICS INTEGRADA AMB a3ERP<\/strong><\/h2>\n<p>[\/vc_column_text][vc_empty_space css=&#8221;.vc_custom_1524060650042{background-color: #eeeeee !important;}&#8221;][vc_btn title=&#8221;Descarrega les seves funcionalitats&#8221; align=&#8221;center&#8221; button_block=&#8221;true&#8221; button_width=&#8221;300px&#8221; button_bg_color=&#8221;#b9005c&#8221; button_text_color=&#8221;#ffffff&#8221; link=&#8221;url:https%3A%2F%2Fapen-informatica.onlinevalles.club%2Fwp-content%2Fuploads%2F2018%2F08%2FFuncionalitats_TIQUEA.pdf||&#8221;][vc_empty_space css=&#8221;.vc_custom_1523453915547{background-color: #eeeeee !important;}&#8221;][vc_column_text]<\/p>\n<h2 style=\"text-align: center; font-size: 28px;\">TEL\u00c8FON DE CONTACTE 938 606 220<\/h2>\n<p>[\/vc_column_text][vc_empty_space css=&#8221;.vc_custom_1523529798620{background-color: #eeeeee !important;}&#8221;][\/vc_column][\/vc_row][vc_row content_placement=&#8221;middle&#8221; content_full_width=&#8221;1&#8243; overlay_background=&#8221;#eeeeee&#8221;][vc_column center_content=&#8221;true&#8221; content_vertical_center=&#8221;true&#8221; offset=&#8221;vc_hidden-lg vc_hidden-md&#8221;][vc_btn title=&#8221;Sol\u00b7licita una demo sense comprom\u00eds&#8221; align=&#8221;center&#8221; button_block=&#8221;true&#8221; button_width=&#8221;300px&#8221; button_bg_color=&#8221;#b9005c&#8221; button_text_color=&#8221;#ffffff&#8221; link=&#8221;url:%23descargar-demo||&#8221;][\/vc_column][\/vc_row][vc_row content_full_width=&#8221;1&#8243; overlay_background=&#8221;#eeeeee&#8221;][vc_column overlay_background=&#8221;#eeeeee&#8221; offset=&#8221;vc_hidden-lg vc_hidden-md&#8221;][vc_empty_space height=&#8221;80px&#8221; css=&#8221;.vc_custom_1523626060453{background-color: #eeeeee !important;}&#8221;][\/vc_column][\/vc_row][vc_row content_full_width=&#8221;1&#8243; overlay_background=&#8221;#eeeeee&#8221;][vc_column overlay_background=&#8221;#eeeeee&#8221; offset=&#8221;vc_hidden-sm vc_hidden-xs&#8221;][vc_empty_space height=&#8221;80px&#8221; css=&#8221;.vc_custom_1523626037999{background-color: #eeeeee !important;}&#8221;][vc_column_text]<\/p>\n<h2 style=\"text-align: center; font-size: 28px;\"><strong>TIQUEA \u00c9S LA SOLUCI\u00d3 M\u00c9S COMPLETA PER A SERVEIS T\u00c8CNICS INTEGRADA AMB a3ERP<\/strong><\/h2>\n<p>[\/vc_column_text][vc_empty_space height=&#8221;12px&#8221; css=&#8221;.vc_custom_1523453576511{background-color: #eeeeee !important;}&#8221;][vc_single_image image=&#8221;11219&#8243; img_size=&#8221;full&#8221; alignment=&#8221;center&#8221;][vc_empty_space css=&#8221;.vc_custom_1523453915547{background-color: #eeeeee !important;}&#8221;][vc_column_text]<\/p>\n<h2 style=\"text-align: center; font-size: 28px;\">TEL\u00c8FON DE CONTACTE 938 606 220<\/h2>\n<p>[\/vc_column_text][vc_empty_space css=&#8221;.vc_custom_1523529798620{background-color: #eeeeee !important;}&#8221;][\/vc_column][\/vc_row][vc_row content_placement=&#8221;middle&#8221; content_full_width=&#8221;1&#8243; overlay_background=&#8221;#eeeeee&#8221;][vc_column center_content=&#8221;true&#8221; content_vertical_center=&#8221;true&#8221; offset=&#8221;vc_hidden-sm vc_hidden-xs&#8221;][vc_btn title=&#8221;Sol\u00b7licita una demo sense comprom\u00eds&#8221; align=&#8221;center&#8221; button_block=&#8221;true&#8221; button_width=&#8221;300px&#8221; button_bg_color=&#8221;#b9005c&#8221; button_text_color=&#8221;#ffffff&#8221; link=&#8221;url:%23descargar-demo||&#8221;][\/vc_column][\/vc_row][vc_row content_full_width=&#8221;1&#8243; overlay_background=&#8221;#eeeeee&#8221;][vc_column overlay_background=&#8221;#eeeeee&#8221; offset=&#8221;vc_hidden-sm vc_hidden-xs&#8221;][vc_empty_space height=&#8221;80px&#8221;][\/vc_column][\/vc_row][vc_row content_full_width=&#8221;1&#8243; css=&#8221;.vc_custom_1533313115884{margin-top: -34px !important;}&#8221; el_id=&#8221;descargar-demo&#8221;][vc_column][vc_empty_space height=&#8221;80px&#8221;][vc_column_text]<\/p>\n<h2 style=\"color: #b9005c; text-align: center; font-size: 28px;\"><strong>PROVA ARA TIQUEA SENSE COMPROM\u00cdS!<\/strong><\/h2>\n<p>[\/vc_column_text][vc_empty_space height=&#8221;12px&#8221;][vc_empty_space][vc_single_image image=&#8221;10956&#8243; img_size=&#8221;1587&#215;260&#8243; alignment=&#8221;center&#8221;][vc_empty_space][vc_column_text]<\/p>\n<h2 style=\"text-align: center; font-size: 28px;\">TRUCA&#8217;NS AL <strong>938 606 220<\/strong> O OMPLE EL FORMULARI DE CONTACTE<\/h2>\n<p>[\/vc_column_text][vc_empty_space height=&#8221;12px&#8221;][vc_column_text]<\/p>\n<h3 style=\"text-align: center;\">\u00c9s important especificar en les observacions que vols provar <strong>TIQUEA<\/strong><\/h3>\n<p>[\/vc_column_text][vc_empty_space height=&#8221;50px&#8221;][\/vc_column][\/vc_row][vc_row overlay_background=&#8221;#eeeeee&#8221;][vc_column el_class=&#8221;separacion2&#8243;]<p class=\"wpcf7-contact-form-not-found\"><strong>Error:<\/strong> Contact form not found.<\/p>[\/vc_column][\/vc_row][vc_row content_full_width=&#8221;1&#8243;][vc_column css=&#8221;.vc_custom_1531242907643{background-color: #eeeeee !important;}&#8221;][vc_empty_space css=&#8221;.vc_custom_1531242925332{background-color: #eeeeee !important;}&#8221;][\/vc_column][\/vc_row][vc_row overflow_hidden=&#8221;1&#8243; css=&#8221;.vc_custom_1532019566437{margin-top: -32px !important;padding-top: 80px !important;}&#8221; el_id=&#8221;casos-exito&#8221;][vc_column center_content=&#8221;true&#8221;][vc_column_text]<\/p>\n<h2 style=\"text-align: center; font-family: 'Lato-LightItalic'; font-size: 36px;\">Clients satisfets<\/h2>\n<p>[\/vc_column_text][vc_empty_space height=&#8221;64px&#8221;][cms_special_carousel width_item=&#8221;100&#8243; height_item=&#8221;400&#8243; show_nav=&#8221;1&#8243; show_dots=&#8221;1&#8243; speed=&#8221;500&#8243; timeout=&#8221;5000&#8243; layout_style=&#8221;&#8221; source=&#8221;size:All|order_by:date|post_type:quote|tax_query:55&#8243; cms_template=&#8221;cms_special_carousel&#8211;quote.php&#8221;][vc_btn title=&#8221;+ \u00c8XITS&#8221; shape=&#8221;square&#8221; align=&#8221;center&#8221; button_block=&#8221;true&#8221; button_width=&#8221;170px&#8221; button_text_color=&#8221;#b9005c&#8221; link=&#8221;url:%2Fca%2Fcasos-exit%2Fclients-satisfets-a3erp%2F||&#8221; el_class=&#8221;boto-rosa&#8221;][vc_empty_space height=&#8221;80&#8243;][\/vc_column][\/vc_row]<\/p>\n","protected":false},"excerpt":{"rendered":"<p>[vc_row bg_style=&#8221;img_parallax&#8221; css=&#8221;.vc_custom_1533210915250{background-image: url(https:\/\/apen-informatica.onlinevalles.club\/wp-content\/uploads\/2018\/08\/Tiquea-paralax-sat.png?id=11181) !important;background-position: center !important;background-repeat: no-repeat !important;background-size: cover !important;}&#8221;][vc_column offset=&#8221;vc_hidden-xs&#8221;][vc_empty_space height=&#8221;115px&#8221;][vc_row_inner][vc_column_inner width=&#8221;1\/2&#8243;][\/vc_column_inner][vc_column_inner el_class=&#8221;backgrounderp&#8221; width=&#8221;1\/2&#8243;][vc_single_image image=&#8221;11179&#8243; img_size=&#8221;full&#8221; style=&#8221;vc_box_rounded&#8221; css_animation=&#8221;none&#8221;][vc_empty_space height=&#8221;10px&#8221;][vc_column_text el_class=&#8221;titol2&#8243;] Software avan\u00e7at de gesti\u00f3 de serveis per a la pime [\/vc_column_text][vc_empty_space height=&#8221;10px&#8221;][vc_column_text el_class=&#8221;titol3&#8243;] Tiquea \u00e9s un software totalment integrat amb a3ERP per a la gesti\u00f3 m\u00e9s exigent d&#8217;un SAT [\/vc_column_text][vc_empty_space height=&#8221;20px&#8221;][vc_btn title=&#8221;Et contactem&#8221; [&hellip;]<\/p>\n","protected":false},"author":4,"featured_media":0,"parent":0,"menu_order":0,"comment_status":"closed","ping_status":"closed","template":"","meta":{"_acf_changed":false,"footnotes":""},"class_list":["post-11191","page","type-page","status-publish","hentry"],"acf":[],"_links":{"self":[{"href":"https:\/\/apen-informatica.onlinevalles.club\/ca\/wp-json\/wp\/v2\/pages\/11191","targetHints":{"allow":["GET"]}}],"collection":[{"href":"https:\/\/apen-informatica.onlinevalles.club\/ca\/wp-json\/wp\/v2\/pages"}],"about":[{"href":"https:\/\/apen-informatica.onlinevalles.club\/ca\/wp-json\/wp\/v2\/types\/page"}],"author":[{"embeddable":true,"href":"https:\/\/apen-informatica.onlinevalles.club\/ca\/wp-json\/wp\/v2\/users\/4"}],"replies":[{"embeddable":true,"href":"https:\/\/apen-informatica.onlinevalles.club\/ca\/wp-json\/wp\/v2\/comments?post=11191"}],"version-history":[{"count":0,"href":"https:\/\/apen-informatica.onlinevalles.club\/ca\/wp-json\/wp\/v2\/pages\/11191\/revisions"}],"wp:attachment":[{"href":"https:\/\/apen-informatica.onlinevalles.club\/ca\/wp-json\/wp\/v2\/media?parent=11191"}],"curies":[{"name":"wp","href":"https:\/\/api.w.org\/{rel}","templated":true}]}}