{"id":17757,"date":"2020-06-16T09:39:25","date_gmt":"2020-06-16T09:39:25","guid":{"rendered":"https:\/\/apen-informatica.onlinevalles.club\/ca\/edi\/"},"modified":"2023-03-01T15:40:07","modified_gmt":"2023-03-01T15:40:07","slug":"edi","status":"publish","type":"page","link":"https:\/\/apen-informatica.onlinevalles.club\/ca\/software-de-gestio-a3erp\/moduls-de-gestio-a3erp\/edi\/","title":{"rendered":"Edi. Oferim software gesti\u00f3 a empreses"},"content":{"rendered":"<p>[vc_row bg_style=&#8221;img_parallax&#8221; css=&#8221;.vc_custom_1592310592358{background-image: url(https:\/\/apen-informatica.onlinevalles.club\/wp-content\/uploads\/2020\/06\/Edi-paralax.jpg?id=17627) !important;background-position: center !important;background-repeat: no-repeat !important;background-size: cover !important;}&#8221;][vc_column offset=&#8221;vc_hidden-xs&#8221;][vc_empty_space height=&#8221;115px&#8221;][vc_row_inner][vc_column_inner width=&#8221;1\/2&#8243;][\/vc_column_inner][vc_column_inner el_class=&#8221;backgrounderp&#8221; width=&#8221;1\/2&#8243;][vc_single_image image=&#8221;34931&#8243; img_size=&#8221;full&#8221; style=&#8221;vc_box_rounded&#8221; css_animation=&#8221;none&#8221; el_class=&#8221;edi&#8221;][vc_empty_space height=&#8221;8&#8243;][vc_column_text el_class=&#8221;titol3&#8243;]<\/p>\n<h3>El software que permet l&#8217;intercanvi electr\u00f2nic de documents<\/h3>\n<h3>en format est\u00e0ndard entre diferents sistemes inform\u00e0tics<\/h3>\n<h3><\/h3>\n<p>[\/vc_column_text][vc_empty_space height=&#8221;20px&#8221;][vc_btn title=&#8221;Et contactem&#8221; align=&#8221;left&#8221; button_bg_color=&#8221;#750133&#8243; el_class=&#8221;contactbuton&#8221; link=&#8221;url:%23descargar-demo|||&#8221;][vc_single_image image=&#8221;38055&#8243; img_size=&#8221;full&#8221; alignment=&#8221;right&#8221; style=&#8221;vc_box_rounded&#8221; onclick=&#8221;custom_link&#8221; css_animation=&#8221;none&#8221; link=&#8221;#descargar-demo&#8221; el_class=&#8221;iconolila&#8221;][\/vc_column_inner][\/vc_row_inner][vc_empty_space height=&#8221;115px&#8221;][\/vc_column][\/vc_row][vc_row bg_style=&#8221;img_parallax&#8221; css=&#8221;.vc_custom_1592310701980{background-image: url(https:\/\/apen-informatica.onlinevalles.club\/wp-content\/uploads\/2020\/06\/Edi-paralax.jpg?id=17627) !important;background-position: center !important;background-repeat: no-repeat !important;background-size: cover !important;}&#8221;][vc_column offset=&#8221;vc_hidden-lg vc_hidden-md vc_hidden-sm&#8221;][vc_empty_space height=&#8221;60&#8243;][vc_row_inner css=&#8221;.vc_custom_1591890436524{background-color: rgba(185,0,92,0.8) !important;*background-color: rgb(185,0,92) !important;}&#8221;][vc_column_inner][vc_single_image image=&#8221;34931&#8243; img_size=&#8221;full&#8221; style=&#8221;vc_box_rounded&#8221; css_animation=&#8221;none&#8221; css=&#8221;.vc_custom_1663166169549{margin-left: -18px !important;}&#8221; el_class=&#8221;edi&#8221;][vc_empty_space height=&#8221;8&#8243;][vc_column_text el_class=&#8221;titol3&#8243;]<\/p>\n<h3>El software que permet l&#8217;intercanvi electr\u00f2nic de documents en format est\u00e0ndard entre diferents sistemes inform\u00e0tics<\/h3>\n<h3><\/h3>\n<p>[\/vc_column_text][vc_empty_space height=&#8221;40px&#8221;][vc_btn title=&#8221;Et contactem&#8221; align=&#8221;left&#8221; button_bg_color=&#8221;rgba(117,1,51,0.8)&#8221; el_class=&#8221;contactbuton&#8221; link=&#8221;url:%23descargar-demo|||&#8221;][vc_empty_space height=&#8221;20&#8243;][vc_single_image image=&#8221;38055&#8243; img_size=&#8221;full&#8221; style=&#8221;vc_box_rounded&#8221; onclick=&#8221;custom_link&#8221; css_animation=&#8221;none&#8221; link=&#8221;#descargar-demo&#8221;][vc_empty_space height=&#8221;20&#8243;][\/vc_column_inner][\/vc_row_inner][vc_empty_space height=&#8221;60&#8243;][\/vc_column][\/vc_row][vc_row][vc_column][vc_empty_space height=&#8221;80px&#8221;][vc_column_text]<\/p>\n<h2 style=\"text-align: center; font-size: 28px;\"><strong>LA SOLUCI\u00d3 DEFINITIVA PER AL SISTEMA D&#8217;INTERCANVI D&#8217;INFORMACI\u00d3<\/strong><\/h2>\n<p>[\/vc_column_text][vc_empty_space height=&#8221;50px&#8221;][\/vc_column][\/vc_row][vc_row][vc_column][vc_row_inner][vc_column_inner width=&#8221;1\/3&#8243;][vc_icon icon_fontawesome=&#8221;fa fa-check-square-o&#8221; color=&#8221;black&#8221; size=&#8221;xl&#8221; align=&#8221;center&#8221;][vc_column_text el_class=&#8221;separacion&#8221;]<\/p>\n<h2 style=\"text-align: center; color: #b9005c; font-size: 32px;\"><strong>M\u00e0xima compatibilitat<br \/>\n<\/strong><\/h2>\n<p>[\/vc_column_text][vc_empty_space height=&#8221;10&#8243;][vc_column_text]<\/p>\n<p style=\"text-align: center;\"><strong>Mapeja la informaci\u00f3<\/strong> rebuda per l&#8217;empresa origen<strong> i l&#8217;envia<\/strong> a l&#8217;empresa destinaci\u00f3 en el format EDI que tingui contractat.<\/p>\n<p>[\/vc_column_text][vc_empty_space height=&#8221;30&#8243;][\/vc_column_inner][vc_column_inner width=&#8221;1\/3&#8243;][vc_icon icon_fontawesome=&#8221;fa fa-line-chart&#8221; color=&#8221;black&#8221; size=&#8221;xl&#8221; align=&#8221;center&#8221;][vc_column_text el_class=&#8221;separacion&#8221;]<\/p>\n<h2 style=\"text-align: center; color: #b9005c; font-size: 32px;\"><strong>M\u00e9s eficient<br \/>\n<\/strong><\/h2>\n<p>[\/vc_column_text][vc_empty_space height=&#8221;10&#8243;][vc_column_text]<\/p>\n<p style=\"text-align: center;\"><strong>Estalvia temps i recursos<\/strong> per a tasques amb m\u00e9s valor per a la teva empresa millorant al seu torn el seguiment i la seguretat en les transaccions.<\/p>\n<p>[\/vc_column_text][vc_empty_space height=&#8221;30&#8243;][\/vc_column_inner][vc_column_inner width=&#8221;1\/3&#8243;][vc_icon icon_fontawesome=&#8221;fa fa-smile-o&#8221; color=&#8221;black&#8221; size=&#8221;xl&#8221; align=&#8221;center&#8221;][vc_column_text el_class=&#8221;separacion&#8221;]<\/p>\n<h2 style=\"text-align: center; color: #b9005c; font-size: 32px;\"><strong>Facilitat d&#8217;\u00fas<br \/>\n<\/strong><\/h2>\n<p>[\/vc_column_text][vc_empty_space height=&#8221;10&#8243;][vc_column_text]<\/p>\n<p style=\"text-align: center;\"><strong>F\u00e0cil instal\u00b7laci\u00f3<\/strong> i configuraci\u00f3 amb <strong>una interfaz senzilla i molt intu\u00eftiva<\/strong> permet gestionar tots els documents susceptibles de ser enviats.<\/p>\n<p>[\/vc_column_text][vc_empty_space height=&#8221;30&#8243;][\/vc_column_inner][\/vc_row_inner][vc_empty_space height=&#8221;50&#8243;][\/vc_column][\/vc_row][vc_row overlay_background=&#8221;#b9005c&#8221;][vc_column][vc_empty_space height=&#8221;30&#8243;][vc_column_text]<\/p>\n<h2 style=\"text-align: center; font-size: 28px;\"><span style=\"color: #ffffff;\">OPERACIONS M\u00c9S \u00c0GILS, EFICIENTS I SEGURES ENTRE ELS DEPARTAMENTS COMERCIALS, DE COMPRES I ADMINISTRACI\u00d3 DE LES EMPRESES<\/span><\/h2>\n<p>[\/vc_column_text][vc_empty_space height=&#8221;30&#8243;][\/vc_column][\/vc_row][vc_row content_full_width=&#8221;1&#8243; overlay_background=&#8221;#eeeeee&#8221;][vc_column overlay_background=&#8221;#eeeeee&#8221;][vc_empty_space height=&#8221;80px&#8221; css=&#8221;.vc_custom_1523615345389{background-color: #eeeeee !important;}&#8221;][\/vc_column][\/vc_row][vc_row overlay_background=&#8221;#eeeeee&#8221;][vc_column center_content=&#8221;true&#8221; offset=&#8221;vc_hidden-xs&#8221;][vc_raw_html]JTNDZGl2JTIwY2xhc3MlM0QlMjJjYWphZGV2aWRlbyUyMiUzRSUwQSUzQ2RpdiUyMGNsYXNzJTNEJTIydmlkZW8lMjIlM0UlM0NpZnJhbWUlMjB3aWR0aCUzRCUyMjk2MCUyMiUyMGhlaWdodCUzRCUyMjU1MCUyMiUyMHNyYyUzRCUyMmh0dHBzJTNBJTJGJTJGd3d3LnlvdXR1YmUuY29tJTJGZW1iZWQlMkZseHZKcVJfT2t1dyUyMiUyMGZyYW1lYm9yZGVyJTNEJTIyMCUyMiUyMGFsbG93ZnVsbHNjcmVlbiUzRSUzQyUyRmlmcmFtZSUzRSUwQSUzQyUyRmRpdiUzRSUwQSUzQyUyRmRpdiUzRQ==[\/vc_raw_html][\/vc_column][\/vc_row][vc_row overlay_background=&#8221;#eeeeee&#8221;][vc_column center_content=&#8221;true&#8221; offset=&#8221;vc_hidden-lg vc_hidden-md vc_hidden-sm&#8221;][vc_raw_html]JTNDZGl2JTIwY2xhc3MlM0QlMjJjYWphZGV2aWRlbyUyMiUzRSUwQSUzQ2RpdiUyMGNsYXNzJTNEJTIydmlkZW8lMjIlM0UlM0NpZnJhbWUlMjB3aWR0aCUzRCUyMjMwMiUyMiUyMGhlaWdodCUzRCUyMjE4MyUyMiUyMHNyYyUzRCUyMmh0dHBzJTNBJTJGJTJGd3d3LnlvdXR1YmUuY29tJTJGZW1iZWQlMkZseHZKcVJfT2t1dyUyMiUyMGZyYW1lYm9yZGVyJTNEJTIyMCUyMiUyMGFsbG93ZnVsbHNjcmVlbiUzRSUzQyUyRmlmcmFtZSUzRSUwQSUzQyUyRmRpdiUzRSUwQSUzQyUyRmRpdiUzRQ==[\/vc_raw_html][\/vc_column][\/vc_row][vc_row content_full_width=&#8221;1&#8243; overlay_background=&#8221;#eeeeee&#8221;][vc_column overlay_background=&#8221;#eeeeee&#8221;][vc_column_text]<\/p>\n<h2 style=\"text-align: center; font-size: 28px;\"><strong>TOTALMENT INTEGRAT AMB a3ERP PERMET GESTIONAR AMB UN SOL CLIC L&#8217;ENVIAMENT DE DOCUMENTS<\/strong><\/h2>\n<p>[\/vc_column_text][vc_empty_space height=&#8221;12px&#8221; css=&#8221;.vc_custom_1523453576511{background-color: #eeeeee !important;}&#8221;][vc_column_text css=&#8221;.vc_custom_1593417342622{background-color: #eeeeee !important;}&#8221;]<\/p>\n<p style=\"text-align: center;\">EDI ens ajuda a prendre decisions amb m\u00e9s rapidesa i tenir un millor temps de reacci\u00f3 en els canvis de la demanda d&#8217;el client i el mercat.<\/p>\n<p>[\/vc_column_text][vc_empty_space height=&#8221;12px&#8221; css=&#8221;.vc_custom_1523453576511{background-color: #eeeeee !important;}&#8221;][\/vc_column][\/vc_row][vc_row full_height=&#8221;yes&#8221; content_full_width=&#8221;1&#8243; overlay_background=&#8221;#eeeeee&#8221;][vc_column offset=&#8221;vc_hidden-xs&#8221;][vc_single_image image=&#8221;34939&#8243; img_size=&#8221;full&#8221; alignment=&#8221;center&#8221;][\/vc_column][\/vc_row][vc_row full_height=&#8221;yes&#8221; content_full_width=&#8221;1&#8243; overlay_background=&#8221;#eeeeee&#8221;][vc_column offset=&#8221;vc_hidden-lg vc_hidden-md vc_hidden-sm&#8221;][vc_single_image image=&#8221;34937&#8243; img_size=&#8221;full&#8221; alignment=&#8221;center&#8221;][\/vc_column][\/vc_row][vc_row content_full_width=&#8221;1&#8243; overlay_background=&#8221;#eeeeee&#8221;][vc_column overlay_background=&#8221;#eeeeee&#8221;][vc_empty_space css=&#8221;.vc_custom_1523453915547{background-color: #eeeeee !important;}&#8221;][\/vc_column][\/vc_row][vc_row content_placement=&#8221;middle&#8221; content_full_width=&#8221;1&#8243; overlay_background=&#8221;#eeeeee&#8221;][vc_column center_content=&#8221;true&#8221; content_vertical_center=&#8221;true&#8221;][vc_btn title=&#8221;Descarregar fitxa d&#8217;EDI&#8221; align=&#8221;center&#8221; button_block=&#8221;true&#8221; button_width=&#8221;300px&#8221; button_bg_color=&#8221;#b9005c&#8221; button_text_color=&#8221;#ffffff&#8221; link=&#8221;url:https%3A%2F%2Fapen-informatica.onlinevalles.club%2Fwp-content%2Fuploads%2F2023%2F01%2FFitxa_EDI_2023.pdf|target:_blank&#8221;][\/vc_column][\/vc_row][vc_row content_full_width=&#8221;1&#8243; overlay_background=&#8221;#eeeeee&#8221;][vc_column overlay_background=&#8221;#eeeeee&#8221;][vc_empty_space height=&#8221;80px&#8221; css=&#8221;.vc_custom_1523615362092{background-color: #eeeeee !important;}&#8221;][\/vc_column][\/vc_row][vc_row content_full_width=&#8221;1&#8243; el_class=&#8221;imatge-text&#8221;][vc_column width=&#8221;1\/12&#8243;][\/vc_column][vc_column width=&#8221;5\/12&#8243; center_content=&#8221;true&#8221; content_vertical_center=&#8221;true&#8221; background_position_custom=&#8221;100%&#8221; offset=&#8221;vc_col-lg-3 vc_col-md-12 vc_col-xs-12&#8243;][vc_empty_space height=&#8221;90&#8243;][vc_column_text]<\/p>\n<h2 style=\"color: #b9005c; font-size: 28px;\"><strong>GENERA, ENVIA I<\/strong><\/h2>\n<h2 style=\"color: #b9005c; font-size: 28px;\"><strong>REP DOCUMENTS<\/strong><\/h2>\n<p>[\/vc_column_text][vc_empty_space height=&#8221;15px&#8221;][vc_column_text]<\/p>\n<p style=\"text-align: center;\"><strong>Rep i integra<\/strong> autom\u00e0ticament els arxius EDI, com ara <strong>comandes, inventaris, cat\u00e0legs de preus,<\/strong> etc &#8230; <strong>i els converteix<\/strong> en documents<strong> a3ERP. <\/strong><\/p>\n<p style=\"text-align: center;\"><strong>Genera i envia<\/strong> arxius EDI,<strong> a partir de documents a3ERP<\/strong> com ara <strong>albarans i factures de venda<\/strong>. Aquests documents arrosseguen la mateixa informaci\u00f3 que els documents d&#8217;origen (comandes)<strong>.<\/strong><\/p>\n<p style=\"text-align: center;\"><strong>Permet connectar<\/strong> mitjan\u00e7ant el sistema EDI <strong>amb m\u00faltiples clients<\/strong> que participen en una relaci\u00f3 comercial.<\/p>\n<p>[\/vc_column_text][vc_empty_space height=&#8221;80px&#8221;][\/vc_column][vc_column width=&#8221;1\/12&#8243;][\/vc_column][vc_column width=&#8221;5\/12&#8243;][vc_empty_space height=&#8221;80&#8243;][vc_gallery type=&#8221;flexslider_slide&#8221; interval=&#8221;3&#8243; images=&#8221;17647,17648&#8243; img_size=&#8221;full&#8221;][\/vc_column][vc_column width=&#8221;1\/12&#8243;][\/vc_column][\/vc_row][vc_row content_full_width=&#8221;1&#8243; overlay_background=&#8221;#eeeeee&#8221; css=&#8221;.vc_custom_1592218745315{margin-top: -34px !important;}&#8221; el_id=&#8221;descargar-demo&#8221;][vc_column][vc_empty_space height=&#8221;120&#8243;][vc_column_text]<\/p>\n<h2 style=\"color: #b9005c; text-align: center; font-size: 28px;\"><strong>CONTACTA AMB NOSALTRES PER SABER M\u00c9S SOBRE EDI!<\/strong><\/h2>\n<p>[\/vc_column_text][vc_empty_space height=&#8221;12px&#8221;][vc_empty_space][vc_row_inner][vc_column_inner offset=&#8221;vc_hidden-xs&#8221;][vc_single_image image=&#8221;17679&#8243; img_size=&#8221;1587&#215;260&#8243; alignment=&#8221;center&#8221;][\/vc_column_inner][\/vc_row_inner][vc_row_inner][vc_column_inner offset=&#8221;vc_hidden-lg vc_hidden-md vc_hidden-sm&#8221;][vc_single_image image=&#8221;17680&#8243; img_size=&#8221;&#8221; alignment=&#8221;center&#8221;][\/vc_column_inner][\/vc_row_inner][vc_empty_space][vc_column_text]<\/p>\n<h2 style=\"text-align: center; font-size: 28px;\">TRUCA&#8217;NS AL <strong>938 606 220<\/strong> O OMPLE EL FORMULARI DE CONTACTE<\/h2>\n<p>[\/vc_column_text][vc_empty_space height=&#8221;12px&#8221;][vc_column_text]<\/p>\n<h3 style=\"text-align: center;\">\u00c9s important especificar en les observacions que vols rebre m\u00e9s informaci\u00f3 d&#8217;<strong>EDI<\/strong><\/h3>\n<p>[\/vc_column_text][vc_empty_space height=&#8221;50px&#8221;][\/vc_column][\/vc_row][vc_row][vc_column css=&#8221;.vc_custom_1591891660286{margin-top: -30px !important;}&#8221;]<p class=\"wpcf7-contact-form-not-found\"><strong>Error:<\/strong> Contact form not found.<\/p>[vc_empty_space height=&#8221;80&#8243;][\/vc_column][\/vc_row][vc_row content_full_width=&#8221;1&#8243;][vc_column][vc_separator][\/vc_column][\/vc_row][vc_row overflow_hidden=&#8221;1&#8243; css=&#8221;.vc_custom_1532019566437{margin-top: -32px !important;padding-top: 80px !important;}&#8221; el_id=&#8221;casos-exito&#8221;][vc_column center_content=&#8221;true&#8221;][vc_column_text]<\/p>\n<h2 style=\"text-align: center; font-family: 'Lato-LightItalic'; font-size: 36px;\">Clients satisfets<\/h2>\n<p>[\/vc_column_text][vc_empty_space height=&#8221;64px&#8221;][cms_special_carousel width_item=&#8221;100&#8243; height_item=&#8221;400&#8243; show_nav=&#8221;1&#8243; show_dots=&#8221;1&#8243; speed=&#8221;500&#8243; timeout=&#8221;5000&#8243; layout_style=&#8221;&#8221; source=&#8221;size:All|order_by:date|post_type:quote|tax_query:55&#8243; cms_template=&#8221;cms_special_carousel&#8211;quote.php&#8221;][vc_btn title=&#8221;+ \u00c8XITS&#8221; shape=&#8221;square&#8221; align=&#8221;center&#8221; button_block=&#8221;true&#8221; button_width=&#8221;170px&#8221; button_text_color=&#8221;#b9005c&#8221; link=&#8221;url:%2Fca%2Fcasos-exit%2Fclients-satisfets-a3erp%2F||&#8221; el_class=&#8221;boto-rosa&#8221;][vc_empty_space height=&#8221;80&#8243;][\/vc_column][\/vc_row]<\/p>\n","protected":false},"excerpt":{"rendered":"<p>[vc_row bg_style=&#8221;img_parallax&#8221; css=&#8221;.vc_custom_1592310592358{background-image: url(https:\/\/apen-informatica.onlinevalles.club\/wp-content\/uploads\/2020\/06\/Edi-paralax.jpg?id=17627) !important;background-position: center !important;background-repeat: no-repeat !important;background-size: cover !important;}&#8221;][vc_column offset=&#8221;vc_hidden-xs&#8221;][vc_empty_space height=&#8221;115px&#8221;][vc_row_inner][vc_column_inner width=&#8221;1\/2&#8243;][\/vc_column_inner][vc_column_inner el_class=&#8221;backgrounderp&#8221; width=&#8221;1\/2&#8243;][vc_single_image image=&#8221;34931&#8243; img_size=&#8221;full&#8221; style=&#8221;vc_box_rounded&#8221; css_animation=&#8221;none&#8221; el_class=&#8221;edi&#8221;][vc_empty_space height=&#8221;8&#8243;][vc_column_text el_class=&#8221;titol3&#8243;] El software que permet l&#8217;intercanvi electr\u00f2nic de documents en format est\u00e0ndard entre diferents sistemes inform\u00e0tics [\/vc_column_text][vc_empty_space height=&#8221;20px&#8221;][vc_btn title=&#8221;Et contactem&#8221; align=&#8221;left&#8221; button_bg_color=&#8221;#750133&#8243; el_class=&#8221;contactbuton&#8221; link=&#8221;url:%23descargar-demo|||&#8221;][vc_single_image image=&#8221;38055&#8243; img_size=&#8221;full&#8221; alignment=&#8221;right&#8221; style=&#8221;vc_box_rounded&#8221; onclick=&#8221;custom_link&#8221; css_animation=&#8221;none&#8221; link=&#8221;#descargar-demo&#8221; el_class=&#8221;iconolila&#8221;][\/vc_column_inner][\/vc_row_inner][vc_empty_space height=&#8221;115px&#8221;][\/vc_column][\/vc_row][vc_row [&hellip;]<\/p>\n","protected":false},"author":4,"featured_media":0,"parent":4134,"menu_order":0,"comment_status":"closed","ping_status":"closed","template":"","meta":{"_acf_changed":false,"footnotes":""},"class_list":["post-17757","page","type-page","status-publish","hentry"],"acf":[],"_links":{"self":[{"href":"https:\/\/apen-informatica.onlinevalles.club\/ca\/wp-json\/wp\/v2\/pages\/17757","targetHints":{"allow":["GET"]}}],"collection":[{"href":"https:\/\/apen-informatica.onlinevalles.club\/ca\/wp-json\/wp\/v2\/pages"}],"about":[{"href":"https:\/\/apen-informatica.onlinevalles.club\/ca\/wp-json\/wp\/v2\/types\/page"}],"author":[{"embeddable":true,"href":"https:\/\/apen-informatica.onlinevalles.club\/ca\/wp-json\/wp\/v2\/users\/4"}],"replies":[{"embeddable":true,"href":"https:\/\/apen-informatica.onlinevalles.club\/ca\/wp-json\/wp\/v2\/comments?post=17757"}],"version-history":[{"count":0,"href":"https:\/\/apen-informatica.onlinevalles.club\/ca\/wp-json\/wp\/v2\/pages\/17757\/revisions"}],"up":[{"embeddable":true,"href":"https:\/\/apen-informatica.onlinevalles.club\/ca\/wp-json\/wp\/v2\/pages\/4134"}],"wp:attachment":[{"href":"https:\/\/apen-informatica.onlinevalles.club\/ca\/wp-json\/wp\/v2\/media?parent=17757"}],"curies":[{"name":"wp","href":"https:\/\/api.w.org\/{rel}","templated":true}]}}