{"id":17767,"date":"2020-06-11T09:55:40","date_gmt":"2020-06-11T09:55:40","guid":{"rendered":"https:\/\/apen-informatica.onlinevalles.club\/ca\/?page_id=17767"},"modified":"2023-03-01T15:38:12","modified_gmt":"2023-03-01T15:38:12","slug":"silicie","status":"publish","type":"page","link":"https:\/\/apen-informatica.onlinevalles.club\/ca\/software-de-gestio-a3erp\/moduls-de-gestio-a3erp\/silicie\/","title":{"rendered":"Silicie. Software pensat per empresa"},"content":{"rendered":"<p>[vc_row bg_style=&#8221;img_parallax&#8221; css=&#8221;.vc_custom_1591890748473{background-image: url(https:\/\/apen-informatica.onlinevalles.club\/wp-content\/uploads\/2020\/06\/Silicie-paralax.jpg?id=17539) !important;background-position: center !important;background-repeat: no-repeat !important;background-size: cover !important;}&#8221;][vc_column width=&#8221;1\/2&#8243; offset=&#8221;vc_hidden-xs&#8221;][vc_empty_space height=&#8221;115&#8243;][vc_row_inner][vc_column_inner el_class=&#8221;backgrounderp&#8221;][vc_single_image image=&#8221;34928&#8243; img_size=&#8221;full&#8221; style=&#8221;vc_box_rounded&#8221; css_animation=&#8221;none&#8221; css=&#8221;.vc_custom_1663165902165{margin-left: -18px !important;}&#8221; el_class=&#8221;silicie&#8221;][vc_empty_space height=&#8221;8&#8243;][vc_column_text el_class=&#8221;titol3&#8243;]<\/p>\n<h3>Software totalment integrat amb a3ERP per al subministrament<\/h3>\n<h3>immediat de llibres comptables d&#8217;impostos especials<\/h3>\n<p>[\/vc_column_text][vc_empty_space height=&#8221;40px&#8221;][vc_btn title=&#8221;Et contactem&#8221; align=&#8221;left&#8221; button_bg_color=&#8221;#750133&#8243; el_class=&#8221;contactbuton&#8221; link=&#8221;url:%20%23descargar-demo|||&#8221;][vc_empty_space height=&#8221;20&#8243;][vc_single_image image=&#8221;38055&#8243; img_size=&#8221;full&#8221; alignment=&#8221;right&#8221; style=&#8221;vc_box_rounded&#8221; onclick=&#8221;custom_link&#8221; css_animation=&#8221;none&#8221; link=&#8221;#descargar-demo&#8221; el_class=&#8221;iconolila&#8221;][\/vc_column_inner][\/vc_row_inner][vc_empty_space height=&#8221;115&#8243;][\/vc_column][vc_column width=&#8221;1\/2&#8243;][\/vc_column][\/vc_row][vc_row bg_style=&#8221;img_parallax&#8221; css=&#8221;.vc_custom_1591890748473{background-image: url(https:\/\/apen-informatica.onlinevalles.club\/wp-content\/uploads\/2020\/06\/Silicie-paralax.jpg?id=17539) !important;background-position: center !important;background-repeat: no-repeat !important;background-size: cover !important;}&#8221;][vc_column offset=&#8221;vc_hidden-lg vc_hidden-md vc_hidden-sm&#8221;][vc_empty_space height=&#8221;60&#8243;][vc_row_inner css=&#8221;.vc_custom_1591890436524{background-color: rgba(185,0,92,0.8) !important;*background-color: rgb(185,0,92) !important;}&#8221;][vc_column_inner][vc_single_image image=&#8221;34928&#8243; img_size=&#8221;full&#8221; style=&#8221;vc_box_rounded&#8221; css_animation=&#8221;none&#8221; css=&#8221;.vc_custom_1663165919508{margin-left: -18px !important;}&#8221; el_class=&#8221;silicie&#8221;][vc_empty_space height=&#8221;8&#8243;][vc_column_text el_class=&#8221;titol3&#8243;]<\/p>\n<h3>Software totalment integrat amb a3ERP per al subministrament immediat de llibres comptables d&#8217;impostos especials<\/h3>\n<p>[\/vc_column_text][vc_empty_space height=&#8221;40px&#8221;][vc_btn title=&#8221;Et contactem&#8221; align=&#8221;left&#8221; button_bg_color=&#8221;#750133&#8243; el_class=&#8221;contactbuton&#8221; link=&#8221;url:%20%23descargar-demo|||&#8221;][vc_empty_space height=&#8221;20&#8243;][vc_single_image image=&#8221;38055&#8243; img_size=&#8221;full&#8221; style=&#8221;vc_box_rounded&#8221; onclick=&#8221;custom_link&#8221; css_animation=&#8221;none&#8221; link=&#8221;#descargar-demo&#8221;][vc_empty_space height=&#8221;20&#8243;][\/vc_column_inner][\/vc_row_inner][vc_empty_space height=&#8221;60&#8243;][\/vc_column][\/vc_row][vc_row][vc_column][vc_empty_space height=&#8221;80px&#8221;][vc_column_text]<\/p>\n<h2 style=\"text-align: center; font-size: 28px;\"><strong>LA MILLOR EINA PER A LA GESTI\u00d3 DE LA COMPTABILITAT DE PRODUCTES SUBJECTES A IMPOSTOS ESPECIALS<\/strong><\/h2>\n<p>[\/vc_column_text][vc_empty_space height=&#8221;50px&#8221;][\/vc_column][\/vc_row][vc_row][vc_column][vc_row_inner][vc_column_inner width=&#8221;1\/3&#8243;][vc_icon icon_fontawesome=&#8221;fa fa-check-square-o&#8221; color=&#8221;black&#8221; size=&#8221;xl&#8221; align=&#8221;center&#8221;][vc_column_text el_class=&#8221;separacion&#8221;]<\/p>\n<h2 style=\"text-align: center; color: #b9005c; font-size: 32px;\"><strong>Molt senzill<br \/>\n<\/strong><\/h2>\n<p>[\/vc_column_text][vc_empty_space height=&#8221;10&#8243;][vc_column_text]<\/p>\n<p style=\"text-align: center;\">El proc\u00e9s de gesti\u00f3 \u00e9s molt senzill i transparent gr\u00e0cies a una interfaz <strong>molt intu\u00eftiva<\/strong> i de gran facilitat d&#8217;\u00fas.<\/p>\n<p>[\/vc_column_text][vc_empty_space height=&#8221;30&#8243;][\/vc_column_inner][vc_column_inner width=&#8221;1\/3&#8243;][vc_icon icon_fontawesome=&#8221;fa fa-lock&#8221; color=&#8221;black&#8221; size=&#8221;xl&#8221; align=&#8221;center&#8221;][vc_column_text el_class=&#8221;separacion&#8221;]<\/p>\n<h2 style=\"text-align: center; color: #b9005c; font-size: 32px;\"><strong>M\u00e9s seguretat<br \/>\n<\/strong><\/h2>\n<p>[\/vc_column_text][vc_empty_space height=&#8221;10&#8243;][vc_column_text]<\/p>\n<p style=\"text-align: center;\"><strong>Totes les declaracions<\/strong>, aix\u00ed com el seu detall i el seu estat, s&#8217;inclouran en les <strong>c\u00f2pies de seguretat<\/strong> que es facin de la base de dades.<\/p>\n<p>[\/vc_column_text][vc_empty_space height=&#8221;30&#8243;][\/vc_column_inner][vc_column_inner width=&#8221;1\/3&#8243;][vc_icon icon_fontawesome=&#8221;fa fa-thumbs-o-up&#8221; color=&#8221;black&#8221; size=&#8221;xl&#8221; align=&#8221;center&#8221;][vc_column_text el_class=&#8221;separacion&#8221;]<\/p>\n<h2 style=\"text-align: center; color: #b9005c; font-size: 32px;\"><strong>Millora processos<br \/>\n<\/strong><\/h2>\n<p>[\/vc_column_text][vc_empty_space height=&#8221;10&#8243;][vc_column_text]<\/p>\n<p style=\"text-align: center;\"><span class=\"txt\">Les declaracions passaran a ser un <strong>proc\u00e9s controlat, senzill i segur<\/strong> gr\u00e0cies a la seva connexi\u00f3 directa amb el servei web de l&#8217;Ag\u00e8ncia tribut\u00e0ria.<\/span><\/p>\n<p>[\/vc_column_text][vc_empty_space height=&#8221;30&#8243;][\/vc_column_inner][\/vc_row_inner][vc_empty_space height=&#8221;20&#8243;][\/vc_column][\/vc_row][vc_row overlay_background=&#8221;#b9005c&#8221;][vc_column][vc_empty_space height=&#8221;30&#8243;][vc_column_text]<\/p>\n<h2 style=\"text-align: center; font-size: 28px;\"><span style=\"color: #ffffff;\">DIRIGIT A TOTES AQUELLES EMPRESES QUE COMERCIALITZEN, TRANSPORTEN, O EMMAGATZEMEN ALCOHOL, TABAC O HIDROCARBURS<\/span><\/h2>\n<p>[\/vc_column_text][vc_empty_space height=&#8221;30&#8243;][\/vc_column][\/vc_row][vc_row content_full_width=&#8221;1&#8243; overlay_background=&#8221;#eeeeee&#8221;][vc_column overlay_background=&#8221;#eeeeee&#8221;][vc_empty_space height=&#8221;80px&#8221; css=&#8221;.vc_custom_1523615345389{background-color: #eeeeee !important;}&#8221;][\/vc_column][\/vc_row][vc_row overlay_background=&#8221;#eeeeee&#8221;][vc_column center_content=&#8221;true&#8221; offset=&#8221;vc_hidden-xs&#8221;][vc_raw_html]JTNDZGl2JTIwY2xhc3MlM0QlMjJjYWphZGV2aWRlbyUyMiUzRSUwQSUzQ2RpdiUyMGNsYXNzJTNEJTIydmlkZW8lMjIlM0UlM0NpZnJhbWUlMjB3aWR0aCUzRCUyMjk2MCUyMiUyMGhlaWdodCUzRCUyMjU1MCUyMiUyMHNyYyUzRCUyMmh0dHBzJTNBJTJGJTJGd3d3LnlvdXR1YmUuY29tJTJGZW1iZWQlMkZwdVdOUUJwYjF5ZyUyMiUyMGZyYW1lYm9yZGVyJTNEJTIyMCUyMiUyMGFsbG93ZnVsbHNjcmVlbiUzRSUzQyUyRmlmcmFtZSUzRSUwQSUzQyUyRmRpdiUzRSUwQSUzQyUyRmRpdiUzRQ==[\/vc_raw_html][\/vc_column][\/vc_row][vc_row overlay_background=&#8221;#eeeeee&#8221;][vc_column center_content=&#8221;true&#8221; offset=&#8221;vc_hidden-lg vc_hidden-md vc_hidden-sm&#8221;][vc_raw_html]JTNDZGl2JTIwY2xhc3MlM0QlMjJjYWphZGV2aWRlbyUyMiUzRSUwQSUzQ2RpdiUyMGNsYXNzJTNEJTIydmlkZW8lMjIlM0UlM0NpZnJhbWUlMjB3aWR0aCUzRCUyMjMwMiUyMiUyMGhlaWdodCUzRCUyMjE4MyUyMiUyMHNyYyUzRCUyMmh0dHBzJTNBJTJGJTJGd3d3LnlvdXR1YmUuY29tJTJGZW1iZWQlMkZwdVdOUUJwYjF5ZyUyMiUyMGZyYW1lYm9yZGVyJTNEJTIyMCUyMiUyMGFsbG93ZnVsbHNjcmVlbiUzRSUzQyUyRmlmcmFtZSUzRSUwQSUzQyUyRmRpdiUzRSUwQSUzQyUyRmRpdiUzRQ==[\/vc_raw_html][\/vc_column][\/vc_row][vc_row content_full_width=&#8221;1&#8243; overlay_background=&#8221;#eeeeee&#8221;][vc_column overlay_background=&#8221;#eeeeee&#8221;][vc_column_text]<\/p>\n<h2 style=\"text-align: center; font-size: 28px;\"><strong>DECLARA, CORREGEIX I ANUL\u00b7LA R\u00c0PIDAMENT ELS MOVIMENTS DE PRODUCTES SUBJECTES A IMPOSTOS ESPECIALS<\/strong><\/h2>\n<p>[\/vc_column_text][vc_empty_space height=&#8221;12px&#8221; css=&#8221;.vc_custom_1523453576511{background-color: #eeeeee !important;}&#8221;][vc_column_text css=&#8221;.vc_custom_1592411729559{background-color: #eeeeee !important;}&#8221;]<\/p>\n<p style=\"text-align: center;\">Des de l&#8217;1 de gener de 2020 la gesti\u00f3 de la comptabilitat dels productes subjectes a impostos especials es realitzar\u00e0 a trav\u00e9s de la seu electr\u00f2nica de l&#8217;AEAT, mitjan\u00e7ant el subministrament electr\u00f2nic dels assentaments comptables<\/p>\n<p>[\/vc_column_text][vc_empty_space height=&#8221;12px&#8221; css=&#8221;.vc_custom_1523453576511{background-color: #eeeeee !important;}&#8221;][\/vc_column][\/vc_row][vc_row full_height=&#8221;yes&#8221; content_full_width=&#8221;1&#8243; overlay_background=&#8221;#eeeeee&#8221;][vc_column offset=&#8221;vc_hidden-lg vc_hidden-md vc_hidden-sm vc_hidden-xs&#8221;][vc_single_image image=&#8221;17544&#8243; img_size=&#8221;full&#8221; alignment=&#8221;center&#8221;][\/vc_column][\/vc_row][vc_row full_height=&#8221;yes&#8221; content_full_width=&#8221;1&#8243; overlay_background=&#8221;#eeeeee&#8221;][vc_column offset=&#8221;vc_hidden-lg vc_hidden-md vc_hidden-sm vc_hidden-xs&#8221;][vc_single_image image=&#8221;17548&#8243; img_size=&#8221;full&#8221; alignment=&#8221;center&#8221;][\/vc_column][\/vc_row][vc_row content_full_width=&#8221;1&#8243; overlay_background=&#8221;#eeeeee&#8221;][vc_column overlay_background=&#8221;#eeeeee&#8221;][vc_empty_space css=&#8221;.vc_custom_1523453915547{background-color: #eeeeee !important;}&#8221;][\/vc_column][\/vc_row][vc_row content_placement=&#8221;middle&#8221; content_full_width=&#8221;1&#8243; overlay_background=&#8221;#eeeeee&#8221;][vc_column center_content=&#8221;true&#8221; content_vertical_center=&#8221;true&#8221;][vc_btn title=&#8221;Descarregar fitxa de SILICIE&#8221; align=&#8221;center&#8221; button_block=&#8221;true&#8221; button_width=&#8221;300px&#8221; button_bg_color=&#8221;#b9005c&#8221; button_text_color=&#8221;#ffffff&#8221; link=&#8221;url:https%3A%2F%2Fapen-informatica.onlinevalles.club%2Fwp-content%2Fuploads%2F2023%2F01%2FFitxa_SILICIE_2023.pdf|target:_blank&#8221;][\/vc_column][\/vc_row][vc_row content_full_width=&#8221;1&#8243; overlay_background=&#8221;#eeeeee&#8221;][vc_column overlay_background=&#8221;#eeeeee&#8221;][vc_empty_space height=&#8221;80px&#8221; css=&#8221;.vc_custom_1523615362092{background-color: #eeeeee !important;}&#8221;][\/vc_column][\/vc_row][vc_row content_full_width=&#8221;1&#8243; el_class=&#8221;imatge-text&#8221;][vc_column width=&#8221;1\/12&#8243;][\/vc_column][vc_column width=&#8221;5\/12&#8243; center_content=&#8221;true&#8221; content_vertical_center=&#8221;true&#8221; background_position_custom=&#8221;100%&#8221; offset=&#8221;vc_col-lg-3 vc_col-md-12 vc_col-xs-12&#8243;][vc_empty_space height=&#8221;140&#8243;][vc_column_text]<\/p>\n<h2 style=\"color: #b9005c; font-size: 28px;\"><strong>GENERA, ENVIA I<\/strong><\/h2>\n<h2 style=\"color: #b9005c; font-size: 28px;\"><strong>CORREGEIX DECLARACIONS<\/strong><\/h2>\n<p>[\/vc_column_text][vc_empty_space height=&#8221;15px&#8221;][vc_column_text]<\/p>\n<p style=\"text-align: center;\">Quan es <strong>genera<\/strong> una declaraci\u00f3 es realitza un informe dels moviments d&#8217;estoc dels productes a declarar (assentaments comptables),<strong> informant dels possibles errors<\/strong> estructurals abans de ser enviats a AEAT.<\/p>\n<p style=\"text-align: center;\">A trav\u00e9s d&#8217;una connexi\u00f3 d&#8217;internet <strong>el programa es connecta directament a l&#8217;servei web de l&#8217;Ag\u00e8ncia Tribut\u00e0ria<\/strong> i envia la declaraci\u00f3 completa, amb tots els seus seients. En cas de retornar errors, es mostraran en pantalla per poder ser tractats per l&#8217;usuari.<\/p>\n<p style=\"text-align: center;\">Un cop generada la declaraci\u00f3 sempre <strong>podrem consultar<\/strong> per pantalla el detall de la mateixa, aix\u00ed com<strong> exportar<\/strong> aquest detall a un full Excel per a la seva posterior impressi\u00f3 o tractament.<\/p>\n<p>[\/vc_column_text][vc_empty_space height=&#8221;80px&#8221;][\/vc_column][vc_column width=&#8221;1\/12&#8243;][\/vc_column][vc_column width=&#8221;5\/12&#8243;][vc_empty_space height=&#8221;125px&#8221;][vc_gallery type=&#8221;flexslider_slide&#8221; interval=&#8221;3&#8243; images=&#8221;17579,17580,17578&#8243; img_size=&#8221;full&#8221;][\/vc_column][vc_column width=&#8221;1\/12&#8243;][\/vc_column][\/vc_row][vc_row content_full_width=&#8221;1&#8243; el_class=&#8221;imatge-text&#8221;][vc_column width=&#8221;1\/12&#8243;][\/vc_column][vc_column width=&#8221;5\/12&#8243; offset=&#8221;vc_hidden-xs&#8221;][vc_empty_space height=&#8221;125px&#8221;][vc_gallery type=&#8221;flexslider_slide&#8221; interval=&#8221;3&#8243; images=&#8221;17582&#8243; img_size=&#8221;full&#8221;][\/vc_column][vc_column width=&#8221;1\/12&#8243;][\/vc_column][vc_column width=&#8221;5\/12&#8243; center_content=&#8221;true&#8221; content_vertical_center=&#8221;true&#8221; background_position_custom=&#8221;100%&#8221; offset=&#8221;vc_col-lg-3 vc_col-md-12 vc_col-xs-12&#8243;][vc_empty_space height=&#8221;160px&#8221;][vc_column_text]<\/p>\n<h2 style=\"color: #b9005c; font-size: 28px;\"><strong>ANUL\u00b7LA I CORREGEIX SEIENTS COMPTABLES<\/strong><\/h2>\n<p>[\/vc_column_text][vc_empty_space height=&#8221;15px&#8221;][vc_column_text]<\/p>\n<p style=\"text-align: center;\">Fent servir un altre servei web de l&#8217;ag\u00e8ncia tribut\u00e0ria <strong>es poden anul\u00b7lar unit\u00e0riament seients<\/strong> pr\u00e8viament declarats, deixant marcats en el nostre sistema el nou estat.<\/p>\n<p style=\"text-align: center;\">Si el que es desitja \u00e9s <strong>corregir un seient<\/strong> pr\u00e8viament declarat, l&#8217;Ag\u00e8ncia Tribut\u00e0ria ens obliga a anul\u00b7lar el seient erroni i substituir-lo per un de nou. El nostre software fa aquest proc\u00e9s <strong>en un sol pas.<\/strong><\/p>\n<p>[\/vc_column_text][vc_empty_space height=&#8221;80px&#8221;][\/vc_column][vc_column width=&#8221;1\/12&#8243;][\/vc_column][\/vc_row][vc_row content_full_width=&#8221;1&#8243; overlay_background=&#8221;#eeeeee&#8221; css=&#8221;.vc_custom_1592218745315{margin-top: -34px !important;}&#8221; el_id=&#8221;descargar-demo&#8221;][vc_column][vc_empty_space height=&#8221;120&#8243;][vc_column_text]<\/p>\n<h2 style=\"color: #b9005c; text-align: center; font-size: 28px;\"><strong>CONTACTA AMB NOSALTRES PER SABER M\u00c9S SOBRE SILICIE!<\/strong><\/h2>\n<p>[\/vc_column_text][vc_empty_space height=&#8221;12px&#8221;][vc_empty_space][vc_row_inner][vc_column_inner offset=&#8221;vc_hidden-xs&#8221;][vc_single_image image=&#8221;17679&#8243; img_size=&#8221;1587&#215;260&#8243; alignment=&#8221;center&#8221;][\/vc_column_inner][\/vc_row_inner][vc_row_inner][vc_column_inner offset=&#8221;vc_hidden-lg vc_hidden-md vc_hidden-sm&#8221;][vc_single_image image=&#8221;17680&#8243; img_size=&#8221;&#8221; alignment=&#8221;center&#8221;][\/vc_column_inner][\/vc_row_inner][vc_empty_space][vc_column_text]<\/p>\n<h2 style=\"text-align: center; font-size: 28px;\">TRUCA&#8217;NS AL <strong>938 606 220<\/strong> O OMPLE EL FORMULARI DE CONTACTE<\/h2>\n<p>[\/vc_column_text][vc_empty_space height=&#8221;12px&#8221;][vc_column_text]<\/p>\n<h3 style=\"text-align: center;\">\u00c9s important especificar en les observacions que vols rebre m\u00e9s informaci\u00f3 de <strong>SILICIE<\/strong><\/h3>\n<p>[\/vc_column_text][vc_empty_space height=&#8221;50px&#8221;][\/vc_column][\/vc_row][vc_row][vc_column css=&#8221;.vc_custom_1591891660286{margin-top: -30px !important;}&#8221;]<p class=\"wpcf7-contact-form-not-found\"><strong>Error:<\/strong> Contact form not found.<\/p>[vc_empty_space height=&#8221;80&#8243;][\/vc_column][\/vc_row][vc_row content_full_width=&#8221;1&#8243;][vc_column][vc_separator][\/vc_column][\/vc_row][vc_row overflow_hidden=&#8221;1&#8243; css=&#8221;.vc_custom_1532019566437{margin-top: -32px !important;padding-top: 80px !important;}&#8221; el_id=&#8221;casos-exito&#8221;][vc_column center_content=&#8221;true&#8221;][vc_column_text]<\/p>\n<h2 style=\"text-align: center; font-family: 'Lato-LightItalic'; font-size: 36px;\">Clients satisfets<\/h2>\n<p>[\/vc_column_text][vc_empty_space height=&#8221;64px&#8221;][cms_special_carousel width_item=&#8221;100&#8243; height_item=&#8221;400&#8243; show_nav=&#8221;1&#8243; show_dots=&#8221;1&#8243; speed=&#8221;500&#8243; timeout=&#8221;5000&#8243; layout_style=&#8221;&#8221; source=&#8221;size:All|order_by:date|post_type:quote|tax_query:55&#8243; cms_template=&#8221;cms_special_carousel&#8211;quote.php&#8221;][vc_btn title=&#8221;+ \u00c8XITS&#8221; shape=&#8221;square&#8221; align=&#8221;center&#8221; button_block=&#8221;true&#8221; button_width=&#8221;170px&#8221; button_text_color=&#8221;#b9005c&#8221; link=&#8221;url:%2Fca%2Fcasos-exit%2Fclients-satisfets-a3erp%2F||&#8221; el_class=&#8221;boto-rosa&#8221;][vc_empty_space height=&#8221;80&#8243;][\/vc_column][\/vc_row]<\/p>\n","protected":false},"excerpt":{"rendered":"<p>[vc_row bg_style=&#8221;img_parallax&#8221; css=&#8221;.vc_custom_1591890748473{background-image: url(https:\/\/apen-informatica.onlinevalles.club\/wp-content\/uploads\/2020\/06\/Silicie-paralax.jpg?id=17539) !important;background-position: center !important;background-repeat: no-repeat !important;background-size: cover !important;}&#8221;][vc_column width=&#8221;1\/2&#8243; offset=&#8221;vc_hidden-xs&#8221;][vc_empty_space height=&#8221;115&#8243;][vc_row_inner][vc_column_inner el_class=&#8221;backgrounderp&#8221;][vc_single_image image=&#8221;34928&#8243; img_size=&#8221;full&#8221; style=&#8221;vc_box_rounded&#8221; css_animation=&#8221;none&#8221; css=&#8221;.vc_custom_1663165902165{margin-left: -18px !important;}&#8221; el_class=&#8221;silicie&#8221;][vc_empty_space height=&#8221;8&#8243;][vc_column_text el_class=&#8221;titol3&#8243;] Software totalment integrat amb a3ERP per al subministrament immediat de llibres comptables d&#8217;impostos especials [\/vc_column_text][vc_empty_space height=&#8221;40px&#8221;][vc_btn title=&#8221;Et contactem&#8221; align=&#8221;left&#8221; button_bg_color=&#8221;#750133&#8243; el_class=&#8221;contactbuton&#8221; link=&#8221;url:%20%23descargar-demo|||&#8221;][vc_empty_space height=&#8221;20&#8243;][vc_single_image image=&#8221;38055&#8243; img_size=&#8221;full&#8221; alignment=&#8221;right&#8221; style=&#8221;vc_box_rounded&#8221; onclick=&#8221;custom_link&#8221; css_animation=&#8221;none&#8221; link=&#8221;#descargar-demo&#8221; [&hellip;]<\/p>\n","protected":false},"author":4,"featured_media":0,"parent":4134,"menu_order":0,"comment_status":"closed","ping_status":"closed","template":"","meta":{"_acf_changed":false,"footnotes":""},"class_list":["post-17767","page","type-page","status-publish","hentry"],"acf":[],"_links":{"self":[{"href":"https:\/\/apen-informatica.onlinevalles.club\/ca\/wp-json\/wp\/v2\/pages\/17767","targetHints":{"allow":["GET"]}}],"collection":[{"href":"https:\/\/apen-informatica.onlinevalles.club\/ca\/wp-json\/wp\/v2\/pages"}],"about":[{"href":"https:\/\/apen-informatica.onlinevalles.club\/ca\/wp-json\/wp\/v2\/types\/page"}],"author":[{"embeddable":true,"href":"https:\/\/apen-informatica.onlinevalles.club\/ca\/wp-json\/wp\/v2\/users\/4"}],"replies":[{"embeddable":true,"href":"https:\/\/apen-informatica.onlinevalles.club\/ca\/wp-json\/wp\/v2\/comments?post=17767"}],"version-history":[{"count":0,"href":"https:\/\/apen-informatica.onlinevalles.club\/ca\/wp-json\/wp\/v2\/pages\/17767\/revisions"}],"up":[{"embeddable":true,"href":"https:\/\/apen-informatica.onlinevalles.club\/ca\/wp-json\/wp\/v2\/pages\/4134"}],"wp:attachment":[{"href":"https:\/\/apen-informatica.onlinevalles.club\/ca\/wp-json\/wp\/v2\/media?parent=17767"}],"curies":[{"name":"wp","href":"https:\/\/api.w.org\/{rel}","templated":true}]}}