{"id":36689,"date":"2023-01-17T09:03:54","date_gmt":"2023-01-17T09:03:54","guid":{"rendered":"https:\/\/apen-informatica.onlinevalles.club\/ca\/software-de-gestio-a3erp\/moduls-de-gestio-a3erp\/iepnr\/"},"modified":"2023-03-01T15:35:31","modified_gmt":"2023-03-01T15:35:31","slug":"iepnr","status":"publish","type":"page","link":"https:\/\/apen-informatica.onlinevalles.club\/ca\/software-de-gestio-a3erp\/moduls-de-gestio-a3erp\/iepnr\/","title":{"rendered":"IEPNR. Software pensat per la teva empresa"},"content":{"rendered":"<p>[vc_row bg_style=&#8221;img_parallax&#8221; css=&#8221;.vc_custom_1673952823007{background-image: url(https:\/\/apen-informatica.onlinevalles.club\/wp-content\/uploads\/2023\/01\/iepnr-paralax.jpg?id=36608) !important;background-position: center !important;background-repeat: no-repeat !important;background-size: cover !important;}&#8221;][vc_column offset=&#8221;vc_hidden-xs&#8221;][vc_empty_space height=&#8221;115px&#8221;][vc_row_inner][vc_column_inner width=&#8221;1\/2&#8243;][\/vc_column_inner][vc_column_inner el_class=&#8221;backgrounderp&#8221; width=&#8221;1\/2&#8243;][vc_single_image image=&#8221;36610&#8243; img_size=&#8221;full&#8221; style=&#8221;vc_box_rounded&#8221; css_animation=&#8221;none&#8221; css=&#8221;.vc_custom_1673953018007{margin-left: -18px !important;}&#8221;][vc_empty_space height=&#8221;8&#8243;][vc_column_text el_class=&#8221;titol3&#8243;]<\/p>\n<h3>Software totalment integrat amb a3ERP per gestionar m\u00e9s<br \/>\nf\u00e0cilment el nou impost envasos de pl\u00e0stic no reutilitzable<\/h3>\n<h3><\/h3>\n<p>[\/vc_column_text][vc_empty_space height=&#8221;20px&#8221;][vc_btn title=&#8221;Et contactem&#8221; align=&#8221;left&#8221; button_bg_color=&#8221;#750133&#8243; el_class=&#8221;contactbuton&#8221; link=&#8221;url:%23descargar-demo&#8221;][vc_single_image image=&#8221;38055&#8243; img_size=&#8221;full&#8221; alignment=&#8221;right&#8221; style=&#8221;vc_box_rounded&#8221; onclick=&#8221;custom_link&#8221; css_animation=&#8221;none&#8221; link=&#8221;https:\/\/apen-informatica.onlinevalles.club\/silicie\/#descargar-demo&#8221; el_class=&#8221;iconolila&#8221;][vc_empty_space height=&#8221;15&#8243;][\/vc_column_inner][\/vc_row_inner][vc_empty_space height=&#8221;115px&#8221;][\/vc_column][\/vc_row][vc_row bg_style=&#8221;img_parallax&#8221; css=&#8221;.vc_custom_1673952836303{background-image: url(https:\/\/apen-informatica.onlinevalles.club\/wp-content\/uploads\/2023\/01\/iepnr-paralax.jpg?id=36608) !important;background-position: center !important;background-repeat: no-repeat !important;background-size: cover !important;}&#8221;][vc_column offset=&#8221;vc_hidden-lg vc_hidden-md vc_hidden-sm&#8221;][vc_empty_space height=&#8221;60&#8243;][vc_row_inner css=&#8221;.vc_custom_1591890436524{background-color: rgba(185,0,92,0.8) !important;*background-color: rgb(185,0,92) !important;}&#8221;][vc_column_inner][vc_single_image image=&#8221;36610&#8243; img_size=&#8221;full&#8221; style=&#8221;vc_box_rounded&#8221; css_animation=&#8221;none&#8221; css=&#8221;.vc_custom_1673953047983{margin-left: -18px !important;}&#8221;][vc_empty_space height=&#8221;8&#8243;][vc_column_text el_class=&#8221;titol3&#8243;]<\/p>\n<h3>Software totalment integrat amb a3ERP per gestionar m\u00e9s f\u00e0cilment el nou impost envasos de pl\u00e0stic no reutilitzable<\/h3>\n<h3><\/h3>\n<p>[\/vc_column_text][vc_empty_space height=&#8221;40px&#8221;][vc_btn title=&#8221;Et contactem&#8221; align=&#8221;left&#8221; button_bg_color=&#8221;rgba(117,1,51,0.8)&#8221; el_class=&#8221;contactbuton&#8221; link=&#8221;url:%23descargar-demo&#8221;][vc_empty_space height=&#8221;20&#8243;][vc_single_image image=&#8221;38055&#8243; img_size=&#8221;full&#8221; style=&#8221;vc_box_rounded&#8221; onclick=&#8221;custom_link&#8221; css_animation=&#8221;none&#8221; link=&#8221;https:\/\/apen-informatica.onlinevalles.club\/iepnr\/#descargar-demo&#8221;][vc_empty_space height=&#8221;20&#8243;][\/vc_column_inner][\/vc_row_inner][vc_empty_space height=&#8221;60&#8243;][\/vc_column][\/vc_row][vc_row][vc_column][vc_empty_space height=&#8221;80px&#8221;][vc_column_text]<\/p>\n<h2 style=\"text-align: center; font-size: 28px;\"><strong>LA MILLOR EINA PER GESTIONAR D&#8217;UNA MANERA AUTOMATITZADA LES NOVES DECLARACIONS D&#8217;IEPNR D&#8217;OBLIGAT COMPLIMENT<\/strong><\/h2>\n<p>[\/vc_column_text][vc_empty_space height=&#8221;50px&#8221;][\/vc_column][\/vc_row][vc_row][vc_column][vc_row_inner][vc_column_inner width=&#8221;1\/3&#8243;][vc_icon icon_fontawesome=&#8221;fa fa-check-square-o&#8221; color=&#8221;black&#8221; size=&#8221;xl&#8221; align=&#8221;center&#8221;][vc_column_text el_class=&#8221;separacion&#8221;]<\/p>\n<h2 style=\"text-align: center; color: #b9005c; font-size: 32px;\"><strong>Molt f\u00e0cil<\/strong><\/h2>\n<p>[\/vc_column_text][vc_empty_space height=&#8221;10&#8243;][vc_column_text]<\/p>\n<p style=\"text-align: center;\">El proc\u00e9s de gesti\u00f3 \u00e9s molt senzill i transparent gr\u00e0cies a una <strong>interfaz <\/strong>del programa<strong> molt intu\u00eftiva<\/strong> i de gran facilitat d\u00fas.<\/p>\n<p>[\/vc_column_text][vc_empty_space height=&#8221;30&#8243;][\/vc_column_inner][vc_column_inner width=&#8221;1\/3&#8243;][vc_icon icon_fontawesome=&#8221;fa fa-lock&#8221; color=&#8221;black&#8221; size=&#8221;xl&#8221; align=&#8221;center&#8221;][vc_column_text el_class=&#8221;separacion&#8221;]<\/p>\n<h2 style=\"text-align: center; color: #b9005c; font-size: 32px;\"><strong>M\u00e9s seguretat<br \/>\n<\/strong><\/h2>\n<p>[\/vc_column_text][vc_empty_space height=&#8221;10&#8243;][vc_column_text]<\/p>\n<p style=\"text-align: center;\"><strong>Webservice<\/strong> de l&#8217;Ag\u00e8ncia Tribut\u00e0ria obliga a utilitzar el certificat digital del client, cosa que o<strong>fereix una gran seguretat<\/strong> en l&#8217;enviament de les declaracions.<\/p>\n<p>[\/vc_column_text][vc_empty_space height=&#8221;30&#8243;][\/vc_column_inner][vc_column_inner width=&#8221;1\/3&#8243;][vc_icon icon_fontawesome=&#8221;fa fa-thumbs-o-up&#8221; color=&#8221;black&#8221; size=&#8221;xl&#8221; align=&#8221;center&#8221;][vc_column_text el_class=&#8221;separacion&#8221;]<\/p>\n<h2 style=\"text-align: center; color: #b9005c; font-size: 32px;\"><strong>Millora els processos<br \/>\n<\/strong><\/h2>\n<p>[\/vc_column_text][vc_empty_space height=&#8221;10&#8243;][vc_column_text]<\/p>\n<p style=\"text-align: center;\"><span class=\"txt\"><strong>Integraci\u00f3 total<\/strong> al men\u00fa i l&#8217;estructura d&#8217;<strong>a3ERP<\/strong>, incloent les declaracions a les c\u00f2pies de seguretat que es facin de la seva base de dades.<\/span><\/p>\n<p>[\/vc_column_text][vc_empty_space height=&#8221;30&#8243;][\/vc_column_inner][\/vc_row_inner][vc_empty_space height=&#8221;20&#8243;][\/vc_column][\/vc_row][vc_row overlay_background=&#8221;#b9005c&#8221;][vc_column][vc_empty_space height=&#8221;30&#8243;][vc_column_text]<\/p>\n<h2 style=\"text-align: center; font-size: 28px;\"><span style=\"color: #ffffff;\">DIRIGIT A TOTES AQUELLES EMPRESES QUE FABRIQUEN, ADQUIREIXEN DE MANERA INTRACOMUNIT\u00c0RIA O TINEN\u00c7A SENSE ACREDITACI\u00d3 DE PROCED\u00c8NCIA (ADQUIRIT O IMPORTAT EN TERRITORI ESPANYOL) D&#8217;ENVASOS DE PL\u00c0STIC<\/span><\/h2>\n<p>[\/vc_column_text][vc_empty_space height=&#8221;30&#8243;][\/vc_column][\/vc_row][vc_row content_full_width=&#8221;1&#8243; overlay_background=&#8221;#eeeeee&#8221;][vc_column overlay_background=&#8221;#eeeeee&#8221;][vc_empty_space height=&#8221;80&#8243; css=&#8221;.vc_custom_1675241806732{background-color: #eeeeee !important;}&#8221;][\/vc_column][\/vc_row][vc_row overlay_background=&#8221;#eeeeee&#8221;][vc_column center_content=&#8221;true&#8221; offset=&#8221;vc_hidden-xs&#8221;][vc_raw_html]JTNDZGl2JTIwY2xhc3MlM0QlMjJjYWphZGV2aWRlbyUyMiUzRSUwQSUzQ2RpdiUyMGNsYXNzJTNEJTIydmlkZW8lMjIlM0UlM0NpZnJhbWUlMjB3aWR0aCUzRCUyMjk2MCUyMiUyMGhlaWdodCUzRCUyMjU1MCUyMiUyMHNyYyUzRCUyMmh0dHBzJTNBJTJGJTJGd3d3LnlvdXR1YmUuY29tJTJGZW1iZWQlMkZxU3RiTW5mcm5FYyUyMiUyMGZyYW1lYm9yZGVyJTNEJTIyMCUyMiUyMGFsbG93ZnVsbHNjcmVlbiUzRSUzQyUyRmlmcmFtZSUzRSUwQSUzQyUyRmRpdiUzRSUwQSUzQyUyRmRpdiUzRQ==[\/vc_raw_html][\/vc_column][\/vc_row][vc_row overlay_background=&#8221;#eeeeee&#8221;][vc_column center_content=&#8221;true&#8221; offset=&#8221;vc_hidden-lg vc_hidden-md vc_hidden-sm&#8221;][vc_raw_html]JTNDZGl2JTIwY2xhc3MlM0QlMjJjYWphZGV2aWRlbyUyMiUzRSUwQSUzQ2RpdiUyMGNsYXNzJTNEJTIydmlkZW8lMjIlM0UlM0NpZnJhbWUlMjB3aWR0aCUzRCUyMjMwMiUyMiUyMGhlaWdodCUzRCUyMjE4MyUyMiUyMHNyYyUzRCUyMmh0dHBzJTNBJTJGJTJGd3d3LnlvdXR1YmUuY29tJTJGZW1iZWQlMkZxU3RiTW5mcm5FYyUyMiUyMGZyYW1lYm9yZGVyJTNEJTIyMCUyMiUyMGFsbG93ZnVsbHNjcmVlbiUzRSUzQyUyRmlmcmFtZSUzRSUwQSUzQyUyRmRpdiUzRSUwQSUzQyUyRmRpdiUzRQ==[\/vc_raw_html][\/vc_column][\/vc_row][vc_row content_full_width=&#8221;1&#8243; overlay_background=&#8221;#eeeeee&#8221;][vc_column overlay_background=&#8221;#eeeeee&#8221;][vc_column_text]<\/p>\n<h2 style=\"text-align: center; font-size: 28px;\"><strong>DECLARA, CORREGEIX I ANULA TOTES LES OPERACIONS RELACIONADES AMB ELS ENVASOS DE PL\u00c0STIC<\/strong><\/h2>\n<p>[\/vc_column_text][vc_empty_space height=&#8221;12px&#8221; css=&#8221;.vc_custom_1523453576511{background-color: #eeeeee !important;}&#8221;][\/vc_column][\/vc_row][vc_row overlay_background=&#8221;#eeeeee&#8221;][vc_column overlay_background=&#8221;#eeeeee&#8221;][vc_column_text css=&#8221;.vc_custom_1674033204330{background-color: #eeeeee !important;}&#8221;]<\/p>\n<p style=\"text-align: center;\">Des de l&#8217;1 de gener de 2023 es declarar\u00e0 la quantitat (Kgs) de pl\u00e0stic no reciclat continguda als productes que formen part del conjunt objectiu de l&#8217;impost, pagant 0,45\u20ac per cada Kg de pl\u00e0stic no reciclable contingut en la transacci\u00f3.<\/p>\n<p>[\/vc_column_text][vc_empty_space height=&#8221;12px&#8221; css=&#8221;.vc_custom_1523453576511{background-color: #eeeeee !important;}&#8221;][\/vc_column][\/vc_row][vc_row full_height=&#8221;yes&#8221; content_full_width=&#8221;1&#8243; overlay_background=&#8221;#eeeeee&#8221;][vc_column offset=&#8221;vc_hidden-lg vc_hidden-md vc_hidden-sm vc_hidden-xs&#8221;][vc_single_image image=&#8221;17544&#8243; img_size=&#8221;full&#8221; alignment=&#8221;center&#8221;][\/vc_column][\/vc_row][vc_row full_height=&#8221;yes&#8221; content_full_width=&#8221;1&#8243; overlay_background=&#8221;#eeeeee&#8221;][vc_column offset=&#8221;vc_hidden-lg vc_hidden-md vc_hidden-sm vc_hidden-xs&#8221;][vc_single_image image=&#8221;17548&#8243; img_size=&#8221;full&#8221; alignment=&#8221;center&#8221;][\/vc_column][\/vc_row][vc_row content_full_width=&#8221;1&#8243; overlay_background=&#8221;#eeeeee&#8221;][vc_column overlay_background=&#8221;#eeeeee&#8221;][vc_empty_space css=&#8221;.vc_custom_1523453915547{background-color: #eeeeee !important;}&#8221;][\/vc_column][\/vc_row][vc_row content_placement=&#8221;middle&#8221; content_full_width=&#8221;1&#8243; overlay_background=&#8221;#eeeeee&#8221;][vc_column center_content=&#8221;true&#8221; content_vertical_center=&#8221;true&#8221;][vc_btn title=&#8221;Descarregar fitxa d&#8217;IEPNR&#8221; align=&#8221;center&#8221; button_block=&#8221;true&#8221; button_width=&#8221;300px&#8221; button_bg_color=&#8221;#b9005c&#8221; button_text_color=&#8221;#ffffff&#8221; link=&#8221;url:https%3A%2F%2Fapen-informatica.onlinevalles.club%2Fwp-content%2Fuploads%2F2023%2F01%2FFitxa-IEPNR-2023.pdf|target:_blank&#8221;][\/vc_column][\/vc_row][vc_row content_full_width=&#8221;1&#8243; overlay_background=&#8221;#eeeeee&#8221;][vc_column overlay_background=&#8221;#eeeeee&#8221;][vc_empty_space height=&#8221;80px&#8221; css=&#8221;.vc_custom_1523615362092{background-color: #eeeeee !important;}&#8221;][\/vc_column][\/vc_row][vc_row content_full_width=&#8221;1&#8243; el_class=&#8221;imatge-text&#8221;][vc_column width=&#8221;1\/12&#8243;][\/vc_column][vc_column width=&#8221;5\/12&#8243; center_content=&#8221;true&#8221; content_vertical_center=&#8221;true&#8221; background_position_custom=&#8221;100%&#8221; offset=&#8221;vc_col-lg-3 vc_col-md-12 vc_col-xs-12&#8243;][vc_empty_space height=&#8221;140&#8243;][vc_column_text]<\/p>\n<h2 style=\"color: #b9005c; font-size: 28px;\"><strong>GENERA, ENVIA I<\/strong><\/h2>\n<h2 style=\"color: #b9005c; font-size: 28px;\"><strong>CORREGEIX DECLARACIONS<\/strong><\/h2>\n<h2 style=\"color: #b9005c; font-size: 28px;\"><strong>VIA WEBSERVICE AEAT<\/strong><\/h2>\n<p>[\/vc_column_text][vc_empty_space height=&#8221;15px&#8221;][vc_column_text]<\/p>\n<p style=\"text-align: center;\">Ens permet generar declaracions per a fabricants i\/o adquirients <strong>informant dels possibles errors<\/strong> estructurals abans de ser enviats a AEAT.<\/p>\n<p style=\"text-align: center;\">A trav\u00e9s d&#8217;una connexi\u00f3 d&#8217;internet <strong>el software es connecta directament al servei web de l&#8217;Ag\u00e8ncia Tribut\u00e0ria<\/strong> i envia la declaraci\u00f3 completa amb tots els seients. Tamb\u00e9 permet anul\u00b7lacions i modificacions de seients declarats i inclou seients d&#8217;exist\u00e8ncies inicials per a cada declaraci\u00f3 de fabricant.<\/p>\n<p style=\"text-align: center;\">Un cop generada la declaraci\u00f3 podem <strong>consultar<\/strong> per pantalla el detall de la mateixa, aix\u00ed com <strong>obtenir<\/strong> el resum per al <strong>model 592<\/strong>.<\/p>\n<p>[\/vc_column_text][vc_empty_space height=&#8221;80px&#8221;][\/vc_column][vc_column width=&#8221;1\/12&#8243;][\/vc_column][vc_column width=&#8221;5\/12&#8243;][vc_empty_space height=&#8221;160&#8243;][vc_gallery type=&#8221;flexslider_slide&#8221; interval=&#8221;3&#8243; images=&#8221;36633,36634,36632&#8243; img_size=&#8221;full&#8221;][\/vc_column][vc_column width=&#8221;1\/12&#8243;][\/vc_column][\/vc_row][vc_row content_full_width=&#8221;1&#8243; overlay_background=&#8221;#eeeeee&#8221; el_class=&#8221;imatge-text&#8221;][vc_column width=&#8221;1\/12&#8243;][\/vc_column][vc_column width=&#8221;5\/12&#8243; offset=&#8221;vc_hidden-xs&#8221;][vc_empty_space height=&#8221;125px&#8221;][vc_gallery type=&#8221;flexslider_slide&#8221; interval=&#8221;3&#8243; images=&#8221;36636&#8243; img_size=&#8221;full&#8221;][\/vc_column][vc_column width=&#8221;1\/12&#8243;][\/vc_column][vc_column width=&#8221;5\/12&#8243; center_content=&#8221;true&#8221; content_vertical_center=&#8221;true&#8221; background_position_custom=&#8221;100%&#8221; offset=&#8221;vc_col-lg-3 vc_col-md-12 vc_col-xs-12&#8243;][vc_empty_space height=&#8221;180&#8243;][vc_column_text]<\/p>\n<h2 style=\"color: #b9005c; font-size: 28px;\"><strong>REPERCUTEIX I CERTIFICA<\/strong><\/h2>\n<h2 style=\"color: #b9005c; font-size: 28px;\"><strong>IEPNR A LES TEVES VENDES<\/strong><\/h2>\n<p>[\/vc_column_text][vc_empty_space height=&#8221;15px&#8221;][vc_column_text]<\/p>\n<p style=\"text-align: center;\">Aquest m\u00f2dul afegeix la <strong>capacitat a l&#8217;a3ERP<\/strong> de repercutir l&#8217;impost al client, incloent als documents de venda el corresponent impost per als clients activats.<br \/>\nTamb\u00e9 ens d\u00f3na la possibilitat de la <strong>impressi\u00f3 del certificat<\/strong> de l&#8217;impost per cada factura emesa.<\/p>\n<p>[\/vc_column_text][vc_empty_space height=&#8221;80px&#8221;][\/vc_column][vc_column width=&#8221;1\/12&#8243;][\/vc_column][\/vc_row][vc_row overlay_background=&#8221;#&#8221;][vc_column][vc_empty_space height=&#8221;80px&#8221;][vc_column_text]<\/p>\n<h1 style=\"text-align: center; font-size: 28px;\"><strong>CALCULAR IMPOST AL PL\u00c0STIC NO REUTILIZABLE<\/strong><\/h1>\n<p>[\/vc_column_text][\/vc_column][\/vc_row][vc_row][vc_column][vc_empty_space height=&#8221;50&#8243;][vc_column_text]El nou <strong>impost al pl\u00e0stic<\/strong> no reutilitzable grava aquells productes que continguin aquest material, independentment del seu \u00fas. Fabricants i importadors hauran de, des del passat 1 de gener, repercutir aquest impost a les seves factures de compra i venda per posteriorment realitzar la corresponent declaraci\u00f3.<\/p>\n<p>Tot aix\u00f2 implica que, a m\u00e9s de les conseq\u00fc\u00e8ncies econ\u00f2miques que genera el nou gravamen sobre els productes, les empreses hagin de fer una gesti\u00f3 addicional per al c\u00e0lcul de l&#8217;import de l&#8217;impost, la tramitaci\u00f3 i la presentaci\u00f3 corresponent a l&#8217;AEAT. Tot aix\u00f2 tamb\u00e9 suposar\u00e0 un sobrecost a nivell administratiu i organitzatiu per a l&#8217;empresa en haver de fer tots aquests tr\u00e0mits.<\/p>\n<p>&nbsp;<\/p>\n<p>L&#8217;<strong>impost al pl\u00e0stic<\/strong> no reutilitzable es calcula imputant 0,45\u20ac per cada kg de pl\u00e0stic no reutilitzable que continguin els productes objecte del nou gravamen. No obstant aix\u00f2, aquest c\u00e0lcul i la seva gesti\u00f3 encara \u00e9s desconegut per a moltes empreses.<\/p>\n<p>Per simplificar la gesti\u00f3 administrativa i comptable que aix\u00f2 suposa, des d&#8217;Apen hem desenvolupat un nou programari, integrat amb A3ERP, que permet fer tota la gesti\u00f3 permetent controlar totes les declaracions d&#8217;una manera m\u00e9s senzilla, automatitzada i \u00e0gil per a l&#8217;empresa. Aix\u00f2 passa gr\u00e0cies a la connexi\u00f3 directa de la nova eina amb el servei web que l&#8217;Ag\u00e8ncia Tribut\u00e0ria ha habilitat amb aquesta finalitat.<\/p>\n<p>Tenint en compte la periodicitat amb qu\u00e8 cada empresa presenti la seva declaraci\u00f3 d&#8217;IVA, el nou programari d&#8217;Apen permet generar les corresponents declaracions de l&#8217;<strong>impost al pl\u00e0stic no reutilitzable<\/strong>, ja siguin de tipus fabricant o adquirient, mitjan\u00e7ant la realitzaci\u00f3 d&#8217;un seient comptable generat per cada l\u00ednia de document (tant si es tracta d&#8217;albarans com de factures de compra o venda).<\/p>\n<p>&nbsp;<\/p>\n<p>El programari de c\u00e0lcul i presentaci\u00f3 de l<strong>&#8216;impost al pl\u00e0stic<\/strong> no reutilitzable arriba per agilitzar tot all\u00f2 relatiu a la seva gesti\u00f3, i es posiciona com la soluci\u00f3 digitalitzada perfecta per a les empreses que es veuen afectades pel nou tribut. Aquesta eina resulta molt \u00fatil per a un gran nombre d&#8217;usuaris at\u00e8s que l&#8217;impost no afecta \u00fanicament aquelles que pertanyen al sector del pl\u00e0stic, sin\u00f3 que t\u00e9 repercussi\u00f3 per a pr\u00e0cticament qualsevol empresa del sector secundari. Aix\u00f2 \u00e9s degut al fet que \u00fanicament pel fet d&#8217;adquirir mercaderies de qualsevol tipus que vinguin embalades amb pl\u00e0stic no reciclat que suposi m\u00e9s de 5kg al mes, ja es veuen afectades pel tribut.<\/p>\n<p>El programari disposa d&#8217;un sistema amb total independ\u00e8ncia de proc\u00e9s que permet una gesti\u00f3 senzilla, transparent i intu\u00eftiva, a m\u00e9s de segura gr\u00e0cies al certificat digital.<\/p>\n<p>&nbsp;<\/p>\n<p>La implementaci\u00f3 d&#8217;aquesta eina a les empreses es podr\u00e0 fer a trav\u00e9s de connexi\u00f3 remota configurant els elements necessaris per al proc\u00e9s i realitzant un acompanyament personalitzat al client per a la posada en marxa i proves necess\u00e0ries amb AEAT.[\/vc_column_text][vc_empty_space height=&#8221;80&#8243;][\/vc_column][\/vc_row][vc_row content_full_width=&#8221;1&#8243; overlay_background=&#8221;#eeeeee&#8221; css=&#8221;.vc_custom_1592218745315{margin-top: -34px !important;}&#8221; el_id=&#8221;descargar-demo&#8221;][vc_column][vc_empty_space height=&#8221;120&#8243;][vc_column_text]<\/p>\n<h2 style=\"color: #b9005c; font-size: 28px; text-align: center;\"><strong>CONTACTA AMB NOSALTRES PER SABER M\u00c9S SOBRE IEPNR!<\/strong><\/h2>\n<p>[\/vc_column_text][vc_empty_space height=&#8221;12px&#8221;][vc_empty_space][vc_row_inner][vc_column_inner offset=&#8221;vc_hidden-xs&#8221;][vc_single_image image=&#8221;17679&#8243; img_size=&#8221;1587&#215;260&#8243; alignment=&#8221;center&#8221;][\/vc_column_inner][\/vc_row_inner][vc_row_inner][vc_column_inner offset=&#8221;vc_hidden-lg vc_hidden-md vc_hidden-sm&#8221;][vc_single_image image=&#8221;17680&#8243; img_size=&#8221;&#8221; alignment=&#8221;center&#8221;][\/vc_column_inner][\/vc_row_inner][vc_empty_space][vc_column_text]<\/p>\n<h2 style=\"text-align: center; font-size: 28px;\">TRUCA\u2019NS AL 938 606 220 O OMPLE EL FORMULARI DE CONTACTE<\/h2>\n<p>[\/vc_column_text][vc_empty_space height=&#8221;12px&#8221;][vc_column_text]<\/p>\n<h3 style=\"text-align: center;\">\u00c9s important especificar en les observacions que vols rebre m\u00e9s informaci\u00f3 d&#8217;<strong>IEPNR<\/strong><\/h3>\n<p>[\/vc_column_text][vc_empty_space height=&#8221;50px&#8221;][\/vc_column][\/vc_row][vc_row][vc_column css=&#8221;.vc_custom_1591891660286{margin-top: -30px !important;}&#8221;]<p class=\"wpcf7-contact-form-not-found\"><strong>Error:<\/strong> Contact form not found.<\/p>[vc_empty_space height=&#8221;80&#8243;][\/vc_column][\/vc_row][vc_row content_full_width=&#8221;1&#8243;][vc_column][vc_separator][\/vc_column][\/vc_row][vc_row overflow_hidden=&#8221;1&#8243; css=&#8221;.vc_custom_1532019566437{margin-top: -32px !important;padding-top: 80px !important;}&#8221; el_id=&#8221;casos-exito&#8221;][vc_column center_content=&#8221;true&#8221;][vc_column_text]<\/p>\n<h2 style=\"text-align: center; font-family: 'Lato-LightItalic'; font-size: 36px;\">Clients satisfets<\/h2>\n<p>[\/vc_column_text][vc_empty_space height=&#8221;64px&#8221;][cms_special_carousel width_item=&#8221;100&#8243; height_item=&#8221;400&#8243; show_nav=&#8221;1&#8243; show_dots=&#8221;1&#8243; speed=&#8221;500&#8243; timeout=&#8221;5000&#8243; layout_style=&#8221;&#8221; source=&#8221;size:All|order_by:date|post_type:quote|tax_query:55&#8243; cms_template=&#8221;cms_special_carousel&#8211;quote.php&#8221;][vc_btn title=&#8221;+ \u00c8XITS&#8221; shape=&#8221;square&#8221; align=&#8221;center&#8221; button_block=&#8221;true&#8221; button_width=&#8221;170px&#8221; button_text_color=&#8221;#b9005c&#8221; link=&#8221;url:%2Fca%2Fcasos-exit%2Fclients-satisfets-a3erp%2F||&#8221; el_class=&#8221;boto-rosa&#8221;][vc_empty_space height=&#8221;80&#8243;][\/vc_column][\/vc_row]<\/p>\n","protected":false},"excerpt":{"rendered":"<p>[vc_row bg_style=&#8221;img_parallax&#8221; css=&#8221;.vc_custom_1673952823007{background-image: url(https:\/\/apen-informatica.onlinevalles.club\/wp-content\/uploads\/2023\/01\/iepnr-paralax.jpg?id=36608) !important;background-position: center !important;background-repeat: no-repeat !important;background-size: cover !important;}&#8221;][vc_column offset=&#8221;vc_hidden-xs&#8221;][vc_empty_space height=&#8221;115px&#8221;][vc_row_inner][vc_column_inner width=&#8221;1\/2&#8243;][\/vc_column_inner][vc_column_inner el_class=&#8221;backgrounderp&#8221; width=&#8221;1\/2&#8243;][vc_single_image image=&#8221;36610&#8243; img_size=&#8221;full&#8221; style=&#8221;vc_box_rounded&#8221; css_animation=&#8221;none&#8221; css=&#8221;.vc_custom_1673953018007{margin-left: -18px !important;}&#8221;][vc_empty_space height=&#8221;8&#8243;][vc_column_text el_class=&#8221;titol3&#8243;] Software totalment integrat amb a3ERP per gestionar m\u00e9s f\u00e0cilment el nou impost envasos de pl\u00e0stic no reutilitzable [\/vc_column_text][vc_empty_space height=&#8221;20px&#8221;][vc_btn title=&#8221;Et contactem&#8221; align=&#8221;left&#8221; button_bg_color=&#8221;#750133&#8243; el_class=&#8221;contactbuton&#8221; link=&#8221;url:%23descargar-demo&#8221;][vc_single_image image=&#8221;38055&#8243; img_size=&#8221;full&#8221; alignment=&#8221;right&#8221; style=&#8221;vc_box_rounded&#8221; onclick=&#8221;custom_link&#8221; [&hellip;]<\/p>\n","protected":false},"author":4,"featured_media":0,"parent":4134,"menu_order":0,"comment_status":"closed","ping_status":"closed","template":"","meta":{"_acf_changed":false,"footnotes":""},"class_list":["post-36689","page","type-page","status-publish","hentry"],"acf":[],"_links":{"self":[{"href":"https:\/\/apen-informatica.onlinevalles.club\/ca\/wp-json\/wp\/v2\/pages\/36689","targetHints":{"allow":["GET"]}}],"collection":[{"href":"https:\/\/apen-informatica.onlinevalles.club\/ca\/wp-json\/wp\/v2\/pages"}],"about":[{"href":"https:\/\/apen-informatica.onlinevalles.club\/ca\/wp-json\/wp\/v2\/types\/page"}],"author":[{"embeddable":true,"href":"https:\/\/apen-informatica.onlinevalles.club\/ca\/wp-json\/wp\/v2\/users\/4"}],"replies":[{"embeddable":true,"href":"https:\/\/apen-informatica.onlinevalles.club\/ca\/wp-json\/wp\/v2\/comments?post=36689"}],"version-history":[{"count":0,"href":"https:\/\/apen-informatica.onlinevalles.club\/ca\/wp-json\/wp\/v2\/pages\/36689\/revisions"}],"up":[{"embeddable":true,"href":"https:\/\/apen-informatica.onlinevalles.club\/ca\/wp-json\/wp\/v2\/pages\/4134"}],"wp:attachment":[{"href":"https:\/\/apen-informatica.onlinevalles.club\/ca\/wp-json\/wp\/v2\/media?parent=36689"}],"curies":[{"name":"wp","href":"https:\/\/api.w.org\/{rel}","templated":true}]}}