{"id":3713,"date":"2016-05-02T15:42:36","date_gmt":"2016-05-02T15:42:36","guid":{"rendered":"http:\/\/responsive.onlinevalles.es\/ca\/mantenimiento-informatico\/"},"modified":"2022-08-04T09:55:36","modified_gmt":"2022-08-04T09:55:36","slug":"manteniment-informatic","status":"publish","type":"page","link":"https:\/\/apen-informatica.onlinevalles.club\/ca\/manteniment-informatic\/","title":{"rendered":"Manteniment informatic"},"content":{"rendered":"<p>[vc_row bg_style=&#8221;img_parallax&#8221; css=&#8221;.vc_custom_1508231072215{background-image: url(https:\/\/apen-informatica.onlinevalles.club\/wp-content\/uploads\/2017\/09\/manteniment-paralax.png?id=7306) !important;background-position: center !important;background-repeat: no-repeat !important;background-size: cover !important;}&#8221;][vc_column][vc_empty_space height=&#8221;100px&#8221;][vc_row_inner][vc_column_inner width=&#8221;1\/2&#8243;][\/vc_column_inner][vc_column_inner el_class=&#8221;backgrounderp4&#8243; width=&#8221;1\/2&#8243;][vc_column_text el_class=&#8221;titol1&#8243;]<\/p>\n<h1 style=\"font-size: 37px;\">MANTENIMENT INFORM\u00c0TIC<\/h1>\n<p>[\/vc_column_text][vc_column_text el_class=&#8221;titol2&#8243;]<\/p>\n<h2><strong>Serveis de manteniment que s\u2019adapten a les necessitats de la teva empresa<\/strong><\/h2>\n<p>[\/vc_column_text][vc_empty_space height=&#8221;10px&#8221;][vc_column_text el_class=&#8221;titol3&#8243;]<\/p>\n<h3>M\u00e9s de 25 anys d\u2019experi\u00e8ncia en el sector i 300 clients ens avalen.<\/h3>\n<p>[\/vc_column_text][vc_empty_space height=&#8221;20px&#8221;][vc_btn title=&#8221;Et contactem&#8221; align=&#8221;left&#8221; button_bg_color=&#8221;#4a84bf&#8221; el_class=&#8221;contactbuton3&#8243; link=&#8221;url:%23descargar-demo|||&#8221;][\/vc_column_inner][\/vc_row_inner][vc_empty_space height=&#8221;100px&#8221;][\/vc_column][\/vc_row][vc_row][vc_column][vc_empty_space height=&#8221;50px&#8221;][vc_column_text]<\/p>\n<h3 style=\"text-align: center;\">El servei de manteniment que oferim a APEN posa a disposici\u00f3 de tots els nostres clients un servei de qualitat, adaptat a les necessitats de cada empresa segons els seus requeriments, de la m\u00e0 dels millors t\u00e8cnics professionals amb els quals guanyar en prevenci\u00f3 de riscos i fiabilitat garantida .<\/h3>\n<p>[\/vc_column_text][vc_empty_space][\/vc_column][\/vc_row][vc_row][vc_column width=&#8221;1\/2&#8243;][vc_column_text]<\/p>\n<p style=\"text-align: justify;\">No sempre podem encarregar-nos del manteniment dels nostres equips inform\u00e0tics, si b\u00e9 aquests s\u00ed que reclamen la nostra atenci\u00f3 m\u00e9s comunament del que desitjar\u00edem. La manca dels coneixements i experi\u00e8ncia necessaris, aix\u00ed com haver de preocupar-nos per altres prioritats que afecten al nostre treball, poden no permetre&#8217;ns estar atents a aquests petits desajustos, o problemes de major abast, que es succeeixen quan menys convenen i que poden entorpir, greument, el desenvolupament empresarial de la nostra companyia.<\/p>\n<p>[\/vc_column_text][\/vc_column][vc_column width=&#8221;1\/2&#8243;][vc_column_text]<\/p>\n<p style=\"text-align: justify;\">Gaudir d&#8217;un servei en manteniment \u00e9s un recurs intel\u00b7ligent i una inversi\u00f3 de futur que us permetr\u00e0 despreocupar-vos completament d&#8217;aquesta responsabilitat. Amb la intervenci\u00f3 i suport dels nostres t\u00e8cnics, comptareu amb un servei de qualitat que t\u00e9 la capacitat d&#8217;adaptar a les necessitats i exig\u00e8ncies espec\u00edfiques que cada empresa pugui requerir, gr\u00e0cies a les tres modalitats que posem a la vostra disposici\u00f3 (manteniment Base, manteniment Outsourcing i manteniment Premium SPC) i que poden readaptar-se.<\/p>\n<p>[\/vc_column_text][\/vc_column][vc_column][vc_empty_space height=&#8221;80px&#8221;][\/vc_column][\/vc_row][vc_row bg_style=&#8221;img_parallax&#8221; css=&#8221;.vc_custom_1501694522286{background-image: url(https:\/\/apen-informatica.onlinevalles.club\/wp-content\/uploads\/2016\/05\/MANTENIMIENTO-INFORMACITOC.jpg?id=1362) !important;background-position: center !important;background-repeat: no-repeat !important;background-size: cover !important;}&#8221; el_id=&#8221;tarifa-plana&#8221;][vc_column][vc_empty_space height=&#8221;80px&#8221;][vc_column_text]<\/p>\n<h2 style=\"text-align: center; font-family: 'Lato-LightItalic'; font-size: 36px;\">Ja saps quin manteniment \u00e9s el millor per a la teva empresa?<\/h2>\n<p>[\/vc_column_text][vc_empty_space height=&#8221;48px&#8221;][vc_row_inner equal_height=&#8221;yes&#8221; gap=&#8221;10&#8243;][vc_column_inner width=&#8221;1\/3&#8243; css=&#8221;.vc_custom_1463050534897{background-color: rgba(255,255,255,0.8) !important;}&#8221;][vc_empty_space height=&#8221;16px&#8221;][vc_single_image image=&#8221;2073&#8243; img_size=&#8221;full&#8221; alignment=&#8221;center&#8221;][vc_empty_space height=&#8221;24px&#8221;][vc_column_text]<\/p>\n<h3 style=\"text-align: center;\"><span style=\"color: #70c6e7;\">MANTENIMENT <\/span><\/h3>\n<h3 style=\"text-align: center;\"><span style=\"color: #70c6e7;\">BASE<\/span><\/h3>\n<p>[\/vc_column_text][vc_empty_space height=&#8221;16px&#8221;][vc_column_text css=&#8221;.vc_custom_1467028934532{padding-right: 25px !important;padding-left: 25px !important;}&#8221;]<\/p>\n<p style=\"text-align: center; min-height: 192px;\">Ofereix un Manteniment Essencial per a les empreses complementat amb serveis a preus avantatjosos.<\/p>\n<p>[\/vc_column_text][vc_btn title=&#8221;+ llegir m\u00e9s&#8221; align=&#8221;center&#8221; button_block=&#8221;true&#8221; button_width=&#8221;100%&#8221; button_text_color=&#8221;#70c6e7&#8243; el_class=&#8221;leer-mas-interior&#8221; link=&#8221;url:%2Fca%2Fmanteniment-informatic%2Fmanteniment-base%2F||&#8221;][vc_empty_space][\/vc_column_inner][vc_column_inner width=&#8221;1\/3&#8243; css=&#8221;.vc_custom_1463050517198{background-color: rgba(255,255,255,0.8)!important;}&#8221;][vc_empty_space height=&#8221;16px&#8221;][vc_single_image image=&#8221;2074&#8243; img_size=&#8221;full&#8221; alignment=&#8221;center&#8221;][vc_empty_space height=&#8221;24px&#8221;][vc_column_text]<\/p>\n<h3 style=\"text-align: center;\"><span style=\"color: #70c6e7;\">MANTENIMENT <\/span><\/h3>\n<h3 style=\"text-align: center;\"><span style=\"color: #70c6e7;\">OUTSOURCING<\/span><\/h3>\n<p>[\/vc_column_text][vc_empty_space height=&#8221;16px&#8221;][vc_column_text css=&#8221;.vc_custom_1467028962121{padding-right: 25px !important;padding-left: 25px !important;}&#8221;]<\/p>\n<p style=\"text-align: center; min-height: 192px;\">Posa a l&#8217;abast dels Nostres clients personal altament qualificat, sense necessitat de seleccionar, formar o contractar.<\/p>\n<p>[\/vc_column_text][vc_btn title=&#8221;+ llegir m\u00e9s&#8221; align=&#8221;center&#8221; button_block=&#8221;true&#8221; button_width=&#8221;100%&#8221; button_text_color=&#8221;#70c6e7&#8243; el_class=&#8221;leer-mas-interior&#8221; link=&#8221;url:%2Fca%2Fmanteniment-informatic%2Fmanteniment-outsourcing%2F||&#8221;][vc_empty_space][\/vc_column_inner][vc_column_inner width=&#8221;1\/3&#8243; css=&#8221;.vc_custom_1462204082985{background-color: rgba(255,255,255,0.8)!important;}&#8221;][vc_empty_space height=&#8221;16px&#8221;][vc_single_image image=&#8221;2075&#8243; img_size=&#8221;full&#8221; alignment=&#8221;center&#8221;][vc_empty_space height=&#8221;24px&#8221;][vc_column_text]<\/p>\n<h3 style=\"text-align: center;\"><span style=\"color: #70c6e7;\">MANTENIMENT PREMIUM <\/span><\/h3>\n<h3 style=\"text-align: center;\"><span style=\"color: #70c6e7;\">SPC (Suport-Prevenci\u00f3-Correctiu)<\/span><\/h3>\n<p>[\/vc_column_text][vc_empty_space height=&#8221;16px&#8221;][vc_column_text css=&#8221;.vc_custom_1468587288448{padding-right: 25px !important;padding-left: 25px !important;}&#8221;]<\/p>\n<p style=\"text-align: center; min-height: 192px;\">Ofereix un Manteniment de qualitat als elements IT de les empreses, basat en la monitoritzaci\u00f3 dels sistemes, en la prevenci\u00f3 i en la nostra experi\u00e8ncia, per reduir riscs i despeses, i guanyar en Servei.<\/p>\n<p>[\/vc_column_text][vc_btn title=&#8221;+ llegir m\u00e9s&#8221; align=&#8221;center&#8221; button_block=&#8221;true&#8221; button_width=&#8221;100%&#8221; button_text_color=&#8221;#70c6e7&#8243; el_class=&#8221;leer-mas-interior&#8221; link=&#8221;url:%2Fca%2Fmanteniment-informatic%2Fmanteniment-premium%2F||&#8221;][vc_empty_space][\/vc_column_inner][\/vc_row_inner][vc_empty_space height=&#8221;80px&#8221;][\/vc_column][\/vc_row][vc_row][vc_column][vc_empty_space height=&#8221;64px&#8221;][vc_column_text]<\/p>\n<h2 style=\"text-align: center; font-family: 'Lato-LightItalic'; font-size: 36px;\">Un manteniment segur i assequible<\/h2>\n<p>[\/vc_column_text][vc_empty_space][\/vc_column][\/vc_row][vc_row][vc_column][vc_column_text]<\/p>\n<p style=\"text-align: center;\">Amb aquest servei de manteniment gaudireu d&#8217;un sistema segur i assequible per a empreses que busquin experts aliens a la seva companyia, per\u00f2 capacitats i grans entesos del medi, amb un personal t\u00e8cnic altament qualificat, sense necessitat de seleccionar, formar o contractar, que els ofereixin tot el que busquen per assegurar el bon funcionament de la seva organitzaci\u00f3.<\/p>\n<p>[\/vc_column_text][vc_empty_space][vc_column_text]<\/p>\n<p style=\"text-align: center;\">Tots els avantatges que pugueu imaginar amb aquest servei de manteniment adaptat a tot el que necessiteu, de mans d&#8217;una empresa especialitzada, avalada per la qualitat i professionalitat de tots els que formem Apen, despr\u00e9s de 25 anys de traject\u00f2ria a les nostres esquenes, responent a les demandes del nostre p\u00fablic i ajustant-nos a les evolucions que ha sofert el mercat respecte de les necessitats inform\u00e0tiques. Un servei amb el qual, a m\u00e9s, podreu gaudir de la millor tecnologia i d&#8217;equips d&#8217;\u00faltima generaci\u00f3, amb el qual estalviar en els costos de la nostra empresa.<\/p>\n<p>[\/vc_column_text][vc_empty_space height=&#8221;80px&#8221;][\/vc_column][\/vc_row][vc_row content_full_width=&#8221;1&#8243; same_height=&#8221;1&#8243; el_class=&#8221;imatge-text&#8221;][vc_column width=&#8221;1\/4&#8243; center_content=&#8221;true&#8221; content_vertical_center=&#8221;true&#8221; offset=&#8221;vc_col-lg-3 vc_col-md-12 vc_col-xs-12&#8243;][\/vc_column][vc_column width=&#8221;1\/4&#8243; center_content=&#8221;true&#8221; content_vertical_center=&#8221;true&#8221; background_position_custom=&#8221;100%&#8221; offset=&#8221;vc_col-lg-3 vc_col-md-12 vc_col-xs-12&#8243;][vc_empty_space][vc_column_text]<\/p>\n<h2 style=\"text-align: center; font-size: 36px; color: #70c6e7;\">MANTENIMENT ESTABLE DEL TEU SISTEMA INFORM\u00c0TIC<\/h2>\n<p>[\/vc_column_text][vc_empty_space][\/vc_column][vc_column background_position_custom=&#8221;100% 100%&#8221; offset=&#8221;vc_col-lg-6 vc_col-md-12 vc_col-xs-12&#8243; css=&#8221;.vc_custom_1477416967501{background-image: url(https:\/\/apen-informatica.onlinevalles.club\/wp-content\/uploads\/2016\/05\/MANTENIMIENTO-INFORMATICO-BARCELONA-SABADELL-GRANOLLERS.jpg?id=1363) !important;background-position: center !important;background-repeat: no-repeat !important;background-size: cover !important;}&#8221;][vc_empty_space height=&#8221;400px&#8221;][\/vc_column][\/vc_row][vc_row content_full_width=&#8221;1&#8243; overlay_background=&#8221;#70c6e7&#8243; css=&#8221;.vc_custom_1579517715963{margin-top: px !important;}&#8221; el_id=&#8221;descargar-demo&#8221;][vc_column][vc_empty_space][vc_column_text]<\/p>\n<h2 style=\"text-align: center; font-size: 28px;\"><span style=\"color: #ffffff;\">TRUCA&#8217;NS AL <strong>938 606 220<\/strong> O OMPLE EL FORMULARI DE CONTACTE<\/span><\/h2>\n<p>[\/vc_column_text][vc_empty_space height=&#8221;12px&#8221;][vc_column_text]<\/p>\n<h3 style=\"text-align: center;\"><span style=\"color: #ffffff;\">\u00c9s important especificar en les observacions que vols rebre m\u00e9s informaci\u00f3 sobre manteniment inform\u00e0tic<\/span><\/h3>\n<p>[\/vc_column_text][vc_empty_space height=&#8221;50px&#8221;][\/vc_column][\/vc_row][vc_row overlay_background=&#8221;#eeeeee&#8221;][vc_column css=&#8221;.vc_custom_1570437544588{margin-top: -30px !important;}&#8221;]<p class=\"wpcf7-contact-form-not-found\"><strong>Error:<\/strong> Contact form not found.<\/p>[vc_empty_space height=&#8221;80&#8243;][\/vc_column][\/vc_row][vc_row overflow_hidden=&#8221;1&#8243; css=&#8221;.vc_custom_1464173186487{padding-top: 80px !important;padding-bottom: 90px !important;}&#8221; el_id=&#8221;casos-exito&#8221;][vc_column center_content=&#8221;true&#8221;][vc_empty_space height=&#8221;20px&#8221;][vc_column_text]<\/p>\n<h2 style=\"text-align: center; font-family: 'Lato-LightItalic'; font-size: 36px;\">Clients satisfets<\/h2>\n<p>[\/vc_column_text][vc_empty_space height=&#8221;64px&#8221;][cms_special_carousel width_item=&#8221;100&#8243; height_item=&#8221;400&#8243; show_nav=&#8221;1&#8243; show_dots=&#8221;1&#8243; speed=&#8221;500&#8243; timeout=&#8221;5000&#8243; layout_style=&#8221;&#8221; source=&#8221;size:All|order_by:date|post_type:quote|tax_query:56&#8243; cms_template=&#8221;cms_special_carousel&#8211;quote.php&#8221;][vc_btn title=&#8221;+ \u00c8XITS&#8221; shape=&#8221;square&#8221; align=&#8221;center&#8221; button_block=&#8221;true&#8221; button_width=&#8221;170px&#8221; button_text_color=&#8221;#70c6e7&#8243; link=&#8221;url:%2Fca%2Fcasos-exit%2Fclients-satisfets-manteniment-informatic%2F||&#8221; el_class=&#8221;boto-blau&#8221;][\/vc_column][\/vc_row]<\/p>\n","protected":false},"excerpt":{"rendered":"<p>[vc_row bg_style=&#8221;img_parallax&#8221; css=&#8221;.vc_custom_1508231072215{background-image: url(https:\/\/apen-informatica.onlinevalles.club\/wp-content\/uploads\/2017\/09\/manteniment-paralax.png?id=7306) !important;background-position: center !important;background-repeat: no-repeat !important;background-size: cover !important;}&#8221;][vc_column][vc_empty_space height=&#8221;100px&#8221;][vc_row_inner][vc_column_inner width=&#8221;1\/2&#8243;][\/vc_column_inner][vc_column_inner el_class=&#8221;backgrounderp4&#8243; width=&#8221;1\/2&#8243;][vc_column_text el_class=&#8221;titol1&#8243;] MANTENIMENT INFORM\u00c0TIC [\/vc_column_text][vc_column_text el_class=&#8221;titol2&#8243;] Serveis de manteniment que s\u2019adapten a les necessitats de la teva empresa [\/vc_column_text][vc_empty_space height=&#8221;10px&#8221;][vc_column_text el_class=&#8221;titol3&#8243;] M\u00e9s de 25 anys d\u2019experi\u00e8ncia en el sector i 300 clients ens avalen. [\/vc_column_text][vc_empty_space height=&#8221;20px&#8221;][vc_btn title=&#8221;Et contactem&#8221; align=&#8221;left&#8221; button_bg_color=&#8221;#4a84bf&#8221; el_class=&#8221;contactbuton3&#8243; [&hellip;]<\/p>\n","protected":false},"author":4,"featured_media":0,"parent":0,"menu_order":0,"comment_status":"closed","ping_status":"closed","template":"","meta":{"_acf_changed":false,"footnotes":""},"class_list":["post-3713","page","type-page","status-publish","hentry"],"acf":[],"_links":{"self":[{"href":"https:\/\/apen-informatica.onlinevalles.club\/ca\/wp-json\/wp\/v2\/pages\/3713","targetHints":{"allow":["GET"]}}],"collection":[{"href":"https:\/\/apen-informatica.onlinevalles.club\/ca\/wp-json\/wp\/v2\/pages"}],"about":[{"href":"https:\/\/apen-informatica.onlinevalles.club\/ca\/wp-json\/wp\/v2\/types\/page"}],"author":[{"embeddable":true,"href":"https:\/\/apen-informatica.onlinevalles.club\/ca\/wp-json\/wp\/v2\/users\/4"}],"replies":[{"embeddable":true,"href":"https:\/\/apen-informatica.onlinevalles.club\/ca\/wp-json\/wp\/v2\/comments?post=3713"}],"version-history":[{"count":0,"href":"https:\/\/apen-informatica.onlinevalles.club\/ca\/wp-json\/wp\/v2\/pages\/3713\/revisions"}],"wp:attachment":[{"href":"https:\/\/apen-informatica.onlinevalles.club\/ca\/wp-json\/wp\/v2\/media?parent=3713"}],"curies":[{"name":"wp","href":"https:\/\/api.w.org\/{rel}","templated":true}]}}