{"id":4026,"date":"2016-06-27T07:46:49","date_gmt":"2016-06-27T07:46:49","guid":{"rendered":"http:\/\/responsive.onlinevalles.es\/ca\/?page_id=4026"},"modified":"2022-08-04T09:03:14","modified_gmt":"2022-08-04T09:03:14","slug":"solucions-de-sistemes-i-cloud","status":"publish","type":"page","link":"https:\/\/apen-informatica.onlinevalles.club\/ca\/solucions-de-sistemes-i-cloud\/","title":{"rendered":"Solucions de sistemes i cloud"},"content":{"rendered":"<p>[vc_row bg_style=&#8221;img_parallax&#8221; css=&#8221;.vc_custom_1508335317801{background-image: url(https:\/\/apen-informatica.onlinevalles.club\/wp-content\/uploads\/2016\/05\/sistema-y-clou-paralax.png?id=7649) !important;background-position: center !important;background-repeat: no-repeat !important;background-size: cover !important;}&#8221;][vc_column][vc_empty_space height=&#8221;100px&#8221;][vc_row_inner][vc_column_inner width=&#8221;1\/2&#8243;][\/vc_column_inner][vc_column_inner el_class=&#8221;backgrounderp3&#8243; width=&#8221;1\/2&#8243;][vc_column_text el_class=&#8221;titol1&#8243;]<\/p>\n<h1>SOLUCIONS DE SISTEMES I CLOUD<\/h1>\n<p>[\/vc_column_text][vc_column_text el_class=&#8221;titol2&#8243;]<\/p>\n<h2><strong><br \/>\nSolucions de sistemes, tecnologia simple, fiable i assequible<\/strong><\/h2>\n<p>[\/vc_column_text][vc_empty_space height=&#8221;10px&#8221;][vc_column_text el_class=&#8221;titol3&#8243;]<\/p>\n<h3>M\u00e9s de 25 anys d&#8217;experi\u00e8ncia en el sector i un miler de contractes ens avalen.<\/h3>\n<p>[\/vc_column_text][vc_empty_space height=&#8221;20px&#8221;][vc_btn title=&#8221;Et contactem&#8221; align=&#8221;left&#8221; button_bg_color=&#8221;#a14d17&#8243; el_class=&#8221;contactbuton3&#8243; link=&#8221;url:https%3A%2F%2Fapen-informatica.onlinevalles.club%2Fca%2Fcontacte%2F||&#8221;][\/vc_column_inner][\/vc_row_inner][vc_empty_space height=&#8221;100px&#8221;][\/vc_column][\/vc_row][vc_row][vc_column][vc_empty_space][vc_column_text]<\/p>\n<h3 style=\"text-align: center;\">A Apen posem a l\u2019abast dels nostres clients les millors solucions intel\u00b7ligents i serveis Cloud adaptats per a cada empresa. Una \u00e0mplia gama de serveis que permeten gaudir de serveix exclusius, sense necessitat de realitzar grans inversions i amb totes les avantatges dels recursos que els integren.<\/h3>\n<p>[\/vc_column_text][vc_empty_space][vc_column_text]<\/p>\n<p style=\"text-align: center;\">Una nova manera d\u2019estalviar en el manteniment i la gesti\u00f3 dels nostres equips, amb solucions intel\u00b7ligents i el servei Cloud, on podr\u00e0s tenir acc\u00e9s directe a les nostres dades i informaci\u00f3 des de qualsevol punt, en qualsevol moment. Amb una \u00e0mplia varietat de serveis intel\u00b7ligents adaptats a les necessitats de cadascun dels nostres clients, en Apen oferim un servei integral que abra\u00e7a les diferents \u00e0rees de gesti\u00f3 d\u2019una empresa. Amb el nostre servei de servidors tindreu un lloc segur on podreu emmagatzemar i protegir la informaci\u00f3 de la vostra empresa amb total confian\u00e7a, disposareu d\u2019un entorn virtual que us permetr\u00e0 deixar de dependre del hardware, i obtindreu un espai d\u2019emmagatzematge il\u00b7limitat. I, per una major seguretat, Apen disposa d\u2019un servei de c\u00f2pies de seguretat que garanteix la disponibilitat de les dades guardades a qualsevol hora i des de qualsevol lloc, de forma segura, permet recuperar el servidor al complert en cas de p\u00e8rdues accidentals o desastres, de compliment amb la LOPD.<\/p>\n<p>[\/vc_column_text][vc_raw_html]JTNDZGl2JTIwaWQlM0QlMjJTZXJ2aWRvcmVzJTIyJTNFJTNDJTJGZGl2JTNF[\/vc_raw_html][vc_empty_space height=&#8221;80px&#8221;][\/vc_column][\/vc_row][vc_row full_width=&#8221;stretch_row_content_no_spaces&#8221; css=&#8221;.vc_custom_1464783081231{background-color: #343434 !important;}&#8221;][vc_column][vc_empty_space height=&#8221;64px&#8221;][vc_column_text]<\/p>\n<h2 style=\"text-align: center;\"><span style=\"color: #ffffff;\">Servidors<\/span><\/h2>\n<p>[\/vc_column_text][vc_empty_space][vc_column_text]<\/p>\n<h3 style=\"text-align: center;\"><span style=\"color: #ffffff;\">Un lloc segur on emmagatzemar i proteg\u00eds totes les dades i la informaci\u00f3 de la vostra empresa, amb la confian\u00e7a que mereixen des de qualsevol lloc, a qualsevol hora. <\/span><\/h3>\n<p>[\/vc_column_text][vc_empty_space height=&#8221;64px&#8221;][\/vc_column][\/vc_row][vc_row css=&#8221;.vc_custom_1463580705648{background-color: #f8f8f8 !important;background-position: center !important;background-repeat: no-repeat !important;background-size: cover !important;}&#8221;][vc_column width=&#8221;1\/2&#8243;][vc_empty_space height=&#8221;80px&#8221;][vc_single_image image=&#8221;2692&#8243; img_size=&#8221;full&#8221; alignment=&#8221;center&#8221; css_animation=&#8221;left-to-right&#8221;][\/vc_column][vc_column width=&#8221;1\/2&#8243;][vc_empty_space height=&#8221;64px&#8221;][vc_column_text]<span style=\"color: #e55a00; font-size: 20px;\">VIRTUALITZACI\u00d3<\/span><br \/>\nEl millor entorn per a que deixeu de dependre del hardware.<\/p>\n<p><span style=\"color: #e55a00; font-size: 20px;\">EMMAGATZEMATGE <\/span><br \/>\nEspai il\u00b7limitat amb les solucions de cabina i discs en xarxa.<\/p>\n<p><span style=\"color: #e55a00; font-size: 20px;\">ALTA DISPONIBILITAT<\/span><br \/>\nPer als que no es poden permetre aturar-se en el cam\u00ed. Cl\u00faster, r\u00e8plica\u2026<\/p>\n<p><span style=\"color: #e55a00; font-size: 20px;\">DIRECTORI ACTIU<\/span><br \/>\nExperts en la gesti\u00f3 d\u2019usuaris, equips o grups, i en l\u2019administraci\u00f3 de les pol\u00edtiques en xarxa.[\/vc_column_text][vc_empty_space height=&#8221;64px&#8221;][\/vc_column][\/vc_row][vc_row][vc_column width=&#8221;1\/2&#8243;][vc_empty_space height=&#8221;64px&#8221;][vc_column_text]<\/p>\n<p style=\"text-align: justify;\"><span style=\"color: #e55a00; font-size: 20px;\">OFFICE 365, LA TEVA OFICNIA AL N\u00daVOL <\/span><br \/>\nLa millor manera d\u2019accedir des de qualsevol lloc i dispositiu, amb confian\u00e7a i seguretat, al vostra correu electr\u00f2nic i documentaci\u00f3. Les possibilitats d\u2019aquesta suite d\u2019eines ofim\u00e0tiques, reconeguda en el mercat, per\u00f2 amb millors prestacions en el seu servei Cloud; permet crear, emmagatzemar i editar documents Office en l\u00ednia i optimitzar les oportunitats d\u2019un espai empresarial integrat i connectat.<\/p>\n<p>[\/vc_column_text][vc_btn title=&#8221;+ llegir m\u00e9s&#8221; align=&#8221;right&#8221; button_block=&#8221;true&#8221; button_width=&#8221;100%&#8221; button_text_color=&#8221;#e55a00&#8243; link=&#8221;url:%2Fca%2Fsolucions-de-sistemes-i-cloud%2Foffice-365%2F||&#8221; el_class=&#8221;leer-mas-interior&#8221;][vc_empty_space][vc_column_text]<\/p>\n<p style=\"text-align: justify;\"><span style=\"color: #e55a00; font-size: 20px;\">SERVIDORS VIRTUALS<\/span><br \/>\nFlexibilitat, pot\u00e8ncia i seguretat sempre que ho necessiteu. Servidors virtuals que s\u2019adapten a les necessitats reals de l\u2019empresa, garantint l\u2019actualitzaci\u00f3 del sistema, que permet gaudir de moltes avantatges per transferir dades il\u00b7limitadament i mantenir les c\u00f2pies de seguretat pertinents de la informaci\u00f3 transferida, amb un acc\u00e9s personal i exclusiu per testificar la m\u00e0xima seguretat i efici\u00e8ncia amb la infraestructura tecnol\u00f2gica m\u00e9s avan\u00e7ada en Cloud.<\/p>\n<p>[\/vc_column_text][vc_btn title=&#8221;+ llegir m\u00e9s&#8221; align=&#8221;right&#8221; button_block=&#8221;true&#8221; button_width=&#8221;100%&#8221; button_text_color=&#8221;#e55a00&#8243; link=&#8221;url:%2Fca%2Fsolucions-de-sistemes-i-cloud%2Fservidors-virtuals%2F||&#8221; el_class=&#8221;leer-mas-interior&#8221;][vc_raw_html]JTNDZGl2JTIwaWQlM0QlMjJDb3BpYXMtZGUtc2VndXJpZGFkJTIyJTNFJTNDJTJGZGl2JTNF[\/vc_raw_html][vc_empty_space height=&#8221;80px&#8221;][\/vc_column][vc_column width=&#8221;1\/2&#8243;][vc_empty_space height=&#8221;192px&#8221;][vc_single_image image=&#8221;2693&#8243; img_size=&#8221;full&#8221; alignment=&#8221;center&#8221;][\/vc_column][\/vc_row][vc_row full_width=&#8221;stretch_row_content_no_spaces&#8221; css=&#8221;.vc_custom_1464784229709{background-color: #343434 !important;}&#8221;][vc_column][vc_empty_space height=&#8221;64px&#8221;][vc_column_text]<\/p>\n<h2 style=\"text-align: center;\"><span style=\"color: #ffffff;\">C\u00f2pies de seguretat<\/span><\/h2>\n<p>[\/vc_column_text][vc_empty_space][vc_column_text]<\/p>\n<h3 style=\"text-align: center;\"><span style=\"color: #ffffff;\">La soluci\u00f3 efectiva per garantir la disponibilitat de les vostres dades i gaudir d\u2019elles d\u2019una manera segura, disponible <\/span><br \/>\n<span style=\"color: #ffffff;\"> des de qualsevol lloc, a qualsevol hora. <\/span><\/h3>\n<p>[\/vc_column_text][vc_empty_space height=&#8221;64px&#8221;][\/vc_column][\/vc_row][vc_row css=&#8221;.vc_custom_1463580748128{background-color: #f8f8f8 !important;background-position: center !important;background-repeat: no-repeat !important;background-size: cover !important;}&#8221;][vc_column width=&#8221;1\/2&#8243;][vc_empty_space height=&#8221;80px&#8221;][vc_single_image image=&#8221;2694&#8243; img_size=&#8221;full&#8221; alignment=&#8221;center&#8221; css_animation=&#8221;appear&#8221;][\/vc_column][vc_column width=&#8221;1\/2&#8243;][vc_empty_space height=&#8221;64px&#8221;][vc_column_text]<span style=\"color: #e55a00; font-size: 20px;\">RECUPERACI\u00d3 DE M\u00c0QUINES VIRTUALS<\/span><br \/>\nAssegurar la continuitat de l\u2019empresa i el menor temps de parada \u00e9s l\u2019objectiu d\u2019aquesta c\u00f2pia. Permet recuperar el servidor al complert.<\/p>\n<p><span style=\"color: #e55a00; font-size: 20px;\">CUST\u00d2DIA F\u00cdSICA BUNKER\u00a0<\/span><br \/>\nProtegeix les dades davant p\u00e8rdues accidentals o desastres i compleix amb la LOPD.<\/p>\n<p><span style=\"color: #e55a00; font-size: 20px;\">R\u00c8PLICA EN LOCAL O DATACENTER <\/span><br \/>\nSistemes intel\u00b7ligents de c\u00f2pia on podem treballar de forma immediata sense parades.[\/vc_column_text][vc_empty_space height=&#8221;64px&#8221;][\/vc_column][\/vc_row][vc_row][vc_column width=&#8221;1\/2&#8243;][vc_empty_space height=&#8221;80px&#8221;][vc_column_text]<span style=\"color: #e55a00; font-size: 20px;\">C\u00d2PIES ONLINE<\/span><br \/>\nLa soluci\u00f3 efectiva i econ\u00f2mica de garantir la plena disponibilitat de la vostra informaci\u00f3 i el millor m\u00e8tode que existeix per protegir les vostres dades, amb la garantia d\u2019alta seguretat en Cloud. Tecnologia simple i fiable que permet emmagatzemar tota la informaci\u00f3 en un banc de dades extern, sempre a disposici\u00f3 per la seva recuperaci\u00f3 o edici\u00f3. Amb un servei controlat les 24h del dia i tots els beneficis que pugueu imaginar. [\/vc_column_text][vc_btn title=&#8221;+ llegir m\u00e9s&#8221; align=&#8221;right&#8221; button_block=&#8221;true&#8221; button_width=&#8221;100%&#8221; button_text_color=&#8221;#e55a00&#8243; link=&#8221;url:https%3A%2F%2Fapen-informatica.onlinevalles.club%2Fca%2Fsolucions-de-sistemes-i-cloud%2Fcopies-de-seguretat-al-nuvol%2F|||&#8221; el_class=&#8221;leer-mas-interior&#8221;][vc_raw_html]JTNDZGl2JTIwaWQlM0QlMjJSZWRlcy15LWNvbXVuaWNhY2lvbmVzJTIyJTNFJTNDJTJGZGl2JTNF[\/vc_raw_html][vc_empty_space height=&#8221;80px&#8221;][\/vc_column][vc_column width=&#8221;1\/2&#8243;][vc_empty_space height=&#8221;64px&#8221;][vc_single_image image=&#8221;2695&#8243; img_size=&#8221;full&#8221; alignment=&#8221;center&#8221;][vc_empty_space height=&#8221;64px&#8221;][\/vc_column][\/vc_row][vc_row full_width=&#8221;stretch_row_content_no_spaces&#8221; css=&#8221;.vc_custom_1464784365203{background-color: #343434 !important;}&#8221;][vc_column][vc_empty_space height=&#8221;64px&#8221;][vc_column_text]<\/p>\n<h2 style=\"text-align: center;\"><span style=\"color: #ffffff;\">Xarxes i comunicacions<\/span><\/h2>\n<p>[\/vc_column_text][vc_empty_space][vc_column_text]<\/p>\n<h3 style=\"text-align: center;\"><span style=\"color: #ffffff;\">Destinat a satisfer les necessitats de comunicacions segures i efectives de l\u2019empresa, sense amenaces ni interrupcions.<\/span><\/h3>\n<p>[\/vc_column_text][vc_empty_space height=&#8221;64px&#8221;][\/vc_column][\/vc_row][vc_row css=&#8221;.vc_custom_1463580774973{background-color: #f8f8f8 !important;background-position: center !important;background-repeat: no-repeat !important;background-size: cover !important;}&#8221;][vc_column width=&#8221;1\/2&#8243;][vc_empty_space height=&#8221;80px&#8221;][vc_single_image image=&#8221;2696&#8243; img_size=&#8221;full&#8221; alignment=&#8221;center&#8221;][vc_empty_space height=&#8221;80px&#8221;][\/vc_column][vc_column width=&#8221;1\/2&#8243;][vc_empty_space height=&#8221;64px&#8221;][vc_column_text]<span style=\"color: #e55a00; font-size: 20px;\">XARXES<\/span><br \/>\nFirewalls, switch i wifi, la millor protecci\u00f3 contra atacs interns i externs. Experts en la gesti\u00f3 de la seguretat de les xarxes.<\/p>\n<p><span style=\"color: #e55a00; font-size: 20px;\">ANTIVIRUS<\/span><br \/>\nB\u00e0sic amb qualsevol xarxa inform\u00e0tica. Gesti\u00f3 centralitzada i autom\u00e0tica.<\/p>\n<p><span style=\"color: #e55a00; font-size: 20px;\">SAI<\/span><br \/>\nLa protecci\u00f3 el\u00e8ctrica dels nostres equips evita qualsevol parada i p\u00e8rdua d\u2019informaci\u00f3.<\/p>\n<p><span style=\"color: #e55a00; font-size: 20px;\">ARMARI DE COMUNICACIONS<\/span><br \/>\nUna xarxa estructurada i certificada que garanteix treballar sense interrupcions.[\/vc_column_text][vc_empty_space height=&#8221;64px&#8221;][\/vc_column][\/vc_row][vc_row][vc_column width=&#8221;1\/2&#8243;][vc_empty_space height=&#8221;80px&#8221;][vc_column_text]<span style=\"color: #e55a00; font-size: 20px;\">CENTRALETA VIRTUAL <\/span><br \/>\nUna innovaci\u00f3 tecnol\u00f2gica que unifica telefonia fixa i m\u00f2bil sense necessitat de fer canvis d\u2019operador i que permet navegar per internet a alta velocitat de forma segura. Proporcionant una reducci\u00f3 dels costos de l\u2019empresa i una optimitzaci\u00f3 dels recursos comunicatius, s\u2019obtenen beneficis en mobilitat i productivitat; un motiu de pes per esdevenir m\u00e9s eficients i competitius, amb el suport t\u00e8cnic i el manteniment garantit, sempre actualitzat i flexible.[\/vc_column_text][vc_btn title=&#8221;+ llegir m\u00e9s&#8221; align=&#8221;right&#8221; button_block=&#8221;true&#8221; button_width=&#8221;100%&#8221; button_text_color=&#8221;#e55a00&#8243; link=&#8221;url:%2Fca%2Fsolucions-de-sistemes-i-cloud%2Fcentraleta-virtual%2F||&#8221; el_class=&#8221;leer-mas-interior&#8221;][vc_raw_html]JTNDZGl2JTIwaWQlM0QlMjJFcXVpcG9zLXByb2Zlc2lvbmFsZXMlMjIlM0UlM0MlMkZkaXYlM0U=[\/vc_raw_html][vc_empty_space height=&#8221;80px&#8221;][\/vc_column][vc_column width=&#8221;1\/2&#8243;][vc_empty_space height=&#8221;64px&#8221;][vc_single_image image=&#8221;2697&#8243; img_size=&#8221;full&#8221; alignment=&#8221;center&#8221; css_animation=&#8221;appear&#8221;][\/vc_column][\/vc_row][vc_row full_width=&#8221;stretch_row_content_no_spaces&#8221; css=&#8221;.vc_custom_1464784483135{background-color: #343434 !important;}&#8221;][vc_column][vc_empty_space height=&#8221;64px&#8221;][vc_column_text]<\/p>\n<h2 style=\"text-align: center;\"><span style=\"color: #ffffff;\">Equips professionals <\/span><\/h2>\n<p>[\/vc_column_text][vc_empty_space][vc_column_text]<\/p>\n<h3 style=\"text-align: center;\"><span style=\"color: #ffffff;\">La millor tecnologia al vostre abast que satisfaci les vostres exig\u00e8ncies o cobreixi, moment\u00e0niament, qualsevol necessitat immediata, amb equips de qualitat. Equips adaptats, optimitzats i testats per un rendiment i funcionament exel\u00b7lents.<\/span><\/h3>\n<p>[\/vc_column_text][vc_empty_space height=&#8221;64px&#8221;][\/vc_column][\/vc_row][vc_row css=&#8221;.vc_custom_1463580808939{background-color: #f8f8f8 !important;background-position: center !important;background-repeat: no-repeat !important;background-size: cover !important;}&#8221;][vc_column width=&#8221;1\/2&#8243;][vc_empty_space height=&#8221;64px&#8221;][vc_single_image image=&#8221;2699&#8243; img_size=&#8221;full&#8221; alignment=&#8221;center&#8221;][vc_empty_space height=&#8221;64px&#8221;][\/vc_column][vc_column width=&#8221;1\/2&#8243;][vc_empty_space height=&#8221;64px&#8221;][vc_column_text]<span style=\"color: #e55a00; font-size: 20px;\">ORDINADROS DE SOBRETAULA<\/span><br \/>\nEquips cl\u00f2nics i de marca adaptats a cada lloc de treball i necessitat.<\/p>\n<p><span style=\"color: #e55a00; font-size: 20px;\">PORT\u00c0TILS I ULTRABOOKS <\/span><br \/>\nExperts en mobilitat i entorns de teletreball.<\/p>\n<p><span style=\"color: #e55a00; font-size: 20px;\">TAULETES I SMARTPHONES<\/span><br \/>\nCada cop m\u00e9s integrats en el dia a dia de l\u2019empresa.<\/p>\n<p><span style=\"color: #e55a00; font-size: 20px;\">THINCLIENTS<\/span><br \/>\nTerminals sense sistema operatiu que connecten contra una IP.[\/vc_column_text][vc_empty_space height=&#8221;64px&#8221;][\/vc_column][\/vc_row][vc_row][vc_column width=&#8221;1\/2&#8243;][vc_empty_space height=&#8221;80px&#8221;][vc_column_text]<span style=\"color: #e55a00; font-size: 20px;\">ESCRIPTORIS VIRTUALS <\/span><br \/>\nDe la ma de FlexxibleIdesktop Cloud, l\u2019escriptiri virtual per \u00fas professional de Windows, gaudirem de la inform\u00e0tica de la nostra empresa al n\u00favol. Soluci\u00f3 per a garantir l\u2019alta disponibilitat i m\u00e0xima seguretat de les dades del client, amb la informaci\u00f3 encriptada i c\u00f2pies de seguretat dels servidors. Cloud permet accedir a ell des de qualsevol dispositiu, garantint la llibertat de mobilitat i certificant els beneficis d\u2019aquest servei al n\u00favol.[\/vc_column_text][vc_btn title=&#8221;+ llegir m\u00e9s&#8221; align=&#8221;right&#8221; button_block=&#8221;true&#8221; button_width=&#8221;100%&#8221; button_text_color=&#8221;#e55a00&#8243; link=&#8221;url:%2Fca%2Fsolucions-de-sistemes-i-cloud%2Fescriptoris-virtuals%2F||&#8221; el_class=&#8221;leer-mas-interior&#8221;][vc_empty_space][\/vc_column][vc_column width=&#8221;1\/2&#8243;][vc_empty_space height=&#8221;64px&#8221;][vc_single_image image=&#8221;2700&#8243; img_size=&#8221;full&#8221; alignment=&#8221;center&#8221; css_animation=&#8221;right-to-left&#8221;][\/vc_column][\/vc_row][vc_row content_full_width=&#8221;1&#8243;][vc_column][vc_empty_space height=&#8221;80px&#8221;][\/vc_column][\/vc_row]<\/p>\n","protected":false},"excerpt":{"rendered":"<p>[vc_row bg_style=&#8221;img_parallax&#8221; css=&#8221;.vc_custom_1508335317801{background-image: url(https:\/\/apen-informatica.onlinevalles.club\/wp-content\/uploads\/2016\/05\/sistema-y-clou-paralax.png?id=7649) !important;background-position: center !important;background-repeat: no-repeat !important;background-size: cover !important;}&#8221;][vc_column][vc_empty_space height=&#8221;100px&#8221;][vc_row_inner][vc_column_inner width=&#8221;1\/2&#8243;][\/vc_column_inner][vc_column_inner el_class=&#8221;backgrounderp3&#8243; width=&#8221;1\/2&#8243;][vc_column_text el_class=&#8221;titol1&#8243;] SOLUCIONS DE SISTEMES I CLOUD [\/vc_column_text][vc_column_text el_class=&#8221;titol2&#8243;] Solucions de sistemes, tecnologia simple, fiable i assequible [\/vc_column_text][vc_empty_space height=&#8221;10px&#8221;][vc_column_text el_class=&#8221;titol3&#8243;] M\u00e9s de 25 anys d&#8217;experi\u00e8ncia en el sector i un miler de contractes ens avalen. [\/vc_column_text][vc_empty_space height=&#8221;20px&#8221;][vc_btn title=&#8221;Et contactem&#8221; align=&#8221;left&#8221; button_bg_color=&#8221;#a14d17&#8243; [&hellip;]<\/p>\n","protected":false},"author":4,"featured_media":0,"parent":0,"menu_order":0,"comment_status":"closed","ping_status":"closed","template":"","meta":{"_acf_changed":false,"footnotes":""},"class_list":["post-4026","page","type-page","status-publish","hentry"],"acf":[],"_links":{"self":[{"href":"https:\/\/apen-informatica.onlinevalles.club\/ca\/wp-json\/wp\/v2\/pages\/4026","targetHints":{"allow":["GET"]}}],"collection":[{"href":"https:\/\/apen-informatica.onlinevalles.club\/ca\/wp-json\/wp\/v2\/pages"}],"about":[{"href":"https:\/\/apen-informatica.onlinevalles.club\/ca\/wp-json\/wp\/v2\/types\/page"}],"author":[{"embeddable":true,"href":"https:\/\/apen-informatica.onlinevalles.club\/ca\/wp-json\/wp\/v2\/users\/4"}],"replies":[{"embeddable":true,"href":"https:\/\/apen-informatica.onlinevalles.club\/ca\/wp-json\/wp\/v2\/comments?post=4026"}],"version-history":[{"count":0,"href":"https:\/\/apen-informatica.onlinevalles.club\/ca\/wp-json\/wp\/v2\/pages\/4026\/revisions"}],"wp:attachment":[{"href":"https:\/\/apen-informatica.onlinevalles.club\/ca\/wp-json\/wp\/v2\/media?parent=4026"}],"curies":[{"name":"wp","href":"https:\/\/api.w.org\/{rel}","templated":true}]}}