{"id":4030,"date":"2016-05-12T17:56:35","date_gmt":"2016-05-12T17:56:35","guid":{"rendered":"http:\/\/responsive.onlinevalles.es\/ca\/?page_id=4030"},"modified":"2022-08-04T10:19:14","modified_gmt":"2022-08-04T10:19:14","slug":"centraleta-virtual","status":"publish","type":"page","link":"https:\/\/apen-informatica.onlinevalles.club\/ca\/solucions-cloud\/centraleta-virtual\/","title":{"rendered":"Centraleta Virtual"},"content":{"rendered":"<p>[vc_row bg_style=&#8221;img_parallax&#8221; css=&#8221;.vc_custom_1507895267975{background-image: url(https:\/\/apen-informatica.onlinevalles.club\/wp-content\/uploads\/2016\/05\/centraleta-virtual-paralax.png?id=7652) !important;background-position: center !important;background-repeat: no-repeat !important;background-size: cover !important;}&#8221;][vc_column width=&#8221;1\/2&#8243; offset=&#8221;vc_hidden-xs&#8221;][vc_empty_space height=&#8221;115px&#8221;][vc_row_inner][vc_column_inner el_class=&#8221;backgrounderp&#8221;][vc_column_text el_class=&#8221;titol1&#8243;]<\/p>\n<h1>CENTRALETA VIRTUAL<\/h1>\n<p>[\/vc_column_text][vc_empty_space height=&#8221;10px&#8221;][vc_column_text el_class=&#8221;titol3&#8243;]<\/p>\n<h3>OIGAA CENTREX la centraleta al n\u00favol de la teva oficina que incrementa la productivitat de cada usuari<\/h3>\n<p>[\/vc_column_text][vc_empty_space height=&#8221;20px&#8221;][vc_btn title=&#8221;Et contactem&#8221; align=&#8221;left&#8221; button_bg_color=&#8221;#a14d17&#8243; link=&#8221;url:%23descargar-demo|||&#8221; el_class=&#8221;contactbuton3&#8243;][vc_single_image image=&#8221;19208&#8243; img_size=&#8221;full&#8221; alignment=&#8221;right&#8221; style=&#8221;vc_box_rounded&#8221; css=&#8221;.vc_custom_1602060921084{margin-top: -170px !important;margin-right: -110px !important;}&#8221; el_class=&#8221;iconolila&#8221;][vc_empty_space height=&#8221;10&#8243;][\/vc_column_inner][\/vc_row_inner][vc_empty_space height=&#8221;115px&#8221;][\/vc_column][vc_column width=&#8221;1\/2&#8243;][\/vc_column][\/vc_row][vc_row bg_style=&#8221;img_parallax&#8221; css=&#8221;.vc_custom_1507895267975{background-image: url(https:\/\/apen-informatica.onlinevalles.club\/wp-content\/uploads\/2016\/05\/centraleta-virtual-paralax.png?id=7652) !important;background-position: center !important;background-repeat: no-repeat !important;background-size: cover !important;}&#8221;][vc_column offset=&#8221;vc_hidden-lg vc_hidden-md vc_hidden-sm&#8221;][vc_empty_space height=&#8221;115px&#8221;][vc_row_inner css=&#8221;.vc_custom_1602079650051{background-color: rgba(229,90,0,0.8) !important;*background-color: rgb(229,90,0) !important;}&#8221;][vc_column_inner width=&#8221;1\/2&#8243;][vc_column_text el_class=&#8221;titol1&#8243;]<\/p>\n<h1>CENTRALETA VIRTUAL<\/h1>\n<p>[\/vc_column_text][vc_empty_space height=&#8221;10px&#8221;][vc_column_text el_class=&#8221;titol3&#8243;]<\/p>\n<h3>OIGAA CENTREX la centraleta al n\u00favol de la teva oficina que incrementa la productivitat de cada usuari<\/h3>\n<p>[\/vc_column_text][vc_empty_space height=&#8221;20px&#8221;][vc_btn title=&#8221;Et contactem&#8221; align=&#8221;left&#8221; button_bg_color=&#8221;#a14d17&#8243; link=&#8221;url:%23descargar-demo|||&#8221; el_class=&#8221;contactbuton3&#8243;][vc_empty_space height=&#8221;10px&#8221;][vc_single_image image=&#8221;19208&#8243; img_size=&#8221;full&#8221; style=&#8221;vc_box_rounded&#8221;][\/vc_column_inner][vc_column_inner width=&#8221;1\/2&#8243;][\/vc_column_inner][\/vc_row_inner][vc_empty_space height=&#8221;115px&#8221;][\/vc_column][\/vc_row][vc_row][vc_column][vc_empty_space height=&#8221;60&#8243;][vc_column_text]<\/p>\n<h2 style=\"text-align: center; font-size: 27px;\">VOZTELECOM \u00c9S LA MILLOR CENTRALETA VIRTUAL PER A LA TEVA EMPRESA<\/h2>\n<p>[\/vc_column_text][vc_empty_space height=&#8221;50px&#8221;][\/vc_column][\/vc_row][vc_row][vc_column][vc_row_inner][vc_column_inner width=&#8221;1\/3&#8243;][vc_icon icon_fontawesome=&#8221;fas fa-euro-sign&#8221; color=&#8221;custom&#8221; size=&#8221;xl&#8221; align=&#8221;center&#8221; custom_color=&#8221;#e55a00&#8243;][vc_column_text]<\/p>\n<h2 style=\"text-align: center; font-size: 28px;\">M\u00c0XIM ESTALVI<\/h2>\n<p>[\/vc_column_text][vc_empty_space height=&#8221;25px&#8221;][vc_column_text]<\/p>\n<p style=\"text-align: center;\"><span class=\"txt\"> Quota mensual \u00fanica i sense alta inicial, amb una tarifa plana a 30 pa\u00efsos que proporciona un m\u00e0xim estalvi a el client des del primer moment.<\/span><\/p>\n<p>[\/vc_column_text][vc_empty_space height=&#8221;40&#8243;][\/vc_column_inner][vc_column_inner width=&#8221;1\/3&#8243;][vc_icon icon_fontawesome=&#8221;fa fa-refresh&#8221; color=&#8221;custom&#8221; size=&#8221;xl&#8221; align=&#8221;center&#8221; custom_color=&#8221;#e55a00&#8243;][vc_column_text]<\/p>\n<h2 style=\"text-align: center; font-size: 28px;\">SEMPRE ACTUALITZAT<\/h2>\n<p>[\/vc_column_text][vc_empty_space height=&#8221;25px&#8221;][vc_column_text]<\/p>\n<p style=\"text-align: center;\"><span class=\"txt\">Un servei en el n\u00favol ofereix de forma autom\u00e0tica noves prestacions als usuaris sense cost addicional gr\u00e0cies a les actualitzacions peri\u00f2diques.<\/span><\/p>\n<p>[\/vc_column_text][vc_empty_space height=&#8221;40&#8243;][\/vc_column_inner][vc_column_inner width=&#8221;1\/3&#8243;][vc_icon icon_fontawesome=&#8221;fas fa-random&#8221; color=&#8221;custom&#8221; size=&#8221;xl&#8221; align=&#8221;center&#8221; custom_color=&#8221;#e55a00&#8243;][vc_column_text]<\/p>\n<h2 style=\"text-align: center; font-size: 28px;\">M\u00c9S FLEXIBLE<\/h2>\n<h2 style=\"text-align: center; font-size: 28px;\"><\/h2>\n<p>[\/vc_column_text][vc_empty_space height=&#8221;25px&#8221;][vc_column_text]<\/p>\n<p style=\"text-align: center;\"><span class=\"txt\">A partir de dos llocs de treball, escull la pr\u00f2pia configuraci\u00f3, sense l\u00edmit d&#8217;usuaris i per a una o m\u00faltiples seus d&#8217;empresa.<\/span><\/p>\n<p>[\/vc_column_text][vc_empty_space height=&#8221;40&#8243;][\/vc_column_inner][\/vc_row_inner][vc_empty_space height=&#8221;20&#8243;][\/vc_column][\/vc_row][vc_row overlay_background=&#8221;#343434&#8243; css=&#8221;.vc_custom_1601919243012{background-color: #343434 !important;}&#8221;][vc_column overlay_background=&#8221;#343434&#8243;][vc_empty_space height=&#8221;32&#8243; css=&#8221;.vc_custom_1601919334187{background-color: #343434 !important;}&#8221;][vc_column_text]<\/p>\n<h3 style=\"text-align: center;\"><span style=\"color: #ffffff;\">OIGAA Centrex \u00e9s una soluci\u00f3 de centraleta virtual totalment innovadora que unifica la telefonia fixa i m\u00f2bil de la seva empresa sense necessitat de canviar d&#8217;operador m\u00f2bil i permet navegar per Internet de forma r\u00e0pida i segura.<\/span><\/h3>\n<p>[\/vc_column_text][vc_empty_space height=&#8221;32&#8243; css=&#8221;.vc_custom_1601919339650{background-color: #343434 !important;}&#8221;][\/vc_column][\/vc_row][vc_row full_height=&#8221;yes&#8221; content_full_width=&#8221;1&#8243; overlay_background=&#8221;#eeeeee&#8221;][vc_column offset=&#8221;vc_hidden-xs&#8221;][vc_single_image image=&#8221;19260&#8243; img_size=&#8221;full&#8221; alignment=&#8221;center&#8221;][\/vc_column][\/vc_row][vc_row full_height=&#8221;yes&#8221; content_full_width=&#8221;1&#8243; overlay_background=&#8221;#eeeeee&#8221;][vc_column overlay_background=&#8221;#eeeeee&#8221; offset=&#8221;vc_hidden-lg vc_hidden-md vc_hidden-sm&#8221;][vc_single_image image=&#8221;19261&#8243; img_size=&#8221;full&#8221; alignment=&#8221;center&#8221;][\/vc_column][\/vc_row][vc_row full_height=&#8221;yes&#8221; overlay_background=&#8221;#eeeeee&#8221;][vc_column offset=&#8221;vc_hidden-xs&#8221;][vc_empty_space height=&#8221;32&#8243;][vc_column_text]<\/p>\n<p style=\"text-align: center;\">Proporciona una reducci\u00f3 de costos molt important a m\u00e9s d&#8217;una simplificaci\u00f3 i optimitzaci\u00f3 de recursos, ja que \u00e9s una soluci\u00f3 global que resol totes les necessitats de comunicacions d&#8217;una PIME. D&#8217;altra banda, amb OIGAA Centrex s&#8217;obtenen importants beneficis de mobilitat i productivitat, i ajuda a les PIMES a ser m\u00e9s eficients i competitives.<\/p>\n<p>[\/vc_column_text][vc_empty_space][\/vc_column][\/vc_row][vc_row][vc_column][vc_empty_space height=&#8221;50&#8243;][vc_row_inner][vc_column_inner width=&#8221;1\/3&#8243;][vc_icon icon_fontawesome=&#8221;fa fa-refresh&#8221; color=&#8221;custom&#8221; size=&#8221;xl&#8221; align=&#8221;center&#8221; custom_color=&#8221;#e55a00&#8243;][vc_column_text]<\/p>\n<h2 style=\"text-align: center; font-size: 28px;\">MILLOR SERVEI<\/h2>\n<p>[\/vc_column_text][vc_empty_space height=&#8221;25px&#8221;][vc_column_text]<\/p>\n<p style=\"text-align: center;\"><span class=\"txt\">Apen d\u00f3na un servei presencial i el millor assessorament en la configuraci\u00f3 de l&#8217;servei. S&#8217;integra amb la resta de serveis de l&#8217;empresa.<\/span><\/p>\n<p>[\/vc_column_text][vc_empty_space height=&#8221;40&#8243;][\/vc_column_inner][vc_column_inner width=&#8221;1\/3&#8243;][vc_icon icon_fontawesome=&#8221;fas fa-tachometer-alt&#8221; color=&#8221;custom&#8221; size=&#8221;xl&#8221; align=&#8221;center&#8221; custom_color=&#8221;#e55a00&#8243;][vc_column_text]<\/p>\n<h2 style=\"text-align: center; font-size: 28px;\">M\u00c9S R\u00c0PID<\/h2>\n<p>[\/vc_column_text][vc_empty_space height=&#8221;25px&#8221;][vc_column_text]<\/p>\n<p style=\"text-align: center;\"><span class=\"txt\"> Comunicacions m\u00e9s r\u00e0pides, m\u00e9s segures i amb m\u00e9s qualitat, gr\u00e0cies a accessos a internet gestionats per VozTelecomm de fins a 100Mb.<\/span><\/p>\n<p>[\/vc_column_text][vc_empty_space height=&#8221;40&#8243;][\/vc_column_inner][vc_column_inner width=&#8221;1\/3&#8243;][vc_icon icon_fontawesome=&#8221;fas fa-cogs&#8221; color=&#8221;custom&#8221; size=&#8221;xl&#8221; align=&#8221;center&#8221; custom_color=&#8221;#e55a00&#8243;][vc_column_text]<\/p>\n<h2 style=\"text-align: center; font-size: 28px;\">100% INTEGRAT<\/h2>\n<h2 style=\"text-align: center; font-size: 28px;\"><\/h2>\n<p>[\/vc_column_text][vc_empty_space height=&#8221;25px&#8221;][vc_column_text]<\/p>\n<p style=\"text-align: center;\"><span class=\"txt\">At\u00e9n trucades al teu extensi\u00f3 fixa al m\u00f2bil, sense cost de transfer\u00e8ncia i sense canviar d&#8217;operador. Truca des del teu m\u00f2bil amb tarifa VozTelecom.<\/span><\/p>\n<p>[\/vc_column_text][vc_empty_space height=&#8221;40&#8243;][\/vc_column_inner][\/vc_row_inner][vc_empty_space height=&#8221;20&#8243;][\/vc_column][\/vc_row][vc_row content_full_width=&#8221;1&#8243; css=&#8221;.vc_custom_1601648290561{background-color: #e55a00 !important;}&#8221;][vc_column][vc_empty_space height=&#8221;32&#8243;][vc_column_text]<\/p>\n<h2 style=\"text-align: center; font-size: 27px;\"><span style=\"color: #ffffff;\">LA SOLUCI\u00d3 M\u00c9S COMPLETA DE CENTRALETA VIRTUAL FIXA-M\u00d2BIL I ACC\u00c9S A INTERNET PROFESSIONAL PER A LA PIME<\/span><\/h2>\n<p>[\/vc_column_text][vc_empty_space height=&#8221;32&#8243;][\/vc_column][\/vc_row][vc_row content_full_width=&#8221;1&#8243; css=&#8221;.vc_custom_1570618604690{margin-top: -34px !important;}&#8221; el_id=&#8221;descargar-demo&#8221;][vc_column][vc_empty_space height=&#8221;90&#8243;][vc_column_text]<\/p>\n<h2 style=\"text-align: center; font-size: 28px;\">CONTACTA AMB NOSALTRES PER SABER M\u00c9S SOBRE CENTRALETA VIRTUAL!<\/h2>\n<p>[\/vc_column_text][vc_empty_space height=&#8221;12px&#8221;][vc_empty_space][\/vc_column][\/vc_row][vc_row content_full_width=&#8221;1&#8243; css=&#8221;.vc_custom_1570618604690{margin-top: -34px !important;}&#8221;][vc_column offset=&#8221;vc_hidden-xs&#8221;][vc_single_image image=&#8221;16696&#8243; img_size=&#8221;1587&#215;260&#8243; alignment=&#8221;center&#8221;][\/vc_column][\/vc_row][vc_row content_full_width=&#8221;1&#8243; css=&#8221;.vc_custom_1570618604690{margin-top: -34px !important;}&#8221;][vc_column offset=&#8221;vc_hidden-lg vc_hidden-md vc_hidden-sm&#8221;][vc_single_image image=&#8221;16695&#8243; img_size=&#8221;1587&#215;260&#8243; alignment=&#8221;center&#8221;][\/vc_column][\/vc_row][vc_row content_full_width=&#8221;1&#8243;][vc_column][vc_empty_space][vc_column_text]<\/p>\n<h2 style=\"text-align: center; font-size: 28px;\">TRUCA&#8217;NS AL <strong>938 606 220<\/strong> O OMPLE EL FORMULARI DE CONTACTE<\/h2>\n<p>[\/vc_column_text][vc_empty_space height=&#8221;12px&#8221;][vc_column_text]<\/p>\n<h3 style=\"text-align: center;\">\u00c9s important especificar en les observacions que vols m\u00e9s informaci\u00f3 sobre centraleta virtual<\/h3>\n<p>[\/vc_column_text][vc_empty_space height=&#8221;50px&#8221;][\/vc_column][\/vc_row][vc_row overlay_background=&#8221;#eeeeee&#8221;][vc_column css=&#8221;.vc_custom_1570437667431{margin-top: -30px !important;}&#8221;]<p class=\"wpcf7-contact-form-not-found\"><strong>Error:<\/strong> Contact form not found.<\/p>[vc_empty_space height=&#8221;80&#8243;][\/vc_column][\/vc_row][vc_row content_full_width=&#8221;1&#8243;][vc_column][vc_separator][\/vc_column][\/vc_row][vc_row overflow_hidden=&#8221;1&#8243; css=&#8221;.vc_custom_1523442464295{margin-top: -32px !important;padding-top: 80px !important;}&#8221; el_id=&#8221;casos-exito&#8221;][vc_column center_content=&#8221;true&#8221;][vc_column_text]<\/p>\n<h2 style=\"text-align: center; font-family: 'Lato-LightItalic'; font-size: 36px;\">Clients satisfets<\/h2>\n<p>[\/vc_column_text][vc_empty_space height=&#8221;64px&#8221;][cms_special_carousel width_item=&#8221;100&#8243; height_item=&#8221;400&#8243; show_nav=&#8221;1&#8243; show_dots=&#8221;1&#8243; speed=&#8221;500&#8243; timeout=&#8221;5000&#8243; layout_style=&#8221;&#8221; source=&#8221;size:All|order_by:date|post_type:quote&#8221; cms_template=&#8221;cms_special_carousel&#8211;quote.php&#8221;][vc_btn title=&#8221;+ \u00c8XITS&#8221; shape=&#8221;square&#8221; align=&#8221;center&#8221; button_block=&#8221;true&#8221; button_width=&#8221;170px&#8221; button_text_color=&#8221;#e55a00&#8243; link=&#8221;url:https%3A%2F%2Fapen-informatica.onlinevalles.club%2Fca%2Fcasos-exit%2F|||&#8221; el_class=&#8221;boto-rosa&#8221;][\/vc_column][\/vc_row]<\/p>\n","protected":false},"excerpt":{"rendered":"<p>[vc_row bg_style=&#8221;img_parallax&#8221; css=&#8221;.vc_custom_1507895267975{background-image: url(https:\/\/apen-informatica.onlinevalles.club\/wp-content\/uploads\/2016\/05\/centraleta-virtual-paralax.png?id=7652) !important;background-position: center !important;background-repeat: no-repeat !important;background-size: cover !important;}&#8221;][vc_column width=&#8221;1\/2&#8243; offset=&#8221;vc_hidden-xs&#8221;][vc_empty_space height=&#8221;115px&#8221;][vc_row_inner][vc_column_inner el_class=&#8221;backgrounderp&#8221;][vc_column_text el_class=&#8221;titol1&#8243;] CENTRALETA VIRTUAL [\/vc_column_text][vc_empty_space height=&#8221;10px&#8221;][vc_column_text el_class=&#8221;titol3&#8243;] OIGAA CENTREX la centraleta al n\u00favol de la teva oficina que incrementa la productivitat de cada usuari [\/vc_column_text][vc_empty_space height=&#8221;20px&#8221;][vc_btn title=&#8221;Et contactem&#8221; align=&#8221;left&#8221; button_bg_color=&#8221;#a14d17&#8243; link=&#8221;url:%23descargar-demo|||&#8221; el_class=&#8221;contactbuton3&#8243;][vc_single_image image=&#8221;19208&#8243; img_size=&#8221;full&#8221; alignment=&#8221;right&#8221; style=&#8221;vc_box_rounded&#8221; css=&#8221;.vc_custom_1602060921084{margin-top: -170px !important;margin-right: -110px !important;}&#8221; [&hellip;]<\/p>\n","protected":false},"author":4,"featured_media":0,"parent":19730,"menu_order":0,"comment_status":"closed","ping_status":"closed","template":"","meta":{"_acf_changed":false,"footnotes":""},"class_list":["post-4030","page","type-page","status-publish","hentry"],"acf":[],"_links":{"self":[{"href":"https:\/\/apen-informatica.onlinevalles.club\/ca\/wp-json\/wp\/v2\/pages\/4030","targetHints":{"allow":["GET"]}}],"collection":[{"href":"https:\/\/apen-informatica.onlinevalles.club\/ca\/wp-json\/wp\/v2\/pages"}],"about":[{"href":"https:\/\/apen-informatica.onlinevalles.club\/ca\/wp-json\/wp\/v2\/types\/page"}],"author":[{"embeddable":true,"href":"https:\/\/apen-informatica.onlinevalles.club\/ca\/wp-json\/wp\/v2\/users\/4"}],"replies":[{"embeddable":true,"href":"https:\/\/apen-informatica.onlinevalles.club\/ca\/wp-json\/wp\/v2\/comments?post=4030"}],"version-history":[{"count":0,"href":"https:\/\/apen-informatica.onlinevalles.club\/ca\/wp-json\/wp\/v2\/pages\/4030\/revisions"}],"up":[{"embeddable":true,"href":"https:\/\/apen-informatica.onlinevalles.club\/ca\/wp-json\/wp\/v2\/pages\/19730"}],"wp:attachment":[{"href":"https:\/\/apen-informatica.onlinevalles.club\/ca\/wp-json\/wp\/v2\/media?parent=4030"}],"curies":[{"name":"wp","href":"https:\/\/api.w.org\/{rel}","templated":true}]}}