{"id":4040,"date":"2016-06-27T08:38:09","date_gmt":"2016-06-27T08:38:09","guid":{"rendered":"http:\/\/responsive.onlinevalles.es\/ca\/?page_id=4040"},"modified":"2022-08-04T11:08:29","modified_gmt":"2022-08-04T11:08:29","slug":"escriptoris-virtuals","status":"publish","type":"page","link":"https:\/\/apen-informatica.onlinevalles.club\/ca\/solucions-cloud\/escriptoris-virtuals\/","title":{"rendered":"Escriptoris Virtuals"},"content":{"rendered":"<p>[vc_row bg_style=&#8221;img_parallax&#8221; css=&#8221;.vc_custom_1602082389330{background-image: url(https:\/\/apen-informatica.onlinevalles.club\/wp-content\/uploads\/2020\/10\/escritorios-virtuales_paralax.jpg?id=19350) !important;background-position: center !important;background-repeat: no-repeat !important;background-size: cover !important;}&#8221;][vc_column width=&#8221;1\/2&#8243; offset=&#8221;vc_hidden-xs&#8221;][vc_empty_space height=&#8221;115px&#8221;][vc_row_inner][vc_column_inner el_class=&#8221;backgrounderp&#8221;][vc_column_text el_class=&#8221;titol1&#8243;]<\/p>\n<h1>ESCRIPTORIS VIRTUALS<\/h1>\n<p>[\/vc_column_text][vc_empty_space height=&#8221;10px&#8221;][vc_column_text el_class=&#8221;titol3&#8243;]<\/p>\n<h3>Tota la inform\u00e0tica de la teva empresa al n\u00favol de la manera<\/h3>\n<h3>m\u00e9s \u00e0gil i sense cap tipus d&#8217;inversi\u00f3 ni perman\u00e8ncia.<\/h3>\n<p>[\/vc_column_text][vc_empty_space height=&#8221;20px&#8221;][vc_btn title=&#8221;Et contactem&#8221; align=&#8221;left&#8221; button_bg_color=&#8221;#a14d17&#8243; link=&#8221;url:%23descargar-demo|||&#8221; el_class=&#8221;contactbuton3&#8243;][vc_single_image image=&#8221;16693&#8243; img_size=&#8221;full&#8221; alignment=&#8221;right&#8221; style=&#8221;vc_box_rounded&#8221; css=&#8221;.vc_custom_1602083830833{margin-top: -170px !important;margin-right: -119px !important;}&#8221; el_class=&#8221;iconolila&#8221;][vc_empty_space height=&#8221;10&#8243;][\/vc_column_inner][\/vc_row_inner][vc_empty_space height=&#8221;115px&#8221;][\/vc_column][vc_column width=&#8221;1\/2&#8243;][\/vc_column][\/vc_row][vc_row bg_style=&#8221;img_parallax&#8221; css=&#8221;.vc_custom_1602082401537{background-image: url(https:\/\/apen-informatica.onlinevalles.club\/wp-content\/uploads\/2020\/10\/escritorios-virtuales_paralax.jpg?id=19350) !important;background-position: center !important;background-repeat: no-repeat !important;background-size: cover !important;}&#8221;][vc_column offset=&#8221;vc_hidden-lg vc_hidden-md vc_hidden-sm&#8221;][vc_empty_space height=&#8221;115px&#8221;][vc_row_inner css=&#8221;.vc_custom_1602079546682{background-color: rgba(229,90,0,0.8) !important;*background-color: rgb(229,90,0) !important;}&#8221;][vc_column_inner][vc_column_text el_class=&#8221;titol1&#8243;]<\/p>\n<h1>ESCRIPTORIS VIRTUALS<\/h1>\n<p>[\/vc_column_text][vc_empty_space height=&#8221;10px&#8221;][vc_column_text el_class=&#8221;titol3&#8243;]<\/p>\n<h3>Tota la inform\u00e0tica de la teva empresa al n\u00favol de la manera m\u00e9s \u00e0gil i sense cap tipus d&#8217;inversi\u00f3 ni perman\u00e8ncia.<\/h3>\n<p>[\/vc_column_text][vc_empty_space height=&#8221;20px&#8221;][vc_btn title=&#8221;Et contactem&#8221; align=&#8221;left&#8221; button_bg_color=&#8221;#a14d17&#8243; link=&#8221;url:%23descargar-demo|||&#8221; el_class=&#8221;contactbuton3&#8243;][vc_empty_space height=&#8221;10px&#8221;][vc_single_image image=&#8221;16693&#8243; img_size=&#8221;full&#8221; style=&#8221;vc_box_rounded&#8221;][vc_empty_space height=&#8221;16&#8243;][\/vc_column_inner][\/vc_row_inner][vc_empty_space height=&#8221;115px&#8221;][\/vc_column][\/vc_row][vc_row][vc_column][vc_empty_space height=&#8221;60&#8243;][vc_column_text]<\/p>\n<h2 style=\"text-align: center; font-size: 27px;\">LA SOLUCI\u00d3 DEFINITIVA PER A LA MOBILITAT SENSE L\u00cdMITS A LA TEVA EMPRESA<\/h2>\n<p>[\/vc_column_text][vc_empty_space height=&#8221;50px&#8221;][\/vc_column][\/vc_row][vc_row][vc_column][vc_row_inner][vc_column_inner width=&#8221;1\/3&#8243;][vc_icon icon_fontawesome=&#8221;fas fa-lock&#8221; color=&#8221;custom&#8221; size=&#8221;xl&#8221; align=&#8221;center&#8221; custom_color=&#8221;#e55a00&#8243;][vc_column_text]<\/p>\n<h2 style=\"text-align: center; font-size: 28px;\">M\u00c9S SEGUR<\/h2>\n<p>[\/vc_column_text][vc_empty_space height=&#8221;25px&#8221;][vc_column_text]<\/p>\n<p style=\"text-align: center;\">Disponibilitat immediata de les dades en cas de p\u00e8rdua o trencament d&#8217;equips i major control gr\u00e0cies a la limitaci\u00f3 d&#8217;accessos i recursos.<\/p>\n<p>[\/vc_column_text][vc_empty_space height=&#8221;40&#8243;][\/vc_column_inner][vc_column_inner width=&#8221;1\/3&#8243;][vc_icon icon_fontawesome=&#8221;fa fa-refresh&#8221; color=&#8221;custom&#8221; size=&#8221;xl&#8221; align=&#8221;center&#8221; custom_color=&#8221;#e55a00&#8243;][vc_column_text]<\/p>\n<h2 style=\"text-align: center; font-size: 28px;\">SEMPRE ACTUALITZAT<\/h2>\n<p>[\/vc_column_text][vc_empty_space height=&#8221;25px&#8221;][vc_column_text]<\/p>\n<p style=\"text-align: center;\">Les actualitzacions autom\u00e0tiques peri\u00f2diques redueixen les incid\u00e8ncies i propicien un rendiment \u00f2ptim dels equips inform\u00e0tics.<\/p>\n<p>[\/vc_column_text][vc_empty_space height=&#8221;40&#8243;][\/vc_column_inner][vc_column_inner width=&#8221;1\/3&#8243;][vc_icon icon_fontawesome=&#8221;fas fa-random&#8221; color=&#8221;custom&#8221; size=&#8221;xl&#8221; align=&#8221;center&#8221; custom_color=&#8221;#e55a00&#8243;][vc_column_text]<\/p>\n<h2 style=\"text-align: center; font-size: 28px;\">MOLT FLEXIBLE<\/h2>\n<h2 style=\"text-align: center; font-size: 28px;\"><\/h2>\n<p>[\/vc_column_text][vc_empty_space height=&#8221;25px&#8221;][vc_column_text]<\/p>\n<p style=\"text-align: center;\">Preparat per cr\u00e9ixer o decr\u00e9ixer sense estar condicionat per la infraestructura inform\u00e0tica, tant en escriptoris o servidors, com en recursos.<br \/>\n[\/vc_column_text][vc_empty_space height=&#8221;40&#8243;][\/vc_column_inner][\/vc_row_inner][vc_empty_space height=&#8221;20&#8243;][\/vc_column][\/vc_row][vc_row overlay_background=&#8221;#343434&#8243; css=&#8221;.vc_custom_1601919243012{background-color: #343434 !important;}&#8221;][vc_column overlay_background=&#8221;#343434&#8243;][vc_empty_space height=&#8221;32&#8243; css=&#8221;.vc_custom_1601919334187{background-color: #343434 !important;}&#8221;][vc_column_text]<\/p>\n<h3 style=\"text-align: center;\"><span style=\"color: #ffffff;\">Els escriptoris virtuals proporcionen un PC virtual en el n\u00favol a cada usuari amb les mateixes aplicacions, documents i recusros en xarxa que disposa actualment per deixar d&#8217;estar vinculat a un PC f\u00edsic.<\/span><\/h3>\n<p>[\/vc_column_text][vc_empty_space height=&#8221;32&#8243; css=&#8221;.vc_custom_1601919339650{background-color: #343434 !important;}&#8221;][\/vc_column][\/vc_row][vc_row full_height=&#8221;yes&#8221; content_full_width=&#8221;1&#8243; overlay_background=&#8221;#eeeeee&#8221;][vc_column offset=&#8221;vc_hidden-xs&#8221;][vc_empty_space height=&#8221;32&#8243;][vc_single_image image=&#8221;19365&#8243; img_size=&#8221;full&#8221; alignment=&#8221;center&#8221;][\/vc_column][\/vc_row][vc_row full_height=&#8221;yes&#8221; content_full_width=&#8221;1&#8243; overlay_background=&#8221;#eeeeee&#8221;][vc_column overlay_background=&#8221;#eeeeee&#8221; offset=&#8221;vc_hidden-lg vc_hidden-md vc_hidden-sm&#8221;][vc_single_image image=&#8221;19364&#8243; img_size=&#8221;full&#8221; alignment=&#8221;center&#8221;][\/vc_column][\/vc_row][vc_row full_height=&#8221;yes&#8221; overlay_background=&#8221;#eeeeee&#8221;][vc_column offset=&#8221;vc_hidden-xs&#8221;][vc_empty_space height=&#8221;32&#8243;][vc_column_text]<\/p>\n<p style=\"text-align: center;\">Permet a l&#8217;empresa despreocupar-se de la infraestructura i de les actualitzacions, de donar suport sobre sistemes operatius, permisos de seguretat, configuracions d&#8217;usuari, c\u00f2pies de seguretat de servidors i escriptoris, etc &#8230; \u00c9s una soluci\u00f3 pensada per a qualsevol tipus d&#8217;empresa de serveis, multiseu, amb departament comercial o empreses que tinguin la necessitat de renovar el seu inform\u00e0tica.<\/p>\n<p>[\/vc_column_text][vc_empty_space][\/vc_column][\/vc_row][vc_row content_full_width=&#8221;1&#8243; css=&#8221;.vc_custom_1601648290561{background-color: #e55a00 !important;}&#8221;][vc_column][vc_empty_space height=&#8221;32&#8243;][vc_column_text]<\/p>\n<h2 style=\"text-align: center; font-size: 27px;\"><span style=\"color: #ffffff;\">RENOVA LA TEVA INFORM\u00c0TICA SENSE INVERTIR, EN PAGAMENT PER \u00daS I SENSE TEMPS DE PERMAN\u00c8NCIA<\/span><\/h2>\n<p>[\/vc_column_text][vc_empty_space height=&#8221;32&#8243;][\/vc_column][\/vc_row][vc_row content_full_width=&#8221;1&#8243; css=&#8221;.vc_custom_1570618604690{margin-top: -34px !important;}&#8221; el_id=&#8221;descargar-demo&#8221;][vc_column][vc_empty_space height=&#8221;90&#8243;][vc_column_text]<\/p>\n<h2 style=\"text-align: center; font-size: 28px;\">CONTACTA AMB NOSALTRES PER SABER M\u00c9S SOBRE ESCRIPTORIS VIRTUALS!<\/h2>\n<p>[\/vc_column_text][vc_empty_space height=&#8221;12px&#8221;][vc_empty_space][\/vc_column][\/vc_row][vc_row content_full_width=&#8221;1&#8243; css=&#8221;.vc_custom_1570618604690{margin-top: -34px !important;}&#8221;][vc_column offset=&#8221;vc_hidden-xs&#8221;][vc_single_image image=&#8221;16696&#8243; img_size=&#8221;1587&#215;260&#8243; alignment=&#8221;center&#8221;][\/vc_column][\/vc_row][vc_row content_full_width=&#8221;1&#8243; css=&#8221;.vc_custom_1570618604690{margin-top: -34px !important;}&#8221;][vc_column offset=&#8221;vc_hidden-lg vc_hidden-md vc_hidden-sm&#8221;][vc_single_image image=&#8221;16695&#8243; img_size=&#8221;1587&#215;260&#8243; alignment=&#8221;center&#8221;][\/vc_column][\/vc_row][vc_row content_full_width=&#8221;1&#8243;][vc_column][vc_empty_space][vc_column_text]<\/p>\n<h2 style=\"text-align: center; font-size: 28px;\">TRUCA&#8217;NS AL <strong>938 606 220<\/strong> O OMPLE EL FORMULARI DE CONTACTE<\/h2>\n<p>[\/vc_column_text][vc_empty_space height=&#8221;12px&#8221;][vc_column_text]<\/p>\n<h3 style=\"text-align: center;\">\u00c9s important especificar en les observacions que vols m\u00e9s informaci\u00f3 sobre escriptoris virtuals<\/h3>\n<p>[\/vc_column_text][vc_empty_space height=&#8221;50px&#8221;][\/vc_column][\/vc_row][vc_row overlay_background=&#8221;#eeeeee&#8221;][vc_column css=&#8221;.vc_custom_1570437667431{margin-top: -30px !important;}&#8221;]<p class=\"wpcf7-contact-form-not-found\"><strong>Error:<\/strong> Contact form not found.<\/p>[vc_empty_space height=&#8221;80&#8243;][\/vc_column][\/vc_row][vc_row content_full_width=&#8221;1&#8243;][vc_column][vc_separator][\/vc_column][\/vc_row][vc_row overflow_hidden=&#8221;1&#8243; css=&#8221;.vc_custom_1523442464295{margin-top: -32px !important;padding-top: 80px !important;}&#8221; el_id=&#8221;casos-exito&#8221;][vc_column center_content=&#8221;true&#8221;][vc_column_text]<\/p>\n<h2 style=\"text-align: center; font-family: 'Lato-LightItalic'; font-size: 36px;\">Clients satisfets<\/h2>\n<p>[\/vc_column_text][vc_empty_space height=&#8221;64px&#8221;][cms_special_carousel width_item=&#8221;100&#8243; height_item=&#8221;400&#8243; show_nav=&#8221;1&#8243; show_dots=&#8221;1&#8243; speed=&#8221;500&#8243; timeout=&#8221;5000&#8243; layout_style=&#8221;&#8221; source=&#8221;size:All|order_by:date|post_type:quote&#8221; cms_template=&#8221;cms_special_carousel&#8211;quote.php&#8221;][vc_btn title=&#8221;+ \u00c8XITS&#8221; shape=&#8221;square&#8221; align=&#8221;center&#8221; button_block=&#8221;true&#8221; button_width=&#8221;170px&#8221; button_text_color=&#8221;#e55a00&#8243; link=&#8221;url:https%3A%2F%2Fapen-informatica.onlinevalles.club%2Fca%2Fcasos-exit%2F|||&#8221; el_class=&#8221;boto-rosa&#8221;][\/vc_column][\/vc_row]<\/p>\n","protected":false},"excerpt":{"rendered":"<p>[vc_row bg_style=&#8221;img_parallax&#8221; css=&#8221;.vc_custom_1602082389330{background-image: url(https:\/\/apen-informatica.onlinevalles.club\/wp-content\/uploads\/2020\/10\/escritorios-virtuales_paralax.jpg?id=19350) !important;background-position: center !important;background-repeat: no-repeat !important;background-size: cover !important;}&#8221;][vc_column width=&#8221;1\/2&#8243; offset=&#8221;vc_hidden-xs&#8221;][vc_empty_space height=&#8221;115px&#8221;][vc_row_inner][vc_column_inner el_class=&#8221;backgrounderp&#8221;][vc_column_text el_class=&#8221;titol1&#8243;] ESCRIPTORIS VIRTUALS [\/vc_column_text][vc_empty_space height=&#8221;10px&#8221;][vc_column_text el_class=&#8221;titol3&#8243;] Tota la inform\u00e0tica de la teva empresa al n\u00favol de la manera m\u00e9s \u00e0gil i sense cap tipus d&#8217;inversi\u00f3 ni perman\u00e8ncia. [\/vc_column_text][vc_empty_space height=&#8221;20px&#8221;][vc_btn title=&#8221;Et contactem&#8221; align=&#8221;left&#8221; button_bg_color=&#8221;#a14d17&#8243; link=&#8221;url:%23descargar-demo|||&#8221; el_class=&#8221;contactbuton3&#8243;][vc_single_image image=&#8221;16693&#8243; img_size=&#8221;full&#8221; alignment=&#8221;right&#8221; style=&#8221;vc_box_rounded&#8221; css=&#8221;.vc_custom_1602083830833{margin-top: [&hellip;]<\/p>\n","protected":false},"author":4,"featured_media":0,"parent":19730,"menu_order":0,"comment_status":"closed","ping_status":"closed","template":"","meta":{"_acf_changed":false,"footnotes":""},"class_list":["post-4040","page","type-page","status-publish","hentry"],"acf":[],"_links":{"self":[{"href":"https:\/\/apen-informatica.onlinevalles.club\/ca\/wp-json\/wp\/v2\/pages\/4040","targetHints":{"allow":["GET"]}}],"collection":[{"href":"https:\/\/apen-informatica.onlinevalles.club\/ca\/wp-json\/wp\/v2\/pages"}],"about":[{"href":"https:\/\/apen-informatica.onlinevalles.club\/ca\/wp-json\/wp\/v2\/types\/page"}],"author":[{"embeddable":true,"href":"https:\/\/apen-informatica.onlinevalles.club\/ca\/wp-json\/wp\/v2\/users\/4"}],"replies":[{"embeddable":true,"href":"https:\/\/apen-informatica.onlinevalles.club\/ca\/wp-json\/wp\/v2\/comments?post=4040"}],"version-history":[{"count":0,"href":"https:\/\/apen-informatica.onlinevalles.club\/ca\/wp-json\/wp\/v2\/pages\/4040\/revisions"}],"up":[{"embeddable":true,"href":"https:\/\/apen-informatica.onlinevalles.club\/ca\/wp-json\/wp\/v2\/pages\/19730"}],"wp:attachment":[{"href":"https:\/\/apen-informatica.onlinevalles.club\/ca\/wp-json\/wp\/v2\/media?parent=4040"}],"curies":[{"name":"wp","href":"https:\/\/api.w.org\/{rel}","templated":true}]}}