{"id":4043,"date":"2016-05-10T15:54:06","date_gmt":"2016-05-10T15:54:06","guid":{"rendered":"http:\/\/responsive.onlinevalles.es\/ca\/?page_id=4043"},"modified":"2024-04-22T16:24:23","modified_gmt":"2024-04-22T16:24:23","slug":"office-365","status":"publish","type":"page","link":"https:\/\/apen-informatica.onlinevalles.club\/ca\/solucions-cloud\/office-365\/","title":{"rendered":"Office 365. Som el teu partner tecnol\u00f2gic."},"content":{"rendered":"<p>[vc_row bg_style=&#8221;img_parallax&#8221; css=&#8221;.vc_custom_1586185871400{background-image: url(https:\/\/apen-informatica.onlinevalles.club\/wp-content\/uploads\/2020\/04\/Parallax_o365.jpg?id=16517) !important;background-position: center !important;background-repeat: no-repeat !important;background-size: cover !important;}&#8221;][vc_column offset=&#8221;vc_hidden-xs&#8221;][vc_empty_space height=&#8221;115px&#8221;][vc_row_inner][vc_column_inner width=&#8221;1\/2&#8243;][\/vc_column_inner][vc_column_inner el_class=&#8221;backgrounderp&#8221; width=&#8221;1\/2&#8243;][vc_column_text el_class=&#8221;titol1&#8243;]<\/p>\n<h1>MICROSOFT 365<\/h1>\n<p>[\/vc_column_text][vc_column_text el_class=&#8221;titol3&#8243;]<\/p>\n<h3>La suite d&#8217;eines ofim\u00e0tiques, de correu<\/h3>\n<h3>i de col\u00b7laboraci\u00f3 m\u00e9s reconeguda del mercat<\/h3>\n<p>[\/vc_column_text][vc_empty_space height=&#8221;40px&#8221;][vc_btn title=&#8221;Et contactem&#8221; align=&#8221;left&#8221; button_bg_color=&#8221;#a14d17&#8243; link=&#8221;url:%20%23descargar-demo|||&#8221; el_class=&#8221;contactbuton&#8221;][vc_single_image image=&#8221;16609&#8243; img_size=&#8221;full&#8221; alignment=&#8221;right&#8221; style=&#8221;vc_box_rounded&#8221; css_animation=&#8221;none&#8221; css=&#8221;.vc_custom_1603214414947{margin-top: -140px !important;margin-right: -15px !important;}&#8221; el_class=&#8221;iconolila&#8221;][\/vc_column_inner][\/vc_row_inner][vc_empty_space height=&#8221;115px&#8221;][\/vc_column][\/vc_row][vc_row bg_style=&#8221;img_parallax&#8221; css=&#8221;.vc_custom_1586186487865{background-image: url(https:\/\/apen-informatica.onlinevalles.club\/wp-content\/uploads\/2020\/04\/Parallax_o365.jpg?id=16517) !important;background-position: center !important;background-repeat: no-repeat !important;background-size: cover !important;}&#8221;][vc_column offset=&#8221;vc_hidden-lg vc_hidden-md vc_hidden-sm&#8221;][vc_empty_space height=&#8221;60&#8243;][vc_row_inner css=&#8221;.vc_custom_1586186594316{background-color: rgba(229,90,0,0.8) !important;*background-color: rgb(229,90,0) !important;}&#8221;][vc_column_inner][vc_column_text el_class=&#8221;titol1&#8243;]<\/p>\n<h1>MICROSOFT 365<\/h1>\n<p>[\/vc_column_text][vc_column_text el_class=&#8221;titol3&#8243;]<\/p>\n<h3>La suite d&#8217;eines ofim\u00e0tiques, de correu i de col\u00b7laboraci\u00f3 m\u00e9s reconeguda de l&#8217;mercat<\/h3>\n<p>[\/vc_column_text][vc_empty_space height=&#8221;40px&#8221;][vc_btn title=&#8221;Et contactem&#8221; align=&#8221;left&#8221; button_bg_color=&#8221;#a14d17&#8243; link=&#8221;url:%20%23descargar-demo|||&#8221; el_class=&#8221;contactbuton&#8221;][vc_empty_space height=&#8221;20&#8243;][vc_single_image image=&#8221;16609&#8243; img_size=&#8221;full&#8221; style=&#8221;vc_box_rounded&#8221; css_animation=&#8221;none&#8221;][vc_empty_space height=&#8221;20&#8243;][\/vc_column_inner][\/vc_row_inner][vc_empty_space height=&#8221;60&#8243;][\/vc_column][\/vc_row][vc_row][vc_column][vc_empty_space height=&#8221;60&#8243;][vc_column_text]<\/p>\n<h2 style=\"text-align: center; font-size: 27px;\">DES DE QUALSEVOL LLOC I DISPOSITIU SEMPRE AMB CONFIAN\u00c7A I SEGURETAT<\/h2>\n<p>[\/vc_column_text][vc_empty_space height=&#8221;50px&#8221;][\/vc_column][\/vc_row][vc_row][vc_column][vc_row_inner][vc_column_inner width=&#8221;1\/3&#8243;][vc_icon icon_fontawesome=&#8221;fa fa-lock&#8221; color=&#8221;custom&#8221; size=&#8221;xl&#8221; align=&#8221;center&#8221; custom_color=&#8221;#e55a00&#8243;][vc_column_text]<\/p>\n<h2 style=\"text-align: center; font-size: 28px;\">M\u00c9S SEGUR<\/h2>\n<h2 style=\"text-align: center; font-size: 28px;\"><\/h2>\n<p>[\/vc_column_text][vc_empty_space height=&#8221;25px&#8221;][vc_column_text]<\/p>\n<p style=\"text-align: center;\"><span class=\"txt\">Gestionat directament des d&#8217;Apen o Microsoft per oferir la m\u00e0xima seguretat a l&#8217;usuari final.<\/span><\/p>\n<p>[\/vc_column_text][vc_empty_space height=&#8221;40&#8243;][\/vc_column_inner][vc_column_inner width=&#8221;1\/3&#8243;][vc_icon icon_fontawesome=&#8221;fa fa-eur&#8221; color=&#8221;custom&#8221; size=&#8221;xl&#8221; align=&#8221;center&#8221; custom_color=&#8221;#e55a00&#8243;][vc_column_text]<\/p>\n<h2 style=\"text-align: center; font-size: 28px;\">M\u00c9S ECON\u00d2MIC<\/h2>\n<p>[\/vc_column_text][vc_empty_space height=&#8221;25px&#8221;][vc_column_text]<\/p>\n<p style=\"text-align: center;\"><span class=\"txt\">Estalvi de costos des del primer moment gr\u00e0cies a la modalitat de pagament per \u00fas.<br \/>\n<\/span><\/p>\n<p>[\/vc_column_text][vc_empty_space height=&#8221;40&#8243;][\/vc_column_inner][vc_column_inner width=&#8221;1\/3&#8243;][vc_icon icon_fontawesome=&#8221;fa fa-tachometer&#8221; color=&#8221;custom&#8221; size=&#8221;xl&#8221; align=&#8221;center&#8221; custom_color=&#8221;#e55a00&#8243;][vc_column_text]<\/p>\n<h2 style=\"text-align: center; font-size: 28px;\">M\u00c9S PRODUCTIU<\/h2>\n<p>[\/vc_column_text][vc_empty_space height=&#8221;25px&#8221;][vc_column_text]<\/p>\n<p style=\"text-align: center;\"><span class=\"txt\">Guanya temps amb les eines d&#8217;intel\u00b7lig\u00e8ncia artificial i emmagatzematge d&#8217;arxius online.<br \/>\n<\/span><\/p>\n<p>[\/vc_column_text][vc_empty_space height=&#8221;40&#8243;][\/vc_column_inner][\/vc_row_inner][vc_empty_space height=&#8221;20&#8243;][\/vc_column][\/vc_row][vc_row content_full_width=&#8221;1&#8243; overlay_background=&#8221;#eeeeee&#8221;][vc_column overlay_background=&#8221;#eeeeee&#8221;][vc_empty_space height=&#8221;60&#8243; css=&#8221;.vc_custom_1586251967697{background-color: #eeeeee !important;}&#8221;][\/vc_column][\/vc_row][vc_row content_full_width=&#8221;1&#8243; overlay_background=&#8221;#eeeeee&#8221;][vc_column overlay_background=&#8221;#eeeeee&#8221;][vc_column_text]<\/p>\n<h2 style=\"text-align: center; font-size: 28px;\">GAUDEIX DE TOTA LA TEVA OFICINA EN EL N\u00daVOL MITJAN\u00c7ANT SUBSCRIPCI\u00d3 (SAAS)<\/h2>\n<p>[\/vc_column_text][vc_empty_space height=&#8221;12px&#8221; css=&#8221;.vc_custom_1523453576511{background-color: #eeeeee !important;}&#8221;][vc_column_text css=&#8221;.vc_custom_1615223612068{background-color: #eeeeee !important;}&#8221;]<\/p>\n<p style=\"text-align: center;\">Connexi\u00f3 a trav\u00e9s d&#8217;un equip d&#8217;escriptori, port\u00e0til, tablet o un tel\u00e8fon. Microsoft 365 + dispositiu + Internet = productivitat sigui on sigui<\/p>\n<p>[\/vc_column_text][vc_empty_space height=&#8221;10&#8243; css=&#8221;.vc_custom_1586267791114{background-color: #eeeeee !important;}&#8221;][\/vc_column][\/vc_row][vc_row full_height=&#8221;yes&#8221; content_full_width=&#8221;1&#8243; overlay_background=&#8221;#eeeeee&#8221;][vc_column offset=&#8221;vc_hidden-xs&#8221;][vc_single_image image=&#8221;16544&#8243; img_size=&#8221;full&#8221; alignment=&#8221;center&#8221;][\/vc_column][\/vc_row][vc_row full_height=&#8221;yes&#8221; content_full_width=&#8221;1&#8243; overlay_background=&#8221;#eeeeee&#8221;][vc_column offset=&#8221;vc_hidden-lg vc_hidden-md vc_hidden-sm&#8221;][vc_single_image image=&#8221;16546&#8243; img_size=&#8221;full&#8221; alignment=&#8221;center&#8221;][\/vc_column][\/vc_row][vc_row content_full_width=&#8221;1&#8243; overlay_background=&#8221;#eeeeee&#8221;][vc_column overlay_background=&#8221;#eeeeee&#8221;][vc_empty_space height=&#8221;30&#8243; css=&#8221;.vc_custom_1570618026687{background-color: #eeeeee !important;}&#8221;][\/vc_column][\/vc_row][vc_row][vc_column][vc_empty_space height=&#8221;70&#8243;][vc_row_inner][vc_column_inner width=&#8221;1\/3&#8243;][vc_icon icon_fontawesome=&#8221;fa fa-random&#8221; color=&#8221;custom&#8221; size=&#8221;xl&#8221; align=&#8221;center&#8221; custom_color=&#8221;#e55a00&#8243;][vc_column_text]<\/p>\n<h2 style=\"text-align: center; font-size: 28px;\">M\u00c9S FLEXIBLE<\/h2>\n<h2 style=\"text-align: center; font-size: 28px;\"><\/h2>\n<p>[\/vc_column_text][vc_empty_space height=&#8221;25px&#8221;][vc_column_text]<\/p>\n<p style=\"text-align: center;\"><span class=\"txt\">S&#8217;adapta a les necessitats reals de cada usuari per optimitzar tots els recursos.<br \/>\n<\/span><\/p>\n<p>[\/vc_column_text][vc_empty_space height=&#8221;40&#8243;][\/vc_column_inner][vc_column_inner width=&#8221;1\/3&#8243;][vc_icon icon_fontawesome=&#8221;fa fa-refresh&#8221; color=&#8221;custom&#8221; size=&#8221;xl&#8221; align=&#8221;center&#8221; custom_color=&#8221;#e55a00&#8243;][vc_column_text]<\/p>\n<h2 style=\"text-align: center; font-size: 28px;\">M\u00c9S ACTUALITZAT<\/h2>\n<p>[\/vc_column_text][vc_empty_space height=&#8221;25px&#8221;][vc_column_text]<\/p>\n<p style=\"text-align: center;\"><span class=\"txt\">Sempre al d\u00eda utilitzant les millors eines del mercat d&#8217;una manera autom\u00e1tica.<br \/>\n<\/span><\/p>\n<p>[\/vc_column_text][vc_empty_space height=&#8221;40&#8243;][\/vc_column_inner][vc_column_inner width=&#8221;1\/3&#8243;][vc_icon icon_fontawesome=&#8221;fa fa-users&#8221; color=&#8221;custom&#8221; size=&#8221;xl&#8221; align=&#8221;center&#8221; custom_color=&#8221;#e55a00&#8243;][vc_column_text]<\/p>\n<h2 style=\"text-align: center; font-size: 28px;\">M\u00c9S COL\u00b7LABORATIU<\/h2>\n<p>[\/vc_column_text][vc_empty_space height=&#8221;25px&#8221;][vc_column_text]<\/p>\n<p style=\"text-align: center;\"><span class=\"txt\">Treballa millor en equip compartint i comunicant tot en una sola \u00e0rea de treball.<br \/>\n<\/span><\/p>\n<p>[\/vc_column_text][vc_empty_space height=&#8221;40&#8243;][\/vc_column_inner][\/vc_row_inner][vc_empty_space height=&#8221;20&#8243;][\/vc_column][\/vc_row][vc_row bg_style=&#8221;img_parallax&#8221; css=&#8221;.vc_custom_1586254738568{background-image: url(https:\/\/apen-informatica.onlinevalles.club\/wp-content\/uploads\/2016\/05\/311-solucions-sistemes-i-cloud-parallax-1.png?id=2000) !important;}&#8221;][vc_column][vc_empty_space height=&#8221;40&#8243;][vc_column_text]<\/p>\n<h2 style=\"text-align: center; font-size: 27px;\"><strong>PRINCIPALS CARACTER\u00cdSTIQUES DE MICROSOFT 365<\/strong><\/h2>\n<p>[\/vc_column_text][vc_empty_space height=&#8221;50&#8243;][vc_row_inner equal_height=&#8221;yes&#8221; gap=&#8221;10&#8243;][vc_column_inner width=&#8221;1\/4&#8243; css=&#8221;.vc_custom_1586255373712{background-color: rgba(255,255,255,0.8) !important;*background-color: rgb(255,255,255) !important;}&#8221;][vc_empty_space height=&#8221;16px&#8221;][vc_single_image image=&#8221;1989&#8243; img_size=&#8221;full&#8221; alignment=&#8221;center&#8221;][vc_empty_space height=&#8221;24px&#8221;][vc_column_text]<\/p>\n<h3 style=\"text-align: center;\"><span style=\"color: #e55a00;\">OFFICE<\/span><\/h3>\n<p>[\/vc_column_text][vc_column_text]<\/p>\n<ul>\n<li style=\"text-align: left;\">Sempre actualitzat a l&#8217;\u00faltima versi\u00f3.<\/li>\n<li>5 llic\u00e8ncies per usuari per a PC \/ Mac i 5 dispositius m\u00f2bils.<\/li>\n<li>Versi\u00f3 web de l&#8217;Outlook, Word, Excel i PowerPoint.<\/li>\n<\/ul>\n<p>[\/vc_column_text][vc_empty_space height=&#8221;40px&#8221;][\/vc_column_inner][vc_column_inner width=&#8221;1\/4&#8243; css=&#8221;.vc_custom_1586255410417{background-color: rgba(255,255,255,0.8) !important;*background-color: rgb(255,255,255) !important;}&#8221;][vc_empty_space height=&#8221;16px&#8221;][vc_single_image image=&#8221;1991&#8243; img_size=&#8221;full&#8221; alignment=&#8221;center&#8221;][vc_empty_space height=&#8221;24px&#8221;][vc_column_text]<\/p>\n<h3 style=\"text-align: center;\"><span style=\"color: #e55a00;\">\u00daS COMPARTIT D&#8217;ARXIUS<\/span><\/h3>\n<p>[\/vc_column_text][vc_column_text]<\/p>\n<ul>\n<li style=\"text-align: left;\">Emmagatzematge i \u00fas compartit d&#8217;arxius amb 1TB d&#8217;emmagatzematge de OneDrive.<\/li>\n<li>Llocs de grup i intranet per a tota la companyia amb SharePoint..<\/li>\n<li>Sincronitza arxius al teu PC per accedir a ells sense connexi\u00f3 a internet.<\/li>\n<\/ul>\n<p>[\/vc_column_text][vc_empty_space height=&#8221;40px&#8221;][\/vc_column_inner][vc_column_inner width=&#8221;1\/4&#8243; css=&#8221;.vc_custom_1586255435692{background-color: rgba(255,255,255,0.8) !important;*background-color: rgb(255,255,255) !important;}&#8221;][vc_empty_space height=&#8221;16px&#8221;][vc_single_image image=&#8221;1990&#8243; img_size=&#8221;full&#8221; alignment=&#8221;center&#8221;][vc_empty_space height=&#8221;24px&#8221;][vc_column_text]<\/p>\n<h3 style=\"text-align: center;\"><span style=\"color: #e55a00;\">CORREU ELECTR\u00d2NIC PROFESSIONAL<\/span><\/h3>\n<p>[\/vc_column_text][vc_column_text]<\/p>\n<ul>\n<li style=\"text-align: left;\">Allotjament de correu electr\u00f2nic amb b\u00fastia de 50 GB i una adre\u00e7a de correu amb domini personalitzat.<\/li>\n<li>Backup de correu, agenda i contactes, i protecci\u00f3 contra spam i malware.<\/li>\n<li>Sincronitzaci\u00f3 de dispositius.<\/li>\n<\/ul>\n<p>[\/vc_column_text][vc_empty_space height=&#8221;40px&#8221; css=&#8221;.vc_custom_1463480786908{padding-right: 25px !important;padding-left: 25px !important;}&#8221;][\/vc_column_inner][vc_column_inner width=&#8221;1\/4&#8243; css=&#8221;.vc_custom_1586255452718{background-color: rgba(255,255,255,0.8) !important;*background-color: rgb(255,255,255) !important;}&#8221;][vc_empty_space height=&#8221;16px&#8221;][vc_single_image image=&#8221;1992&#8243; img_size=&#8221;full&#8221; alignment=&#8221;center&#8221;][vc_empty_space height=&#8221;24px&#8221;][vc_column_text]<\/p>\n<h3 style=\"text-align: center;\"><span style=\"color: #e55a00;\">COL\u00b7LABORACI\u00d3 AMB TEAMS<br \/>\n<\/span><\/h3>\n<p>[\/vc_column_text][vc_column_text]<\/p>\n<ul>\n<li style=\"text-align: left;\">Tot en una mateixa \u00e0rea de treball compartida perqu\u00e8 el teu equip pugui xatejar, es reuneixi i col\u00b7labori en arxius des dels seus aplicacions.<\/li>\n<li>Comparteix documents i fes servir les convesaciones del teu equip en temps real.<\/li>\n<li>TEAMS on podr\u00e0s realitzar les teves reunions online (fins a 250 persones) i gravar-les.<\/li>\n<\/ul>\n<p>[\/vc_column_text][vc_empty_space height=&#8221;40px&#8221;][\/vc_column_inner][\/vc_row_inner][vc_empty_space height=&#8221;50&#8243;][\/vc_column][\/vc_row][vc_row][vc_column offset=&#8221;vc_hidden-lg vc_hidden-md vc_hidden-sm vc_hidden-xs&#8221;][vc_empty_space height=&#8221;40&#8243;][vc_column_text]<\/p>\n<h2 style=\"text-align: center; font-size: 27px;\">TRIA EL PLA MICROSOFT 365 QUE MILLOR S&#8217;ADAPTI A LES TEVES NECESSITATS<\/h2>\n<p>[\/vc_column_text][vc_empty_space height=&#8221;20&#8243;][vc_row_inner equal_height=&#8221;yes&#8221; gap=&#8221;10&#8243;][vc_column_inner width=&#8221;1\/3&#8243; css=&#8221;.vc_custom_1586257327602{background-color: #ffffff !important;}&#8221;][vc_single_image image=&#8221;16604&#8243; img_size=&#8221;full&#8221; alignment=&#8221;center&#8221;][\/vc_column_inner][vc_column_inner width=&#8221;1\/3&#8243; css=&#8221;.vc_custom_1586257337061{background-color: #ffffff !important;}&#8221;][vc_single_image image=&#8221;16603&#8243; img_size=&#8221;full&#8221; alignment=&#8221;center&#8221;][\/vc_column_inner][vc_column_inner width=&#8221;1\/3&#8243; css=&#8221;.vc_custom_1586257346065{background-color: #ffffff !important;}&#8221;][vc_single_image image=&#8221;16602&#8243; img_size=&#8221;full&#8221; alignment=&#8221;center&#8221;][\/vc_column_inner][\/vc_row_inner][\/vc_column][\/vc_row][vc_row content_full_width=&#8221;1&#8243; bg_style=&#8221;img_parallax&#8221;][vc_column][vc_empty_space height=&#8221;40&#8243;][vc_column_text]<\/p>\n<h2 style=\"text-align: center; font-size: 27px;\">TRIA EL PLA MICROSOFT 365 QUE MILLOR S&#8217;ADAPTI A LES TEVES NECESSITATS<\/h2>\n<p>[\/vc_column_text][vc_empty_space height=&#8221;30&#8243;][vc_row_inner equal_height=&#8221;yes&#8221; gap=&#8221;10&#8243;][vc_column_inner width=&#8221;1\/4&#8243; css=&#8221;.vc_custom_1586255373712{background-color: rgba(255,255,255,0.8) !important;*background-color: rgb(255,255,255) !important;}&#8221;][vc_single_image image=&#8221;45944&#8243; img_size=&#8221;full&#8221; alignment=&#8221;center&#8221;][\/vc_column_inner][vc_column_inner width=&#8221;1\/4&#8243; css=&#8221;.vc_custom_1586255410417{background-color: rgba(255,255,255,0.8) !important;*background-color: rgb(255,255,255) !important;}&#8221;][vc_single_image image=&#8221;45943&#8243; img_size=&#8221;full&#8221; alignment=&#8221;center&#8221;][\/vc_column_inner][vc_column_inner width=&#8221;1\/4&#8243; css=&#8221;.vc_custom_1586255435692{background-color: rgba(255,255,255,0.8) !important;*background-color: rgb(255,255,255) !important;}&#8221;][vc_single_image image=&#8221;45942&#8243; img_size=&#8221;full&#8221; alignment=&#8221;center&#8221;][\/vc_column_inner][vc_column_inner width=&#8221;1\/4&#8243; css=&#8221;.vc_custom_1586255452718{background-color: rgba(255,255,255,0.8) !important;*background-color: rgb(255,255,255) !important;}&#8221;][vc_single_image image=&#8221;45945&#8243; img_size=&#8221;full&#8221; alignment=&#8221;center&#8221;][\/vc_column_inner][\/vc_row_inner][vc_empty_space height=&#8221;50&#8243;][\/vc_column][\/vc_row][vc_row content_full_width=&#8221;1&#8243;][vc_column][vc_separator][\/vc_column][\/vc_row][vc_row content_full_width=&#8221;1&#8243; css=&#8221;.vc_custom_1570618604690{margin-top: -34px !important;}&#8221; el_id=&#8221;descargar-demo&#8221;][vc_column][vc_empty_space height=&#8221;40&#8243;][vc_column_text]<\/p>\n<h2 style=\"text-align: center; font-size: 28px;\">\u00a1CONTACTA CON NOSOTROS PARA SABER M\u00c1S SOBRE MICROSOFT 365!<\/h2>\n<p>[\/vc_column_text][vc_empty_space height=&#8221;12px&#8221;][vc_empty_space][\/vc_column][\/vc_row][vc_row content_full_width=&#8221;1&#8243; css=&#8221;.vc_custom_1570618604690{margin-top: -34px !important;}&#8221;][vc_column offset=&#8221;vc_hidden-xs&#8221;][vc_single_image image=&#8221;16612&#8243; img_size=&#8221;1587&#215;260&#8243; alignment=&#8221;center&#8221;][\/vc_column][\/vc_row][vc_row content_full_width=&#8221;1&#8243; css=&#8221;.vc_custom_1570618604690{margin-top: -34px !important;}&#8221;][vc_column offset=&#8221;vc_hidden-lg vc_hidden-md vc_hidden-sm&#8221;][vc_single_image image=&#8221;16613&#8243; img_size=&#8221;1587&#215;260&#8243; alignment=&#8221;center&#8221;][\/vc_column][\/vc_row][vc_row content_full_width=&#8221;1&#8243; css=&#8221;.vc_custom_1570618604690{margin-top: -34px !important;}&#8221;][vc_column][vc_empty_space][vc_column_text]<\/p>\n<h2 style=\"text-align: center; font-size: 28px;\">TRUCA&#8217;NS AL <strong>938 606 220<\/strong> O OMPLE EL FORMULARI DE CONTACTE<\/h2>\n<p>[\/vc_column_text][vc_empty_space height=&#8221;12px&#8221;][vc_column_text]<\/p>\n<h3 style=\"text-align: center;\">\u00c9s important especificar en les observacions que vols provar microsoft 365<\/h3>\n<p>[\/vc_column_text][vc_empty_space height=&#8221;50px&#8221;][\/vc_column][\/vc_row][vc_row overlay_background=&#8221;#eeeeee&#8221;][vc_column css=&#8221;.vc_custom_1570437667431{margin-top: -30px !important;}&#8221;]<p class=\"wpcf7-contact-form-not-found\"><strong>Error:<\/strong> Contact form not found.<\/p>[vc_empty_space height=&#8221;80&#8243;][\/vc_column][\/vc_row][vc_row content_full_width=&#8221;1&#8243;][vc_column][vc_separator][\/vc_column][\/vc_row][vc_row overflow_hidden=&#8221;1&#8243; css=&#8221;.vc_custom_1523442464295{margin-top: -32px !important;padding-top: 80px !important;}&#8221; el_id=&#8221;casos-exito&#8221;][vc_column center_content=&#8221;true&#8221;][vc_column_text]<\/p>\n<h2 style=\"text-align: center; font-family: 'Lato-LightItalic'; font-size: 36px;\">Clients satisfets<\/h2>\n<p>[\/vc_column_text][vc_empty_space height=&#8221;64px&#8221;][cms_special_carousel width_item=&#8221;100&#8243; height_item=&#8221;400&#8243; show_nav=&#8221;1&#8243; show_dots=&#8221;1&#8243; speed=&#8221;500&#8243; timeout=&#8221;5000&#8243; layout_style=&#8221;&#8221; source=&#8221;size:All|order_by:date|post_type:quote&#8221; cms_template=&#8221;cms_special_carousel&#8211;quote.php&#8221;][vc_btn title=&#8221;+ \u00c8XITS&#8221; shape=&#8221;square&#8221; align=&#8221;center&#8221; button_block=&#8221;true&#8221; button_width=&#8221;170px&#8221; button_text_color=&#8221;#e55a00&#8243; link=&#8221;url:https%3A%2F%2Fapen-informatica.onlinevalles.club%2Fca%2Fcasos-exit%2F|||&#8221; el_class=&#8221;boto-rosa&#8221;][\/vc_column][\/vc_row]<\/p>\n","protected":false},"excerpt":{"rendered":"<p>[vc_row bg_style=&#8221;img_parallax&#8221; css=&#8221;.vc_custom_1586185871400{background-image: url(https:\/\/apen-informatica.onlinevalles.club\/wp-content\/uploads\/2020\/04\/Parallax_o365.jpg?id=16517) !important;background-position: center !important;background-repeat: no-repeat !important;background-size: cover !important;}&#8221;][vc_column offset=&#8221;vc_hidden-xs&#8221;][vc_empty_space height=&#8221;115px&#8221;][vc_row_inner][vc_column_inner width=&#8221;1\/2&#8243;][\/vc_column_inner][vc_column_inner el_class=&#8221;backgrounderp&#8221; width=&#8221;1\/2&#8243;][vc_column_text el_class=&#8221;titol1&#8243;] MICROSOFT 365 [\/vc_column_text][vc_column_text el_class=&#8221;titol3&#8243;] La suite d&#8217;eines ofim\u00e0tiques, de correu i de col\u00b7laboraci\u00f3 m\u00e9s reconeguda del mercat [\/vc_column_text][vc_empty_space height=&#8221;40px&#8221;][vc_btn title=&#8221;Et contactem&#8221; align=&#8221;left&#8221; button_bg_color=&#8221;#a14d17&#8243; link=&#8221;url:%20%23descargar-demo|||&#8221; el_class=&#8221;contactbuton&#8221;][vc_single_image image=&#8221;16609&#8243; img_size=&#8221;full&#8221; alignment=&#8221;right&#8221; style=&#8221;vc_box_rounded&#8221; css_animation=&#8221;none&#8221; css=&#8221;.vc_custom_1603214414947{margin-top: -140px !important;margin-right: -15px !important;}&#8221; el_class=&#8221;iconolila&#8221;][\/vc_column_inner][\/vc_row_inner][vc_empty_space height=&#8221;115px&#8221;][\/vc_column][\/vc_row][vc_row bg_style=&#8221;img_parallax&#8221; [&hellip;]<\/p>\n","protected":false},"author":4,"featured_media":0,"parent":19730,"menu_order":0,"comment_status":"closed","ping_status":"closed","template":"","meta":{"_acf_changed":false,"footnotes":""},"class_list":["post-4043","page","type-page","status-publish","hentry"],"acf":[],"_links":{"self":[{"href":"https:\/\/apen-informatica.onlinevalles.club\/ca\/wp-json\/wp\/v2\/pages\/4043","targetHints":{"allow":["GET"]}}],"collection":[{"href":"https:\/\/apen-informatica.onlinevalles.club\/ca\/wp-json\/wp\/v2\/pages"}],"about":[{"href":"https:\/\/apen-informatica.onlinevalles.club\/ca\/wp-json\/wp\/v2\/types\/page"}],"author":[{"embeddable":true,"href":"https:\/\/apen-informatica.onlinevalles.club\/ca\/wp-json\/wp\/v2\/users\/4"}],"replies":[{"embeddable":true,"href":"https:\/\/apen-informatica.onlinevalles.club\/ca\/wp-json\/wp\/v2\/comments?post=4043"}],"version-history":[{"count":0,"href":"https:\/\/apen-informatica.onlinevalles.club\/ca\/wp-json\/wp\/v2\/pages\/4043\/revisions"}],"up":[{"embeddable":true,"href":"https:\/\/apen-informatica.onlinevalles.club\/ca\/wp-json\/wp\/v2\/pages\/19730"}],"wp:attachment":[{"href":"https:\/\/apen-informatica.onlinevalles.club\/ca\/wp-json\/wp\/v2\/media?parent=4043"}],"curies":[{"name":"wp","href":"https:\/\/api.w.org\/{rel}","templated":true}]}}