{"id":4046,"date":"2016-06-27T09:22:00","date_gmt":"2016-06-27T09:22:00","guid":{"rendered":"http:\/\/responsive.onlinevalles.es\/ca\/?page_id=4046"},"modified":"2022-08-05T07:42:23","modified_gmt":"2022-08-05T07:42:23","slug":"servidors-virtuals","status":"publish","type":"page","link":"https:\/\/apen-informatica.onlinevalles.club\/ca\/solucions-cloud\/servidors-virtuals\/","title":{"rendered":"Servidors Virtuals"},"content":{"rendered":"<p>[vc_row bg_style=&#8221;img_parallax&#8221; css=&#8221;.vc_custom_1602092418852{background-image: url(https:\/\/apen-informatica.onlinevalles.club\/wp-content\/uploads\/2020\/10\/servidores_vps-parallax.jpg?id=19401) !important;background-position: center !important;background-repeat: no-repeat !important;background-size: cover !important;}&#8221;][vc_column offset=&#8221;vc_hidden-xs&#8221;][vc_empty_space height=&#8221;115px&#8221;][vc_row_inner][vc_column_inner el_class=&#8221;backgrounderp&#8221; width=&#8221;1\/2&#8243;][vc_column_text el_class=&#8221;titol1&#8243;]<\/p>\n<h1>SERVIDORS VIRTUALS<\/h1>\n<p>[\/vc_column_text][vc_empty_space height=&#8221;10px&#8221;][vc_column_text el_class=&#8221;titol3&#8243;]<\/p>\n<h3>Ha arribat el moment d&#8217;externalitzar i pujar tota<\/h3>\n<h3>la infraestructura de la teva empresa al n\u00favol<\/h3>\n<p>[\/vc_column_text][vc_empty_space height=&#8221;20px&#8221;][vc_btn title=&#8221;Et contactem&#8221; align=&#8221;left&#8221; button_bg_color=&#8221;#a14d17&#8243; link=&#8221;url:%23descargar-demo|||&#8221; el_class=&#8221;contactbuton3&#8243;][vc_single_image image=&#8221;19429&#8243; img_size=&#8221;full&#8221; alignment=&#8221;right&#8221; style=&#8221;vc_box_rounded&#8221; css=&#8221;.vc_custom_1602163918267{margin-top: -170px !important;margin-right: -110px !important;}&#8221; el_class=&#8221;iconolila&#8221;][vc_empty_space height=&#8221;10&#8243;][\/vc_column_inner][vc_column_inner width=&#8221;1\/2&#8243;][\/vc_column_inner][\/vc_row_inner][vc_empty_space height=&#8221;115px&#8221;][\/vc_column][\/vc_row][vc_row bg_style=&#8221;img_parallax&#8221; css=&#8221;.vc_custom_1602092522288{background-image: url(https:\/\/apen-informatica.onlinevalles.club\/wp-content\/uploads\/2020\/10\/servidores_vps-parallax.jpg?id=19401) !important;background-position: center !important;background-repeat: no-repeat !important;background-size: cover !important;}&#8221;][vc_column offset=&#8221;vc_hidden-lg vc_hidden-md vc_hidden-sm&#8221;][vc_empty_space height=&#8221;115px&#8221;][vc_row_inner css=&#8221;.vc_custom_1602079650051{background-color: rgba(229,90,0,0.8) !important;*background-color: rgb(229,90,0) !important;}&#8221;][vc_column_inner width=&#8221;1\/2&#8243;][vc_column_text el_class=&#8221;titol1&#8243;]<\/p>\n<h1>SERVIDORS VIRTUALS<\/h1>\n<p>[\/vc_column_text][vc_empty_space height=&#8221;10px&#8221;][vc_column_text el_class=&#8221;titol3&#8243;]<\/p>\n<h3>Ha arribat el moment d&#8217;externalitzar i pujar tota la infraestructura de la teva empresa al n\u00favol<\/h3>\n<p>[\/vc_column_text][vc_empty_space height=&#8221;20px&#8221;][vc_btn title=&#8221;Et contactem&#8221; align=&#8221;left&#8221; button_bg_color=&#8221;#a14d17&#8243; link=&#8221;url:%23descargar-demo|||&#8221; el_class=&#8221;contactbuton3&#8243;][vc_empty_space height=&#8221;10px&#8221;][vc_single_image image=&#8221;19429&#8243; img_size=&#8221;full&#8221; style=&#8221;vc_box_rounded&#8221;][\/vc_column_inner][vc_column_inner width=&#8221;1\/2&#8243;][\/vc_column_inner][\/vc_row_inner][vc_empty_space height=&#8221;115px&#8221;][\/vc_column][\/vc_row][vc_row content_full_width=&#8221;1&#8243;][vc_column][vc_empty_space height=&#8221;60&#8243;][vc_column_text]<\/p>\n<h2 style=\"text-align: center; font-size: 27px;\">OBLIDA&#8217;T DE COMPRAR, ACTUALITZAR I MANTENIR COSTOSES INFRAESTRUCTURES A LA TEVA EMPRESA<\/h2>\n<p>[\/vc_column_text][vc_empty_space height=&#8221;50px&#8221;][\/vc_column][\/vc_row][vc_row][vc_column][vc_row_inner][vc_column_inner width=&#8221;1\/3&#8243;][vc_icon icon_fontawesome=&#8221;fas fa-arrows-alt-h&#8221; color=&#8221;custom&#8221; size=&#8221;xl&#8221; align=&#8221;center&#8221; custom_color=&#8221;#e55a00&#8243;][vc_column_text]<\/p>\n<h2 style=\"text-align: center; font-size: 28px;\">MAJOR ESCALABILITAT<\/h2>\n<p>[\/vc_column_text][vc_empty_space height=&#8221;25px&#8221;][vc_column_text]<\/p>\n<p style=\"text-align: center;\"><span class=\"txt\">Els recursos s&#8217;adapten a la mida de les necessitats del teu negoci. Flexibilitat m\u00e0xima per a les empreses que creixen o tenen necessitats puntuals per facilitat en la gesti\u00f3 de recursos.<\/span><\/p>\n<p>[\/vc_column_text][vc_empty_space height=&#8221;40&#8243;][\/vc_column_inner][vc_column_inner width=&#8221;1\/3&#8243;][vc_icon icon_fontawesome=&#8221;fas fa-lock&#8221; color=&#8221;custom&#8221; size=&#8221;xl&#8221; align=&#8221;center&#8221; custom_color=&#8221;#e55a00&#8243;][vc_column_text]<\/p>\n<h2 style=\"text-align: center; font-size: 28px;\">M\u00c9S SEGURETAT<\/h2>\n<p>[\/vc_column_text][vc_empty_space height=&#8221;25px&#8221;][vc_column_text]<\/p>\n<p style=\"text-align: center;\"><span class=\"txt\">Allotjats en un centre de dades especialitzat amb millors garanties de seguretat que les de la teva empresa amb subministrament ininterromput d&#8217;energia, climatitzaci\u00f3, protecci\u00f3 antiDDos, etc &#8230;<br \/>\n<\/span><\/p>\n<p>[\/vc_column_text][vc_empty_space height=&#8221;40&#8243;][\/vc_column_inner][vc_column_inner width=&#8221;1\/3&#8243;][vc_icon icon_fontawesome=&#8221;fas fa-sign-in-alt&#8221; color=&#8221;custom&#8221; size=&#8221;xl&#8221; align=&#8221;center&#8221; custom_color=&#8221;#e55a00&#8243;][vc_column_text]<\/p>\n<h2 style=\"text-align: center; font-size: 28px;\">SEMPRE ACCESIBLE<\/h2>\n<h2 style=\"text-align: center; font-size: 28px;\"><\/h2>\n<p>[\/vc_column_text][vc_empty_space height=&#8221;25px&#8221;][vc_column_text]<\/p>\n<p style=\"text-align: center;\"><span class=\"txt\">Dades i aplicacions sempre disponibles des de qualsevol lloc. Acc\u00e9s descentralitzat, entorns de teletreball, m\u00e0xima mobilitat i acc\u00e9s a internet il\u00b7limitat per a \u00fas empresarial.<br \/>\n<\/span><\/p>\n<p>[\/vc_column_text][vc_empty_space height=&#8221;40&#8243;][\/vc_column_inner][\/vc_row_inner][vc_empty_space height=&#8221;20&#8243;][\/vc_column][\/vc_row][vc_row overlay_background=&#8221;#343434&#8243; css=&#8221;.vc_custom_1601919243012{background-color: #343434 !important;}&#8221;][vc_column overlay_background=&#8221;#343434&#8243;][vc_empty_space height=&#8221;32&#8243; css=&#8221;.vc_custom_1601919334187{background-color: #343434 !important;}&#8221;][vc_column_text]<\/p>\n<h2 style=\"text-align: center; font-size: 27px;\"><span style=\"color: #ffffff;\">QUIN TIPUS DE SERVIDOR HEM ESCOLLIR PER AL NOSTRE NEGOCI?<\/span><\/h2>\n<p>[\/vc_column_text][vc_empty_space height=&#8221;32&#8243; css=&#8221;.vc_custom_1601919339650{background-color: #343434 !important;}&#8221;][\/vc_column][\/vc_row][vc_row full_height=&#8221;yes&#8221; overlay_background=&#8221;#eeeeee&#8221;][vc_column][vc_empty_space height=&#8221;32&#8243;][vc_column_text]<\/p>\n<p style=\"text-align: center;\">Moltes empreses es fan aquesta mateixa pregunta, per\u00f2 per obtenir la resposta correcta cal tenir en compte diversos factors.<br \/>\nConsulta la seg\u00fcent comparativa per veure les diferents prestacions de cada modalitat.<\/p>\n<p>[\/vc_column_text][\/vc_column][\/vc_row][vc_row full_height=&#8221;yes&#8221; content_full_width=&#8221;1&#8243; overlay_background=&#8221;#eeeeee&#8221;][vc_column offset=&#8221;vc_hidden-xs&#8221;][vc_single_image image=&#8221;19433&#8243; img_size=&#8221;full&#8221; alignment=&#8221;center&#8221;][\/vc_column][\/vc_row][vc_row full_height=&#8221;yes&#8221; content_full_width=&#8221;1&#8243; overlay_background=&#8221;#eeeeee&#8221;][vc_column overlay_background=&#8221;#eeeeee&#8221; offset=&#8221;vc_hidden-lg vc_hidden-md vc_hidden-sm&#8221;][vc_single_image image=&#8221;19432&#8243; img_size=&#8221;full&#8221; alignment=&#8221;center&#8221;][\/vc_column][\/vc_row][vc_row content_full_width=&#8221;1&#8243; css=&#8221;.vc_custom_1601648290561{background-color: #e55a00 !important;}&#8221;][vc_column][vc_empty_space height=&#8221;32&#8243;][vc_column_text]<\/p>\n<h2 style=\"text-align: center; font-size: 27px;\"><span style=\"color: #ffffff;\">SEGUEIXES DUBTANT ENTRE RENOVAR ELS SERVIDORS F\u00cdSICS O CONTRACTAR SERVIDORS EN EL N\u00daVOL?<\/span><\/h2>\n<p>[\/vc_column_text][vc_column_text]<\/p>\n<p style=\"text-align: center;\"><span style=\"color: #ffffff;\">Apen t&#8217;ofereix un estudi gratu\u00eft de valoraci\u00f3 de costos i viabilitat per esbrinar quin tipus de servidor \u00e9s el millor s&#8217;adapta a les necessitats de la teva empresa.<\/span><\/p>\n<p>[\/vc_column_text][vc_empty_space height=&#8221;32&#8243;][\/vc_column][\/vc_row][vc_row content_full_width=&#8221;1&#8243; css=&#8221;.vc_custom_1570618604690{margin-top: -34px !important;}&#8221; el_id=&#8221;descargar-demo&#8221;][vc_column][vc_empty_space height=&#8221;90&#8243;][vc_column_text]<\/p>\n<h2 style=\"text-align: center; font-size: 28px;\">CONTACTA AMB NOSALTRES PER SABER M\u00c9S SOBRE SERVIDORS VIRTUALS!<\/h2>\n<p>[\/vc_column_text][vc_empty_space height=&#8221;12px&#8221;][vc_empty_space][\/vc_column][\/vc_row][vc_row content_full_width=&#8221;1&#8243; css=&#8221;.vc_custom_1570618604690{margin-top: -34px !important;}&#8221;][vc_column offset=&#8221;vc_hidden-xs&#8221;][vc_single_image image=&#8221;16696&#8243; img_size=&#8221;1587&#215;260&#8243; alignment=&#8221;center&#8221;][\/vc_column][\/vc_row][vc_row content_full_width=&#8221;1&#8243; css=&#8221;.vc_custom_1570618604690{margin-top: -34px !important;}&#8221;][vc_column offset=&#8221;vc_hidden-lg vc_hidden-md vc_hidden-sm&#8221;][vc_single_image image=&#8221;16695&#8243; img_size=&#8221;1587&#215;260&#8243; alignment=&#8221;center&#8221;][\/vc_column][\/vc_row][vc_row content_full_width=&#8221;1&#8243;][vc_column][vc_empty_space][vc_column_text]<\/p>\n<h2 style=\"text-align: center; font-size: 28px;\">TRUCA&#8217;NS AL <strong>938 606 220<\/strong> O OMPLE EL FORMULARI DE CONTACTE<\/h2>\n<p>[\/vc_column_text][vc_empty_space height=&#8221;12px&#8221;][vc_column_text]<\/p>\n<h3 style=\"text-align: center;\">\u00c9s important especificar en les observacions que vols m\u00e9s informaci\u00f3 sobre servidors virtuals<\/h3>\n<p>[\/vc_column_text][vc_empty_space height=&#8221;50px&#8221;][\/vc_column][\/vc_row][vc_row overlay_background=&#8221;#eeeeee&#8221;][vc_column css=&#8221;.vc_custom_1570437667431{margin-top: -30px !important;}&#8221;]<p class=\"wpcf7-contact-form-not-found\"><strong>Error:<\/strong> Contact form not found.<\/p>[vc_empty_space height=&#8221;80&#8243;][\/vc_column][\/vc_row][vc_row content_full_width=&#8221;1&#8243;][vc_column][vc_separator][\/vc_column][\/vc_row][vc_row overflow_hidden=&#8221;1&#8243; css=&#8221;.vc_custom_1523442464295{margin-top: -32px !important;padding-top: 80px !important;}&#8221; el_id=&#8221;casos-exito&#8221;][vc_column center_content=&#8221;true&#8221;][vc_column_text]<\/p>\n<h2 style=\"text-align: center; font-family: 'Lato-LightItalic'; font-size: 36px;\">Clients satisfets<\/h2>\n<p>[\/vc_column_text][vc_empty_space height=&#8221;64px&#8221;][cms_special_carousel width_item=&#8221;100&#8243; height_item=&#8221;400&#8243; show_nav=&#8221;1&#8243; show_dots=&#8221;1&#8243; speed=&#8221;500&#8243; timeout=&#8221;5000&#8243; layout_style=&#8221;&#8221; source=&#8221;size:All|order_by:date|post_type:quote&#8221; cms_template=&#8221;cms_special_carousel&#8211;quote.php&#8221;][vc_btn title=&#8221;+ \u00c8XITS&#8221; shape=&#8221;square&#8221; align=&#8221;center&#8221; button_block=&#8221;true&#8221; button_width=&#8221;170px&#8221; button_text_color=&#8221;#e55a00&#8243; link=&#8221;url:https%3A%2F%2Fapen-informatica.onlinevalles.club%2Fca%2Fcasos-exit%2F|||&#8221; el_class=&#8221;boto-rosa&#8221;][\/vc_column][\/vc_row]<\/p>\n","protected":false},"excerpt":{"rendered":"<p>[vc_row bg_style=&#8221;img_parallax&#8221; css=&#8221;.vc_custom_1602092418852{background-image: url(https:\/\/apen-informatica.onlinevalles.club\/wp-content\/uploads\/2020\/10\/servidores_vps-parallax.jpg?id=19401) !important;background-position: center !important;background-repeat: no-repeat !important;background-size: cover !important;}&#8221;][vc_column offset=&#8221;vc_hidden-xs&#8221;][vc_empty_space height=&#8221;115px&#8221;][vc_row_inner][vc_column_inner el_class=&#8221;backgrounderp&#8221; width=&#8221;1\/2&#8243;][vc_column_text el_class=&#8221;titol1&#8243;] SERVIDORS VIRTUALS [\/vc_column_text][vc_empty_space height=&#8221;10px&#8221;][vc_column_text el_class=&#8221;titol3&#8243;] Ha arribat el moment d&#8217;externalitzar i pujar tota la infraestructura de la teva empresa al n\u00favol [\/vc_column_text][vc_empty_space height=&#8221;20px&#8221;][vc_btn title=&#8221;Et contactem&#8221; align=&#8221;left&#8221; button_bg_color=&#8221;#a14d17&#8243; link=&#8221;url:%23descargar-demo|||&#8221; el_class=&#8221;contactbuton3&#8243;][vc_single_image image=&#8221;19429&#8243; img_size=&#8221;full&#8221; alignment=&#8221;right&#8221; style=&#8221;vc_box_rounded&#8221; css=&#8221;.vc_custom_1602163918267{margin-top: -170px !important;margin-right: -110px !important;}&#8221; el_class=&#8221;iconolila&#8221;][vc_empty_space [&hellip;]<\/p>\n","protected":false},"author":4,"featured_media":0,"parent":19730,"menu_order":0,"comment_status":"closed","ping_status":"closed","template":"","meta":{"_acf_changed":false,"footnotes":""},"class_list":["post-4046","page","type-page","status-publish","hentry"],"acf":[],"_links":{"self":[{"href":"https:\/\/apen-informatica.onlinevalles.club\/ca\/wp-json\/wp\/v2\/pages\/4046","targetHints":{"allow":["GET"]}}],"collection":[{"href":"https:\/\/apen-informatica.onlinevalles.club\/ca\/wp-json\/wp\/v2\/pages"}],"about":[{"href":"https:\/\/apen-informatica.onlinevalles.club\/ca\/wp-json\/wp\/v2\/types\/page"}],"author":[{"embeddable":true,"href":"https:\/\/apen-informatica.onlinevalles.club\/ca\/wp-json\/wp\/v2\/users\/4"}],"replies":[{"embeddable":true,"href":"https:\/\/apen-informatica.onlinevalles.club\/ca\/wp-json\/wp\/v2\/comments?post=4046"}],"version-history":[{"count":0,"href":"https:\/\/apen-informatica.onlinevalles.club\/ca\/wp-json\/wp\/v2\/pages\/4046\/revisions"}],"up":[{"embeddable":true,"href":"https:\/\/apen-informatica.onlinevalles.club\/ca\/wp-json\/wp\/v2\/pages\/19730"}],"wp:attachment":[{"href":"https:\/\/apen-informatica.onlinevalles.club\/ca\/wp-json\/wp\/v2\/media?parent=4046"}],"curies":[{"name":"wp","href":"https:\/\/api.w.org\/{rel}","templated":true}]}}