{"id":4055,"date":"2016-05-26T16:00:24","date_gmt":"2016-05-26T16:00:24","guid":{"rendered":"http:\/\/responsive.onlinevalles.es\/ca\/?page_id=4055"},"modified":"2023-10-11T12:24:17","modified_gmt":"2023-10-11T12:24:17","slug":"empresa","status":"publish","type":"page","link":"https:\/\/apen-informatica.onlinevalles.club\/ca\/empresa\/","title":{"rendered":"Empresa. Software i Manteniment Inform\u00e0tic."},"content":{"rendered":"<p>[vc_row content_full_width=&#8221;1&#8243;][vc_column][vc_separator][\/vc_column][\/vc_row][vc_row][vc_column][vc_column_text]<\/p>\n<h1><span style=\"color: #70c6e7;\">EMPRESA<\/span><\/h1>\n<p>[\/vc_column_text][vc_empty_space height=&#8221;48px&#8221;][\/vc_column][\/vc_row][vc_row content_full_width=&#8221;1&#8243;][vc_column][vc_text_separator title=&#8221;&#8221;][\/vc_column][\/vc_row][vc_row][vc_column][vc_empty_space][vc_column_text]<\/p>\n<h2 style=\"text-align: center;\">Apen, especialistes en serveis inform\u00e0tics<\/h2>\n<p>[\/vc_column_text][vc_empty_space height=&#8221;48px&#8221;][\/vc_column][\/vc_row][vc_row full_width=&#8221;stretch_row_content_no_spaces&#8221; content_full_width=&#8221;1&#8243;][vc_column][vc_video link=&#8221;https:\/\/www.youtube.com\/watch?v=E76NzyTiZhg&#8221; align=&#8221;center&#8221;][\/vc_column][\/vc_row][vc_row css=&#8221;.vc_custom_1639650529490{margin-right: 10px !important;margin-left: 10px !important;}&#8221;][vc_column css=&#8221;.vc_custom_1639650630758{margin-right: 10px !important;margin-left: 10px !important;}&#8221;][vc_empty_space][vc_column_text]<\/p>\n<h3 style=\"text-align: center;\">A <strong>Apen<\/strong> som especialistes en la <strong>implantaci\u00f3<\/strong> i el <strong>manteniment d&#8217;equips inform\u00e0tics<\/strong>, aportant <strong>solucions per a la gesti\u00f3 de les empreses<\/strong> amb l&#8217;objectiu de <strong>millorar la capacitat competitiva<\/strong> dels nostres clients.<\/h3>\n<p>[\/vc_column_text][vc_empty_space height=&#8221;38&#8243;][\/vc_column][\/vc_row][vc_row][vc_column css=&#8221;.vc_custom_1639650678632{margin-right: 10px !important;margin-left: 10px !important;}&#8221;][vc_column_text]<\/p>\n<p style=\"text-align: justify;\">Despr\u00e9s de m\u00e9s de <strong>trenta anys de traject\u00f2ria<\/strong>, molts han estat els \u00e8xits que hem aconseguit i que ens han portat a seguir creixent, donant resposta a les demandes del nostre p\u00fablic i a la pr\u00f2pia evoluci\u00f3 del mercat pel que fa a les necessitats inform\u00e0tiques i de la gesti\u00f3 empresarial.<\/p>\n<p>[\/vc_column_text][vc_column_text]<\/p>\n<p style=\"text-align: justify;\">Han estat molts els obstacles a superar i les noves metes a assolir, per\u00f2 gr\u00e0cies a l&#8217;esfor\u00e7, al comprom\u00eds i a la vocaci\u00f3 que sentim per aquesta professi\u00f3, tot objectiu s&#8217;ha vist complert i ens ha perm\u00e8s mirar cap a un futur prometedor, vetllant sempre per complir amb la m\u00e0xima que <strong>sost\u00e9 la nostra filosofia empresarial: la vostra satisfacci\u00f3<\/strong>.<\/p>\n<p>[\/vc_column_text][\/vc_column][\/vc_row][vc_row el_id=&#8221;trayectoria&#8221;][vc_column][vc_empty_space height=&#8221;80px&#8221;][vc_column_text]<\/p>\n<h2 style=\"text-align: center; font-family: 'Lato-LightItalic'; font-size: 36px;\">La nostra traject\u00f2ria, la vostra garantia<\/h2>\n<p>[\/vc_column_text][vc_empty_space height=&#8221;80px&#8221;][vc_row_inner][vc_column_inner width=&#8221;1\/6&#8243;][vc_single_image image=&#8221;37999&#8243; img_size=&#8221;full&#8221; alignment=&#8221;center&#8221;][vc_empty_space height=&#8221;10&#8243;][vc_column_text]<\/p>\n<h3 style=\"text-align: center;\"><strong><span style=\"color: #70c6e7;\">1991<\/span><\/strong><\/h3>\n<p>[\/vc_column_text][vc_column_text el_class=&#8221;any&#8221;]<\/p>\n<p style=\"text-align: center;\">Obertura a Granollers<\/p>\n<p>[\/vc_column_text][\/vc_column_inner][vc_column_inner width=&#8221;1\/6&#8243;][vc_single_image image=&#8221;38000&#8243; img_size=&#8221;full&#8221; alignment=&#8221;center&#8221;][vc_empty_space height=&#8221;10&#8243;][vc_column_text]<\/p>\n<h3 style=\"text-align: center;\"><strong><span style=\"color: #70c6e7;\">1992<\/span><\/strong><\/h3>\n<p>[\/vc_column_text][vc_column_text el_class=&#8221;any&#8221;]<\/p>\n<p style=\"text-align: center;\">Fabricaci\u00f3 de software de gesti\u00f3<\/p>\n<p>[\/vc_column_text][\/vc_column_inner][vc_column_inner width=&#8221;1\/6&#8243;][vc_single_image image=&#8221;38001&#8243; img_size=&#8221;full&#8221; alignment=&#8221;center&#8221;][vc_empty_space height=&#8221;10&#8243;][vc_column_text]<\/p>\n<h3 style=\"text-align: center;\"><strong><span style=\"color: #70c6e7;\">1995<\/span><\/strong><\/h3>\n<p>[\/vc_column_text][vc_column_text el_class=&#8221;any&#8221;]<\/p>\n<p style=\"text-align: center;\">Distribuci\u00f3 software SIE<\/p>\n<p>[\/vc_column_text][\/vc_column_inner][vc_column_inner width=&#8221;1\/6&#8243;][vc_single_image image=&#8221;38004&#8243; img_size=&#8221;full&#8221; alignment=&#8221;center&#8221;][vc_empty_space height=&#8221;10&#8243;][vc_column_text]<\/p>\n<h3 style=\"text-align: center;\"><strong><span style=\"color: #70c6e7;\">1998<\/span><\/strong><\/h3>\n<p>[\/vc_column_text][vc_column_text el_class=&#8221;any&#8221;]<\/p>\n<p style=\"text-align: center;\">1r premi a la &#8220;Millor empresa de serveis del Vall\u00e8s Oriental&#8221;<\/p>\n<p>[\/vc_column_text][\/vc_column_inner][vc_column_inner width=&#8221;1\/6&#8243;][vc_single_image image=&#8221;38005&#8243; img_size=&#8221;full&#8221; alignment=&#8221;center&#8221;][vc_empty_space height=&#8221;10&#8243;][vc_column_text]<\/p>\n<h3 style=\"text-align: center;\"><strong><span style=\"color: #70c6e7;\">2003<\/span><\/strong><\/h3>\n<p>[\/vc_column_text][vc_column_text el_class=&#8221;any&#8221;]<\/p>\n<p style=\"text-align: center;\">Implantaci\u00f3 ISO-9001<\/p>\n<p>[\/vc_column_text][\/vc_column_inner][vc_column_inner width=&#8221;1\/6&#8243;][vc_single_image image=&#8221;38006&#8243; img_size=&#8221;full&#8221; alignment=&#8221;center&#8221;][vc_empty_space height=&#8221;10&#8243;][vc_column_text]<\/p>\n<h3 style=\"text-align: center;\"><strong><span style=\"color: #70c6e7;\">2008<\/span><\/strong><\/h3>\n<p>[\/vc_column_text][vc_column_text el_class=&#8221;any&#8221;]<\/p>\n<p style=\"text-align: center;\">Nou centre de operacions al Vall\u00e8s Oriental<\/p>\n<p>[\/vc_column_text][\/vc_column_inner][\/vc_row_inner][vc_row_inner][vc_column_inner width=&#8221;1\/6&#8243;][vc_single_image image=&#8221;38007&#8243; img_size=&#8221;full&#8221; alignment=&#8221;center&#8221;][vc_empty_space height=&#8221;10&#8243;][vc_column_text]<\/p>\n<h3 style=\"text-align: center;\"><strong><span style=\"color: #70c6e7;\">2011<\/span><\/strong><\/h3>\n<p>[\/vc_column_text][vc_column_text el_class=&#8221;any&#8221;]<\/p>\n<p style=\"text-align: center;\">A3 adquireix SIE. Apen \u00e9s reconegut com un dels seus principals distribu\u00efdors a Catalunya<\/p>\n<p>[\/vc_column_text][\/vc_column_inner][vc_column_inner width=&#8221;1\/6&#8243;][vc_single_image image=&#8221;38009&#8243; img_size=&#8221;full&#8221; alignment=&#8221;center&#8221;][vc_empty_space height=&#8221;10&#8243;][vc_column_text]<\/p>\n<h3 style=\"text-align: center;\"><strong><span style=\"color: #70c6e7;\">2013<\/span><\/strong><\/h3>\n<p>[\/vc_column_text][vc_column_text el_class=&#8221;any&#8221;]<\/p>\n<p style=\"text-align: center;\">Incorporaci\u00f3 de solucions cloud<\/p>\n<p>[\/vc_column_text][\/vc_column_inner][vc_column_inner width=&#8221;1\/6&#8243;][vc_single_image image=&#8221;38010&#8243; img_size=&#8221;full&#8221; alignment=&#8221;center&#8221;][vc_empty_space height=&#8221;10&#8243;][vc_column_text]<\/p>\n<h3 style=\"text-align: center;\"><strong><span style=\"color: #70c6e7;\">2015<\/span><\/strong><\/h3>\n<p>[\/vc_column_text][vc_column_text el_class=&#8221;any&#8221;]<\/p>\n<p style=\"text-align: center;\">Desenvolupament i comercialitzaci\u00f3 de TIQUEA, programari de servei t\u00e8cnic propi<\/p>\n<p>[\/vc_column_text][\/vc_column_inner][vc_column_inner width=&#8221;1\/6&#8243;][vc_single_image image=&#8221;38012&#8243; img_size=&#8221;full&#8221; alignment=&#8221;center&#8221;][vc_empty_space height=&#8221;10&#8243;][vc_column_text]<\/p>\n<h3 style=\"text-align: center;\"><strong><span style=\"color: #70c6e7;\">2020<\/span><\/strong><\/h3>\n<p>[\/vc_column_text][vc_column_text el_class=&#8221;any&#8221;]<\/p>\n<p style=\"text-align: center;\">Distribuci\u00f3 de Watchguard. Incorporaci\u00f3 de les solucions ciberseguretat i teletreball<\/p>\n<p>[\/vc_column_text][\/vc_column_inner][vc_column_inner width=&#8221;1\/6&#8243;][vc_single_image image=&#8221;38013&#8243; img_size=&#8221;full&#8221; alignment=&#8221;center&#8221;][vc_empty_space height=&#8221;10&#8243;][vc_column_text]<\/p>\n<h3 style=\"text-align: center;\"><strong><span style=\"color: #70c6e7;\">2022<\/span><\/strong><\/h3>\n<p>[\/vc_column_text][vc_column_text el_class=&#8221;any&#8221;]<\/p>\n<p style=\"text-align: center;\">Iso-Gest s&#8217;uneix a Apen<br \/>\nper sumar forces<\/p>\n<p>[\/vc_column_text][\/vc_column_inner][vc_column_inner width=&#8221;1\/6&#8243;][vc_single_image image=&#8221;44207&#8243; img_size=&#8221;full&#8221; alignment=&#8221;center&#8221;][vc_empty_space height=&#8221;10&#8243;][vc_column_text]<\/p>\n<h3 style=\"text-align: center;\"><strong><span style=\"color: #70c6e7;\">2023<\/span><\/strong><\/h3>\n<p>[\/vc_column_text][vc_column_text el_class=&#8221;any&#8221;]<\/p>\n<p style=\"text-align: center;\">Certificaci\u00f3 ISO<br \/>\n27001:2013<\/p>\n<p>[\/vc_column_text][\/vc_column_inner][\/vc_row_inner][\/vc_column][\/vc_row][vc_row][vc_column][vc_empty_space height=&#8221;64&#8243;][\/vc_column][\/vc_row][vc_row content_full_width=&#8221;1&#8243; same_height=&#8221;1&#8243; el_class=&#8221;imatge-text&#8221;][vc_column width=&#8221;1\/4&#8243; center_content=&#8221;true&#8221; content_vertical_center=&#8221;true&#8221; offset=&#8221;vc_col-lg-3 vc_col-md-12 vc_col-xs-12&#8243;][\/vc_column][vc_column center_content=&#8221;true&#8221; content_vertical_center=&#8221;true&#8221; background_position_custom=&#8221;100%&#8221; offset=&#8221;vc_col-lg-3 vc_col-md-12 vc_col-xs-12&#8243;][vc_empty_space][vc_column_text]<\/p>\n<h2 style=\"font-size: 28px;\">ESPECIALISTES EN LA IMPLANTACI\u00d3 I EL MANTENIMENT D&#8217;EQUIPS INFORM\u00c0TICS<\/h2>\n<p>[\/vc_column_text][vc_empty_space][\/vc_column][vc_column background_position_custom=&#8221;100% 100%&#8221; offset=&#8221;vc_col-lg-6 vc_col-md-12 vc_col-xs-12&#8243; css=&#8221;.vc_custom_1477416069839{background-image: url(https:\/\/apen-informatica.onlinevalles.club\/wp-content\/uploads\/2016\/05\/empresa-foto-2.png?id=1921) !important;background-position: center !important;background-repeat: no-repeat !important;background-size: cover !important;}&#8221;][vc_empty_space height=&#8221;400px&#8221;][\/vc_column][\/vc_row][vc_row][vc_column][vc_empty_space height=&#8221;60&#8243;][vc_column_text]<\/p>\n<h2 style=\"text-align: center; font-family: 'Lato-LightItalic'; font-size: 36px;\">Els nostres valors<\/h2>\n<p>[\/vc_column_text][vc_empty_space height=&#8221;50px&#8221;][\/vc_column][\/vc_row][vc_row][vc_column][vc_row_inner gap=&#8221;20&#8243; css=&#8221;.vc_custom_1639584576347{margin-right: 10px !important;margin-left: 10px !important;}&#8221;][vc_column_inner width=&#8221;1\/3&#8243;][vc_icon icon_fontawesome=&#8221;fab fa-gratipay&#8221; color=&#8221;custom&#8221; size=&#8221;xl&#8221; align=&#8221;center&#8221; custom_color=&#8221;#70c6e7&#8243;][vc_column_text]<\/p>\n<h2 style=\"text-align: center; font-size: 28px;\">PASSI\u00d3<\/h2>\n<p>[\/vc_column_text][vc_empty_space height=&#8221;25px&#8221;][vc_column_text]<\/p>\n<p style=\"text-align: center;\"><span class=\"txt\"> \u00c9s el nostre motor, el que ens mou i motiva, entusiasme pels productes i serveis que lliurem als nostres clients.<\/span><\/p>\n<p>[\/vc_column_text][vc_empty_space height=&#8221;40&#8243;][\/vc_column_inner][vc_column_inner width=&#8221;1\/3&#8243; css=&#8221;.vc_custom_1639571801717{margin-right: 0px !important;margin-left: 0px !important;}&#8221;][vc_icon icon_fontawesome=&#8221;fas fa-thumbs-up&#8221; color=&#8221;custom&#8221; size=&#8221;xl&#8221; align=&#8221;center&#8221; custom_color=&#8221;#70c6e7&#8243;][vc_column_text]<\/p>\n<h2 style=\"text-align: center; font-size: 28px;\">ACTITUD POSITIVA<\/h2>\n<p>[\/vc_column_text][vc_empty_space height=&#8221;25px&#8221;][vc_column_text]<\/p>\n<p style=\"text-align: center;\"><span class=\"txt\">Pensar de manera constructiva, pr\u00e0ctica, objectiva i sana. Ser positius ens ajuda a dur a terme projectes complexos i situacions que ho requereixen.<\/span><\/p>\n<p>[\/vc_column_text][vc_empty_space height=&#8221;40&#8243;][\/vc_column_inner][vc_column_inner width=&#8221;1\/3&#8243; css=&#8221;.vc_custom_1639571809005{margin-right: 0px !important;margin-left: 0px !important;}&#8221;][vc_icon icon_fontawesome=&#8221;fas fa-users&#8221; color=&#8221;custom&#8221; size=&#8221;xl&#8221; align=&#8221;center&#8221; custom_color=&#8221;#70c6e7&#8243;][vc_column_text]<\/p>\n<h2 style=\"text-align: center; font-size: 28px;\">TREBALL EN EQUIP<\/h2>\n<h2 style=\"text-align: center; font-size: 28px;\"><\/h2>\n<p>[\/vc_column_text][vc_empty_space height=&#8221;25px&#8221;][vc_column_text]<\/p>\n<p style=\"text-align: center;\"><span class=\"txt\"> Controla el teu pressupost i reserva els fons propis per a inversions relacionades amb l&#8217;activitat principal de la teva empresa.<br \/>\n<\/span><\/p>\n<p>[\/vc_column_text][vc_empty_space height=&#8221;40&#8243;][\/vc_column_inner][\/vc_row_inner][vc_row_inner gap=&#8221;20&#8243; css=&#8221;.vc_custom_1639584586420{margin-right: 10px !important;margin-left: 10px !important;}&#8221;][vc_column_inner width=&#8221;1\/3&#8243; css=&#8221;.vc_custom_1639571794982{margin-right: 0px !important;margin-left: 0px !important;}&#8221;][vc_icon icon_fontawesome=&#8221;fas fa-sync&#8221; color=&#8221;custom&#8221; size=&#8221;xl&#8221; align=&#8221;center&#8221; custom_color=&#8221;#70c6e7&#8243;][vc_column_text]<\/p>\n<h2 style=\"text-align: center; font-size: 28px;\">MILLORA CONTINUA<\/h2>\n<p>[\/vc_column_text][vc_empty_space height=&#8221;25px&#8221;][vc_column_text]<\/p>\n<p style=\"text-align: center;\"><span class=\"txt\"> Tecnologia i aprenentatge continu van de la m\u00e0. Vivim en un m\u00f3n canviant i el sector tecnol\u00f2gic n&#8217;\u00e9s en gran part responsable. Estar al dia \u00e9s una obligaci\u00f3 per a nosaltres.<br \/>\n<\/span><\/p>\n<p>[\/vc_column_text][vc_empty_space height=&#8221;40&#8243;][\/vc_column_inner][vc_column_inner width=&#8221;1\/3&#8243; css=&#8221;.vc_custom_1639571801717{margin-right: 0px !important;margin-left: 0px !important;}&#8221;][vc_icon icon_fontawesome=&#8221;fas fa-handshake&#8221; color=&#8221;custom&#8221; size=&#8221;xl&#8221; align=&#8221;center&#8221; custom_color=&#8221;#70c6e7&#8243;][vc_column_text]<\/p>\n<h2 style=\"text-align: center; font-size: 28px;\">CONFIAN\u00c7A<\/h2>\n<p>[\/vc_column_text][vc_empty_space height=&#8221;25px&#8221;][vc_column_text]<\/p>\n<p style=\"text-align: center;\"><span class=\"txt\">La ra\u00f3 de la nostra exist\u00e8ncia, m\u00e9s de 30 anys, ens avalen. Els nostres clients confien en nosaltres el seu negoci i som els responsables de gestionar i protegir la informaci\u00f3.<\/span><\/p>\n<p>[\/vc_column_text][vc_empty_space height=&#8221;40&#8243;][\/vc_column_inner][vc_column_inner width=&#8221;1\/3&#8243; css=&#8221;.vc_custom_1639571809005{margin-right: 0px !important;margin-left: 0px !important;}&#8221;][vc_icon icon_fontawesome=&#8221;fas fa-tachometer-alt&#8221; color=&#8221;custom&#8221; size=&#8221;xl&#8221; align=&#8221;center&#8221; custom_color=&#8221;#70c6e7&#8243;][vc_column_text]<\/p>\n<h2 style=\"text-align: center; font-size: 28px;\">EFICI\u00c8NCIA<\/h2>\n<h2 style=\"text-align: center; font-size: 28px;\"><\/h2>\n<p>[\/vc_column_text][vc_empty_space height=&#8221;25px&#8221;][vc_column_text]<\/p>\n<p style=\"text-align: center;\">Portem al nostre ADN simplificar i millorar processos, en definitiva aconseguir fer les coses d&#8217;una manera m\u00e9s r\u00e0pida i segura. Aix\u00f2 ens permet oferir sempre solucions molt competitives.<\/p>\n<p>[\/vc_column_text][vc_empty_space height=&#8221;40&#8243;][\/vc_column_inner][\/vc_row_inner][vc_empty_space height=&#8221;20&#8243;][\/vc_column][\/vc_row][vc_row bg_style=&#8221;img_parallax&#8221; css=&#8221;.vc_custom_1639584693629{background-image: url(https:\/\/apen-informatica.onlinevalles.club\/wp-content\/uploads\/2021\/12\/serveis_parallax.jpg?id=26437) !important;background-position: center !important;background-repeat: no-repeat !important;background-size: cover !important;}&#8221;][vc_column css=&#8221;.vc_custom_1639584707398{margin-right: 10px !important;margin-left: 10px !important;}&#8221;][vc_empty_space height=&#8221;100&#8243;][vc_column_text]<\/p>\n<h2 style=\"text-align: center; font-family: 'Lato-LightItalic'; font-size: 36px;\">Et donem 4 raons per les quals escollir a Apen com a partner<\/h2>\n<p>[\/vc_column_text][vc_empty_space height=&#8221;48px&#8221;][vc_row_inner equal_height=&#8221;yes&#8221; gap=&#8221;10&#8243;][vc_column_inner width=&#8221;1\/4&#8243; css=&#8221;.vc_custom_1639583690977{background-color: rgba(255,255,255,0.9) !important;*background-color: rgb(255,255,255) !important;}&#8221;][vc_empty_space height=&#8221;16px&#8221;][vc_single_image image=&#8221;2073&#8243; img_size=&#8221;full&#8221; alignment=&#8221;center&#8221;][vc_empty_space height=&#8221;24px&#8221;][vc_column_text]<\/p>\n<h3 style=\"text-align: center;\"><span style=\"color: #70c6e7;\">MAJOR ASSESSORAMENT <\/span><\/h3>\n<p>[\/vc_column_text][vc_empty_space height=&#8221;16px&#8221;][vc_column_text css=&#8221;.vc_custom_1639664760038{padding-right: 25px !important;padding-left: 25px !important;}&#8221;]<\/p>\n<div class=\"wpb_text_column wpb_content_element vc_custom_1466072792966\">\n<div class=\"wpb_wrapper clearfix\">\n<p style=\"text-align: center;\">Assessorament permanent a totes les persones que aix\u00ed ho requereixin, en qualsevol moment i sense cap tipus de comprom\u00eds.<\/p>\n<\/div>\n<\/div>\n<p>[\/vc_column_text][vc_empty_space][\/vc_column_inner][vc_column_inner width=&#8221;1\/4&#8243; css=&#8221;.vc_custom_1639583537154{background-color: rgba(255,255,255,0.9) !important;*background-color: rgb(255,255,255) !important;}&#8221;][vc_empty_space height=&#8221;16px&#8221;][vc_single_image image=&#8221;2074&#8243; img_size=&#8221;full&#8221; alignment=&#8221;center&#8221;][vc_empty_space height=&#8221;24px&#8221;][vc_column_text]<\/p>\n<h3 style=\"text-align: center;\"><span style=\"color: #70c6e7;\">MOLTES FACILITATS<\/span><\/h3>\n<p>[\/vc_column_text][vc_empty_space height=&#8221;16px&#8221;][vc_column_text css=&#8221;.vc_custom_1639664808015{padding-right: 25px !important;padding-left: 25px !important;}&#8221;]<\/p>\n<div class=\"wpb_text_column wpb_content_element vc_custom_1466072792966\">\n<div class=\"wpb_wrapper clearfix\">\n<p style=\"text-align: center;\">Facilitat per trobar una soluci\u00f3 efica\u00e7 a l&#8217;al\u00e7ada de les exig\u00e8ncies actuals del mercat, ajustada a les necessitats de cada empresa.<\/p>\n<\/div>\n<\/div>\n<p>[\/vc_column_text][vc_empty_space][\/vc_column_inner][vc_column_inner width=&#8221;1\/4&#8243; css=&#8221;.vc_custom_1639583567974{background-color: rgba(255,255,255,0.9) !important;*background-color: rgb(255,255,255) !important;}&#8221;][vc_empty_space height=&#8221;16px&#8221;][vc_single_image image=&#8221;2075&#8243; img_size=&#8221;full&#8221; alignment=&#8221;center&#8221;][vc_empty_space height=&#8221;24px&#8221;][vc_column_text]<\/p>\n<h3 style=\"text-align: center;\"><span style=\"color: #70c6e7;\">M\u00c0XIMA QUALITAT<br \/>\n<\/span><\/h3>\n<p>[\/vc_column_text][vc_empty_space height=&#8221;16px&#8221;][vc_column_text css=&#8221;.vc_custom_1639664847022{padding-right: 25px !important;padding-left: 25px !important;}&#8221;]<\/p>\n<div class=\"wpb_text_column wpb_content_element vc_custom_1466072792966\">\n<div class=\"wpb_wrapper clearfix\">\n<p style=\"text-align: center;\">M\u00e0xima qualitat en tots i cadascun dels nostres serveis, i en els recursos i equips electr\u00f2nics i inform\u00e0tics.<\/p>\n<\/div>\n<\/div>\n<p>[\/vc_column_text][vc_empty_space][\/vc_column_inner][vc_column_inner width=&#8221;1\/4&#8243; css=&#8221;.vc_custom_1639583581212{background-color: rgba(255,255,255,0.9) !important;*background-color: rgb(255,255,255) !important;}&#8221;][vc_empty_space height=&#8221;16px&#8221;][vc_single_image image=&#8221;26433&#8243; img_size=&#8221;full&#8221; alignment=&#8221;center&#8221;][vc_empty_space height=&#8221;24px&#8221;][vc_column_text]<\/p>\n<h3 style=\"text-align: center;\"><span style=\"color: #70c6e7;\">MILLOR SERVEI<\/span><\/h3>\n<p>[\/vc_column_text][vc_empty_space height=&#8221;16px&#8221;][vc_column_text css=&#8221;.vc_custom_1664896663092{padding-right: 25px !important;padding-left: 25px !important;}&#8221;]<\/p>\n<div class=\"wpb_text_column wpb_content_element vc_custom_1466072792966\">\n<div class=\"wpb_wrapper clearfix\">\n<p style=\"text-align: center;\">Un servei professional marcat per l&#8217;entrega, vocaci\u00f3 i passi\u00f3 que promouen la filosofia de la nostra empresa.<\/p>\n<\/div>\n<\/div>\n<p>[\/vc_column_text][vc_empty_space][\/vc_column_inner][\/vc_row_inner][vc_empty_space height=&#8221;100&#8243;][\/vc_column][\/vc_row][vc_row][vc_column][vc_empty_space height=&#8221;80px&#8221;][vc_column_text]<\/p>\n<h2 style=\"text-align: center; font-family: 'Lato-LightItalic'; font-size: 36px;\">Punts de servei<\/h2>\n<p>[\/vc_column_text][vc_empty_space][vc_column_text]<\/p>\n<p style=\"text-align: left;\">El centre operatiu d&#8217;Apen est\u00e0 situat a la comarca del Vall\u00e8s Oriental, amb oficines centrals a les Franqueses del Vall\u00e8s i delegaci\u00f3 comercial a Barcelona. Donem cobertura a les comarques del Maresme, Barcelon\u00e8s i el Vall\u00e8s. Tamb\u00e9 disposem de cobertura nacional a trav\u00e9s de la xarxa de col\u00b7laboradors.<\/p>\n<p>[\/vc_column_text][vc_empty_space height=&#8221;64px&#8221;][\/vc_column][\/vc_row][vc_row][vc_column][vc_single_image image=&#8221;37998&#8243; img_size=&#8221;full&#8221; alignment=&#8221;center&#8221;][vc_empty_space height=&#8221;64px&#8221;][\/vc_column][\/vc_row][vc_row][vc_column offset=&#8221;vc_hidden-lg vc_hidden-md vc_hidden-sm vc_hidden-xs&#8221;][vc_empty_space height=&#8221;80px&#8221;][vc_column_text]<\/p>\n<h2 style=\"text-align: center; font-family: 'Lato-LightItalic'; font-size: 36px;\">Punts de servei<\/h2>\n<p>[\/vc_column_text][vc_empty_space][vc_column_text]<\/p>\n<p style=\"text-align: left;\">El centre operatiu de Apen es troba situat a la comarca del Vall\u00e8s Oriental, sent els nostres punts de servei les comarques del Maresme, Barcelon\u00e8s i el Vall\u00e8s. Tamb\u00e9 disposem de cobertura nacional a trav\u00e9s de la xarxa de col\u00b7laboradors.<\/p>\n<p>[\/vc_column_text][vc_empty_space height=&#8221;64px&#8221;][\/vc_column][\/vc_row][vc_row][vc_column offset=&#8221;vc_hidden-lg vc_hidden-md vc_hidden-sm vc_hidden-xs&#8221;][vc_single_image image=&#8221;37998&#8243; img_size=&#8221;full&#8221; alignment=&#8221;center&#8221;][vc_empty_space height=&#8221;64px&#8221;][\/vc_column][\/vc_row]<\/p>\n","protected":false},"excerpt":{"rendered":"<p>[vc_row content_full_width=&#8221;1&#8243;][vc_column][vc_separator][\/vc_column][\/vc_row][vc_row][vc_column][vc_column_text] EMPRESA [\/vc_column_text][vc_empty_space height=&#8221;48px&#8221;][\/vc_column][\/vc_row][vc_row content_full_width=&#8221;1&#8243;][vc_column][vc_text_separator title=&#8221;&#8221;][\/vc_column][\/vc_row][vc_row][vc_column][vc_empty_space][vc_column_text] Apen, especialistes en serveis inform\u00e0tics [\/vc_column_text][vc_empty_space height=&#8221;48px&#8221;][\/vc_column][\/vc_row][vc_row full_width=&#8221;stretch_row_content_no_spaces&#8221; content_full_width=&#8221;1&#8243;][vc_column][vc_video link=&#8221;https:\/\/www.youtube.com\/watch?v=E76NzyTiZhg&#8221; align=&#8221;center&#8221;][\/vc_column][\/vc_row][vc_row css=&#8221;.vc_custom_1639650529490{margin-right: 10px !important;margin-left: 10px !important;}&#8221;][vc_column css=&#8221;.vc_custom_1639650630758{margin-right: 10px !important;margin-left: 10px !important;}&#8221;][vc_empty_space][vc_column_text] A Apen som especialistes en la implantaci\u00f3 i el manteniment d&#8217;equips inform\u00e0tics, aportant solucions per a la gesti\u00f3 de les empreses amb l&#8217;objectiu de millorar la capacitat [&hellip;]<\/p>\n","protected":false},"author":4,"featured_media":0,"parent":0,"menu_order":0,"comment_status":"closed","ping_status":"closed","template":"","meta":{"_acf_changed":false,"footnotes":""},"class_list":["post-4055","page","type-page","status-publish","hentry"],"acf":[],"_links":{"self":[{"href":"https:\/\/apen-informatica.onlinevalles.club\/ca\/wp-json\/wp\/v2\/pages\/4055","targetHints":{"allow":["GET"]}}],"collection":[{"href":"https:\/\/apen-informatica.onlinevalles.club\/ca\/wp-json\/wp\/v2\/pages"}],"about":[{"href":"https:\/\/apen-informatica.onlinevalles.club\/ca\/wp-json\/wp\/v2\/types\/page"}],"author":[{"embeddable":true,"href":"https:\/\/apen-informatica.onlinevalles.club\/ca\/wp-json\/wp\/v2\/users\/4"}],"replies":[{"embeddable":true,"href":"https:\/\/apen-informatica.onlinevalles.club\/ca\/wp-json\/wp\/v2\/comments?post=4055"}],"version-history":[{"count":0,"href":"https:\/\/apen-informatica.onlinevalles.club\/ca\/wp-json\/wp\/v2\/pages\/4055\/revisions"}],"wp:attachment":[{"href":"https:\/\/apen-informatica.onlinevalles.club\/ca\/wp-json\/wp\/v2\/media?parent=4055"}],"curies":[{"name":"wp","href":"https:\/\/api.w.org\/{rel}","templated":true}]}}