{"id":4066,"date":"2016-04-27T14:48:26","date_gmt":"2016-04-27T14:48:26","guid":{"rendered":"http:\/\/responsive.onlinevalles.es\/ca\/soluciones-de-impresion\/"},"modified":"2022-08-04T10:45:23","modified_gmt":"2022-08-04T10:45:23","slug":"solucions-impressio","status":"publish","type":"page","link":"https:\/\/apen-informatica.onlinevalles.club\/ca\/solucions-impressio\/","title":{"rendered":"Solucions d&#8217;impressi\u00f3"},"content":{"rendered":"<p>[vc_row bg_style=&#8221;img_parallax&#8221; css=&#8221;.vc_custom_1507893668214{background-image: url(https:\/\/apen-informatica.onlinevalles.club\/wp-content\/uploads\/2016\/04\/impresion-paralax.png?id=7636) !important;background-position: center !important;background-repeat: no-repeat !important;background-size: cover !important;}&#8221;][vc_column][vc_empty_space height=&#8221;100px&#8221;][vc_row_inner][vc_column_inner width=&#8221;1\/2&#8243;][\/vc_column_inner][vc_column_inner el_class=&#8221;backgrounderp2&#8243; width=&#8221;1\/2&#8243;][vc_column_text el_class=&#8221;titol1&#8243;]<\/p>\n<h1>SOLUCIONS D&#8217;IMPRESSI\u00d3<\/h1>\n<p>[\/vc_column_text][vc_column_text el_class=&#8221;titol2&#8243;]<\/p>\n<h2><strong>Coneixes ja els costos d&#8217;impressi\u00f3 de la teva empresa?<\/strong><\/h2>\n<p>[\/vc_column_text][vc_empty_space height=&#8221;10px&#8221;][vc_column_text el_class=&#8221;titol3&#8243;]<\/p>\n<h3>M\u00e9s de 25 anys d&#8217;experi\u00e8ncia en el sector i un miler d&#8217;equips en funcionament ens avalen.<\/h3>\n<p>[\/vc_column_text][vc_empty_space height=&#8221;20px&#8221;][vc_btn title=&#8221;Et contactem&#8221; align=&#8221;left&#8221; button_bg_color=&#8221;#758624&#8243; el_class=&#8221;contactbuton2&#8243; link=&#8221;url:https%3A%2F%2Fapen-informatica.onlinevalles.club%2Fca%2Fformulari-contacte-impressio%2F||&#8221;][\/vc_column_inner][\/vc_row_inner][vc_empty_space height=&#8221;100px&#8221;][\/vc_column][\/vc_row][vc_row][vc_column][vc_empty_space][vc_column_text]<\/p>\n<h3 style=\"text-align: center;\">La necessitat de noves eines per a completar el desenvolupament professional de tota empresa \u00e9s ineludible i, aquest servei en solucions d&#8217;impressi\u00f3, juga un paper fonamental que suposa grans avantatges per als vostres costos.<\/h3>\n<p>[\/vc_column_text][vc_empty_space][vc_column_text]<\/p>\n<p style=\"text-align: center;\">Avalat per la qualitat i professionalitat de tots els que formem Apen, despr\u00e9s de 25 anys de traject\u00f2ria a les nostres esquenes, vivint i experimentant nous escenaris, i creixent i enriquint-nos a cada moment; les demandes del nostre p\u00fablic i les pr\u00f2pies evolucions que ha sofert el mercat respecte a les necessitats inform\u00e0tiques i solucions d&#8217;impressi\u00f3, tant a nivell particular com empresarial; s&#8217;han delimitat el cam\u00ed a seguir, on l&#8217;objectiu final vela, \u00fanica i exclusivament, per la vostra plena satisfacci\u00f3. Un servei amb el qual gaudir de la millor tecnologia i dels equips d&#8217;\u00faltima generaci\u00f3, i amb el qual estalviar fins a un 30% dels costos d&#8217;impressi\u00f3 de la nostra empresa.<\/p>\n<p>[\/vc_column_text][vc_empty_space height=&#8221;80px&#8221;][\/vc_column][\/vc_row][vc_row bg_style=&#8221;img_parallax&#8221; css=&#8221;.vc_custom_1477421705192{background-image: url(https:\/\/apen-informatica.onlinevalles.club\/wp-content\/uploads\/2016\/04\/40-parallax-impresi\u00f3n.png?id=2570) !important;background-position: center !important;background-repeat: no-repeat !important;background-size: cover !important;}&#8221;][vc_column][vc_empty_space height=&#8221;80px&#8221;][vc_column_text]<\/p>\n<h2 style=\"text-align: center; font-family: 'Lato-LightItalic'; font-size: 36px;\">Serveis \u00f2ptims: preu per c\u00f2pia i smart office<\/h2>\n<p>[\/vc_column_text][vc_empty_space height=&#8221;48px&#8221;][vc_row_inner equal_height=&#8221;yes&#8221; gap=&#8221;10&#8243; css=&#8221;.vc_custom_1463510950920{padding-bottom: 64px !important;}&#8221;][vc_column_inner width=&#8221;1\/2&#8243; css=&#8221;.vc_custom_1461770154321{background-color: #ffffff !important;}&#8221;][vc_empty_space height=&#8221;16px&#8221;][vc_single_image image=&#8221;3299&#8243; img_size=&#8221;full&#8221; alignment=&#8221;center&#8221;][vc_empty_space height=&#8221;24px&#8221;][vc_column_text]<\/p>\n<div class=\"box-header\">\n<h3 class=\"box-title\" style=\"text-align: center;\"><span style=\"color: #b6c95c;\">IMPRESSI\u00d3 PREU PER C\u00d2PIA<\/span><\/h3>\n<\/div>\n<p>[\/vc_column_text][vc_empty_space height=&#8221;16px&#8221;][vc_column_text css=&#8221;.vc_custom_1467024676166{padding-right: 25px !important;padding-left: 25px !important;}&#8221;]<\/p>\n<div class=\"box-header\">\n<p class=\"box-title\" style=\"text-align: center; min-height: 112px;\">La necessitat real que ens permetr\u00e0 obtenir <strong>una proposta optimitzada amb grans beneficis<\/strong> y el <strong>preu real per c\u00f2pia<\/strong>, amb el conseq\u00fcent <strong>estalvi en els costos d&#8217;impressi\u00f3.<\/strong><\/p>\n<\/div>\n<p>[\/vc_column_text][vc_empty_space][vc_btn title=&#8221;+ llegir m\u00e9s&#8221; align=&#8221;center&#8221; button_block=&#8221;true&#8221; button_width=&#8221;100%&#8221; button_text_color=&#8221;#b6c95c&#8221; el_class=&#8221;leer-mas-interior&#8221; link=&#8221;url:%2Fca%2Fsolucions-impressio%2Fimpressio-preu-per-copia%2F||&#8221;][vc_empty_space][\/vc_column_inner][vc_column_inner width=&#8221;1\/2&#8243; css=&#8221;.vc_custom_1461770147969{background-color: #ffffff !important;}&#8221;][vc_empty_space height=&#8221;16px&#8221;][vc_single_image image=&#8221;3300&#8243; img_size=&#8221;full&#8221; alignment=&#8221;center&#8221;][vc_empty_space height=&#8221;24px&#8221;][vc_column_text]<\/p>\n<div class=\"box-header\">\n<h3 class=\"box-title\" style=\"text-align: center;\"><span style=\"color: #b6c95c;\">SMART OFFICE, L&#8217;OFICINA INTEL\u00b7LIGENT<\/span><\/h3>\n<\/div>\n<p>[\/vc_column_text][vc_empty_space height=&#8221;16px&#8221;][vc_column_text css=&#8221;.vc_custom_1467024840573{padding-right: 25px !important;padding-left: 25px !important;}&#8221;]<\/p>\n<div class=\"box-header\">\n<p class=\"box-title\" style=\"text-align: center; min-height: 112px;\">L&#8217; <strong>equip multifuncional intel\u00b7ligent<\/strong> que realiza totes les funcions b\u00e0siques d&#8217;una fotocopiadora i aporta els avantatges d&#8217;un <strong>sistema de gesti\u00f3 documental integrat<\/strong> \u00f2ptim per a l&#8217;<strong>augment de la productivitat.<\/strong><\/p>\n<\/div>\n<p>[\/vc_column_text][vc_empty_space][vc_btn title=&#8221;+ llegir m\u00e9s&#8221; align=&#8221;center&#8221; button_block=&#8221;true&#8221; button_width=&#8221;100%&#8221; button_text_color=&#8221;#b6c95c&#8221; el_class=&#8221;leer-mas-interior&#8221; link=&#8221;url:%2Fca%2Fsolucions-impressio%2Fimpressio-smart-office%2F||&#8221;][vc_empty_space][\/vc_column_inner][\/vc_row_inner][vc_row_inner][vc_column_inner][vc_empty_space height=&#8221;80px&#8221;][\/vc_column_inner][\/vc_row_inner][\/vc_column][\/vc_row][vc_row full_width=&#8221;stretch_row&#8221; css=&#8221;.vc_custom_1467217813703{background-color: #70c6e7 !important;}&#8221;][vc_column][vc_empty_space height=&#8221;12px&#8221;][vc_row_inner el_id=&#8221;formul&#8221;][vc_column_inner width=&#8221;1\/2&#8243;][vc_empty_space height=&#8221;12px&#8221;][vc_column_text]<\/p>\n<h4 style=\"text-align: right;\"><strong><span style=\"color: #ffffff;\">Vols que contactem amb tu? Omple aquest formulari i et trucarem<\/span><\/strong><\/h4>\n<p>[\/vc_column_text][vc_empty_space height=&#8221;12px&#8221;]<p class=\"wpcf7-contact-form-not-found\"><strong>Error:<\/strong> Contact form not found.<\/p>[\/vc_column_inner][vc_column_inner width=&#8221;1\/2&#8243;][vc_empty_space height=&#8221;64px&#8221;][vc_single_image image=&#8221;4342&#8243; img_size=&#8221;full&#8221; alignment=&#8221;center&#8221;][\/vc_column_inner][\/vc_row_inner][\/vc_column][\/vc_row][vc_row][vc_column][vc_empty_space height=&#8221;64px&#8221;][vc_column_text]<\/p>\n<h2 style=\"text-align: center; font-family: 'Lato-LightItalic'; font-size: 36px;\">APEN, amb les primeres marques del mercat<\/h2>\n<p>[\/vc_column_text][vc_empty_space][vc_column_text]<\/p>\n<p style=\"text-align: center;\">Distribu\u00efdors oficials d&#8217;HP, KONICA, KYOCERA i OKI, s\u00f3n algunes de les marques que han demostrat la seva confian\u00e7a en Apen i en el desenvolupament d&#8217;aquest servei en solucions d&#8217;impressi\u00f3, amb el qual us oferim una assist\u00e8ncia de manteniment integral amb el qual donar-vos aquest suport vital.<\/p>\n<p>[\/vc_column_text][vc_empty_space][vc_column_text]<\/p>\n<p style=\"text-align: center;\">Les necessitats actuals de les empreses en solucions d&#8217;impressi\u00f3 de qualitat, ens porten a vetllar per garantir els m\u00e8todes i instruments que ens ajudin a aconseguir aquesta comesa. Un comprom\u00eds que amb molta responsabilitat prenem tots i cadascun dels professionals que integrem el grup Apen, de mans de les millors marques del mercat, les quals, dia a dia, segueixen confiant en la nostra companyia.<\/p>\n<p>[\/vc_column_text][vc_empty_space height=&#8221;64px&#8221;][vc_row_inner][vc_column_inner width=&#8221;1\/4&#8243;][vc_single_image image=&#8221;1166&#8243; img_size=&#8221;full&#8221; alignment=&#8221;center&#8221;][\/vc_column_inner][vc_column_inner width=&#8221;1\/4&#8243;][vc_single_image image=&#8221;1167&#8243; img_size=&#8221;full&#8221; alignment=&#8221;center&#8221;][\/vc_column_inner][vc_column_inner width=&#8221;1\/4&#8243;][vc_single_image image=&#8221;1170&#8243; img_size=&#8221;full&#8221; alignment=&#8221;center&#8221;][\/vc_column_inner][vc_column_inner width=&#8221;1\/4&#8243;][vc_single_image image=&#8221;1168&#8243; img_size=&#8221;full&#8221; alignment=&#8221;center&#8221;][\/vc_column_inner][\/vc_row_inner][vc_empty_space height=&#8221;64px&#8221;][\/vc_column][\/vc_row][vc_row css=&#8221;.vc_custom_1464175581949{background-color: #fafafa !important;}&#8221;][vc_column width=&#8221;1\/2&#8243;][vc_empty_space height=&#8221;96px&#8221;][vc_row_inner][vc_column_inner][vc_column_text]<\/p>\n<h2>Avantguarda tecnol\u00f2gica<\/h2>\n<p>[\/vc_column_text][vc_empty_space][vc_column_text]<\/p>\n<p style=\"text-align: justify;\">De la m\u00e0 de les millors marques, amb la selecci\u00f3 dels equips m\u00e9s productius que us proporcionaran qualitat i prestacions a l&#8217;hora d&#8217;imprimir i escanejar, des d\u2019Apen us oferim l&#8217;assessorament i consell indispensables, per instal\u00b7lar en el vostre negoci bones pr\u00e0ctiques d&#8217;impressi\u00f3 i la implementaci\u00f3 dels millors sistemes per controlar aquestes despeses que suposa el no apostar per un servei com el nostre en solucions d&#8217;impressi\u00f3.<\/p>\n<p>[\/vc_column_text][vc_empty_space][vc_column_text]<\/p>\n<p style=\"text-align: justify;\">La necessitat de les empreses per no deixar enrere l&#8217;estela d&#8217;un m\u00f3n laboral cada dia m\u00e9s exigent, aix\u00ed com les pr\u00f2pies pretensions i demandes d&#8217;aquest, davant l&#8217;allau de professionalitat i tecnificaci\u00f3 necess\u00e0ria per mantenir-nos en ell i seguir prosperant, han propiciat una creixent interpel\u00b7laci\u00f3 cap a aquesta necess\u00e0ria tinen\u00e7a d&#8217;un servei en solucions d&#8217;impressi\u00f3 amb mesures d&#8217;avantguarda que pugui garantir els m\u00e8todes i instruments que ens ajudin a aconseguir-ho.<\/p>\n<p>[\/vc_column_text][vc_empty_space height=&#8221;64px&#8221;][\/vc_column_inner][\/vc_row_inner][\/vc_column][vc_column width=&#8221;1\/2&#8243;][vc_empty_space height=&#8221;64px&#8221;][vc_single_image image=&#8221;1171&#8243; img_size=&#8221;full&#8221; alignment=&#8221;center&#8221; css_animation=&#8221;right-to-left&#8221;][\/vc_column][\/vc_row][vc_row][vc_column width=&#8221;1\/2&#8243;][vc_empty_space height=&#8221;128px&#8221;][vc_single_image image=&#8221;1172&#8243; img_size=&#8221;full&#8221; alignment=&#8221;center&#8221; css_animation=&#8221;left-to-right&#8221;][\/vc_column][vc_column width=&#8221;1\/2&#8243;][vc_empty_space height=&#8221;96px&#8221;][vc_row_inner][vc_column_inner][vc_column_text]<\/p>\n<h2 style=\"text-align: left;\">Apen i el medi ambient<\/h2>\n<p>[\/vc_column_text][vc_empty_space][vc_column_text]<\/p>\n<p style=\"text-align: justify;\">Valors com el comprom\u00eds i la responsabilitat que tenim envers els nostres clients, aix\u00ed com el lliurament, passi\u00f3 i vocaci\u00f3 que sentim per la nostra feina i pels serveis que oferim, identifiquen el car\u00e0cter i personalitat de la nostra organitzaci\u00f3, sempre en sintonia amb les necessitats del medi ambient.<\/p>\n<p>[\/vc_column_text][vc_empty_space][vc_column_text]<\/p>\n<p style=\"text-align: justify;\">APEN ES PREOCUPA PEL MEDI AMBIENT COL\u00b7LABORANT AMB EL RECICLATGE T\u00d3NERS.<\/p>\n<p>[\/vc_column_text][vc_empty_space][vc_column_text]<\/p>\n<p style=\"text-align: justify;\">La voluntat de col\u00b7laborar amb la perpetuaci\u00f3 d&#8217;un m\u00f3n pr\u00f2sper, s&#8217;erigeix com el m\u00e0xim estendard a aconseguir, per aix\u00f2, a Apen vetllem per aquest comprom\u00eds amb el medi ambient amb el reciclatge de t\u00f2ners d&#8217;impressi\u00f3 per seguir complint amb la nostra responsabilitat mediambiental en el mercat. Aquesta satisfacci\u00f3 \u00e9s el motor que ens ha perm\u00e8s seguir sent tot un centre de refer\u00e8ncia en l&#8217;oferiment de solucions d&#8217;impressi\u00f3 i altres serveis de manteniment i gesti\u00f3 inform\u00e0tics.<\/p>\n<p>[\/vc_column_text][\/vc_column_inner][\/vc_row_inner][\/vc_column][\/vc_row][vc_row content_full_width=&#8221;1&#8243;][vc_column][vc_empty_space height=&#8221;80px&#8221;][vc_separator][\/vc_column][\/vc_row][vc_row overflow_hidden=&#8221;1&#8243; css=&#8221;.vc_custom_1464173186487{padding-top: 80px !important;padding-bottom: 90px !important;}&#8221; el_id=&#8221;casos-exito&#8221;][vc_column center_content=&#8221;true&#8221;][vc_empty_space height=&#8221;20px&#8221;][vc_column_text]<\/p>\n<h2 style=\"text-align: center; font-family: 'Lato-LightItalic'; font-size: 36px;\">Clients satisfets<\/h2>\n<p>[\/vc_column_text][vc_empty_space height=&#8221;64px&#8221;][cms_special_carousel width_item=&#8221;100&#8243; height_item=&#8221;400&#8243; show_nav=&#8221;1&#8243; show_dots=&#8221;1&#8243; speed=&#8221;500&#8243; timeout=&#8221;5000&#8243; layout_style=&#8221;&#8221; source=&#8221;size:All|order_by:date|post_type:quote|tax_query:57&#8243; cms_template=&#8221;cms_special_carousel&#8211;quote.php&#8221;][vc_btn title=&#8221;+ \u00c8XITS&#8221; shape=&#8221;square&#8221; align=&#8221;center&#8221; button_block=&#8221;true&#8221; button_width=&#8221;170px&#8221; button_text_color=&#8221;#b6c95c&#8221; link=&#8221;url:%2Fca%2Fcasos-exit%2Fclients-satisfets-solucions-impressio%2F||&#8221; el_class=&#8221;boto-verd&#8221;][vc_empty_space height=&#8221;64px&#8221;][\/vc_column][\/vc_row][vc_row full_width=&#8221;stretch_row&#8221; css=&#8221;.vc_custom_1467217813703{background-color: #70c6e7 !important;}&#8221;][vc_column][vc_empty_space height=&#8221;12px&#8221;][vc_row_inner][vc_column_inner width=&#8221;10\/12&#8243;][vc_empty_space height=&#8221;12px&#8221;][vc_column_text]<\/p>\n<h4 style=\"text-align: right;\"><span style=\"color: #ffffff;\">Restem a la vostra disposici\u00f3 per qualsevol consulta<\/span><\/h4>\n<p>[\/vc_column_text][\/vc_column_inner][vc_column_inner width=&#8221;2\/12&#8243;][vc_btn title=&#8221;Contacte!&#8221; button_bg_color=&#8221;#ffffff&#8221; button_text_color=&#8221;#70c6e7&#8243; link=&#8221;url:https%3A%2F%2Fapen-informatica.onlinevalles.club%2Fca%2Fformulari-contacte-impressio%2F||target:%20_blank&#8221;][\/vc_column_inner][\/vc_row_inner][vc_empty_space height=&#8221;12px&#8221;][\/vc_column][\/vc_row]<\/p>\n","protected":false},"excerpt":{"rendered":"<p>[vc_row bg_style=&#8221;img_parallax&#8221; css=&#8221;.vc_custom_1507893668214{background-image: url(https:\/\/apen-informatica.onlinevalles.club\/wp-content\/uploads\/2016\/04\/impresion-paralax.png?id=7636) !important;background-position: center !important;background-repeat: no-repeat !important;background-size: cover !important;}&#8221;][vc_column][vc_empty_space height=&#8221;100px&#8221;][vc_row_inner][vc_column_inner width=&#8221;1\/2&#8243;][\/vc_column_inner][vc_column_inner el_class=&#8221;backgrounderp2&#8243; width=&#8221;1\/2&#8243;][vc_column_text el_class=&#8221;titol1&#8243;] SOLUCIONS D&#8217;IMPRESSI\u00d3 [\/vc_column_text][vc_column_text el_class=&#8221;titol2&#8243;] Coneixes ja els costos d&#8217;impressi\u00f3 de la teva empresa? [\/vc_column_text][vc_empty_space height=&#8221;10px&#8221;][vc_column_text el_class=&#8221;titol3&#8243;] M\u00e9s de 25 anys d&#8217;experi\u00e8ncia en el sector i un miler d&#8217;equips en funcionament ens avalen. [\/vc_column_text][vc_empty_space height=&#8221;20px&#8221;][vc_btn title=&#8221;Et contactem&#8221; align=&#8221;left&#8221; button_bg_color=&#8221;#758624&#8243; el_class=&#8221;contactbuton2&#8243; [&hellip;]<\/p>\n","protected":false},"author":4,"featured_media":0,"parent":0,"menu_order":0,"comment_status":"closed","ping_status":"closed","template":"","meta":{"_acf_changed":false,"footnotes":""},"class_list":["post-4066","page","type-page","status-publish","hentry"],"acf":[],"_links":{"self":[{"href":"https:\/\/apen-informatica.onlinevalles.club\/ca\/wp-json\/wp\/v2\/pages\/4066","targetHints":{"allow":["GET"]}}],"collection":[{"href":"https:\/\/apen-informatica.onlinevalles.club\/ca\/wp-json\/wp\/v2\/pages"}],"about":[{"href":"https:\/\/apen-informatica.onlinevalles.club\/ca\/wp-json\/wp\/v2\/types\/page"}],"author":[{"embeddable":true,"href":"https:\/\/apen-informatica.onlinevalles.club\/ca\/wp-json\/wp\/v2\/users\/4"}],"replies":[{"embeddable":true,"href":"https:\/\/apen-informatica.onlinevalles.club\/ca\/wp-json\/wp\/v2\/comments?post=4066"}],"version-history":[{"count":0,"href":"https:\/\/apen-informatica.onlinevalles.club\/ca\/wp-json\/wp\/v2\/pages\/4066\/revisions"}],"wp:attachment":[{"href":"https:\/\/apen-informatica.onlinevalles.club\/ca\/wp-json\/wp\/v2\/media?parent=4066"}],"curies":[{"name":"wp","href":"https:\/\/api.w.org\/{rel}","templated":true}]}}