{"id":4082,"date":"2016-05-05T18:15:38","date_gmt":"2016-05-05T18:15:38","guid":{"rendered":"http:\/\/responsive.onlinevalles.es\/ca\/manteniment-informatic\/mantenimiento-premium\/"},"modified":"2022-08-05T06:38:01","modified_gmt":"2022-08-05T06:38:01","slug":"manteniment-premium","status":"publish","type":"page","link":"https:\/\/apen-informatica.onlinevalles.club\/ca\/manteniment-informatic\/manteniment-premium\/","title":{"rendered":"Manteniment Premium"},"content":{"rendered":"<p>[vc_row bg_style=&#8221;img_parallax&#8221; css=&#8221;.vc_custom_1601481707277{background-image: url(https:\/\/apen-informatica.onlinevalles.club\/wp-content\/uploads\/2016\/05\/manteniment-premium-paralax.png?id=7664) !important;background-position: center !important;background-repeat: no-repeat !important;background-size: cover !important;}&#8221;][vc_column][vc_empty_space height=&#8221;115px&#8221;][vc_row_inner][vc_column_inner el_class=&#8221;backgrounderp4&#8243; width=&#8221;1\/2&#8243;][vc_column_text el_class=&#8221;titol1&#8243;]<\/p>\n<h1>MANTENIMENT PREMIUM<\/h1>\n<p>[\/vc_column_text][vc_column_text el_class=&#8221;titol2&#8243;]<\/p>\n<h2><strong>El millor manteniment inform\u00e0tic per a les empreses<\/strong><\/h2>\n<p>[\/vc_column_text][vc_empty_space height=&#8221;10px&#8221;][vc_column_text el_class=&#8221;titol3&#8243;]<\/p>\n<h3>M\u00e9s de 25 anys d\u2019experi\u00e8ncia en el sector i un miler de contractes ens avalen.<\/h3>\n<p>[\/vc_column_text][vc_empty_space height=&#8221;20px&#8221;][vc_btn title=&#8221;Et contactem&#8221; align=&#8221;left&#8221; button_bg_color=&#8221;#4a84bf&#8221; el_class=&#8221;contactbuton3&#8243; link=&#8221;url:%23descargar-demo|||&#8221;][\/vc_column_inner][vc_column_inner width=&#8221;1\/2&#8243;][\/vc_column_inner][\/vc_row_inner][vc_empty_space height=&#8221;115px&#8221;][\/vc_column][\/vc_row][vc_row][vc_column][vc_empty_space height=&#8221;48px&#8221;][vc_column_text]<\/p>\n<h2 style=\"text-align: center; font-size: 28px;\">MANTENIMEMT PREMIUM SPC (SUPORT-PREVENCI\u00d3-CORRECTIU)<\/h2>\n<p>[\/vc_column_text][vc_empty_space height=&#8221;48px&#8221;][vc_row_inner equal_height=&#8221;yes&#8221; css=&#8221;.vc_custom_1464777817333{margin-right: 4% !important;margin-left: 4% !important;}&#8221;][vc_column_inner width=&#8221;1\/3&#8243;][vc_empty_space height=&#8221;16px&#8221;][vc_single_image image=&#8221;1732&#8243; img_size=&#8221;full&#8221; alignment=&#8221;center&#8221;][vc_empty_space height=&#8221;24px&#8221;][vc_column_text]<\/p>\n<h3 style=\"text-align: center;\"><span style=\"color: #70c6e7;\">EN QU\u00c8 CONSISTEIX?<\/span><\/h3>\n<p>[\/vc_column_text][vc_empty_space height=&#8221;16px&#8221;][vc_column_text]<\/p>\n<p style=\"text-align: center; line-height: 25px!important;\">Oferim un manteniment de qualitat als elements IT de les empreses, basat en el monitoratge dels sistemes, en la prevenci\u00f3 i en la nostra experi\u00e8ncia, per reduir els riscos i les despeses, i guanyar en servei.<\/p>\n<p>[\/vc_column_text][vc_empty_space height=&#8221;40px&#8221;][\/vc_column_inner][vc_column_inner width=&#8221;1\/3&#8243;][vc_empty_space height=&#8221;16px&#8221;][vc_single_image image=&#8221;1737&#8243; img_size=&#8221;full&#8221; alignment=&#8221;center&#8221;][vc_empty_space height=&#8221;24px&#8221;][vc_column_text]<\/p>\n<h3 style=\"text-align: center;\"><span style=\"color: #70c6e7;\">TARIFA<\/span><\/h3>\n<p>[\/vc_column_text][vc_empty_space height=&#8221;16px&#8221;][vc_column_text]<\/p>\n<p style=\"text-align: center; line-height: 25px!important;\">Hores i despla\u00e7aments per millores (IMAC) amb un 15% de descompte.<\/p>\n<p>[\/vc_column_text][vc_empty_space height=&#8221;40px&#8221;][\/vc_column_inner][vc_column_inner width=&#8221;1\/3&#8243; css=&#8221;.vc_custom_1579532262024{margin-right: -5px !important;}&#8221;][vc_empty_space height=&#8221;16px&#8221;][vc_single_image image=&#8221;1730&#8243; img_size=&#8221;full&#8221; alignment=&#8221;center&#8221;][vc_empty_space height=&#8221;24px&#8221;][vc_column_text]<\/p>\n<h3 style=\"text-align: center;\"><span style=\"color: #70c6e7;\">A QUI VA DIRIGIT?<\/span><\/h3>\n<p>[\/vc_column_text][vc_empty_space height=&#8221;16px&#8221;][vc_column_text css=&#8221;.vc_custom_1601482046292{padding-right: 25px !important;padding-left: 25px !important;}&#8221;]<\/p>\n<p style=\"text-align: center; line-height: 25px!important;\">A empreses que volen delegar la seva inform\u00e0tica i despreocupar-se\u2019n.<\/p>\n<p>[\/vc_column_text][vc_empty_space height=&#8221;40px&#8221;][\/vc_column_inner][\/vc_row_inner][vc_row_inner equal_height=&#8221;yes&#8221; css=&#8221;.vc_custom_1464777856582{margin-right: 4% !important;margin-left: 4% !important;}&#8221;][vc_column_inner width=&#8221;1\/3&#8243;][vc_empty_space height=&#8221;16px&#8221;][vc_single_image image=&#8221;1733&#8243; img_size=&#8221;full&#8221; alignment=&#8221;center&#8221;][vc_empty_space height=&#8221;24px&#8221;][vc_column_text]<\/p>\n<h3 style=\"text-align: center;\"><span style=\"color: #70c6e7;\">QU\u00c8 INCLOU?<\/span><\/h3>\n<p>[\/vc_column_text][vc_column_text css=&#8221;.vc_custom_1601482057717{margin-left: -5px !important;}&#8221;]<\/p>\n<div class=\"wpb_text_column wpb_content_element vc_custom_1587029434494\">\n<div class=\"wpb_wrapper clearfix\">\n<ul>\n<li>TOTS els serveis correctius.<\/li>\n<li>TOTS els serveis preventius.<\/li>\n<li>Atenci\u00f3 telef\u00f2nica amb serveis remots de primer i segon nivell.<\/li>\n<li>Serveis b\u00e0sics:\n<ul>\n<li>Auditoria inicial + pla de millora.<\/li>\n<li>Pr\u00e9stec d\u2019equips.<\/li>\n<li>T\u00e8cnic habitual.<\/li>\n<li>Temps de resposta de 4h per urg\u00e8ncies.<\/li>\n<\/ul>\n<\/li>\n<li>Cobertura hor\u00e0ria est\u00e0ndard 5\u00d710.<\/li>\n<li>Gesti\u00f3 de l\u2019inventari.<\/li>\n<li>Despla\u00e7aments inclosos.<\/li>\n<\/ul>\n<\/div>\n<\/div>\n<p>[\/vc_column_text][vc_empty_space height=&#8221;40px&#8221;][\/vc_column_inner][vc_column_inner width=&#8221;1\/3&#8243;][vc_empty_space height=&#8221;16px&#8221;][vc_single_image image=&#8221;1731&#8243; img_size=&#8221;full&#8221; alignment=&#8221;center&#8221;][vc_empty_space height=&#8221;24px&#8221;][vc_column_text css=&#8221;.vc_custom_1601476518926{margin-bottom: 12px !important;}&#8221;]<\/p>\n<h3 style=\"text-align: center;\"><span style=\"color: #70c6e7;\">COM FUNCIONA?<\/span><\/h3>\n<p>[\/vc_column_text][vc_column_text css=&#8221;.vc_custom_1601482084444{margin-left: -5px !important;}&#8221;]<\/p>\n<p style=\"text-align: center;\">Inclou tots els seveis per cobrir les incid\u00e8ncies dels equips i les instal\u00b7lacions contractades, completat amb el suport i els serveis preventius amb l\u2019objectiu de mantenir el correcte funcionament del sistema.<\/p>\n<p>[\/vc_column_text][vc_empty_space height=&#8221;40px&#8221;][\/vc_column_inner][vc_column_inner width=&#8221;1\/3&#8243;][vc_empty_space height=&#8221;16px&#8221;][vc_single_image image=&#8221;1735&#8243; img_size=&#8221;full&#8221; alignment=&#8221;center&#8221;][vc_empty_space height=&#8221;24px&#8221;][vc_column_text]<\/p>\n<h3 style=\"text-align: center;\"><span style=\"color: #70c6e7;\">AVANTATGES<\/span><\/h3>\n<p>[\/vc_column_text][vc_column_text css=&#8221;.vc_custom_1601482095526{margin-left: 50px !important;}&#8221;]<\/p>\n<div class=\"wpb_text_column wpb_content_element vc_custom_1601480830927\">\n<div class=\"wpb_wrapper clearfix\">\n<div class=\"wpb_text_column wpb_content_element vc_custom_1467029412208\">\n<div class=\"wpb_wrapper clearfix\">\n<ul>\n<li>Despesa controlada a preu tancat.<\/li>\n<li>Prevenci\u00f3 i optimitzaci\u00f3 del servei.<\/li>\n<li>Suport a l\u2019usuari incl\u00f2s.<\/li>\n<li>Temps de resposta i soluci\u00f3.<\/li>\n<li>Pr\u00e9stec, hores, despla\u00e7aments \u2026 tot incl\u00f2s.<\/li>\n<\/ul>\n<\/div>\n<\/div>\n<\/div>\n<\/div>\n<p>[\/vc_column_text][vc_empty_space height=&#8221;40px&#8221;][\/vc_column_inner][\/vc_row_inner][\/vc_column][\/vc_row][vc_row overlay_background=&#8221;#eeeeee&#8221;][vc_column][vc_empty_space height=&#8221;64&#8243;][vc_column_text]<\/p>\n<h2 style=\"text-align: center; font-size: 28px;\">AMPLIA QUALSEVOL DELS NOSTRES MANTENIMENTS CONTRACTANT<\/h2>\n<p>[\/vc_column_text][vc_empty_space height=&#8221;64&#8243;][vc_row_inner][vc_column_inner width=&#8221;1\/3&#8243;][vc_icon icon_fontawesome=&#8221;fa fa-clock-o&#8221; color=&#8221;custom&#8221; size=&#8221;xl&#8221; align=&#8221;center&#8221; custom_color=&#8221;#8cbb32&#8243;][vc_column_text]<\/p>\n<h2 style=\"text-align: center; font-size: 28px;\"><span style=\"color: #000000;\">COBERTURA HOR\u00c0RIA<\/span><\/h2>\n<h2 style=\"text-align: center; font-size: 28px;\"><\/h2>\n<p>[\/vc_column_text][vc_empty_space height=&#8221;25&#8243;][vc_column_text]<\/p>\n<p style=\"text-align: center;\">T\u00e8cnic fora de l\u2019horari contractat<\/p>\n<p style=\"text-align: center;\"><strong>Cobertura 6&#215;11:<\/strong> dissabtes no festius de 9h a 20h.<\/p>\n<p style=\"text-align: center;\"><strong>Cobertura 7&#215;15:<\/strong> 365 dies a l&#8217;any de 8h a 23h.<\/p>\n<p style=\"text-align: center;\"><strong>Cobertura 7&#215;24:<\/strong> 365 dies a l&#8217;any 24 horas al dia.<\/p>\n<p>[\/vc_column_text][vc_empty_space height=&#8221;20&#8243;][\/vc_column_inner][vc_column_inner width=&#8221;1\/3&#8243;][vc_icon icon_fontawesome=&#8221;fa fa-cubes&#8221; color=&#8221;custom&#8221; size=&#8221;xl&#8221; align=&#8221;center&#8221; custom_color=&#8221;#8cbb32&#8243;][vc_column_text]<\/p>\n<h2 style=\"text-align: center; font-size: 28px;\"><span style=\"color: #000000;\">PAQUETS D&#8217;HORES<\/span><\/h2>\n<h2 style=\"text-align: center; font-size: 28px;\"><\/h2>\n<p>[\/vc_column_text][vc_empty_space height=&#8221;25&#8243;][vc_column_text]<\/p>\n<p style=\"text-align: center;\">Simplifica la gesti\u00f3<\/p>\n<p style=\"text-align: center;\">Aconsegueix millor preu per hora amb els nostres<\/p>\n<p style=\"text-align: center;\">paquets de 10, 20, 30, 50 i 100 hores.<\/p>\n<p style=\"text-align: center;\">ELS PACKS NO CADUQUEN MAI.<\/p>\n<p>[\/vc_column_text][vc_empty_space height=&#8221;20&#8243;][\/vc_column_inner][vc_column_inner width=&#8221;1\/3&#8243;][vc_icon icon_fontawesome=&#8221;fa fa-cloud-upload&#8221; color=&#8221;custom&#8221; size=&#8221;xl&#8221; align=&#8221;center&#8221; custom_color=&#8221;#8cbb32&#8243;][vc_column_text]<\/p>\n<h2 style=\"text-align: center; font-size: 28px;\"><span style=\"color: #000000;\">C\u00d2PIES ONLINE<\/span><\/h2>\n<h2 style=\"text-align: center; font-size: 28px;\"><\/h2>\n<p>[\/vc_column_text][vc_empty_space height=&#8221;25&#8243;][vc_column_text]<\/p>\n<p style=\"text-align: center;\">Assegura totes les dades de la teva empresa d&#8217;una manera f\u00e0cil amb el nostre sistema de c\u00f2pies segur, autom\u00e0tic i assequible.<\/p>\n<p style=\"text-align: center;\">Des de 5 Gb fins 1 Tb amb retenci\u00f3 de 30 dies.<\/p>\n<p>[\/vc_column_text][vc_empty_space height=&#8221;20&#8243;][\/vc_column_inner][\/vc_row_inner][vc_empty_space height=&#8221;35&#8243;][\/vc_column][\/vc_row][vc_row content_full_width=&#8221;1&#8243; overlay_background=&#8221;#70c6e7&#8243; css=&#8221;.vc_custom_1579517715963{margin-top: px !important;}&#8221; el_id=&#8221;descargar-demo&#8221;][vc_column][vc_empty_space][vc_column_text]<\/p>\n<h2 style=\"text-align: center; font-size: 28px;\"><span style=\"color: #ffffff;\">TRUCA&#8217;NS AL <strong>938 606 220<\/strong> O OMPLE EL FORMULARI DE CONTACTE<\/span><\/h2>\n<p>[\/vc_column_text][vc_empty_space height=&#8221;12px&#8221;][vc_column_text]<\/p>\n<h3 style=\"text-align: center;\"><span style=\"color: #ffffff;\">\u00c9s important especificar en les observacions que vols rebre m\u00e9s informaci\u00f3 sobre manteniment premium<\/span><\/h3>\n<p>[\/vc_column_text][vc_empty_space height=&#8221;50px&#8221;][\/vc_column][\/vc_row][vc_row overlay_background=&#8221;#eeeeee&#8221;][vc_column css=&#8221;.vc_custom_1570437544588{margin-top: -30px !important;}&#8221;]<p class=\"wpcf7-contact-form-not-found\"><strong>Error:<\/strong> Contact form not found.<\/p>[vc_empty_space height=&#8221;80&#8243;][\/vc_column][\/vc_row][vc_row overflow_hidden=&#8221;1&#8243; css=&#8221;.vc_custom_1464173186487{padding-top: 80px !important;padding-bottom: 90px !important;}&#8221; el_id=&#8221;casos-exito&#8221;][vc_column center_content=&#8221;true&#8221;][vc_empty_space height=&#8221;20px&#8221;][vc_column_text]<\/p>\n<h2 style=\"text-align: center; font-family: 'Lato-LightItalic'; font-size: 36px;\">Clients satisfets<\/h2>\n<p>[\/vc_column_text][vc_empty_space height=&#8221;64px&#8221;][cms_special_carousel width_item=&#8221;100&#8243; height_item=&#8221;400&#8243; show_nav=&#8221;1&#8243; show_dots=&#8221;1&#8243; speed=&#8221;500&#8243; timeout=&#8221;5000&#8243; layout_style=&#8221;&#8221; source=&#8221;size:All|order_by:date|post_type:quote|tax_query:56&#8243; cms_template=&#8221;cms_special_carousel&#8211;quote.php&#8221;][vc_btn title=&#8221;+ \u00c8XITS&#8221; shape=&#8221;square&#8221; align=&#8221;center&#8221; button_block=&#8221;true&#8221; button_width=&#8221;170px&#8221; button_text_color=&#8221;#70c6e7&#8243; link=&#8221;url:%2Fca%2Fcasos-exit%2Fclients-satisfets-manteniment-informatic%2F||&#8221; el_class=&#8221;boto-blau&#8221;][vc_empty_space height=&#8221;80px&#8221;][\/vc_column][\/vc_row]<\/p>\n","protected":false},"excerpt":{"rendered":"<p>[vc_row bg_style=&#8221;img_parallax&#8221; css=&#8221;.vc_custom_1601481707277{background-image: url(https:\/\/apen-informatica.onlinevalles.club\/wp-content\/uploads\/2016\/05\/manteniment-premium-paralax.png?id=7664) !important;background-position: center !important;background-repeat: no-repeat !important;background-size: cover !important;}&#8221;][vc_column][vc_empty_space height=&#8221;115px&#8221;][vc_row_inner][vc_column_inner el_class=&#8221;backgrounderp4&#8243; width=&#8221;1\/2&#8243;][vc_column_text el_class=&#8221;titol1&#8243;] MANTENIMENT PREMIUM [\/vc_column_text][vc_column_text el_class=&#8221;titol2&#8243;] El millor manteniment inform\u00e0tic per a les empreses [\/vc_column_text][vc_empty_space height=&#8221;10px&#8221;][vc_column_text el_class=&#8221;titol3&#8243;] M\u00e9s de 25 anys d\u2019experi\u00e8ncia en el sector i un miler de contractes ens avalen. [\/vc_column_text][vc_empty_space height=&#8221;20px&#8221;][vc_btn title=&#8221;Et contactem&#8221; align=&#8221;left&#8221; button_bg_color=&#8221;#4a84bf&#8221; el_class=&#8221;contactbuton3&#8243; link=&#8221;url:%23descargar-demo|||&#8221;][\/vc_column_inner][vc_column_inner width=&#8221;1\/2&#8243;][\/vc_column_inner][\/vc_row_inner][vc_empty_space height=&#8221;115px&#8221;][\/vc_column][\/vc_row][vc_row][vc_column][vc_empty_space [&hellip;]<\/p>\n","protected":false},"author":4,"featured_media":0,"parent":3713,"menu_order":0,"comment_status":"closed","ping_status":"closed","template":"","meta":{"_acf_changed":false,"footnotes":""},"class_list":["post-4082","page","type-page","status-publish","hentry"],"acf":[],"_links":{"self":[{"href":"https:\/\/apen-informatica.onlinevalles.club\/ca\/wp-json\/wp\/v2\/pages\/4082","targetHints":{"allow":["GET"]}}],"collection":[{"href":"https:\/\/apen-informatica.onlinevalles.club\/ca\/wp-json\/wp\/v2\/pages"}],"about":[{"href":"https:\/\/apen-informatica.onlinevalles.club\/ca\/wp-json\/wp\/v2\/types\/page"}],"author":[{"embeddable":true,"href":"https:\/\/apen-informatica.onlinevalles.club\/ca\/wp-json\/wp\/v2\/users\/4"}],"replies":[{"embeddable":true,"href":"https:\/\/apen-informatica.onlinevalles.club\/ca\/wp-json\/wp\/v2\/comments?post=4082"}],"version-history":[{"count":0,"href":"https:\/\/apen-informatica.onlinevalles.club\/ca\/wp-json\/wp\/v2\/pages\/4082\/revisions"}],"up":[{"embeddable":true,"href":"https:\/\/apen-informatica.onlinevalles.club\/ca\/wp-json\/wp\/v2\/pages\/3713"}],"wp:attachment":[{"href":"https:\/\/apen-informatica.onlinevalles.club\/ca\/wp-json\/wp\/v2\/media?parent=4082"}],"curies":[{"name":"wp","href":"https:\/\/api.w.org\/{rel}","templated":true}]}}