{"id":4108,"date":"2016-04-27T16:10:26","date_gmt":"2016-04-27T16:10:26","guid":{"rendered":"http:\/\/responsive.onlinevalles.es\/ca\/software-de-gestion-a3erp\/"},"modified":"2022-08-04T09:20:13","modified_gmt":"2022-08-04T09:20:13","slug":"software-de-gestio-a3erp","status":"publish","type":"page","link":"https:\/\/apen-informatica.onlinevalles.club\/ca\/software-de-gestio-a3erp\/","title":{"rendered":"Software de gesti\u00f3 a3ERP"},"content":{"rendered":"<p>[vc_row full_width=&#8221;stretch_row_content&#8221; content_full_width=&#8221;1&#8243; bg_style=&#8221;img_parallax&#8221; css=&#8221;.vc_custom_1510819363559{background-image: url(https:\/\/apen-informatica.onlinevalles.club\/wp-content\/uploads\/2016\/04\/a3ERP-01-paralax.png?id=7585) !important;background-position: center !important;background-repeat: no-repeat !important;background-size: cover !important;}&#8221;][vc_column offset=&#8221;vc_hidden-xs&#8221;][vc_empty_space height=&#8221;100px&#8221;][vc_row_inner][vc_column_inner width=&#8221;1\/2&#8243;][\/vc_column_inner][vc_column_inner el_class=&#8221;backgrounderp&#8221; width=&#8221;1\/2&#8243;][vc_column_text el_class=&#8221;titol1&#8243;]<\/p>\n<h1>SOFTWARE DE GESTI\u00d3<\/h1>\n<h1>PIMES | a3ERP<\/h1>\n<p>[\/vc_column_text][vc_column_text el_class=&#8221;titol2&#8243;]<\/p>\n<h2><strong>Solucions a3ERP, la soluci\u00f3 de gesti\u00f3 m\u00e9s completa<\/strong><\/h2>\n<p>[\/vc_column_text][vc_empty_space height=&#8221;10px&#8221;][vc_column_text el_class=&#8221;titol3&#8243;]<\/p>\n<h3>M\u00e9s de 30 anys d&#8217;experi\u00e8ncia en el sector i 500 implantacions ens avalen.<\/h3>\n<p>[\/vc_column_text][vc_empty_space height=&#8221;20px&#8221;][vc_btn title=&#8221;Et contactem&#8221; align=&#8221;left&#8221; button_bg_color=&#8221;#750133&#8243; el_class=&#8221;contactbuton&#8221; link=&#8221;url:https%3A%2F%2Fapen-informatica.onlinevalles.club%2Fca%2Fformulari-contacte-software%2F||&#8221;][\/vc_column_inner][\/vc_row_inner][vc_empty_space height=&#8221;100px&#8221;][\/vc_column][\/vc_row][vc_row full_width=&#8221;stretch_row_content&#8221; content_full_width=&#8221;1&#8243; bg_style=&#8221;img_parallax&#8221; css=&#8221;.vc_custom_1510819363559{background-image: url(https:\/\/apen-informatica.onlinevalles.club\/wp-content\/uploads\/2016\/04\/a3ERP-01-paralax.png?id=7585) !important;background-position: center !important;background-repeat: no-repeat !important;background-size: cover !important;}&#8221;][vc_column offset=&#8221;vc_hidden-lg vc_hidden-md vc_hidden-sm&#8221;][vc_empty_space height=&#8221;50&#8243;][vc_row_inner css=&#8221;.vc_custom_1579715036416{background-color: rgba(185,0,92,0.8) !important;*background-color: rgb(185,0,92) !important;}&#8221;][vc_column_inner][vc_column_text el_class=&#8221;titol1&#8243;]<\/p>\n<h1>SOFTWARE DE GESTI\u00d3 PIMES | a3ERP<\/h1>\n<p>[\/vc_column_text][vc_column_text el_class=&#8221;titol2&#8243;]<\/p>\n<h2><strong>Solucions a3ERP, la soluci\u00f3 de gesti\u00f3 m\u00e9s completa<\/strong><\/h2>\n<p>[\/vc_column_text][vc_empty_space height=&#8221;10px&#8221;][vc_column_text el_class=&#8221;titol3&#8243;]<\/p>\n<h3>M\u00e9s de 30 anys d&#8217;experi\u00e8ncia en el sector i 500 implantacions ens avalen.<\/h3>\n<p>[\/vc_column_text][vc_empty_space height=&#8221;20px&#8221;][vc_btn title=&#8221;Et contactem&#8221; align=&#8221;left&#8221; button_bg_color=&#8221;#750133&#8243; el_class=&#8221;contactbuton&#8221; link=&#8221;url:https%3A%2F%2Fapen-informatica.onlinevalles.club%2Fca%2Fformulari-contacte-software%2F||&#8221;][vc_empty_space height=&#8221;20px&#8221;][\/vc_column_inner][\/vc_row_inner][vc_empty_space height=&#8221;50&#8243;][\/vc_column][\/vc_row][vc_row][vc_column][vc_empty_space][vc_column_text]<\/p>\n<h3 style=\"text-align: center;\"><strong>a3<span style=\"color: #b9005c;\">ERP<\/span><\/strong> esdev\u00e9 la soluci\u00f3 de gesti\u00f3 empresarial que integra totes les \u00e0rees de l&#8217;empresa d&#8217;una manera \u00e0gil i senzilla, amb el que contribu\u00efm a augmentar la productivitat i competitivitat d&#8217;aquesta i facilitem la presa de decisions per a una gesti\u00f3 global i eficient.<\/h3>\n<p>[\/vc_column_text][vc_empty_space][\/vc_column][\/vc_row][vc_row][vc_column offset=&#8221;vc_hidden-xs&#8221;][vc_row_inner][vc_column_inner width=&#8221;1\/2&#8243;][vc_column_text]<\/p>\n<p style=\"text-align: justify;\">Gaudir d&#8217;un sistema de planificaci\u00f3 de recursos empresarial d&#8217;informaci\u00f3 que integri i automatitzi la gesti\u00f3 dels processos operatius del nostre negoci, \u00e9s una de les principals activitats que ocupen l&#8217;avenir de la nostra empresa, Apen, com a mesura per ajudar-vos a seguir els grans passos que el mercat professional d\u00f3na di\u00e0riament, i que contribueix a augmentar la productivitat i competitivitat de la vostra empresa d&#8217;una forma r\u00e0pida i natural, i facilita la presa de decisions per a una gesti\u00f3 integral i efica\u00e7.<\/p>\n<p>[\/vc_column_text][\/vc_column_inner][vc_column_inner width=&#8221;1\/2&#8243;][vc_column_text]<\/p>\n<p style=\"text-align: justify;\">Amb la capacitat d&#8217;adaptar-se a les necessitats espec\u00edfiques que cada empresa pot requerir, sense importar l&#8217;estructura o activitat a la qual es dediqui, aquest programari de gesti\u00f3 integrat aporta les m\u00e0ximes prestacions d&#8217;an\u00e0lisi i control en un entorn de treball \u00fanic, proporcionant la flexibilitat i el dinamisme que necessiti.<\/p>\n<p>[\/vc_column_text][\/vc_column_inner][vc_column_inner][vc_empty_space height=&#8221;80px&#8221;][\/vc_column_inner][\/vc_row_inner][\/vc_column][\/vc_row][vc_row bg_style=&#8221;img_parallax&#8221; css=&#8221;.vc_custom_1501697183787{background-image: url(https:\/\/apen-informatica.onlinevalles.club\/wp-content\/uploads\/2016\/04\/background-apen.jpg?id=1165) !important;background-position: center !important;background-repeat: no-repeat !important;background-size: cover !important;}&#8221; el_id=&#8221;slide&#8221;][vc_column][vc_empty_space height=&#8221;80px&#8221;][vc_column_text]<\/p>\n<h2 style=\"text-align: center; font-family: 'Lato-LightItalic'; font-size: 36px;\">La soluci\u00f3 de gesti\u00f3 que optimitza totes les \u00e0rees de l&#8217;empresa<\/h2>\n<p>[\/vc_column_text][vc_empty_space height=&#8221;48px&#8221;][vc_row_inner equal_height=&#8221;yes&#8221; gap=&#8221;10&#8243;][vc_column_inner width=&#8221;1\/3&#8243; css=&#8221;.vc_custom_1461862484096{background-color: #ffffff !important;}&#8221;][vc_empty_space height=&#8221;16px&#8221;][vc_single_image image=&#8221;1187&#8243; img_size=&#8221;full&#8221; alignment=&#8221;center&#8221;][vc_empty_space height=&#8221;24px&#8221;][vc_column_text]<\/p>\n<h3 style=\"text-align: center;\"><span style=\"color: #b9005c;\">SOFTWARE a3ERP<\/span><\/h3>\n<p>[\/vc_column_text][vc_empty_space height=&#8221;16px&#8221;][vc_column_text css=&#8221;.vc_custom_1468580664832{padding-right: 25px !important;padding-left: 25px !important;}&#8221;]<\/p>\n<p style=\"text-align: center; min-height: 180px;\">La soluci\u00f3 de <strong>gesti\u00f3 empresarial<\/strong> que integra les \u00e0rees de l&#8217;empresa d&#8217;una manera f\u00e0cil i r\u00e0pida, contribuint a <strong>augmentar la seva productivitat i competitivitat.<\/strong><\/p>\n<p>[\/vc_column_text][vc_btn title=&#8221;+ llegir m\u00e9s&#8221; align=&#8221;center&#8221; button_block=&#8221;true&#8221; button_width=&#8221;100%&#8221; button_text_color=&#8221;#b9005c&#8221; el_class=&#8221;leer-mas-interior&#8221; link=&#8221;url:%2Fca%2Fsoftware-de-gestio-a3erp%2Fsolucions-software-a3erp%2F||&#8221;][vc_empty_space][\/vc_column_inner][vc_column_inner width=&#8221;1\/3&#8243; css=&#8221;.vc_custom_1463072188198{background-color: #ffffff !important;}&#8221;][vc_empty_space height=&#8221;16px&#8221;][vc_single_image image=&#8221;1188&#8243; img_size=&#8221;full&#8221; alignment=&#8221;center&#8221;][vc_empty_space height=&#8221;24px&#8221;][vc_column_text]<\/p>\n<h3 style=\"text-align: center;\"><span style=\"color: #b9005c;\">M\u00d2DULS<\/span><\/h3>\n<p>[\/vc_column_text][vc_empty_space height=&#8221;16px&#8221;][vc_column_text css=&#8221;.vc_custom_1467029330024{padding-right: 25px !important;padding-left: 25px !important;}&#8221;]<\/p>\n<p style=\"text-align: center; min-height: 180px;\">Els m\u00f2duls ens ofereixen m\u00faltiples possibilitats per maximitzar el rendiment del nostre programari i poder gaudir de manera integral els nombrosos avantatges que ens ofereix.<\/p>\n<p>[\/vc_column_text][vc_btn title=&#8221;+ llegir m\u00e9s&#8221; align=&#8221;center&#8221; button_block=&#8221;true&#8221; button_width=&#8221;100%&#8221; button_text_color=&#8221;#b9005c&#8221; el_class=&#8221;leer-mas-interior&#8221; link=&#8221;url:%2Fca%2Fsoftware-de-gestio-a3erp%2Fmoduls-de-gestio-a3erp%2F||&#8221;][vc_empty_space][\/vc_column_inner][vc_column_inner width=&#8221;1\/3&#8243; css=&#8221;.vc_custom_1463072195416{background-color: #ffffff !important;}&#8221;][vc_empty_space height=&#8221;16px&#8221;][vc_single_image image=&#8221;1189&#8243; img_size=&#8221;full&#8221; alignment=&#8221;center&#8221;][vc_empty_space height=&#8221;24px&#8221;][vc_column_text]<\/p>\n<h3 style=\"text-align: center;\"><span style=\"color: #b9005c;\">PROVAR DEMO<\/span><\/h3>\n<p>[\/vc_column_text][vc_empty_space height=&#8221;16px&#8221;][vc_column_text css=&#8221;.vc_custom_1616672769925{padding-right: 25px !important;padding-left: 25px !important;}&#8221;]<\/p>\n<p style=\"text-align: center; min-height: 180px;\">Ara, a <strong>Apen<\/strong>, pots provar una <strong>DEMO<\/strong> on podr\u00e0s accedir a una visi\u00f3 general del <strong>software a3ERP<\/strong> i comprovar de primera m\u00e0 els avantatges que ofereix.<\/p>\n<p>[\/vc_column_text][vc_btn title=&#8221;+ llegir m\u00e9s&#8221; align=&#8221;center&#8221; button_block=&#8221;true&#8221; button_width=&#8221;100%&#8221; button_text_color=&#8221;#b9005c&#8221; el_class=&#8221;leer-mas-interior&#8221; link=&#8221;url:%2Fca%2Fsoftware-de-gestio-a3erp%2Fdescarregar-demo%2F||&#8221;][vc_empty_space][\/vc_column_inner][\/vc_row_inner][vc_empty_space height=&#8221;80px&#8221;][\/vc_column][\/vc_row][vc_row][vc_column][vc_empty_space height=&#8221;64px&#8221;][vc_column_text]<\/p>\n<h2 style=\"text-align: center; font-family: 'Lato-LightItalic'; font-size: 36px;\">Avantatges del a3ERP amb Apen<\/h2>\n<p>[\/vc_column_text][vc_empty_space][\/vc_column][\/vc_row][vc_row][vc_column][vc_column_text]<\/p>\n<p style=\"text-align: center;\">La implementaci\u00f3 d&#8217;un programari de gesti\u00f3 com l\u2019a3ERP, reuneix i consolida tota la informaci\u00f3 necess\u00e0ria per a l&#8217;adequat funcionament dels processos operatius de negoci de l&#8217;empresa, facilitant el flux d&#8217;informaci\u00f3 entre les diferents estructures de l&#8217;organigrama empresarial, amb la missi\u00f3 principal de ampliar l&#8217;efici\u00e8ncia i efic\u00e0cia dels processos.<\/p>\n<p>[\/vc_column_text][vc_empty_space][vc_column_text]<\/p>\n<p style=\"text-align: center;\">Donades les exig\u00e8ncies actuals del mercat, on la competitivitat de les empreses \u00e9s m\u00e0xima, la reminisc\u00e8ncia de processos tradicionals de gesti\u00f3 converteix aquestes en models arcaics i inefica\u00e7os; una p\u00e8rdua que es tradueix autom\u00e0ticament en menor productivitat, amb uns costos econ\u00f2mics que poden arribar a tenir repercussi\u00f3 remarcable en el futur de l&#8217;empresa.<\/p>\n<p>[\/vc_column_text][vc_empty_space height=&#8221;70px&#8221;][\/vc_column][\/vc_row][vc_row][vc_column center_content=&#8221;true&#8221; offset=&#8221;vc_hidden-xs&#8221;][vc_raw_html]JTNDZGl2JTIwY2xhc3MlM0QlMjJjYWphZGV2aWRlbyUyMiUzRSUwQSUzQ2RpdiUyMGNsYXNzJTNEJTIydmlkZW8lMjIlM0UlM0NpZnJhbWUlMjB3aWR0aCUzRCUyMjk2MCUyMiUyMGhlaWdodCUzRCUyMjUwMCUyMiUyMHNyYyUzRCUyMmh0dHBzJTNBJTJGJTJGd3d3LnlvdXR1YmUuY29tJTJGZW1iZWQlMkZGZ2VhM0lmd3NJcyUyMiUyMGZyYW1lYm9yZGVyJTNEJTIyMCUyMiUyMGFsbG93ZnVsbHNjcmVlbiUzRSUzQyUyRmlmcmFtZSUzRSUwQSUzQyUyRmRpdiUzRSUwQSUzQyUyRmRpdiUzRQ==[\/vc_raw_html][\/vc_column][\/vc_row][vc_row][vc_column center_content=&#8221;true&#8221; offset=&#8221;vc_hidden-lg vc_hidden-md vc_hidden-sm&#8221;][vc_raw_html]JTNDZGl2JTIwY2xhc3MlM0QlMjJjYWphZGV2aWRlbyUyMiUzRSUwQSUzQ2RpdiUyMGNsYXNzJTNEJTIydmlkZW8lMjIlM0UlM0NpZnJhbWUlMjB3aWR0aCUzRCUyMjMxMCUyMiUyMGhlaWdodCUzRCUyMjE4MCUyMiUyMHNyYyUzRCUyMmh0dHBzJTNBJTJGJTJGd3d3LnlvdXR1YmUuY29tJTJGZW1iZWQlMkZGZ2VhM0lmd3NJcyUyMiUyMGZyYW1lYm9yZGVyJTNEJTIyMCUyMiUyMGFsbG93ZnVsbHNjcmVlbiUzRSUzQyUyRmlmcmFtZSUzRSUwQSUzQyUyRmRpdiUzRSUwQSUzQyUyRmRpdiUzRQ==[\/vc_raw_html][\/vc_column][\/vc_row][vc_row][vc_column][vc_column_text]<\/p>\n<h2 style=\"text-align: center; font-family: 'Lato-LightItalic'; font-size: 36px;\">Confian\u00e7a i tranquil\u00b7litat<\/h2>\n<p>[\/vc_column_text][vc_empty_space][\/vc_column][\/vc_row][vc_row][vc_column][vc_column_text]<\/p>\n<p style=\"text-align: center;\">Experi\u00e8ncia i tecnologia d&#8217;avantguarda de la m\u00e0 d\u2019Apen: m\u00e9s de 20 anys i 500 instal\u00b7lacions d\u2019a3ERP ens avalen.<\/p>\n<p>[\/vc_column_text][vc_empty_space height=&#8221;64px&#8221;][vc_row_inner equal_height=&#8221;yes&#8221; gap=&#8221;10&#8243;][vc_column_inner width=&#8221;1\/2&#8243; css=&#8221;.vc_custom_1463075400996{background-color: #fafafa !important;}&#8221;][vc_empty_space height=&#8221;16px&#8221;][vc_single_image image=&#8221;1590&#8243; img_size=&#8221;full&#8221; alignment=&#8221;center&#8221;][vc_empty_space height=&#8221;24px&#8221;][vc_column_text css=&#8221;.vc_custom_1464171991219{padding-right: 25px !important;padding-left: 25px !important;}&#8221;]<\/p>\n<p style=\"text-align: center; font-size: 20px;\"><span style=\"color: #b9005c;\">CONTROL GLOBAL<\/span><\/p>\n<p>[\/vc_column_text][vc_empty_space height=&#8221;16px&#8221;][vc_column_text css=&#8221;.vc_custom_1467029483951{padding-right: 25px !important;padding-left: 25px !important;}&#8221;]<\/p>\n<p style=\"text-align: center; min-height: 128px; line-height: 25px!important;\">Permet la integraci\u00f3 entre departaments, elimina barreres de comunicaci\u00f3, proporciona informaci\u00f3 a temps real i ofereix una visi\u00f3 de 360\u00ba que contribueix a la presa de millors decisions.<\/p>\n<p>[\/vc_column_text][\/vc_column_inner][vc_column_inner width=&#8221;1\/2&#8243; css=&#8221;.vc_custom_1463076158258{padding-right: 25px !important;padding-left: 25px !important;background-color: #fafafa !important;}&#8221;][vc_empty_space height=&#8221;16px&#8221;][vc_single_image image=&#8221;1589&#8243; img_size=&#8221;full&#8221; alignment=&#8221;center&#8221;][vc_empty_space height=&#8221;24px&#8221;][vc_column_text]<\/p>\n<p style=\"text-align: center; font-size: 20px;\"><span style=\"color: #b9005c;\">COMPETITIVITAT<\/span><\/p>\n<p>[\/vc_column_text][vc_empty_space height=&#8221;16px&#8221;][vc_column_text]<\/p>\n<p style=\"text-align: center; min-height: 128px; line-height: 25px!important;\">Optimitza recursos, redueix costos, incrementa la productivitat i augmenta les ventes.<\/p>\n<p>[\/vc_column_text][\/vc_column_inner][\/vc_row_inner][vc_row_inner gap=&#8221;10&#8243;][vc_column_inner width=&#8221;1\/2&#8243; css=&#8221;.vc_custom_1463138556184{background-color: #fafafa !important;}&#8221;][vc_empty_space height=&#8221;16px&#8221;][vc_single_image image=&#8221;1591&#8243; img_size=&#8221;full&#8221; alignment=&#8221;center&#8221;][vc_empty_space height=&#8221;24px&#8221;][vc_column_text]<\/p>\n<p style=\"text-align: center; font-size: 20px;\"><span style=\"color: #b9005c;\">EXCEL\u00b7L\u00c8NCIA<\/span><\/p>\n<p>[\/vc_column_text][vc_empty_space height=&#8221;16px&#8221;][vc_column_text css=&#8221;.vc_custom_1467029593929{padding-right: 25px !important;padding-left: 25px !important;}&#8221;]<\/p>\n<p style=\"text-align: center; min-height: 128px; line-height: 25px!important;\">Ajuda a tenir orientaci\u00f3 entre el client i la consecuci\u00f3 d&#8217;objectius.<\/p>\n<p>[\/vc_column_text][\/vc_column_inner][vc_column_inner width=&#8221;1\/2&#8243; css=&#8221;.vc_custom_1463138563474{background-color: #fafafa !important;}&#8221;][vc_empty_space height=&#8221;16px&#8221;][vc_single_image image=&#8221;1592&#8243; img_size=&#8221;full&#8221; alignment=&#8221;center&#8221;][vc_empty_space height=&#8221;24px&#8221;][vc_column_text css=&#8221;.vc_custom_1467029611825{padding-right: 25px !important;padding-left: 25px !important;}&#8221;]<\/p>\n<p style=\"text-align: center; font-size: 20px;\"><span style=\"color: #b9005c;\">INTU\u00cfTIU I SENZILL<\/span><\/p>\n<p>[\/vc_column_text][vc_empty_space height=&#8221;16px&#8221;][vc_column_text]<\/p>\n<p style=\"text-align: center; min-height: 128px; line-height: 25px!important;\">R\u00e0pid aprenentatge i implantaci\u00f3. Accelera el retorn de la inversi\u00f3.<\/p>\n<p>[\/vc_column_text][\/vc_column_inner][\/vc_row_inner][vc_empty_space height=&#8221;80px&#8221;][\/vc_column][\/vc_row][vc_row css=&#8221;.vc_custom_1463993467391{background-color: #343434 !important;}&#8221;][vc_column][vc_empty_space height=&#8221;64px&#8221;][vc_column_text]<\/p>\n<h2 style=\"text-align: center; font-family: 'Lato-LightItalic'; font-size: 36px;\"><span style=\"color: #ffffff;\">El teu <\/span><strong><span style=\"color: #ffffff;\">a3<span style=\"color: #b9005c;\">ERP<\/span><\/span><\/strong><span style=\"color: #ffffff;\"> tamb\u00e9 al n\u00favol<\/span><\/h2>\n<p>[\/vc_column_text][vc_empty_space][vc_column_text]<\/p>\n<h3 style=\"text-align: center;\"><span style=\"color: #b9005c;\">a3<\/span><span style=\"color: #ffffff;\"><strong>ERP<\/strong> \u00e9s molt flexible a l&#8217;hora de la seva implantaci\u00f3. Escull el model que millor s&#8217;adapta al teu negoci: Instal\u00b7laci\u00f3 de<\/span> <span style=\"color: #b9005c;\">a3<\/span><span style=\"color: #ffffff;\"><strong>ERP <\/strong>en local o al n\u00favol. Ambd\u00f3s models s\u00f3n bons, cadascun t\u00e9 els seus avantatges:<\/span><\/h3>\n<p>[\/vc_column_text][vc_empty_space height=&#8221;64px&#8221;][\/vc_column][\/vc_row][vc_row][vc_column][vc_empty_space height=&#8221;64px&#8221;][vc_row_inner equal_height=&#8221;yes&#8221; gap=&#8221;10&#8243;][vc_column_inner width=&#8221;1\/2&#8243;][vc_empty_space height=&#8221;16px&#8221;][vc_single_image image=&#8221;3023&#8243; img_size=&#8221;full&#8221; alignment=&#8221;center&#8221;][vc_empty_space height=&#8221;24px&#8221;][vc_column_text css=&#8221;.vc_custom_1465987970879{padding-right: 25px !important;padding-left: 25px !important;}&#8221;]<\/p>\n<p style=\"text-align: center; font-size: 20px;\"><strong><span style=\"color: #656565; font-family: 'Lato-Medium';\">a3<\/span><span style=\"color: #b9005c; font-family: 'Lato-Medium';\">ERP<\/span><\/strong><span style=\"color: #b9005c; font-family: 'Lato-Light';\"> EN LOCAL<\/span><\/p>\n<p>[\/vc_column_text][vc_empty_space height=&#8221;16px&#8221;][vc_column_text css=&#8221;.vc_custom_1467030596314{padding-right: 25px !important;padding-left: 25px !important;}&#8221;]<\/p>\n<p style=\"text-align: center; font-family: 'Lato-Medium';\"><span style=\"color: #656565;\">Model tradicional d&#8217;implantaci\u00f3. Els recursos i llic\u00e8ncies s\u00f3n propietat del client. Control absolut sobre l&#8217;<\/span> <span style=\"color: #b9005c; font-family: 'Lato-Medium';\">a3<\/span><span style=\"color: #656565; font-family: 'Lato-Medium';\">ERP<\/span><\/p>\n<p>[\/vc_column_text][vc_column_text css=&#8221;.vc_custom_1467030682003{padding-left: 50px !important;}&#8221;]<\/p>\n<ul>\n<li><span style=\"color: #656565;\">Acc\u00e9s total, sense dependre de les connexions<\/span><\/li>\n<li><span style=\"color: #656565;\">Control de dades cr\u00edtics<\/span><\/li>\n<li><span style=\"color: #656565;\">M\u00e0xima personalitzaci\u00f3 de l\u2019<\/span><span style=\"color: #b9005c;\">a3<\/span><span style=\"color: #656565;\">ERP<\/span><\/li>\n<li><span style=\"color: #656565;\">Compra de llic\u00e8ncies: \u00fas perpetu<\/span><\/li>\n<\/ul>\n<p>[\/vc_column_text][vc_empty_space height=&#8221;24px&#8221;][\/vc_column_inner][vc_column_inner width=&#8221;1\/2&#8243; css=&#8221;.vc_custom_1464174041610{padding-right: 25px !important;padding-left: 25px !important;}&#8221;][vc_empty_space height=&#8221;16px&#8221;][vc_single_image image=&#8221;3024&#8243; img_size=&#8221;full&#8221; alignment=&#8221;center&#8221;][vc_empty_space height=&#8221;24px&#8221;][vc_column_text]<\/p>\n<p style=\"text-align: center; font-size: 20px;\"><strong><span style=\"color: #656565; font-family: 'Lato-Medium';\">a3<\/span><span style=\"color: #b9005c; font-family: 'Lato-Medium';\">ERP<\/span><\/strong><span style=\"color: #b9005c; font-family: 'Lato-Light';\"> AL N\u00daVOL<\/span><\/p>\n<p>[\/vc_column_text][vc_empty_space height=&#8221;16px&#8221;][vc_column_text]<\/p>\n<p style=\"text-align: center; font-family: 'Lato-Medium';\"><span style=\"color: #656565;\">Deixa que l&#8217;<\/span> <span style=\"color: #b9005c;\">a3<\/span>ERP <span style=\"color: #656565;\">sigui gestionat per tercers. M\u00e0xima comoditat.<\/span><\/p>\n<p>[\/vc_column_text][vc_column_text css=&#8221;.vc_custom_1467030788475{padding-left: 50px !important;}&#8221;]<\/p>\n<ul>\n<li><span style=\"color: #656565;\">Tota la informaci\u00f3 al n\u00favol<\/span><\/li>\n<li><span style=\"color: #656565;\">Paga mes a mes pel que fas servir<\/span><\/li>\n<li><span style=\"color: #656565;\">M\u00e0xima comoditat<\/span><\/li>\n<li><span style=\"color: #656565;\">Acc\u00e9s amb connexi\u00f3 a Internet<\/span><\/li>\n<\/ul>\n<p>[\/vc_column_text][vc_empty_space height=&#8221;24px&#8221;][\/vc_column_inner][\/vc_row_inner][vc_empty_space height=&#8221;80px&#8221;][\/vc_column][\/vc_row][vc_row full_height=&#8221;yes&#8221; content_placement=&#8221;middle&#8221; content_full_width=&#8221;1&#8243; same_height=&#8221;1&#8243; css=&#8221;.vc_custom_1464248982333{border-radius: 1px !important;}&#8221; el_class=&#8221;imatge-text&#8221;][vc_column center_content=&#8221;true&#8221; content_vertical_center=&#8221;true&#8221; offset=&#8221;vc_col-lg-3 vc_col-md-12 vc_col-xs-12&#8243;][\/vc_column][vc_column center_content=&#8221;true&#8221; content_vertical_center=&#8221;true&#8221; background_position_custom=&#8221;100%&#8221; offset=&#8221;vc_col-lg-3 vc_col-md-12 vc_col-xs-12&#8243;][vc_empty_space][vc_column_text]<\/p>\n<h2 style=\"color: #b9005c; font-size: 36px;\">UN DISSENY QUE S&#8217;ADAPTA PLENAMENT A LES NECESSITATS DE CADA EMPRESA<\/h2>\n<p>[\/vc_column_text][vc_empty_space][\/vc_column][vc_column background_position_custom=&#8221;100% 100%&#8221; offset=&#8221;vc_col-lg-6 vc_col-md-12 vc_col-xs-12&#8243; css=&#8221;.vc_custom_1477419277534{background-image: url(https:\/\/apen-informatica.onlinevalles.club\/wp-content\/uploads\/2016\/04\/Sin-t\u00edtulo-1.png?id=1184) !important;background-position: center !important;background-repeat: no-repeat !important;background-size: cover !important;}&#8221;][vc_empty_space height=&#8221;400px&#8221;][\/vc_column][\/vc_row][vc_row content_full_width=&#8221;1&#8243; overlay_background=&#8221;#b9005c&#8221; css=&#8221;.vc_custom_1579512254131{margin-top: -34px !important;}&#8221; el_id=&#8221;descargar-demo&#8221;][vc_column][vc_empty_space height=&#8221;32&#8243;][vc_column_text]<\/p>\n<h2 style=\"text-align: center; font-size: 28px;\"><span style=\"color: #ffffff;\">TRUCA&#8217;NS AL <strong>938 606 220<\/strong> O OMPLE EL FORMULARI DE CONTACTE<\/span><\/h2>\n<p>[\/vc_column_text][vc_empty_space height=&#8221;12px&#8221;][vc_empty_space height=&#8221;50px&#8221;][\/vc_column][\/vc_row][vc_row overlay_background=&#8221;#eeeeee&#8221;][vc_column css=&#8221;.vc_custom_1570437544588{margin-top: -30px !important;}&#8221;]<p class=\"wpcf7-contact-form-not-found\"><strong>Error:<\/strong> Contact form not found.<\/p>[vc_empty_space height=&#8221;80&#8243;][\/vc_column][\/vc_row][vc_row overflow_hidden=&#8221;1&#8243; css=&#8221;.vc_custom_1464173186487{padding-top: 80px !important;padding-bottom: 90px !important;}&#8221; el_id=&#8221;casos-exito&#8221;][vc_column center_content=&#8221;true&#8221;][vc_empty_space height=&#8221;20px&#8221;][vc_column_text]<\/p>\n<h2 style=\"text-align: center; font-family: 'Lato-LightItalic'; font-size: 36px;\">Clients satisfets<\/h2>\n<p>[\/vc_column_text][vc_empty_space height=&#8221;64px&#8221;][cms_special_carousel width_item=&#8221;100&#8243; height_item=&#8221;400&#8243; show_nav=&#8221;1&#8243; show_dots=&#8221;1&#8243; speed=&#8221;500&#8243; timeout=&#8221;5000&#8243; layout_style=&#8221;&#8221; source=&#8221;size:All|order_by:date|post_type:quote|tax_query:55&#8243; cms_template=&#8221;cms_special_carousel&#8211;quote.php&#8221;][vc_btn title=&#8221;+ \u00c8XITS&#8221; shape=&#8221;square&#8221; align=&#8221;center&#8221; button_block=&#8221;true&#8221; button_width=&#8221;170px&#8221; button_text_color=&#8221;#b9005c&#8221; link=&#8221;url:%2Fca%2Fcasos-exit%2Fclients-satisfets-a3erp%2F||&#8221; el_class=&#8221;boto-rosa&#8221;][\/vc_column][\/vc_row]<\/p>\n","protected":false},"excerpt":{"rendered":"<p>[vc_row full_width=&#8221;stretch_row_content&#8221; content_full_width=&#8221;1&#8243; bg_style=&#8221;img_parallax&#8221; css=&#8221;.vc_custom_1510819363559{background-image: url(https:\/\/apen-informatica.onlinevalles.club\/wp-content\/uploads\/2016\/04\/a3ERP-01-paralax.png?id=7585) !important;background-position: center !important;background-repeat: no-repeat !important;background-size: cover !important;}&#8221;][vc_column offset=&#8221;vc_hidden-xs&#8221;][vc_empty_space height=&#8221;100px&#8221;][vc_row_inner][vc_column_inner width=&#8221;1\/2&#8243;][\/vc_column_inner][vc_column_inner el_class=&#8221;backgrounderp&#8221; width=&#8221;1\/2&#8243;][vc_column_text el_class=&#8221;titol1&#8243;] SOFTWARE DE GESTI\u00d3 PIMES | a3ERP [\/vc_column_text][vc_column_text el_class=&#8221;titol2&#8243;] Solucions a3ERP, la soluci\u00f3 de gesti\u00f3 m\u00e9s completa [\/vc_column_text][vc_empty_space height=&#8221;10px&#8221;][vc_column_text el_class=&#8221;titol3&#8243;] M\u00e9s de 30 anys d&#8217;experi\u00e8ncia en el sector i 500 implantacions ens avalen. [\/vc_column_text][vc_empty_space height=&#8221;20px&#8221;][vc_btn title=&#8221;Et contactem&#8221; [&hellip;]<\/p>\n","protected":false},"author":4,"featured_media":0,"parent":0,"menu_order":0,"comment_status":"closed","ping_status":"closed","template":"","meta":{"_acf_changed":false,"footnotes":""},"class_list":["post-4108","page","type-page","status-publish","hentry"],"acf":[],"_links":{"self":[{"href":"https:\/\/apen-informatica.onlinevalles.club\/ca\/wp-json\/wp\/v2\/pages\/4108","targetHints":{"allow":["GET"]}}],"collection":[{"href":"https:\/\/apen-informatica.onlinevalles.club\/ca\/wp-json\/wp\/v2\/pages"}],"about":[{"href":"https:\/\/apen-informatica.onlinevalles.club\/ca\/wp-json\/wp\/v2\/types\/page"}],"author":[{"embeddable":true,"href":"https:\/\/apen-informatica.onlinevalles.club\/ca\/wp-json\/wp\/v2\/users\/4"}],"replies":[{"embeddable":true,"href":"https:\/\/apen-informatica.onlinevalles.club\/ca\/wp-json\/wp\/v2\/comments?post=4108"}],"version-history":[{"count":0,"href":"https:\/\/apen-informatica.onlinevalles.club\/ca\/wp-json\/wp\/v2\/pages\/4108\/revisions"}],"wp:attachment":[{"href":"https:\/\/apen-informatica.onlinevalles.club\/ca\/wp-json\/wp\/v2\/media?parent=4108"}],"curies":[{"name":"wp","href":"https:\/\/api.w.org\/{rel}","templated":true}]}}