{"id":4123,"date":"2016-05-03T15:46:55","date_gmt":"2016-05-03T15:46:55","guid":{"rendered":"http:\/\/responsive.onlinevalles.es\/ca\/software-de-gestio-a3erp\/soluciones-software-a3erp\/"},"modified":"2022-11-07T16:27:49","modified_gmt":"2022-11-07T16:27:49","slug":"solucions-software-a3erp","status":"publish","type":"page","link":"https:\/\/apen-informatica.onlinevalles.club\/ca\/software-de-gestio-a3erp\/solucions-software-a3erp\/","title":{"rendered":"Software a3ERP"},"content":{"rendered":"<p>[vc_row bg_style=&#8221;img_parallax&#8221; css=&#8221;.vc_custom_1507892652763{background-image: url(https:\/\/apen-informatica.onlinevalles.club\/wp-content\/uploads\/2016\/05\/a3ERP-02-paralax.png?id=7627) !important;background-position: center !important;background-repeat: no-repeat !important;background-size: cover !important;}&#8221;][vc_column offset=&#8221;vc_hidden-xs&#8221;][vc_empty_space height=&#8221;130px&#8221;][vc_row_inner][vc_column_inner el_class=&#8221;backgrounderp&#8221; width=&#8221;1\/2&#8243;][vc_column_text el_class=&#8221;titol1&#8243;]<\/p>\n<h1>SOFTWARE a3ERP<\/h1>\n<p>[\/vc_column_text][vc_column_text el_class=&#8221;titol2&#8243;]<\/p>\n<h2><strong>Visi\u00f3 360\u00ba de l&#8217;empresa<\/strong><\/h2>\n<p>[\/vc_column_text][vc_empty_space height=&#8221;10px&#8221;][vc_column_text el_class=&#8221;titol3&#8243;]<\/p>\n<h3>M\u00e9s de 25 anys d\u2019experi\u00e8ncia en el sector i 500 implantacions ens avalen.<\/h3>\n<p>[\/vc_column_text][vc_empty_space height=&#8221;20px&#8221;][vc_btn title=&#8221;Et contactem&#8221; align=&#8221;left&#8221; button_bg_color=&#8221;#750133&#8243; el_class=&#8221;contactbuton&#8221; link=&#8221;url:%23descargar-demo&#8221;][\/vc_column_inner][vc_column_inner width=&#8221;1\/2&#8243;][\/vc_column_inner][\/vc_row_inner][vc_empty_space height=&#8221;130px&#8221;][\/vc_column][\/vc_row][vc_row bg_style=&#8221;img_parallax&#8221; css=&#8221;.vc_custom_1579617823548{background-image: url(https:\/\/apen-informatica.onlinevalles.club\/wp-content\/uploads\/2016\/05\/a3ERP-02-paralax.png?id=7627) !important;background-position: center !important;background-repeat: no-repeat !important;background-size: cover !important;}&#8221;][vc_column offset=&#8221;vc_hidden-lg vc_hidden-md vc_hidden-sm&#8221;][vc_empty_space height=&#8221;65&#8243;][vc_row_inner css=&#8221;.vc_custom_1579617988329{background-color: rgba(185,0,92,0.8) !important;*background-color: rgb(185,0,92) !important;}&#8221;][vc_column_inner][vc_column_text el_class=&#8221;titol1&#8243;]<\/p>\n<h1>SOFTWARE a3ERP<\/h1>\n<p>[\/vc_column_text][vc_column_text el_class=&#8221;titol2&#8243;]<\/p>\n<h2><strong>Visi\u00f3 360\u00ba de l&#8217;empresa<\/strong><\/h2>\n<p>[\/vc_column_text][vc_empty_space height=&#8221;10px&#8221;][vc_column_text el_class=&#8221;titol3&#8243;]<\/p>\n<h3>M\u00e9s de 25 anys d\u2019experi\u00e8ncia en el sector i 500 implantacions ens avalen.<\/h3>\n<p>[\/vc_column_text][vc_empty_space height=&#8221;20px&#8221;][vc_btn title=&#8221;Et contactem&#8221; align=&#8221;left&#8221; button_bg_color=&#8221;#750133&#8243; el_class=&#8221;contactbuton&#8221; link=&#8221;url:%23descargar-demo&#8221;][vc_empty_space height=&#8221;20px&#8221;][\/vc_column_inner][\/vc_row_inner][vc_empty_space height=&#8221;65&#8243;][\/vc_column][\/vc_row][vc_row][vc_column][vc_empty_space][vc_column_text]<\/p>\n<h3 style=\"text-align: center;\">L&#8217;a3<span style=\"color: #b9005c;\">ERP<\/span> esdev\u00e9 la soluci\u00f3 integral de gesti\u00f3 empresarial que tota empresa necessita si vol optimitzar totes les seves \u00e0rees i aconseguir una integraci\u00f3 plena que garanteixi els beneficis d\u2019un sistema m\u00e9s productiu i competitiu. Una resposta completa, dissenyada espec\u00edficament, per adaptar-se totalment a les necessitats de cada model de negoci.<\/h3>\n<p>[\/vc_column_text][vc_empty_space][\/vc_column][\/vc_row][vc_row][vc_column width=&#8221;1\/2&#8243; offset=&#8221;vc_hidden-xs&#8221;][vc_column_text]<\/p>\n<p style=\"text-align: justify;\">La totalitat de les \u00e0rees que integren una empresa necessiten gaudir de la manera adequada de comunicaci\u00f3 que els permeti gestionar cadascuna de les decisions que s\u2019han de prendre di\u00e0riament, d\u2019una manera global i eficient sense que unes afectin a les altres. Una sent\u00e8ncia com \u201cla uni\u00f3 fa la for\u00e7a\u201d cobra m\u00e9s sentit que mai. Gaudir d\u2019un sistema de planificaci\u00f3 de recursos empresarial d\u2019informaci\u00f3, com l\u2019a3ERP que us oferim a Apen, \u00e9s la manera correcta i efectiva d\u2019integrar i automatitzar la gesti\u00f3 dels processos operatius del vostre negoci, amb la qualitat i garanties que mereixeu.<\/p>\n<p>[\/vc_column_text][\/vc_column][vc_column width=&#8221;1\/2&#8243; offset=&#8221;vc_hidden-xs&#8221;][vc_column_text]<\/p>\n<p style=\"text-align: justify;\">Un lloc on tenen trobada l\u2019\u00e0rea comptable-financera amb l\u2019\u00e0rea de compres-comercial-vendes, l\u2019\u00e0rea de direcci\u00f3, \u00e0rea log\u00edstica i \u00e0rea laboral. Gr\u00e0cies a aquesta comuni\u00f3 gestada pel programari de gesti\u00f3, amb la capacitat d\u2019adaptar a les necessitats espec\u00edfiques que cada empresa pugui requerir, sense importar l\u2019estructura o activitat a la qual es dediqui; gaudireu d\u2019una visi\u00f3 de 360\u00ba de la vostra organitzaci\u00f3 que us ajudar\u00e0, en tot moment, a portar el maneig de les diferents dimensions amb efici\u00e8ncia, d\u2019una manera global que permeti aquesta millora en productivitat i l\u2019augment de la competitivitat que certifica la implementaci\u00f3 d\u2019un programari d\u2019aquestes caracter\u00edstiques.<\/p>\n<p>[\/vc_column_text][\/vc_column][\/vc_row][vc_row][vc_column][vc_empty_space height=&#8221;45px&#8221;][\/vc_column][\/vc_row][vc_row][vc_column center_content=&#8221;true&#8221; offset=&#8221;vc_hidden-xs&#8221;][vc_raw_html]JTNDZGl2JTIwY2xhc3MlM0QlMjJjYWphZGV2aWRlbyUyMiUzRSUwQSUzQ2RpdiUyMGNsYXNzJTNEJTIydmlkZW8lMjIlM0UlM0NpZnJhbWUlMjB3aWR0aCUzRCUyMjk2MCUyMiUyMGhlaWdodCUzRCUyMjU1MCUyMiUyMHNyYyUzRCUyMmh0dHBzJTNBJTJGJTJGd3d3LnlvdXR1YmUuY29tJTJGZW1iZWQlMkY0RUQ2QzlTeWVwRSUyMiUyMGZyYW1lYm9yZGVyJTNEJTIyMCUyMiUyMGFsbG93ZnVsbHNjcmVlbiUzRSUzQyUyRmlmcmFtZSUzRSUwQSUzQyUyRmRpdiUzRSUwQSUzQyUyRmRpdiUzRQ==[\/vc_raw_html][\/vc_column][\/vc_row][vc_row][vc_column center_content=&#8221;true&#8221; offset=&#8221;vc_hidden-lg vc_hidden-md vc_hidden-sm&#8221;][vc_raw_html]JTNDZGl2JTIwY2xhc3MlM0QlMjJjYWphZGV2aWRlbyUyMiUzRSUwQSUzQ2RpdiUyMGNsYXNzJTNEJTIydmlkZW8lMjIlM0UlM0NpZnJhbWUlMjB3aWR0aCUzRCUyMjMwMiUyMiUyMGhlaWdodCUzRCUyMjE4MyUyMiUyMHNyYyUzRCUyMmh0dHBzJTNBJTJGJTJGd3d3LnlvdXR1YmUuY29tJTJGZW1iZWQlMkY0RUQ2QzlTeWVwRSUyMiUyMGZyYW1lYm9yZGVyJTNEJTIyMCUyMiUyMGFsbG93ZnVsbHNjcmVlbiUzRSUzQyUyRmlmcmFtZSUzRSUwQSUzQyUyRmRpdiUzRSUwQSUzQyUyRmRpdiUzRQ==[\/vc_raw_html][\/vc_column][\/vc_row][vc_row][vc_column][vc_empty_space height=&#8221;10px&#8221;][\/vc_column][\/vc_row][vc_row content_full_width=&#8221;1&#8243; same_height=&#8221;1&#8243; el_class=&#8221;imatge-text&#8221;][vc_column width=&#8221;1\/4&#8243; center_content=&#8221;true&#8221; content_vertical_center=&#8221;true&#8221; offset=&#8221;vc_col-lg-3 vc_col-md-12 vc_col-xs-12&#8243;][\/vc_column][vc_column width=&#8221;1\/4&#8243; center_content=&#8221;true&#8221; content_vertical_center=&#8221;true&#8221; background_position_custom=&#8221;100%&#8221; offset=&#8221;vc_col-lg-3 vc_col-md-12 vc_col-xs-12&#8243;][vc_empty_space][vc_column_text]<\/p>\n<h2 style=\"font-size: 36px;\">AUGMENTI LA PRODUCTIVITAT I COMPETITIVITAT<\/h2>\n<p>[\/vc_column_text][vc_empty_space][\/vc_column][vc_column background_position_custom=&#8221;100% 100%&#8221; css=&#8221;.vc_custom_1477419504896{background-image: url(https:\/\/apen-informatica.onlinevalles.club\/wp-content\/uploads\/2016\/06\/a3ERP-software-foto.png?id=3831) !important;background-position: center !important;background-repeat: no-repeat !important;background-size: cover !important;}&#8221; offset=&#8221;vc_col-lg-6 vc_col-md-12 vc_col-xs-12&#8243;][vc_empty_space height=&#8221;400px&#8221;][\/vc_column][\/vc_row][vc_row][vc_column][vc_empty_space height=&#8221;64px&#8221;][vc_column_text]<\/p>\n<h2 style=\"text-align: center; font-family: 'Lato-LightItalic'; font-size: 36px;\">Les funcionalitats de l\u2019<strong>a3<\/strong><span style=\"color: #b9005c;\">ERP<\/span><\/h2>\n<p>[\/vc_column_text][vc_empty_space height=&#8221;48px&#8221;][vc_row_inner equal_height=&#8221;yes&#8221; gap=&#8221;10&#8243;][vc_column_inner css=&#8221;.vc_custom_1466077519950{border-top-width: 5px !important;border-right-width: 5px !important;border-bottom-width: 5px !important;border-left-width: 5px !important;background-color: #fafafa !important;border-left-color: #ffffff !important;border-right-color: #ffffff !important;border-top-color: #ffffff !important;border-bottom-color: #ffffff !important;}&#8221; offset=&#8221;vc_col-lg-6 vc_col-md-12 vc_col-xs-12&#8243;][vc_empty_space height=&#8221;16px&#8221;][vc_single_image image=&#8221;1922&#8243; img_size=&#8221;full&#8221; alignment=&#8221;center&#8221;][vc_empty_space height=&#8221;24px&#8221;][vc_column_text]<\/p>\n<h3 style=\"text-align: center;\"><span style=\"color: #b9005c;\">\u00c1REA CONTABLE FINANCIERA<\/span><\/h3>\n<p>[\/vc_column_text][vc_column_text css=&#8221;.vc_custom_1667837554177{padding-right: 25px !important;padding-left: 25px !important;}&#8221;]<\/p>\n<ul style=\"font-family: 'Lato-Light'; font-size: 15px; min-height: 160px;\">\n<li style=\"text-align: left;\">Comptatibilitat financera, pressupost\u00e0ria i anal\u00edtica en temps real.<\/li>\n<li style=\"text-align: left;\">Gesti\u00f3 de comptes anuals automatitzada amb presentaci\u00f3 telem\u00e0tica i consolidaci\u00f3 per a les empreses del mateix grup.<\/li>\n<li>Gesti\u00f3 d\u2019actius, IVA\/IGIC i models oficials d\u2019Hisenda.<\/li>\n<li>Gesti\u00f3 de cartera per al control de la tresoreria: cobraments, pagaments, devolucions, provisions, risc, conciliaci\u00f3 banc\u00e0ria, confirming i remeses.<\/li>\n<\/ul>\n<p>[\/vc_column_text][vc_empty_space][\/vc_column_inner][vc_column_inner css=&#8221;.vc_custom_1466077537109{border-top-width: 5px !important;border-right-width: 5px !important;border-bottom-width: 5px !important;border-left-width: 5px !important;background-color: #fafafa !important;border-left-color: #ffffff !important;border-right-color: #ffffff !important;border-top-color: #ffffff !important;border-bottom-color: #ffffff !important;}&#8221; offset=&#8221;vc_col-lg-6 vc_col-md-12 vc_col-xs-12&#8243;][vc_empty_space height=&#8221;16px&#8221;][vc_single_image image=&#8221;1923&#8243; img_size=&#8221;full&#8221; alignment=&#8221;center&#8221;][vc_empty_space height=&#8221;24px&#8221;][vc_column_text]<\/p>\n<h3 style=\"text-align: center;\"><span style=\"color: #b9005c;\">\u00c0REA DE DIRECCI\u00d3<\/span><\/h3>\n<p>[\/vc_column_text][vc_column_text css=&#8221;.vc_custom_1667837697163{padding-right: 25px !important;padding-left: 25px !important;}&#8221;]<\/p>\n<ul style=\"font-family: 'Lato-Light'; font-size: 15px; min-height: 160px;\">\n<li>Estad\u00edstiques ABC.<\/li>\n<li>Analysis Services de Microsoft. Mineria de dades i generador de processos anal\u00edtics per a la creaci\u00f3 de models predictius i identificaci\u00f3 de problemes cr\u00edtics.<\/li>\n<li>Intel\u00b7lig\u00e8ncia de negoci. Cubs multidimensionals i informes per a l\u2019an\u00e0lisi de dades des de diferents vectors.<\/li>\n<li>Enlla\u00e7 din\u00e0mic amb Excel. Obtingues el resultat en temps real i genera l\u2019informe corresponent.<\/li>\n<\/ul>\n<p>[\/vc_column_text][vc_empty_space][\/vc_column_inner][\/vc_row_inner][vc_row_inner equal_height=&#8221;yes&#8221; gap=&#8221;10&#8243;][vc_column_inner css=&#8221;.vc_custom_1466077550653{border-top-width: 5px !important;border-right-width: 5px !important;border-bottom-width: 5px !important;border-left-width: 5px !important;background-color: #fafafa !important;border-left-color: #ffffff !important;border-right-color: #ffffff !important;border-top-color: #ffffff !important;border-bottom-color: #ffffff !important;}&#8221; offset=&#8221;vc_col-lg-6 vc_col-md-12 vc_col-xs-12&#8243;][vc_empty_space height=&#8221;16px&#8221;][vc_single_image image=&#8221;1924&#8243; img_size=&#8221;full&#8221; alignment=&#8221;center&#8221;][vc_empty_space height=&#8221;24px&#8221;][vc_column_text]<\/p>\n<h3 style=\"text-align: center;\"><span style=\"color: #b9005c;\">\u00c0REA DE COMPRES-COMERCIAL-VENDES<\/span><\/h3>\n<p>[\/vc_column_text][vc_column_text css=&#8221;.vc_custom_1667838348608{padding-right: 25px !important;padding-left: 25px !important;}&#8221;]<\/p>\n<ul style=\"font-family: 'Lato-Light'; font-size: 15px; min-height: 160px;\">\n<li>Gesti\u00f3 del circuit de vendes i seguiment de pressupostos i comandes de compra.<\/li>\n<li>Gesti\u00f3 i segmentaci\u00f3 dels clients\/prove\u00efdors.<\/li>\n<li>Generaci\u00f3 autom\u00e0tica de comandes de compra, en funci\u00f3 de reserves i estoc m\u00ednim, \u00f2ptim i m\u00e0xim.<\/li>\n<li>Pol\u00edtiques de preus, tarifes i descomptes, aix\u00ed com de comissions.<\/li>\n<\/ul>\n<p>[\/vc_column_text][vc_empty_space][\/vc_column_inner][vc_column_inner css=&#8221;.vc_custom_1466077562797{border-top-width: 5px !important;border-right-width: 5px !important;border-bottom-width: 5px !important;border-left-width: 5px !important;background-color: #fafafa !important;border-left-color: #ffffff !important;border-right-color: #ffffff !important;border-top-color: #ffffff !important;border-bottom-color: #ffffff !important;}&#8221; offset=&#8221;vc_col-lg-6 vc_col-md-12 vc_col-xs-12&#8243;][vc_empty_space height=&#8221;16px&#8221;][vc_single_image image=&#8221;1925&#8243; img_size=&#8221;full&#8221; alignment=&#8221;center&#8221;][vc_empty_space height=&#8221;24px&#8221;][vc_column_text]<\/p>\n<h3 style=\"text-align: center;\"><span style=\"color: #b9005c;\">\u00c0REA LABORAL<\/span><\/h3>\n<p>[\/vc_column_text][vc_column_text css=&#8221;.vc_custom_1667838401371{padding-right: 25px !important;padding-left: 25px !important;}&#8221;]<\/p>\n<ul style=\"font-family: 'Lato-Light'; font-size: 15px; min-height: 160px;\">\n<li>Gesti\u00f3 de n\u00f2mines, pagues extres, assegurances socials i IRPF.<\/li>\n<li>Costos de personal.<\/li>\n<li>Portal de l&#8217;empleat.<\/li>\n<li>Gesti\u00f3 de n\u00f2mines CLOUD.<\/li>\n<\/ul>\n<p>[\/vc_column_text][vc_empty_space][\/vc_column_inner][\/vc_row_inner][vc_row_inner equal_height=&#8221;yes&#8221; gap=&#8221;10&#8243;][vc_column_inner css=&#8221;.vc_custom_1466077588685{border-top-width: 5px !important;border-right-width: 5px !important;border-bottom-width: 5px !important;border-left-width: 5px !important;background-color: #fafafa !important;border-left-color: #ffffff !important;border-right-color: #ffffff !important;border-top-color: #ffffff !important;border-bottom-color: #ffffff !important;}&#8221; offset=&#8221;vc_col-lg-6 vc_col-md-12 vc_col-xs-12&#8243;][vc_empty_space height=&#8221;16px&#8221;][vc_single_image image=&#8221;1926&#8243; img_size=&#8221;full&#8221; alignment=&#8221;center&#8221;][vc_empty_space height=&#8221;24px&#8221;][vc_column_text]<\/p>\n<h3 style=\"text-align: center;\"><span style=\"color: #b9005c;\">\u00c0REA LOG\u00cdSTICA<\/span><\/h3>\n<p>[\/vc_column_text][vc_column_text css=&#8221;.vc_custom_1667838461667{padding-right: 25px !important;padding-left: 25px !important;}&#8221;]<\/p>\n<ul style=\"font-family: 'Lato-Light'; font-size: 15px; min-height: 160px;\">\n<li>Gesti\u00f3 de m\u00faltiples magatzems i magatzems ca\u00f2tics, amb informaci\u00f3 d&#8217;estoc i inventari real, disponible, reservat i en dip\u00f2sit.<\/li>\n<li>C\u00e0lcul de l&#8217;estoc m\u00ednim i m\u00e0xim i de la seva rotaci\u00f3, controlant les reserves existents i analitzant el temps de reposici\u00f3.<\/li>\n<li>Gesti\u00f3 d&#8217;articles per talles i colors.<\/li>\n<li>Valoraci\u00f3 de l&#8217;estoc segons els criteris FIFO, LIFO o el preu mitj\u00e0 ponderat.<\/li>\n<\/ul>\n<p>[\/vc_column_text][vc_empty_space][\/vc_column_inner][vc_column_inner css=&#8221;.vc_custom_1466078648389{padding-top: 0px !important;padding-right: 0px !important;padding-bottom: 0px !important;padding-left: 0px !important;background-image: url(http:\/\/responsive.onlinevalles.es\/wp-content\/uploads\/2016\/06\/a3ERP-software-475&#215;491-gran.png?id=3830) !important;background-position: center !important;background-repeat: no-repeat !important;background-size: cover !important;}&#8221; offset=&#8221;vc_col-lg-6 vc_col-md-12 vc_hidden-md vc_hidden-sm vc_col-xs-12&#8243;][\/vc_column_inner][\/vc_row_inner][\/vc_column][\/vc_row][vc_row content_full_width=&#8221;1&#8243; overlay_background=&#8221;#b9005c&#8221; el_id=&#8221;descargar-demo&#8221;][vc_column][vc_empty_space][vc_column_text]<\/p>\n<h2 style=\"text-align: center; font-size: 28px;\"><span style=\"color: #ffffff;\">TRUCA\u2019NS AL <strong>938 606 220<\/strong> O OMPLE EL FORMULARI DE CONTACTE<\/span><\/h2>\n<p>[\/vc_column_text][vc_empty_space height=&#8221;12px&#8221;][vc_column_text]<\/p>\n<h3 style=\"text-align: center;\"><span style=\"color: #ffffff;\">\u00c9s important especificar en les observacions que vols m\u00e9s informaci\u00f3 d\u2019a3ERP<\/span><\/h3>\n<p>[\/vc_column_text][vc_empty_space height=&#8221;50px&#8221;][\/vc_column][\/vc_row][vc_row overlay_background=&#8221;#eeeeee&#8221;][vc_column css=&#8221;.vc_custom_1570437544588{margin-top: -30px !important;}&#8221;]<p class=\"wpcf7-contact-form-not-found\"><strong>Error:<\/strong> Contact form not found.<\/p>[vc_empty_space height=&#8221;80&#8243;][\/vc_column][\/vc_row][vc_row overflow_hidden=&#8221;1&#8243; css=&#8221;.vc_custom_1467896559191{padding-top: 80px !important;}&#8221; el_id=&#8221;casos-exito&#8221;][vc_column center_content=&#8221;true&#8221;][vc_empty_space height=&#8221;20px&#8221;][vc_column_text]<\/p>\n<h2 style=\"text-align: center; font-family: 'Lato-LightItalic'; font-size: 36px;\">Clients satisfets<\/h2>\n<p>[\/vc_column_text][vc_empty_space height=&#8221;64px&#8221;][cms_special_carousel width_item=&#8221;100&#8243; height_item=&#8221;400&#8243; show_nav=&#8221;1&#8243; show_dots=&#8221;1&#8243; speed=&#8221;500&#8243; timeout=&#8221;5000&#8243; layout_style=&#8221;&#8221; source=&#8221;size:All|order_by:date|post_type:quote&#8221; cms_template=&#8221;cms_special_carousel&#8211;quote.php&#8221;][vc_btn title=&#8221;+ \u00c8XITS&#8221; shape=&#8221;square&#8221; align=&#8221;center&#8221; button_block=&#8221;true&#8221; button_width=&#8221;170px&#8221; button_text_color=&#8221;#b9005c&#8221; link=&#8221;url:https%3A%2F%2Fapen-informatica.onlinevalles.club%2Fca%2Fcasos-de-exito%2Fclients-satisfets-a3erp%2F&#8221; el_class=&#8221;boto-rosa&#8221;][vc_empty_space height=&#8221;80px&#8221; el_class=&#8221;espaicasos&#8221;][\/vc_column][\/vc_row]<\/p>\n","protected":false},"excerpt":{"rendered":"<p>[vc_row bg_style=&#8221;img_parallax&#8221; css=&#8221;.vc_custom_1507892652763{background-image: url(https:\/\/apen-informatica.onlinevalles.club\/wp-content\/uploads\/2016\/05\/a3ERP-02-paralax.png?id=7627) !important;background-position: center !important;background-repeat: no-repeat !important;background-size: cover !important;}&#8221;][vc_column offset=&#8221;vc_hidden-xs&#8221;][vc_empty_space height=&#8221;130px&#8221;][vc_row_inner][vc_column_inner el_class=&#8221;backgrounderp&#8221; width=&#8221;1\/2&#8243;][vc_column_text el_class=&#8221;titol1&#8243;] SOFTWARE a3ERP [\/vc_column_text][vc_column_text el_class=&#8221;titol2&#8243;] Visi\u00f3 360\u00ba de l&#8217;empresa [\/vc_column_text][vc_empty_space height=&#8221;10px&#8221;][vc_column_text el_class=&#8221;titol3&#8243;] M\u00e9s de 25 anys d\u2019experi\u00e8ncia en el sector i 500 implantacions ens avalen. [\/vc_column_text][vc_empty_space height=&#8221;20px&#8221;][vc_btn title=&#8221;Et contactem&#8221; align=&#8221;left&#8221; button_bg_color=&#8221;#750133&#8243; el_class=&#8221;contactbuton&#8221; link=&#8221;url:%23descargar-demo&#8221;][\/vc_column_inner][vc_column_inner width=&#8221;1\/2&#8243;][\/vc_column_inner][\/vc_row_inner][vc_empty_space height=&#8221;130px&#8221;][\/vc_column][\/vc_row][vc_row bg_style=&#8221;img_parallax&#8221; css=&#8221;.vc_custom_1579617823548{background-image: url(https:\/\/apen-informatica.onlinevalles.club\/wp-content\/uploads\/2016\/05\/a3ERP-02-paralax.png?id=7627) !important;background-position: center [&hellip;]<\/p>\n","protected":false},"author":4,"featured_media":0,"parent":4108,"menu_order":0,"comment_status":"closed","ping_status":"closed","template":"","meta":{"_acf_changed":false,"footnotes":""},"class_list":["post-4123","page","type-page","status-publish","hentry"],"acf":[],"_links":{"self":[{"href":"https:\/\/apen-informatica.onlinevalles.club\/ca\/wp-json\/wp\/v2\/pages\/4123","targetHints":{"allow":["GET"]}}],"collection":[{"href":"https:\/\/apen-informatica.onlinevalles.club\/ca\/wp-json\/wp\/v2\/pages"}],"about":[{"href":"https:\/\/apen-informatica.onlinevalles.club\/ca\/wp-json\/wp\/v2\/types\/page"}],"author":[{"embeddable":true,"href":"https:\/\/apen-informatica.onlinevalles.club\/ca\/wp-json\/wp\/v2\/users\/4"}],"replies":[{"embeddable":true,"href":"https:\/\/apen-informatica.onlinevalles.club\/ca\/wp-json\/wp\/v2\/comments?post=4123"}],"version-history":[{"count":0,"href":"https:\/\/apen-informatica.onlinevalles.club\/ca\/wp-json\/wp\/v2\/pages\/4123\/revisions"}],"up":[{"embeddable":true,"href":"https:\/\/apen-informatica.onlinevalles.club\/ca\/wp-json\/wp\/v2\/pages\/4108"}],"wp:attachment":[{"href":"https:\/\/apen-informatica.onlinevalles.club\/ca\/wp-json\/wp\/v2\/media?parent=4123"}],"curies":[{"name":"wp","href":"https:\/\/api.w.org\/{rel}","templated":true}]}}