{"id":4134,"date":"2016-05-03T14:20:54","date_gmt":"2016-05-03T14:20:54","guid":{"rendered":"http:\/\/responsive.onlinevalles.es\/ca\/software-de-gestio-a3erp\/modulos-de-gestion-a3erp\/"},"modified":"2023-02-21T09:01:34","modified_gmt":"2023-02-21T09:01:34","slug":"moduls-de-gestio-a3erp","status":"publish","type":"page","link":"https:\/\/apen-informatica.onlinevalles.club\/ca\/software-de-gestio-a3erp\/moduls-de-gestio-a3erp\/","title":{"rendered":"M\u00f2duls de gesti\u00f3 a3erp"},"content":{"rendered":"<p>[vc_row bg_style=&#8221;img_parallax&#8221; css=&#8221;.vc_custom_1507892877873{background-image: url(https:\/\/apen-informatica.onlinevalles.club\/wp-content\/uploads\/2016\/05\/a3ERP-03-paralax.png?id=7629) !important;background-position: center !important;background-repeat: no-repeat !important;background-size: cover !important;}&#8221;][vc_column offset=&#8221;vc_hidden-xs&#8221;][vc_empty_space height=&#8221;110px&#8221;][vc_row_inner][vc_column_inner width=&#8221;1\/2&#8243;][\/vc_column_inner][vc_column_inner el_class=&#8221;backgrounderp&#8221; width=&#8221;1\/2&#8243;][vc_column_text el_class=&#8221;titol1&#8243; css=&#8221;.vc_custom_1594114717761{margin-right: -10px !important;margin-left: -10px !important;}&#8221;]<\/p>\n<h1>M\u00d2DULS INTEGRATS a3ERP<\/h1>\n<p>[\/vc_column_text][vc_column_text el_class=&#8221;titol2&#8243;]<\/p>\n<h2><strong>Maximitza l&#8217;a3ERP amb les solucions espec\u00edfiques de cada sector<\/strong><\/h2>\n<h2><\/h2>\n<p>[\/vc_column_text][vc_empty_space height=&#8221;10px&#8221;][vc_column_text el_class=&#8221;titol3&#8243;]<\/p>\n<h3>M\u00e9s de 25 anys d&#8217;experi\u00e8ncia en el sector i 500 implantacions ens avalen.<\/h3>\n<p>[\/vc_column_text][vc_empty_space height=&#8221;20px&#8221;][vc_btn title=&#8221;Et contactem&#8221; align=&#8221;left&#8221; button_bg_color=&#8221;#750133&#8243; el_class=&#8221;contactbuton&#8221; link=&#8221;url:%23descargar-demo|||&#8221;][\/vc_column_inner][\/vc_row_inner][vc_empty_space height=&#8221;110px&#8221;][\/vc_column][\/vc_row][vc_row bg_style=&#8221;img_parallax&#8221; css=&#8221;.vc_custom_1507892877873{background-image: url(https:\/\/apen-informatica.onlinevalles.club\/wp-content\/uploads\/2016\/05\/a3ERP-03-paralax.png?id=7629) !important;background-position: center !important;background-repeat: no-repeat !important;background-size: cover !important;}&#8221;][vc_column offset=&#8221;vc_hidden-lg vc_hidden-md vc_hidden-sm&#8221;][vc_empty_space height=&#8221;60&#8243;][vc_row_inner css=&#8221;.vc_custom_1579621635467{background-color: rgba(185,0,92,0.8) !important;*background-color: rgb(185,0,92) !important;}&#8221;][vc_column_inner][vc_column_text el_class=&#8221;titol1&#8243;]<\/p>\n<h1>M\u00d2DULS INTEGRATS a3ERP<\/h1>\n<p>[\/vc_column_text][vc_column_text el_class=&#8221;titol2&#8243;]<\/p>\n<h2><strong>Maximitza l&#8217;a3ERP amb les solucions espec\u00edfiques de cada sector<\/strong><\/h2>\n<h2><\/h2>\n<p>[\/vc_column_text][vc_empty_space height=&#8221;10px&#8221;][vc_column_text el_class=&#8221;titol3&#8243;]<\/p>\n<h3>M\u00e9s de 25 anys d&#8217;experi\u00e8ncia en el sector i 500 implantacions ens avalen.<\/h3>\n<p>[\/vc_column_text][vc_empty_space height=&#8221;20px&#8221;][vc_btn title=&#8221;Et contactem&#8221; align=&#8221;left&#8221; button_bg_color=&#8221;#750133&#8243; el_class=&#8221;contactbuton&#8221; link=&#8221;url:%23descargar-demo|||&#8221;][vc_empty_space height=&#8221;20px&#8221;][\/vc_column_inner][\/vc_row_inner][vc_empty_space height=&#8221;95&#8243;][\/vc_column][\/vc_row][vc_row][vc_column][vc_empty_space height=&#8221;64&#8243;][vc_column_text]<\/p>\n<h2 style=\"text-align: center; font-size: 28px;\"><strong>a3<\/strong><span style=\"font-family: Lato-Medium; color: #b9005c;\">ERP<\/span> \u00c9S LA SOLUCI\u00d3 PER A OPTIMITZAR TOTES LES \u00c0REES DEL TEU NEGOCI<\/h2>\n<p>[\/vc_column_text][\/vc_column][\/vc_row][vc_row][vc_column][vc_row_inner equal_height=&#8221;yes&#8221;][vc_column_inner width=&#8221;1\/5&#8243; css=&#8221;.vc_custom_1531828715618{border-top-width: 5px !important;border-right-width: 5px !important;border-bottom-width: 5px !important;border-left-width: 5px !important;border-left-color: #ffffff !important;border-left-style: solid !important;border-right-color: #ffffff !important;border-right-style: solid !important;border-top-color: #ffffff !important;border-top-style: solid !important;border-bottom-color: #ffffff !important;border-bottom-style: solid !important;}&#8221;][vc_empty_space height=&#8221;16px&#8221;][vc_single_image image=&#8221;1473&#8243; img_size=&#8221;full&#8221; alignment=&#8221;center&#8221; onclick=&#8221;custom_link&#8221; link=&#8221;https:\/\/apen-informatica.onlinevalles.club\/ca\/tiquea\/&#8221;][vc_empty_space height=&#8221;24px&#8221;][vc_column_text]<\/p>\n<h3 style=\"text-align: center;\"><a href=\"https:\/\/apen-informatica.onlinevalles.club\/ca\/tiquea\/\"><span style=\"color: #b9005c;\">SERVEI T\u00c8CNIC AVAN\u00c7AT<\/span><\/a><\/h3>\n<p>[\/vc_column_text][\/vc_column_inner][vc_column_inner width=&#8221;1\/5&#8243; css=&#8221;.vc_custom_1531832378499{border-top-width: 5px !important;border-right-width: 5px !important;border-bottom-width: 5px !important;border-left-width: 5px !important;border-left-color: #ffffff !important;border-left-style: solid !important;border-right-color: #ffffff !important;border-right-style: solid !important;border-top-color: #ffffff !important;border-top-style: solid !important;border-bottom-color: #ffffff !important;border-bottom-style: solid !important;}&#8221;][vc_empty_space height=&#8221;16px&#8221;][vc_single_image image=&#8221;1474&#8243; img_size=&#8221;full&#8221; alignment=&#8221;center&#8221; onclick=&#8221;custom_link&#8221; link=&#8221;https:\/\/apen-informatica.onlinevalles.club\/ca\/a3erp-e-pack-gestion-almacenes\/&#8221;][vc_empty_space height=&#8221;24px&#8221;][vc_column_text]<\/p>\n<h3 style=\"text-align: center;\"><a href=\"https:\/\/apen-informatica.onlinevalles.club\/ca\/a3erp-e-pack-gestion-almacenes\/\"><span style=\"color: #b9005c;\">GESTI\u00d3 DE <\/span><\/a><\/h3>\n<h3 style=\"text-align: center;\"><a href=\"https:\/\/apen-informatica.onlinevalles.club\/ca\/a3erp-e-pack-gestion-almacenes\/\"><span style=\"color: #b9005c;\">MAGATZEMS<\/span><\/a><\/h3>\n<p>[\/vc_column_text][\/vc_column_inner][vc_column_inner width=&#8221;1\/5&#8243; css=&#8221;.vc_custom_1531832603563{border-top-width: 5px !important;border-right-width: 5px !important;border-bottom-width: 5px !important;border-left-width: 5px !important;}&#8221;][vc_empty_space height=&#8221;19&#8243;][vc_single_image image=&#8221;1479&#8243; img_size=&#8221;full&#8221; alignment=&#8221;center&#8221; onclick=&#8221;custom_link&#8221; link=&#8221;https:\/\/apen-informatica.onlinevalles.club\/ca\/sales-mobility\/&#8221;][vc_empty_space height=&#8221;24px&#8221;][vc_column_text css=&#8221;.vc_custom_1532513517162{padding-right: 25px !important;padding-left: 25px !important;}&#8221;]<\/p>\n<h3 style=\"text-align: center;\"><a href=\"https:\/\/apen-informatica.onlinevalles.club\/ca\/sales-mobility\/\"><span style=\"color: #b9005c;\">MOBILITAT COMERCIAL<\/span><\/a><\/h3>\n<p>[\/vc_column_text][\/vc_column_inner][vc_column_inner width=&#8221;1\/5&#8243; css=&#8221;.vc_custom_1531847872850{border-top-width: 5px !important;border-right-width: 5px !important;border-bottom-width: 5px !important;border-left-width: 5px !important;}&#8221;][vc_empty_space height=&#8221;18&#8243;][vc_single_image image=&#8221;15473&#8243; img_size=&#8221;full&#8221; alignment=&#8221;center&#8221; onclick=&#8221;custom_link&#8221; link=&#8221;https:\/\/apen-informatica.onlinevalles.club\/ca\/a3erp-bank\/&#8221;][vc_empty_space height=&#8221;24px&#8221;][vc_column_text]<\/p>\n<h3 style=\"text-align: center;\"><a href=\"https:\/\/apen-informatica.onlinevalles.club\/ca\/a3erp-bank\/\"><span style=\"color: #b9005c;\">COMPTABILITZACI\u00d3 BANC\u00c0RIA<\/span><\/a><\/h3>\n<p>[\/vc_column_text][\/vc_column_inner][vc_column_inner width=&#8221;1\/5&#8243; css=&#8221;.vc_custom_1592309274007{border-top-width: 5px !important;border-right-width: 5px !important;border-bottom-width: 5px !important;border-left-width: 5px !important;}&#8221;][vc_empty_space height=&#8221;18&#8243;][vc_single_image image=&#8221;1478&#8243; img_size=&#8221;full&#8221; alignment=&#8221;center&#8221; onclick=&#8221;custom_link&#8221; link=&#8221;https:\/\/apen-informatica.onlinevalles.club\/ca\/botiga-online\/&#8221;][vc_empty_space height=&#8221;24px&#8221;][vc_column_text css=&#8221;.vc_custom_1594807202727{padding-right: 25px !important;padding-left: 25px !important;}&#8221;]<\/p>\n<h3 style=\"text-align: center;\"><a href=\"https:\/\/apen-informatica.onlinevalles.club\/ca\/botiga-online\/\"><span style=\"color: #b9005c;\">BOTIGA <\/span><\/a><\/h3>\n<h3 style=\"text-align: center;\"><a href=\"https:\/\/apen-informatica.onlinevalles.club\/ca\/botiga-online\/\"><span style=\"color: #b9005c;\">ONLINE<\/span><\/a><\/h3>\n<p>[\/vc_column_text][\/vc_column_inner][\/vc_row_inner][vc_row_inner equal_height=&#8221;yes&#8221;][vc_column_inner width=&#8221;1\/5&#8243; css=&#8221;.vc_custom_1531833664566{border-top-width: 5px !important;border-right-width: 5px !important;border-bottom-width: 5px !important;border-left-width: 5px !important;border-left-color: #ffffff !important;border-left-style: solid !important;border-right-color: #ffffff !important;border-right-style: solid !important;border-top-color: #ffffff !important;border-top-style: solid !important;border-bottom-color: #ffffff !important;border-bottom-style: solid !important;}&#8221;][vc_empty_space height=&#8221;16&#8243;][vc_single_image image=&#8221;1476&#8243; img_size=&#8221;full&#8221; alignment=&#8221;center&#8221; onclick=&#8221;custom_link&#8221; link=&#8221;https:\/\/apen-informatica.onlinevalles.club\/ca\/produccio\/&#8221;][vc_empty_space height=&#8221;24px&#8221;][vc_column_text]<\/p>\n<h3 style=\"text-align: center;\"><a href=\"https:\/\/apen-informatica.onlinevalles.club\/ca\/produccio\/\"><span style=\"color: #b9005c;\">PRODUCCI\u00d3<\/span><\/a><\/h3>\n<p>[\/vc_column_text][\/vc_column_inner][vc_column_inner width=&#8221;1\/5&#8243; css=&#8221;.vc_custom_1531849546892{border-top-width: 5px !important;border-right-width: 5px !important;border-bottom-width: 5px !important;border-left-width: 5px !important;}&#8221;][vc_empty_space height=&#8221;16&#8243;][vc_single_image image=&#8221;10700&#8243; img_size=&#8221;full&#8221; alignment=&#8221;center&#8221; onclick=&#8221;custom_link&#8221; link=&#8221;https:\/\/apen-informatica.onlinevalles.club\/ca\/software-programa-tpv\/&#8221;][vc_empty_space height=&#8221;24px&#8221;][vc_column_text css=&#8221;.vc_custom_1532513544949{padding-right: 25px !important;padding-left: 25px !important;}&#8221;]<\/p>\n<h3 style=\"text-align: center;\"><a href=\"https:\/\/apen-informatica.onlinevalles.club\/ca\/software-programa-tpv\/\"><span style=\"color: #b9005c;\">TPV<\/span><\/a><\/h3>\n<p>[\/vc_column_text][\/vc_column_inner][vc_column_inner width=&#8221;1\/5&#8243; css=&#8221;.vc_custom_1531833698198{border-top-width: 5px !important;border-right-width: 5px !important;border-bottom-width: 5px !important;border-left-width: 5px !important;}&#8221;][vc_empty_space height=&#8221;19&#8243;][vc_single_image image=&#8221;15476&#8243; img_size=&#8221;full&#8221; alignment=&#8221;center&#8221; onclick=&#8221;custom_link&#8221; link=&#8221;https:\/\/apen-informatica.onlinevalles.club\/ca\/crm-a3erp\/&#8221;][vc_empty_space height=&#8221;24px&#8221;][vc_column_text css=&#8221;.vc_custom_1532513613954{padding-right: 25px !important;padding-left: 25px !important;}&#8221;]<\/p>\n<h3 style=\"text-align: center;\"><a href=\"https:\/\/apen-informatica.onlinevalles.club\/ca\/crm-a3erp\/\"><span style=\"color: #b9005c;\">CRM<\/span><\/a><\/h3>\n<p>[\/vc_column_text][\/vc_column_inner][vc_column_inner width=&#8221;1\/5&#8243; css=&#8221;.vc_custom_1531833637966{border-top-width: 5px !important;border-right-width: 5px !important;border-bottom-width: 5px !important;border-left-width: 5px !important;border-left-color: #ffffff !important;border-left-style: solid !important;border-right-color: #ffffff !important;border-right-style: solid !important;border-top-color: #ffffff !important;border-top-style: solid !important;border-bottom-color: #ffffff !important;border-bottom-style: solid !important;}&#8221;][vc_empty_space height=&#8221;18&#8243;][vc_single_image image=&#8221;17622&#8243; img_size=&#8221;full&#8221; alignment=&#8221;center&#8221; onclick=&#8221;custom_link&#8221; link=&#8221;https:\/\/apen-informatica.onlinevalles.club\/ca\/edi\/&#8221;][vc_empty_space height=&#8221;24px&#8221;][vc_column_text css=&#8221;.vc_custom_1676969995893{padding-right: 25px !important;padding-left: 25px !important;}&#8221;]<\/p>\n<h3 style=\"text-align: center;\"><a href=\"https:\/\/apen-informatica.onlinevalles.club\/ca\/edi\/\"><span style=\"color: #b9005c;\">INTERCANVI ELECTR\u00d2NIC DADES (EDI)<\/span><\/a><\/h3>\n<p>[\/vc_column_text][\/vc_column_inner][vc_column_inner width=&#8221;1\/5&#8243; css=&#8221;.vc_custom_1592309433902{border-top-width: 5px !important;border-right-width: 5px !important;border-bottom-width: 5px !important;border-left-width: 5px !important;}&#8221;][vc_empty_space height=&#8221;18&#8243;][vc_single_image image=&#8221;17624&#8243; img_size=&#8221;full&#8221; alignment=&#8221;center&#8221; onclick=&#8221;custom_link&#8221; link=&#8221;https:\/\/apen-informatica.onlinevalles.club\/ca\/silicie\/&#8221;][vc_empty_space height=&#8221;24px&#8221;][vc_column_text css=&#8221;.vc_custom_1676970018005{padding-right: 25px !important;padding-left: 25px !important;}&#8221;]<\/p>\n<h3 style=\"text-align: center;\"><a href=\"https:\/\/apen-informatica.onlinevalles.club\/ca\/silicie\/\" rel=\"noopener noreferrer\"><span style=\"color: #b9005c;\">IMPOSTOS ESPECIALS (SILICIE)<\/span><\/a><\/h3>\n<p>[\/vc_column_text][\/vc_column_inner][\/vc_row_inner][vc_row_inner equal_height=&#8221;yes&#8221;][vc_column_inner width=&#8221;1\/5&#8243; css=&#8221;.vc_custom_1531833664566{border-top-width: 5px !important;border-right-width: 5px !important;border-bottom-width: 5px !important;border-left-width: 5px !important;border-left-color: #ffffff !important;border-left-style: solid !important;border-right-color: #ffffff !important;border-right-style: solid !important;border-top-color: #ffffff !important;border-top-style: solid !important;border-bottom-color: #ffffff !important;border-bottom-style: solid !important;}&#8221;][vc_empty_space height=&#8221;16&#8243;][vc_single_image image=&#8221;36674&#8243; img_size=&#8221;full&#8221; alignment=&#8221;center&#8221; onclick=&#8221;custom_link&#8221; link=&#8221;https:\/\/apen-informatica.onlinevalles.club\/ca\/software-de-gestio-a3erp\/moduls-de-gestio-a3erp\/iepnr\/&#8221;][vc_empty_space height=&#8221;24px&#8221;][vc_column_text]<\/p>\n<h3 style=\"text-align: center;\"><a href=\"https:\/\/apen-informatica.onlinevalles.club\/ca\/software-de-gestio-a3erp\/moduls-de-gestio-a3erp\/iepnr\/\"><span style=\"color: #b9005c;\">IMPOST PL\u00c0STIC NO REUTILITZABLE (IEPNR)<\/span><\/a><\/h3>\n<p>[\/vc_column_text][\/vc_column_inner][vc_column_inner width=&#8221;1\/5&#8243; css=&#8221;.vc_custom_1531849546892{border-top-width: 5px !important;border-right-width: 5px !important;border-bottom-width: 5px !important;border-left-width: 5px !important;}&#8221;][vc_empty_space height=&#8221;16&#8243;][vc_single_image image=&#8221;37697&#8243; img_size=&#8221;full&#8221; alignment=&#8221;center&#8221; onclick=&#8221;custom_link&#8221; link=&#8221;https:\/\/apen-informatica.onlinevalles.club\/ca\/software-de-gestio-a3erp\/moduls-de-gestio-a3erp\/klikticket\/&#8221;][vc_empty_space height=&#8221;24px&#8221;][vc_column_text]<\/p>\n<h3 style=\"text-align: center;\"><a href=\"https:\/\/apen-informatica.onlinevalles.club\/ca\/software-de-gestio-a3erp\/moduls-de-gestio-a3erp\/klikticket\/\"><span style=\"color: #b9005c;\">DIGITALITZACI\u00d3 <\/span><\/a><\/h3>\n<h3 style=\"text-align: center;\"><a href=\"https:\/\/apen-informatica.onlinevalles.club\/ca\/software-de-gestio-a3erp\/moduls-de-gestio-a3erp\/klikticket\/\"><span style=\"color: #b9005c;\">DE DESPESES I FACTURES<\/span><\/a><\/h3>\n<p>[\/vc_column_text][\/vc_column_inner][vc_column_inner width=&#8221;1\/5&#8243; css=&#8221;.vc_custom_1531833698198{border-top-width: 5px !important;border-right-width: 5px !important;border-bottom-width: 5px !important;border-left-width: 5px !important;}&#8221;][vc_empty_space height=&#8221;16&#8243;][vc_single_image image=&#8221;37702&#8243; img_size=&#8221;full&#8221; alignment=&#8221;center&#8221; onclick=&#8221;custom_link&#8221; link=&#8221;https:\/\/apen-informatica.onlinevalles.club\/ca\/software-de-gestio-a3erp\/moduls-de-gestio-a3erp\/matrix-autoform\/&#8221;][vc_empty_space height=&#8221;24px&#8221;][vc_column_text]<\/p>\n<h3 style=\"text-align: center;\"><a href=\"https:\/\/apen-informatica.onlinevalles.club\/ca\/software-de-gestio-a3erp\/moduls-de-gestio-a3erp\/matrix-autoform\/\"><span style=\"color: #b9005c;\">COMPTABILITZACI\u00d3 FACTURES DE COMPRA<\/span><\/a><\/h3>\n<p>[\/vc_column_text][\/vc_column_inner][vc_column_inner width=&#8221;1\/5&#8243; css=&#8221;.vc_custom_1531833637966{border-top-width: 5px !important;border-right-width: 5px !important;border-bottom-width: 5px !important;border-left-width: 5px !important;border-left-color: #ffffff !important;border-left-style: solid !important;border-right-color: #ffffff !important;border-right-style: solid !important;border-top-color: #ffffff !important;border-top-style: solid !important;border-bottom-color: #ffffff !important;border-bottom-style: solid !important;}&#8221;][\/vc_column_inner][vc_column_inner width=&#8221;1\/5&#8243; css=&#8221;.vc_custom_1592309433902{border-top-width: 5px !important;border-right-width: 5px !important;border-bottom-width: 5px !important;border-left-width: 5px !important;}&#8221;][\/vc_column_inner][\/vc_row_inner][vc_empty_space height=&#8221;16&#8243;][vc_empty_space height=&#8221;75&#8243;][\/vc_column][\/vc_row][vc_row content_full_width=&#8221;1&#8243; same_height=&#8221;1&#8243; el_class=&#8221;imatge-text&#8221;][vc_column width=&#8221;1\/12&#8243;][\/vc_column][vc_column width=&#8221;4\/12&#8243;][vc_empty_space height=&#8221;64&#8243;][vc_column_text]<\/p>\n<h2 style=\"text-align: center; font-size: 28px;\">MAXIMITZA EL TEU <strong>a3<\/strong><span style=\"font-family: Lato-Medium; color: #b9005c;\">ERP<\/span> <span lang=\"ca\">AMB SOLUCIONS ESPEC\u00cdFIQUES PER SECTORS<\/span><\/h2>\n<p>[\/vc_column_text][vc_empty_space height=&#8221;16&#8243;][vc_column_text]<\/p>\n<p style=\"text-align: center;\"><span lang=\"ca\">Gaudir d&#8217;un sistema de planificaci\u00f3 de recursos empresarial amb la totalitat de les teves possibilitats, \u00e9s la millor garantia per afrontar totes les exig\u00e8ncies del m\u00f3n empresarial actual.<\/span><\/p>\n<p>[\/vc_column_text][vc_empty_space height=&#8221;16&#8243;][vc_column_text]<\/p>\n<p style=\"text-align: center;\"><span lang=\"ca\">Amb el software a3ERP Apen garanteix la integraci\u00f3 i automatitzaci\u00f3 en la gesti\u00f3 de tots els processos operatius del teu negoci per assolir els objectius de la teva empresa.<\/span><\/p>\n<p>[\/vc_column_text][\/vc_column][vc_column width=&#8221;1\/12&#8243;][\/vc_column][vc_column width=&#8221;3\/12&#8243; background_position_custom=&#8221;100% 100%&#8221; offset=&#8221;vc_col-lg-6 vc_col-md-12 vc_col-xs-12&#8243; css=&#8221;.vc_custom_1477423039150{background-image: url(https:\/\/apen-informatica.onlinevalles.club\/wp-content\/uploads\/2016\/05\/moduls-A3ERP-foto.png?id=3431) !important;background-position: center !important;background-repeat: no-repeat !important;background-size: cover !important;}&#8221;][vc_empty_space height=&#8221;400&#8243;][\/vc_column][\/vc_row][vc_row content_full_width=&#8221;1&#8243; overlay_background=&#8221;#b9005c&#8221; el_id=&#8221;descargar-demo&#8221;][vc_column][vc_empty_space][vc_column_text]<\/p>\n<h2 style=\"text-align: center; font-size: 28px;\"><span style=\"color: #ffffff;\">TRUCA&#8217;NS AL <strong>938 606 220<\/strong> O OMPLE EL FORMULARI DE CONTACTE<\/span><\/h2>\n<p>[\/vc_column_text][vc_empty_space height=&#8221;12px&#8221;][vc_column_text]<\/p>\n<h3 style=\"text-align: center;\"><span style=\"color: #ffffff;\">\u00c9s important especificar en les observacions el m\u00f2dul del que vols rebre informaci\u00f3<\/span><\/h3>\n<p>[\/vc_column_text][vc_empty_space height=&#8221;50px&#8221;][\/vc_column][\/vc_row][vc_row overlay_background=&#8221;#eeeeee&#8221;][vc_column css=&#8221;.vc_custom_1570437544588{margin-top: -30px !important;}&#8221;]<p class=\"wpcf7-contact-form-not-found\"><strong>Error:<\/strong> Contact form not found.<\/p>[vc_empty_space height=&#8221;80&#8243;][\/vc_column][\/vc_row][vc_row overflow_hidden=&#8221;1&#8243; css=&#8221;.vc_custom_1464173186487{padding-top: 80px !important;padding-bottom: 90px !important;}&#8221; el_id=&#8221;casos-exito&#8221;][vc_column center_content=&#8221;true&#8221;][vc_empty_space height=&#8221;20px&#8221;][vc_column_text]<\/p>\n<h2 style=\"text-align: center; font-family: 'Lato-LightItalic'; font-size: 36px;\">Clients satisfets<\/h2>\n<p>[\/vc_column_text][vc_empty_space height=&#8221;64px&#8221;][cms_special_carousel width_item=&#8221;100&#8243; height_item=&#8221;400&#8243; show_nav=&#8221;1&#8243; show_dots=&#8221;1&#8243; speed=&#8221;500&#8243; timeout=&#8221;5000&#8243; layout_style=&#8221;&#8221; source=&#8221;size:All|order_by:date|post_type:quote|tax_query:55&#8243; cms_template=&#8221;cms_special_carousel&#8211;quote.php&#8221;][vc_btn title=&#8221;+ \u00c8XITS&#8221; shape=&#8221;square&#8221; align=&#8221;center&#8221; button_block=&#8221;true&#8221; button_width=&#8221;170px&#8221; button_text_color=&#8221;#b9005c&#8221; link=&#8221;url:%2Fca%2Fcasos-exit%2Fclients-satisfets-a3erp%2F||&#8221; el_class=&#8221;boto-rosa&#8221;][\/vc_column][\/vc_row]<\/p>\n","protected":false},"excerpt":{"rendered":"<p>[vc_row bg_style=&#8221;img_parallax&#8221; css=&#8221;.vc_custom_1507892877873{background-image: url(https:\/\/apen-informatica.onlinevalles.club\/wp-content\/uploads\/2016\/05\/a3ERP-03-paralax.png?id=7629) !important;background-position: center !important;background-repeat: no-repeat !important;background-size: cover !important;}&#8221;][vc_column offset=&#8221;vc_hidden-xs&#8221;][vc_empty_space height=&#8221;110px&#8221;][vc_row_inner][vc_column_inner width=&#8221;1\/2&#8243;][\/vc_column_inner][vc_column_inner el_class=&#8221;backgrounderp&#8221; width=&#8221;1\/2&#8243;][vc_column_text el_class=&#8221;titol1&#8243; css=&#8221;.vc_custom_1594114717761{margin-right: -10px !important;margin-left: -10px !important;}&#8221;] M\u00d2DULS INTEGRATS a3ERP [\/vc_column_text][vc_column_text el_class=&#8221;titol2&#8243;] Maximitza l&#8217;a3ERP amb les solucions espec\u00edfiques de cada sector [\/vc_column_text][vc_empty_space height=&#8221;10px&#8221;][vc_column_text el_class=&#8221;titol3&#8243;] M\u00e9s de 25 anys d&#8217;experi\u00e8ncia en el sector i 500 implantacions ens avalen. [\/vc_column_text][vc_empty_space height=&#8221;20px&#8221;][vc_btn title=&#8221;Et [&hellip;]<\/p>\n","protected":false},"author":4,"featured_media":0,"parent":4108,"menu_order":0,"comment_status":"closed","ping_status":"closed","template":"","meta":{"_acf_changed":false,"footnotes":""},"class_list":["post-4134","page","type-page","status-publish","hentry"],"acf":[],"_links":{"self":[{"href":"https:\/\/apen-informatica.onlinevalles.club\/ca\/wp-json\/wp\/v2\/pages\/4134","targetHints":{"allow":["GET"]}}],"collection":[{"href":"https:\/\/apen-informatica.onlinevalles.club\/ca\/wp-json\/wp\/v2\/pages"}],"about":[{"href":"https:\/\/apen-informatica.onlinevalles.club\/ca\/wp-json\/wp\/v2\/types\/page"}],"author":[{"embeddable":true,"href":"https:\/\/apen-informatica.onlinevalles.club\/ca\/wp-json\/wp\/v2\/users\/4"}],"replies":[{"embeddable":true,"href":"https:\/\/apen-informatica.onlinevalles.club\/ca\/wp-json\/wp\/v2\/comments?post=4134"}],"version-history":[{"count":0,"href":"https:\/\/apen-informatica.onlinevalles.club\/ca\/wp-json\/wp\/v2\/pages\/4134\/revisions"}],"up":[{"embeddable":true,"href":"https:\/\/apen-informatica.onlinevalles.club\/ca\/wp-json\/wp\/v2\/pages\/4108"}],"wp:attachment":[{"href":"https:\/\/apen-informatica.onlinevalles.club\/ca\/wp-json\/wp\/v2\/media?parent=4134"}],"curies":[{"name":"wp","href":"https:\/\/api.w.org\/{rel}","templated":true}]}}