{"id":4421,"date":"2016-07-04T14:41:44","date_gmt":"2016-07-04T14:41:44","guid":{"rendered":"http:\/\/responsive.onlinevalles.es\/ca\/?page_id=4421"},"modified":"2024-04-22T15:28:51","modified_gmt":"2024-04-22T15:28:51","slug":"portfoli-de-catalegs","status":"publish","type":"page","link":"https:\/\/apen-informatica.onlinevalles.club\/ca\/portfoli-de-catalegs\/","title":{"rendered":"Portfoli de Cat\u00e0legs"},"content":{"rendered":"<p>[vc_row][vc_column][vc_empty_space][vc_column_text]<\/p>\n<h2 style=\"text-align: center;\">Accedeix a tots els nostres cat\u00e0legs i descarrega&#8217;ls<\/h2>\n<p>[\/vc_column_text][vc_empty_space height=&#8221;48px&#8221;][\/vc_column][\/vc_row][vc_row][vc_column width=&#8221;1\/2&#8243; offset=&#8221;vc_hidden-xs&#8221;][vc_single_image image=&#8221;45936&#8243; img_size=&#8221;medium&#8221; alignment=&#8221;center&#8221;][\/vc_column][vc_column width=&#8221;1\/2&#8243; offset=&#8221;vc_hidden-xs&#8221;][vc_empty_space height=&#8221;40&#8243;][vc_column_text]<\/p>\n<h2><strong><span style=\"color: #70c6e7;\">Cat\u00e0leg APEN<\/span><\/strong><\/h2>\n<p>En aquest cat\u00e0leg podr\u00e0s accedir a tota la nostra informaci\u00f3 corporativa. Trobar\u00e0s tots els serveis i productes de Apen de manera actualitzada.[\/vc_column_text][vc_empty_space height=&#8221;12px&#8221;][vc_row_inner][vc_column_inner width=&#8221;1\/2&#8243;][vc_btn title=&#8221;Veure cat\u00e0leg&#8221; button_bg_color=&#8221;#70c6e7&#8243; link=&#8221;url:https%3A%2F%2Fapen-informatica.onlinevalles.club%2Fca%2Fformulario-ver-catalogo-general%2F||target:%20_blank&#8221;][\/vc_column_inner][vc_column_inner width=&#8221;1\/2&#8243;][vc_btn title=&#8221;Descarregar cat\u00e0leg&#8221; button_bg_color=&#8221;#70c6e7&#8243; link=&#8221;url:https%3A%2F%2Fapen-informatica.onlinevalles.club%2Fca%2Fdescargar-catalogos-formulario%2F||target:%20_blank&#8221;][\/vc_column_inner][\/vc_row_inner][\/vc_column][\/vc_row][vc_row][vc_column width=&#8221;1\/2&#8243; offset=&#8221;vc_hidden-lg vc_hidden-md vc_hidden-sm&#8221;][vc_single_image image=&#8221;12023&#8243; img_size=&#8221;medium&#8221; alignment=&#8221;center&#8221;][\/vc_column][vc_column width=&#8221;1\/2&#8243; offset=&#8221;vc_hidden-lg vc_hidden-md vc_hidden-sm&#8221;][vc_empty_space height=&#8221;40&#8243;][vc_column_text]<\/p>\n<h2><strong><span style=\"color: #70c6e7;\">Cat\u00e0leg APEN<\/span><\/strong><\/h2>\n<p>En aquest cat\u00e0leg podr\u00e0s accedir a tota la nostra informaci\u00f3 corporativa. Trobar\u00e0s tots els serveis i productes de Apen de manera actualitzada.[\/vc_column_text][vc_empty_space height=&#8221;12px&#8221;][vc_row_inner][vc_column_inner][vc_btn title=&#8221;Veure cat\u00e0leg&#8221; button_bg_color=&#8221;#70c6e7&#8243; link=&#8221;url:https%3A%2F%2Fapen-informatica.onlinevalles.club%2Fca%2Fformulario-ver-catalogo-general%2F||target:%20_blank&#8221;][vc_btn title=&#8221;Descarregar cat\u00e0leg&#8221; button_bg_color=&#8221;#70c6e7&#8243; link=&#8221;url:https%3A%2F%2Fapen-informatica.onlinevalles.club%2Fca%2Fdescargar-catalogos-formulario%2F||target:%20_blank&#8221;][\/vc_column_inner][\/vc_row_inner][\/vc_column][\/vc_row][vc_row][vc_column][vc_empty_space height=&#8221;40px&#8221;][\/vc_column][\/vc_row][vc_row][vc_column width=&#8221;1\/2&#8243;][vc_single_image image=&#8221;45926&#8243; img_size=&#8221;medium&#8221; alignment=&#8221;center&#8221;][\/vc_column][vc_column width=&#8221;1\/2&#8243;][vc_empty_space height=&#8221;40&#8243;][vc_column_text]<\/p>\n<h2><strong><span style=\"color: #70c6e7;\">Top APEN<br \/>\n<\/span><\/strong><\/h2>\n<p>Accedeix a la la millor selecci\u00f3 de productes inform\u00e0tics per a la vostra empresa.[\/vc_column_text][vc_empty_space height=&#8221;12px&#8221;][vc_row_inner][vc_column_inner][vc_btn title=&#8221;Accedir&#8221; button_bg_color=&#8221;#70c6e7&#8243; link=&#8221;url:https%3A%2F%2Fapen-informatica.onlinevalles.club%2Fca%2Ftop-apen%2F|target:_blank&#8221;][\/vc_column_inner][\/vc_row_inner][\/vc_column][\/vc_row][vc_row][vc_column offset=&#8221;vc_hidden-lg vc_hidden-md vc_hidden-sm vc_hidden-xs&#8221;][vc_empty_space height=&#8221;40px&#8221;][\/vc_column][\/vc_row][vc_row][vc_column width=&#8221;1\/2&#8243; offset=&#8221;vc_hidden-lg vc_hidden-md vc_hidden-sm vc_hidden-xs&#8221;][vc_single_image image=&#8221;14951&#8243; img_size=&#8221;medium&#8221; alignment=&#8221;center&#8221;][\/vc_column][vc_column width=&#8221;1\/2&#8243; css=&#8221;.vc_custom_1713514851454{padding-top: 40px !important;}&#8221; offset=&#8221;vc_hidden-lg vc_hidden-md vc_hidden-sm vc_hidden-xs&#8221;][vc_column_text]<\/p>\n<h2><strong><span style=\"color: #70c6e7;\">Solucions Cloud<\/span><\/strong><\/h2>\n<p>En aquest cat\u00e0leg podr\u00e0s accedir a tota la nostra informaci\u00f3 sobre solucions cloud per PIMES. Trobar\u00e0s tots aquells serveis i productes cloud de Apen de manera actualitzada.[\/vc_column_text][vc_empty_space height=&#8221;12px&#8221;][vc_row_inner][vc_column_inner width=&#8221;1\/2&#8243;][vc_btn title=&#8221;Veure cat\u00e0leg&#8221; button_bg_color=&#8221;#70c6e7&#8243; link=&#8221;url:https%3A%2F%2Fapen-informatica.onlinevalles.club%2Fca%2Fformulario-ver-catalogo-cloud%2F||target:%20_blank&#8221;][\/vc_column_inner][vc_column_inner width=&#8221;1\/2&#8243;][vc_btn title=&#8221;Descarregar cat\u00e0leg&#8221; button_bg_color=&#8221;#70c6e7&#8243; link=&#8221;url:https%3A%2F%2Fapen-informatica.onlinevalles.club%2Fca%2Fformulari-descarrega-catalogo-cloud%2F|title:catalegcloud|target:%20_blank&#8221;][\/vc_column_inner][\/vc_row_inner][\/vc_column][\/vc_row][vc_row][vc_column][vc_empty_space height=&#8221;80px&#8221;][\/vc_column][\/vc_row]<\/p>\n","protected":false},"excerpt":{"rendered":"<p>[vc_row][vc_column][vc_empty_space][vc_column_text] Accedeix a tots els nostres cat\u00e0legs i descarrega&#8217;ls [\/vc_column_text][vc_empty_space height=&#8221;48px&#8221;][\/vc_column][\/vc_row][vc_row][vc_column width=&#8221;1\/2&#8243; offset=&#8221;vc_hidden-xs&#8221;][vc_single_image image=&#8221;45936&#8243; img_size=&#8221;medium&#8221; alignment=&#8221;center&#8221;][\/vc_column][vc_column width=&#8221;1\/2&#8243; offset=&#8221;vc_hidden-xs&#8221;][vc_empty_space height=&#8221;40&#8243;][vc_column_text] Cat\u00e0leg APEN En aquest cat\u00e0leg podr\u00e0s accedir a tota la nostra informaci\u00f3 corporativa. Trobar\u00e0s tots els serveis i productes de Apen de manera actualitzada.[\/vc_column_text][vc_empty_space height=&#8221;12px&#8221;][vc_row_inner][vc_column_inner width=&#8221;1\/2&#8243;][vc_btn title=&#8221;Veure cat\u00e0leg&#8221; button_bg_color=&#8221;#70c6e7&#8243; link=&#8221;url:https%3A%2F%2Fapen-informatica.onlinevalles.club%2Fca%2Fformulario-ver-catalogo-general%2F||target:%20_blank&#8221;][\/vc_column_inner][vc_column_inner width=&#8221;1\/2&#8243;][vc_btn title=&#8221;Descarregar cat\u00e0leg&#8221; button_bg_color=&#8221;#70c6e7&#8243; link=&#8221;url:https%3A%2F%2Fapen-informatica.onlinevalles.club%2Fca%2Fdescargar-catalogos-formulario%2F||target:%20_blank&#8221;][\/vc_column_inner][\/vc_row_inner][\/vc_column][\/vc_row][vc_row][vc_column width=&#8221;1\/2&#8243; [&hellip;]<\/p>\n","protected":false},"author":4,"featured_media":0,"parent":0,"menu_order":0,"comment_status":"closed","ping_status":"closed","template":"","meta":{"_acf_changed":false,"footnotes":""},"class_list":["post-4421","page","type-page","status-publish","hentry"],"acf":[],"_links":{"self":[{"href":"https:\/\/apen-informatica.onlinevalles.club\/ca\/wp-json\/wp\/v2\/pages\/4421","targetHints":{"allow":["GET"]}}],"collection":[{"href":"https:\/\/apen-informatica.onlinevalles.club\/ca\/wp-json\/wp\/v2\/pages"}],"about":[{"href":"https:\/\/apen-informatica.onlinevalles.club\/ca\/wp-json\/wp\/v2\/types\/page"}],"author":[{"embeddable":true,"href":"https:\/\/apen-informatica.onlinevalles.club\/ca\/wp-json\/wp\/v2\/users\/4"}],"replies":[{"embeddable":true,"href":"https:\/\/apen-informatica.onlinevalles.club\/ca\/wp-json\/wp\/v2\/comments?post=4421"}],"version-history":[{"count":0,"href":"https:\/\/apen-informatica.onlinevalles.club\/ca\/wp-json\/wp\/v2\/pages\/4421\/revisions"}],"wp:attachment":[{"href":"https:\/\/apen-informatica.onlinevalles.club\/ca\/wp-json\/wp\/v2\/media?parent=4421"}],"curies":[{"name":"wp","href":"https:\/\/api.w.org\/{rel}","templated":true}]}}